{"id":42511,"date":"2019-07-03T09:32:21","date_gmt":"2019-07-03T07:32:21","guid":{"rendered":"https:\/\/alzira.es\/marina-mir-mocholi-19-23-curriculum\/"},"modified":"2021-07-28T16:46:17","modified_gmt":"2021-07-28T14:46:17","slug":"marina-mir-mocholi-19-23-curriculum","status":"publish","type":"page","link":"https:\/\/alzira.es\/es\/ayuntamiento\/corporacion-y-gobierno-municipal\/marina-mir-mocholi-19-23-curriculum\/","title":{"rendered":"Marina Mir Mochol\u00ed (19-23) Curr\u00edculum"},"content":{"rendered":"<p style=\"margin: 12pt 0cm; background: white; text-align: justify;\"><strong><span style=\"text-decoration: underline;\">ESTUDIOS<\/span><\/strong><\/p>\n<p style=\"margin: 12pt 0cm; background: white; text-align: justify;\"><strong>&#8211; Licenciada en Filolog\u00eda Francesa<\/strong>.\u00a0<strong>M\u00e1ster de \u00a0secundaria en la Universitat de Val\u00e8ncia<\/strong>.<\/p>\n<p style=\"margin: 12pt 0cm; background: white; text-align: justify;\"><strong>XXIII CURSO DE FORMACI\u00d3N PARA PROFESORES DE FRANC\u00c9S<\/strong>: enero 2014<\/p>\n<p style=\"margin: 12pt 0cm; background: white; text-align: justify;\"><i>Asociaci\u00f3n de profesores de franc\u00e9s de Valencia<\/i>.<\/p>\n<p style=\"margin: 12pt 0cm; background: white; text-align: justify;\"><strong>&#8211; INTERCANVI ERASMUS<\/strong>: Septiembre 2009\u2013 Julio 2010<\/p>\n<p style=\"margin: 12pt 0cm; background: white; text-align: justify;\"><i>Universit\u00e9 de Picardie Jules Verne, Amiens, Francia.<\/i><\/p>\n<p style=\"margin: 12pt 0cm; background: white; text-align: justify;\"><strong>&#8211; CONGRESO INTERNACIONAL<\/strong>: Noviembre 2006<\/p>\n<p style=\"margin: 12pt 0cm; background: white; text-align: justify;\"><i>\u00abTopograf\u00edas extranjeras y ex\u00f3ticas del amor en la literatura francesa \u00bb. Universitat de Val\u00e8ncia.<\/i><\/p>\n<p style=\"margin: 12pt 0cm; background: white; text-align: justify;\"><strong>&#8211; INTERCAMBIOS DE ESTUDIANTES:<\/strong><\/p>\n<p style=\"margin: 12pt 0cm; background: white; text-align: justify;\">-Mayo 2001, 2002, 2003, 2004, 2005, 2006,\u00a0<i>Coll\u00e8ge la Nacelle, Corbeil- Essonnes, Fran\u00e7a<\/i>.<\/p>\n<p style=\"margin: 12pt 0cm; background: white; text-align: justify;\"><strong><span style=\"text-decoration: underline;\">IDIOMAS<\/span><\/strong><\/p>\n<p style=\"margin: 12pt 0cm; background: white; text-align: justify;\"><strong>CASTELLANO Y VALENCIANO<\/strong>:<\/p>\n<p style=\"margin: 12pt 0cm; background: white; text-align: justify;\">Lenguas maternas.<\/p>\n<p style=\"margin: 12pt 0cm; background: white; text-align: justify;\">Certificado de Nivel Superior, nivel C2. &lt;&lt;Junta Qualificadora de Coneixements de Valenci\u00e0&gt;&gt;<\/p>\n<p style=\"margin: 12pt 0cm; background: white; text-align: justify;\"><strong>FRANC\u00c9S<\/strong>:<\/p>\n<p style=\"margin: 12pt 0cm; background: white; text-align: justify;\">Nivel Avanzado. C1<\/p>\n<p style=\"margin: 12pt 0cm; background: white; text-align: justify;\">Licenciada en Filolog\u00eda Francesa.<\/p>\n<p style=\"margin: 12pt 0cm; background: white; text-align: justify;\"><strong>INGL\u00c9S<\/strong>:<\/p>\n<p style=\"margin: 12pt 0cm; background: white; text-align: justify;\">Certificado Nivel Intermedio B1 PET Cambridge.<\/p>\n<p style=\"margin: 12pt 0cm; background: white; text-align: justify;\">Certificado Avanzado B2 Escuela Oficial de Idiomas.<\/p>\n<p style=\"margin: 12pt 0cm; background: white; text-align: justify;\">Segunda lengua de la licenciatura.<\/p>\n<p style=\"margin: 12pt 0cm; background: white; text-align: justify;\">Certificado de verano: Julio 2004,\u00a0<i>Killarney school of English, Killarney,\u00a0Irlanda<\/i>.<\/p>\n<p style=\"margin: 12pt 0cm; background: white; text-align: justify;\"><strong>ALEM\u00c1N<\/strong>:<\/p>\n<p style=\"margin: 12pt 0cm; background: white; text-align: justify;\">Certificado de Alem\u00e1n B\u00e1sico Nivel A1 Escuela Oficial de Idiomas<\/p>\n<p style=\"margin: 12pt 0cm; background: white; text-align: justify;\">Curso de Alem\u00e1n Nivel B\u00e1sico. A1: curso 2013-2014, centro de lenguas \u00a0 de la Universitat de Val\u00e8ncia.<\/p>\n<p style=\"margin: 12pt 0cm; background: white; text-align: justify;\">Certificado de verano Nivel B\u00e1sico. A1: Junio 2013, Deutsch Akademie, M\u00fcnchen, Alemania.<\/p>\n<p style=\"margin: 12pt 0cm; background: white; text-align: justify;\"><strong>ITALIANO<\/strong>:<\/p>\n<p style=\"margin: 12pt 0cm; background: white; text-align: justify;\">Certificado Nivel B\u00e1sico A2 Escuela Oficial de Idiomas<\/p>\n<p style=\"margin: 12pt 0cm; background: white; text-align: justify;\"><strong><span style=\"text-decoration: underline;\">EXPERIENCIA PROFESIONAL:<\/span><\/strong><\/p>\n<p style=\"margin: 12pt 0cm; background: white; text-align: justify;\"><strong>PROFESORA<\/strong><\/p>\n<p style=\"margin: 12pt 0cm; background: white; text-align: justify;\"><i>&#8211; Profesora de franc\u00e9s para adultos<\/i><\/p>\n<p style=\"margin: 12pt 0cm; background: white; text-align: justify;\">Noviembre 2014 &#8211; Junio 2015<\/p>\n<p style=\"margin: 12pt 0cm; background: white; text-align: justify;\">CFPA Enric Valor, Alzira.<\/p>\n<p style=\"margin: 12pt 0cm; background: white; text-align: justify;\"><i>Profesora en pr\u00e1cticas<\/i>. Febrero\u2013 Abril 2014<\/p>\n<p style=\"margin: 12pt 0cm; background: white; text-align: justify;\">Escuela Oficial de Idiomas, Alzira.<\/p>\n<p style=\"margin: 12pt 0cm; background: white; text-align: justify;\"><i>&#8211; Profesora de Espa\u00f1ol.<\/i>\u00a0Octubre 2012 &#8211; Mayo 2013<\/p>\n<p style=\"margin: 12pt 0cm; background: white; text-align: justify;\"><i>Lyc\u00e9e \u00c9dmond Labb\u00e9 i Lyc\u00e9e Jean Baptiste Corot, Douai, Fran\u00e7a<\/i><\/p>\n<p style=\"margin: 12pt 0cm; background: white; text-align: justify;\"><i>&#8211; Profesora adjunta en pr\u00e1cticas.<\/i><\/p>\n<p style=\"margin: 12pt 0cm; background: white; text-align: justify;\">Septiembre 2011 \u2013 Febrero 2012<\/p>\n<p style=\"margin: 12pt 0cm; background: white; text-align: justify;\">I.E.S Jos\u00e9 Mar\u00eda Parra, Alzira.<\/p>\n<p style=\"margin: 12pt 0cm; background: white; text-align: justify;\">&#8211; Profesora de secundaria (Conselleria de Educaci\u00f3n)<\/p>\n<p style=\"margin: 12pt 0cm; background: white; text-align: justify;\">Desde marzo 2016 hasta la actualidad<\/p>\n<p style=\"margin: 12pt 0cm; background: white; text-align: justify;\"><strong>VOLUNT\u00c0RIA DEPORTIVA Y AUXILIAR DE ANIMACI\u00d3N<\/strong><\/p>\n<p style=\"margin: 12pt 0cm; background: white; text-align: justify;\">Febrero \u2013 Marzo 2012 Campeonato de Espa\u00f1a de triatl\u00f3n.<\/p>\n<p style=\"margin: 12pt 0cm; background: white; text-align: justify;\">Marzo 2012\u00a0Carrera de la mujer.<\/p>\n<p style=\"margin: 12pt 0cm; background: white; text-align: justify;\">Marzo \u2013 Abril 2012 Patinada Popular.<\/p>\n<p style=\"margin: 12pt 0cm; background: white; text-align: justify;\">Abril \u2013 Mayo 2012 Triatl\u00f3n de Pinedo.<\/p>\n<p style=\"margin: 12pt 0cm; background: white; text-align: justify;\"><strong><span style=\"text-decoration: underline;\">CARGOS P\u00daBLICOS<\/span><\/strong><\/p>\n<p style=\"margin: 12pt 0cm; background: white; text-align: justify;\">Desde el 13-6-2015 hasta el 14-06-2019 Concejala de Servicios Sociales y Pol\u00edticas de Igualdad del Ayuntamiento de Alzira.<\/p>\n","protected":false},"excerpt":{"rendered":"<p>ESTUDIOS &#8211; Licenciada en Filolog\u00eda Francesa.\u00a0M\u00e1ster de \u00a0secundaria en la Universitat de Val\u00e8ncia. XXIII CURSO DE FORMACI\u00d3N PARA PROFESORES DE FRANC\u00c9S: enero 2014 Asociaci\u00f3n de profesores de franc\u00e9s de Valencia. &#8211; INTERCANVI ERASMUS: Septiembre 2009\u2013 Julio 2010 Universit\u00e9 de Picardie Jules Verne, Amiens, Francia. &#8211; CONGRESO INTERNACIONAL: Noviembre 2006 \u00abTopograf\u00edas extranjeras y ex\u00f3ticas del amor &hellip; <\/p>\n<p class=\"link-more\"><a href=\"https:\/\/alzira.es\/es\/ayuntamiento\/corporacion-y-gobierno-municipal\/marina-mir-mocholi-19-23-curriculum\/\" class=\"more-link\">Continuar leyendo<span class=\"screen-reader-text\"> \u00abMarina Mir Mochol\u00ed (19-23) Curr\u00edculum\u00bb<\/span><\/a><\/p>\n","protected":false},"author":34,"featured_media":0,"parent":13558,"menu_order":53,"comment_status":"closed","ping_status":"closed","template":"","meta":{"_acf_changed":false,"footnotes":""},"class_list":["post-42511","page","type-page","status-publish","hentry"],"acf":[],"_links":{"self":[{"href":"https:\/\/alzira.es\/es\/wp-json\/wp\/v2\/pages\/42511","targetHints":{"allow":["GET"]}}],"collection":[{"href":"https:\/\/alzira.es\/es\/wp-json\/wp\/v2\/pages"}],"about":[{"href":"https:\/\/alzira.es\/es\/wp-json\/wp\/v2\/types\/page"}],"author":[{"embeddable":true,"href":"https:\/\/alzira.es\/es\/wp-json\/wp\/v2\/users\/34"}],"replies":[{"embeddable":true,"href":"https:\/\/alzira.es\/es\/wp-json\/wp\/v2\/comments?post=42511"}],"version-history":[{"count":2,"href":"https:\/\/alzira.es\/es\/wp-json\/wp\/v2\/pages\/42511\/revisions"}],"predecessor-version":[{"id":84409,"href":"https:\/\/alzira.es\/es\/wp-json\/wp\/v2\/pages\/42511\/revisions\/84409"}],"up":[{"embeddable":true,"href":"https:\/\/alzira.es\/es\/wp-json\/wp\/v2\/pages\/13558"}],"wp:attachment":[{"href":"https:\/\/alzira.es\/es\/wp-json\/wp\/v2\/media?parent=42511"}],"curies":[{"name":"wp","href":"https:\/\/api.w.org\/{rel}","templated":true}]}}