{"id":42507,"date":"2019-07-03T09:32:21","date_gmt":"2019-07-03T07:32:21","guid":{"rendered":"https:\/\/alzira.es\/albert-furio-perez-19-23-curriculum\/"},"modified":"2021-07-28T16:48:33","modified_gmt":"2021-07-28T14:48:33","slug":"albert-furio-perez-19-23-curriculum","status":"publish","type":"page","link":"https:\/\/alzira.es\/es\/ayuntamiento\/corporacion-y-gobierno-municipal\/albert-furio-perez-19-23-curriculum\/","title":{"rendered":"Albert Furi\u00f3 P\u00e9rez (19-23) Curr\u00edculum"},"content":{"rendered":"<p style=\"margin: 12pt 0cm; background: white;\"><strong><span style=\"text-decoration: underline;\">DATOS ACAD\u00c9MICOS<\/span><\/strong><\/p>\n<p style=\"margin: 12pt 0cm; background: white;\">-2003-2008 Licenciado en Ciencias Pol\u00edticas y de la Administraci\u00f3n per la UMH<\/p>\n<p style=\"margin: 12pt 0cm; background: white;\">-2013-2014 \u00a0Diploma de An\u00e1lisis, Comunicaci\u00f3n y Campa\u00f1as Electorales de la UV<\/p>\n<p style=\"margin: 12pt 0cm; background: white;\"><strong><span style=\"text-decoration: underline;\">IDIOMAS<\/span><\/strong><\/p>\n<p style=\"margin: 12pt 0cm; background: white;\">&#8211; Nivel intermedio de ingl\u00e9s<\/p>\n<p style=\"margin: 12pt 0cm; background: white;\">&#8211; Nivel b\u00e1sico de franc\u00e9s<\/p>\n<p style=\"margin: 12pt 0cm; background: white;\">&#8211; Nivel 1\u00ba b\u00e1sico de alem\u00e1n<\/p>\n<p style=\"margin: 12pt 0cm; background: white;\">&#8211; Mitj\u00e0 de valenciano de la JQCV<\/p>\n<p style=\"margin: 12pt 0cm; background: white;\"><strong><span style=\"text-decoration: underline;\">TRAYECTORIA PROFESIONAL<\/span><\/strong><\/p>\n<p style=\"margin: 12pt 0cm; background: white;\">&#8211; 2008-2012 Pr\u00e1cticas profesionales de asesor jur\u00eddico en el SERVEF como t\u00e9cnico superior en gesti\u00f3n de subvenciones.<\/p>\n<p style=\"margin: 12pt 0cm; background: white;\">&#8211; 2013 ACNUR Valencia<\/p>\n<p style=\"margin: 12pt 0cm; background: white;\">&#8211; 2015 Director de Campa\u00f1a para las Elecciones Auton\u00f3micas y Municipales de Comprom\u00eds Ribera Alta.<\/p>\n<p style=\"margin: 12pt 0cm; background: white;\"><strong><span style=\"text-decoration: underline;\">TRAYECTORIA POL\u00cdTICA<\/span><\/strong><\/p>\n<p style=\"margin: 12pt 0cm; background: white;\">-2011-2016 Secretario de Organizaci\u00f3n del BLOC Ribera Alta<\/p>\n<p style=\"margin: 12pt 0cm; background: white;\">-2012-2016 Secretario d\u2019Acci\u00f3n Electoral de Comprom\u00eds Ribera Alta<\/p>\n<p style=\"margin: 12pt 0cm; background: white;\">-2014 Candidato al Parlamento Europeo por Comprom\u00eds en la candidatura de PRIMAVERA EUROPEA.<\/p>\n","protected":false},"excerpt":{"rendered":"<p>DATOS ACAD\u00c9MICOS -2003-2008 Licenciado en Ciencias Pol\u00edticas y de la Administraci\u00f3n per la UMH -2013-2014 \u00a0Diploma de An\u00e1lisis, Comunicaci\u00f3n y Campa\u00f1as Electorales de la UV IDIOMAS &#8211; Nivel intermedio de ingl\u00e9s &#8211; Nivel b\u00e1sico de franc\u00e9s &#8211; Nivel 1\u00ba b\u00e1sico de alem\u00e1n &#8211; Mitj\u00e0 de valenciano de la JQCV TRAYECTORIA PROFESIONAL &#8211; 2008-2012 Pr\u00e1cticas profesionales &hellip; <\/p>\n<p class=\"link-more\"><a href=\"https:\/\/alzira.es\/es\/ayuntamiento\/corporacion-y-gobierno-municipal\/albert-furio-perez-19-23-curriculum\/\" class=\"more-link\">Continuar leyendo<span class=\"screen-reader-text\"> \u00abAlbert Furi\u00f3 P\u00e9rez (19-23) Curr\u00edculum\u00bb<\/span><\/a><\/p>\n","protected":false},"author":34,"featured_media":0,"parent":13558,"menu_order":55,"comment_status":"closed","ping_status":"closed","template":"","meta":{"_acf_changed":false,"footnotes":""},"class_list":["post-42507","page","type-page","status-publish","hentry"],"acf":[],"_links":{"self":[{"href":"https:\/\/alzira.es\/es\/wp-json\/wp\/v2\/pages\/42507","targetHints":{"allow":["GET"]}}],"collection":[{"href":"https:\/\/alzira.es\/es\/wp-json\/wp\/v2\/pages"}],"about":[{"href":"https:\/\/alzira.es\/es\/wp-json\/wp\/v2\/types\/page"}],"author":[{"embeddable":true,"href":"https:\/\/alzira.es\/es\/wp-json\/wp\/v2\/users\/34"}],"replies":[{"embeddable":true,"href":"https:\/\/alzira.es\/es\/wp-json\/wp\/v2\/comments?post=42507"}],"version-history":[{"count":2,"href":"https:\/\/alzira.es\/es\/wp-json\/wp\/v2\/pages\/42507\/revisions"}],"predecessor-version":[{"id":84410,"href":"https:\/\/alzira.es\/es\/wp-json\/wp\/v2\/pages\/42507\/revisions\/84410"}],"up":[{"embeddable":true,"href":"https:\/\/alzira.es\/es\/wp-json\/wp\/v2\/pages\/13558"}],"wp:attachment":[{"href":"https:\/\/alzira.es\/es\/wp-json\/wp\/v2\/media?parent=42507"}],"curies":[{"name":"wp","href":"https:\/\/api.w.org\/{rel}","templated":true}]}}