{"id":42505,"date":"2019-07-03T09:32:21","date_gmt":"2019-07-03T07:32:21","guid":{"rendered":"https:\/\/alzira.es\/isabel-aguilar-lopez-19-23-curriculum\/"},"modified":"2021-07-28T16:49:48","modified_gmt":"2021-07-28T14:49:48","slug":"isabel-aguilar-lopez-19-23-curriculum","status":"publish","type":"page","link":"https:\/\/alzira.es\/es\/ayuntamiento\/corporacion-y-gobierno-municipal\/isabel-aguilar-lopez-19-23-curriculum\/","title":{"rendered":"Isabel Aguilar L\u00f3pez (19-23) Curr\u00edculum"},"content":{"rendered":"<p style=\"margin: 12pt 0cm; background: white;\"><strong><span style=\"text-decoration: underline;\">FORMACI\u00d3N ACAD\u00c9MICA<\/span><\/strong><\/p>\n<p style=\"margin: 12pt 0cm; background: white;\">&#8211; Licenciada Historia del Arte por la Universitat de Val\u00e8ncia.<\/p>\n<p style=\"margin: 12pt 0cm; background: white;\">&#8211; Estudios de derecho en la UNED.<\/p>\n<p style=\"margin: 12pt 0cm; background: white;\">&#8211; M\u00e1ster Profesor\/a Secundaria especializado Historia, Geograf\u00eda e Historia del Arte por la Universitat de Val\u00e8ncia.<\/p>\n<p style=\"margin: 12pt 0cm; background: white;\"><strong><span style=\"text-decoration: underline;\">EXPERIENCIA LABORAL<\/span><\/strong><\/p>\n<p style=\"margin: 12pt 0cm; background: white;\">&#8211; Profesora en pr\u00e1cticas de Historia, Geograf\u00eda e Historia del Arte (2012)<\/p>\n<p style=\"margin: 12pt 0cm; background: white;\"><strong><span style=\"text-decoration: underline;\">FUNCI\u00d3N P\u00daBLICA<\/span><\/strong><\/p>\n<p style=\"margin: 12pt 0cm; background: white;\">&#8211; Concejal Grupo Partido Socialista Obrero Espanyol desde 2011<\/p>\n<p style=\"margin: 12pt 0cm; background: white;\">&#8211; Portavoz Grupo PSOE desde 2011<\/p>\n<p style=\"margin: 12pt 0cm; background: white;\">&#8211; Vicealcaldesa de Alzira i Concejal de Fiestas, Comercio, Patrimonio, Turismo y Mercados desde 2015 hasta junio de 2019.<\/p>\n<p style=\"margin: 12pt 0cm; background: white;\">&#8211; Segunda Teniente de Alcalde, Concejal de Turismo y Patrimonio Cultural.<\/p>\n<p style=\"margin: 12pt 0cm; background: white;\"><strong><span style=\"text-decoration: underline;\">IDIOMAS<\/span><\/strong><\/p>\n<p style=\"margin: 12pt 0cm; background: white;\">&#8211; Certificado del Nivel Mitj\u00e0 de Valenciano por la Junta Qualificadora de Coneixements del Valenci\u00e0.<\/p>\n<p style=\"margin: 12pt 0cm; background: white;\">-Nivel b\u00e1sico de Angl\u00e9s.<\/p>\n<p style=\"margin: 12pt 0cm; background: white;\">&#8211; Cursando B1 Angl\u00e8s.<\/p>\n<p style=\"margin: 12pt 0cm; background: white;\"><strong><span style=\"text-decoration: underline;\">MILITANCIA POL\u00cdTICA<\/span><\/strong><\/p>\n<p style=\"margin: 12pt 0cm; background: white;\">&#8211; Militante del Partido Socialista Obrero Espanyol desde el 2005.<\/p>\n<p style=\"margin: 12pt 0cm; background: white;\">&#8211; Secretaria General de las Juventudes Socialistas de Alzira (2009-2012).<\/p>\n<p style=\"margin: 12pt 0cm; background: white;\">&#8211; Secretaria de Igualdad, Juventud y Nuevas Tecnolog\u00edas de la Ejecutiva Local del PSOE de Alzira (2010-2012).<\/p>\n<p style=\"margin: 12pt 0cm; background: white;\">&#8211; Secretaria General del PSOE de Alzira (desde junio 2012).<\/p>\n<p style=\"margin: 12pt 0cm; background: white;\">&#8211; Candidata a las Cortes Espa\u00f1olas por la delegaci\u00f3n de Valencia.<\/p>\n<p style=\"margin: 12pt 0cm; background: white;\">&#8211; Miembro del Comit\u00e9 Nacional del PSPV-PSOE (desde 2012).<\/p>\n<p style=\"margin: 12pt 0cm; background: white;\">&#8211; Miembro del Comit\u00e9 Provincial del PSPV-PSOE (desde 2012).<\/p>\n<p style=\"margin: 12pt 0cm; background: white;\">&#8211; Miembro del Comit\u00e9 Comarcal PSPV-PSOE (desde 2012).<\/p>\n<p style=\"margin: 12pt 0cm; background: white;\">&#8211; Miembro del Comit\u00e9 Federal PSOE (desde 2017).<\/p>\n","protected":false},"excerpt":{"rendered":"<p>FORMACI\u00d3N ACAD\u00c9MICA &#8211; Licenciada Historia del Arte por la Universitat de Val\u00e8ncia. &#8211; Estudios de derecho en la UNED. &#8211; M\u00e1ster Profesor\/a Secundaria especializado Historia, Geograf\u00eda e Historia del Arte por la Universitat de Val\u00e8ncia. EXPERIENCIA LABORAL &#8211; Profesora en pr\u00e1cticas de Historia, Geograf\u00eda e Historia del Arte (2012) FUNCI\u00d3N P\u00daBLICA &#8211; Concejal Grupo Partido &hellip; <\/p>\n<p class=\"link-more\"><a href=\"https:\/\/alzira.es\/es\/ayuntamiento\/corporacion-y-gobierno-municipal\/isabel-aguilar-lopez-19-23-curriculum\/\" class=\"more-link\">Continuar leyendo<span class=\"screen-reader-text\"> \u00abIsabel Aguilar L\u00f3pez (19-23) Curr\u00edculum\u00bb<\/span><\/a><\/p>\n","protected":false},"author":34,"featured_media":0,"parent":13558,"menu_order":56,"comment_status":"closed","ping_status":"closed","template":"","meta":{"_acf_changed":false,"footnotes":""},"class_list":["post-42505","page","type-page","status-publish","hentry"],"acf":[],"_links":{"self":[{"href":"https:\/\/alzira.es\/es\/wp-json\/wp\/v2\/pages\/42505","targetHints":{"allow":["GET"]}}],"collection":[{"href":"https:\/\/alzira.es\/es\/wp-json\/wp\/v2\/pages"}],"about":[{"href":"https:\/\/alzira.es\/es\/wp-json\/wp\/v2\/types\/page"}],"author":[{"embeddable":true,"href":"https:\/\/alzira.es\/es\/wp-json\/wp\/v2\/users\/34"}],"replies":[{"embeddable":true,"href":"https:\/\/alzira.es\/es\/wp-json\/wp\/v2\/comments?post=42505"}],"version-history":[{"count":2,"href":"https:\/\/alzira.es\/es\/wp-json\/wp\/v2\/pages\/42505\/revisions"}],"predecessor-version":[{"id":84413,"href":"https:\/\/alzira.es\/es\/wp-json\/wp\/v2\/pages\/42505\/revisions\/84413"}],"up":[{"embeddable":true,"href":"https:\/\/alzira.es\/es\/wp-json\/wp\/v2\/pages\/13558"}],"wp:attachment":[{"href":"https:\/\/alzira.es\/es\/wp-json\/wp\/v2\/media?parent=42505"}],"curies":[{"name":"wp","href":"https:\/\/api.w.org\/{rel}","templated":true}]}}