{"id":42503,"date":"2019-07-03T09:32:21","date_gmt":"2019-07-03T07:32:21","guid":{"rendered":"https:\/\/alzira.es\/sara-gares-ull-19-23-curriculum\/"},"modified":"2021-09-03T18:41:43","modified_gmt":"2021-09-03T16:41:43","slug":"sara-gares-ull-19-23-curriculum","status":"publish","type":"page","link":"https:\/\/alzira.es\/es\/ayuntamiento\/corporacion-y-gobierno-municipal\/sara-gares-ull-19-23-curriculum\/","title":{"rendered":"Sara Gar\u00e9s Ull (19-23) Curr\u00edculum"},"content":{"rendered":"\n<h3 class=\"wp-block-heading\">FORMACI\u00d3N Y ESTUDIOS<\/h3>\n\n\n\n<p>Titulaci\u00f3n: Estudios Auxiliar Administrativo<\/p>\n\n\n\n<ul class=\"wp-block-list\"><li>&nbsp;Titulada en Auxiliar Enfermer\u00eda<\/li><li>&nbsp;Ha cursado estudios de Derecho en UNED.<\/li><li>&nbsp; Idiomas: Valenciano e Italiano.<\/li><\/ul>\n\n\n\n<h3 class=\"wp-block-heading\">EXPERIENCIA PROFESIONAL<\/h3>\n\n\n\n<ul class=\"wp-block-list\"><li>Auxiliar &nbsp;administrativa en sector privado.<\/li><li>Empleada sector de artes gr\u00e1ficas.<\/li><li>Empleada sector alimentario.<\/li><li>Empleada como auxiliar de enfermer\u00eda en sector privado.<\/li><li>Trabajadora en bufete de abogado en todas las tareas que comporta como auxiliar administrativa en un despacho jur\u00eddico.<\/li><\/ul>\n\n\n\n<h2 class=\"wp-block-heading\">DATOS COMPLEMENTARIOS<\/h2>\n\n\n\n<ul class=\"wp-block-list\"><li>La trayectoria pol\u00edtica la inicia el a\u00f1o 1983 cuando se inicia y se forma el colectivo de Alzira de Unitat Del Poble Valenci\u00e0.<\/li><li>Miembro de ejecutivas locales del BLOC y COMPROM\u00cdS.<\/li><\/ul>\n","protected":false},"excerpt":{"rendered":"<p>FORMACI\u00d3N Y ESTUDIOS Titulaci\u00f3n: Estudios Auxiliar Administrativo &nbsp;Titulada en Auxiliar Enfermer\u00eda &nbsp;Ha cursado estudios de Derecho en UNED. &nbsp; Idiomas: Valenciano e Italiano. EXPERIENCIA PROFESIONAL Auxiliar &nbsp;administrativa en sector privado. Empleada sector de artes gr\u00e1ficas. Empleada sector alimentario. Empleada como auxiliar de enfermer\u00eda en sector privado. Trabajadora en bufete de abogado en todas las tareas &hellip; <\/p>\n<p class=\"link-more\"><a href=\"https:\/\/alzira.es\/es\/ayuntamiento\/corporacion-y-gobierno-municipal\/sara-gares-ull-19-23-curriculum\/\" class=\"more-link\">Continuar leyendo<span class=\"screen-reader-text\"> \u00abSara Gar\u00e9s Ull (19-23) Curr\u00edculum\u00bb<\/span><\/a><\/p>\n","protected":false},"author":34,"featured_media":0,"parent":13558,"menu_order":57,"comment_status":"closed","ping_status":"closed","template":"","meta":{"_acf_changed":false,"footnotes":""},"class_list":["post-42503","page","type-page","status-publish","hentry"],"acf":[],"_links":{"self":[{"href":"https:\/\/alzira.es\/es\/wp-json\/wp\/v2\/pages\/42503","targetHints":{"allow":["GET"]}}],"collection":[{"href":"https:\/\/alzira.es\/es\/wp-json\/wp\/v2\/pages"}],"about":[{"href":"https:\/\/alzira.es\/es\/wp-json\/wp\/v2\/types\/page"}],"author":[{"embeddable":true,"href":"https:\/\/alzira.es\/es\/wp-json\/wp\/v2\/users\/34"}],"replies":[{"embeddable":true,"href":"https:\/\/alzira.es\/es\/wp-json\/wp\/v2\/comments?post=42503"}],"version-history":[{"count":1,"href":"https:\/\/alzira.es\/es\/wp-json\/wp\/v2\/pages\/42503\/revisions"}],"predecessor-version":[{"id":89496,"href":"https:\/\/alzira.es\/es\/wp-json\/wp\/v2\/pages\/42503\/revisions\/89496"}],"up":[{"embeddable":true,"href":"https:\/\/alzira.es\/es\/wp-json\/wp\/v2\/pages\/13558"}],"wp:attachment":[{"href":"https:\/\/alzira.es\/es\/wp-json\/wp\/v2\/media?parent=42503"}],"curies":[{"name":"wp","href":"https:\/\/api.w.org\/{rel}","templated":true}]}}