{"id":41072,"date":"2015-04-02T10:38:26","date_gmt":"2015-04-02T08:38:26","guid":{"rendered":"https:\/\/alzira.es\/seguridad-social-4\/"},"modified":"2021-06-17T18:11:25","modified_gmt":"2021-06-17T16:11:25","slug":"seguridad-social-4","status":"publish","type":"page","link":"https:\/\/alzira.es\/es\/seguridad-social-4\/","title":{"rendered":"Seguridad Social. Elecciones BAV"},"content":{"rendered":"<p style=\"border: 0px; outline: 0px; vertical-align: baseline; text-align: justify; color: #1a1a1a; font-family: arial, sans-serif; font-size: 14px; line-height: 21px;\">Con independencia de su condici\u00f3n individual (ya sea trabajador, pensionista, desempleado&#8230;), toda persona que sea designada para desempe\u00f1ar funciones como miembro (tanto titular como suplente) de una Mesa electoral con motivo de la celebraci\u00f3n de un proceso electoral, est\u00e1 especialmente protegida por el sistema de la Seguridad Social.<\/p>\n<p style=\"border: 0px; outline: 0px; vertical-align: baseline; text-align: justify; color: #1a1a1a; font-family: arial, sans-serif; font-size: 14px; line-height: 21px;\">Est\u00e1n protegidas de todos los riesgos que se deriven de su condici\u00f3n de miembro, titular o suplente, de una Mesa electoral y tengan relaci\u00f3n directa con el desempe\u00f1o de sus funciones, incluido el accidente \u00abin itinere\u00bb, teniendo las lesiones que pudieran sufrir la consideraci\u00f3n de accidente de trabajo.<\/p>\n<p style=\"border: 0px; outline: 0px; vertical-align: baseline; text-align: justify; color: #1a1a1a; font-family: arial, sans-serif; font-size: 14px; line-height: 21px;\">Las prestaciones a las que se tiene derecho son las siguientes:<\/p>\n<ul style=\"margin-left: 25px; border: 0px; outline: 0px; vertical-align: baseline; color: #1a1a1a; font-family: arial, sans-serif; font-size: 14px; line-height: 21px;\">\n<li style=\"margin: 0px; padding: 0px 0px 0px 1em; border: 0px; outline: 0px; vertical-align: baseline; line-height: 20px; text-align: justify;\">Asistencia sanitaria.<\/li>\n<li style=\"margin: 0px; padding: 0px 0px 0px 1em; border: 0px; outline: 0px; vertical-align: baseline; line-height: 20px; text-align: justify;\">Prestaciones complementarias.<\/li>\n<li style=\"margin: 0px; padding: 0px 0px 0px 1em; border: 0px; outline: 0px; vertical-align: baseline; line-height: 20px; text-align: justify;\">Prestaciones econ\u00f3micas.<\/li>\n<li style=\"margin: 0px; padding: 0px 0px 0px 1em; border: 0px; outline: 0px; vertical-align: baseline; line-height: 20px; text-align: justify;\">Servicios Sociales.<\/li>\n<\/ul>\n<p style=\"border: 0px; outline: 0px; vertical-align: baseline; text-align: justify; color: #1a1a1a; font-family: arial, sans-serif; font-size: 14px; line-height: 21px;\">En el caso de ser necesaria la asistencia sanitaria, el propio afectado o, en su defecto, sus familiares o los restantes miembros de la Mesa, comunicar\u00e1n a la Delegaci\u00f3n o Subdelegaci\u00f3n del Gobierno, a la mayor urgencia posible, los siguientes datos:<\/p>\n<ul style=\"margin-left: 25px; border: 0px; outline: 0px; vertical-align: baseline; color: #1a1a1a; font-family: arial, sans-serif; font-size: 14px; line-height: 21px;\">\n<li style=\"margin: 0px; padding: 0px 0px 0px 1em; border: 0px; outline: 0px; vertical-align: baseline; line-height: 20px; text-align: justify;\">Datos personales de la persona afectada.<\/li>\n<li style=\"margin: 0px; padding: 0px 0px 0px 1em; border: 0px; outline: 0px; vertical-align: baseline; line-height: 20px; text-align: justify;\">Mesa en la que ostentaba la condici\u00f3n de miembro.<\/li>\n<li style=\"margin: 0px; padding: 0px 0px 0px 1em; border: 0px; outline: 0px; vertical-align: baseline; line-height: 20px; text-align: justify;\">Accidente y lugar en que se produjo.<\/li>\n<li style=\"margin: 0px; padding: 0px 0px 0px 1em; border: 0px; outline: 0px; vertical-align: baseline; line-height: 20px; text-align: justify;\">Centro en el que fue atendido.<\/li>\n<\/ul>\n<p style=\"border: 0px; outline: 0px; vertical-align: baseline; text-align: justify; color: #1a1a1a; font-family: arial, sans-serif; font-size: 14px; line-height: 21px;\">La Direcci\u00f3n General de Pol\u00edtica Interior, en comunicaci\u00f3n con los Delegados y Subdelegados del Gobierno, se encargar\u00e1 de realizar las gestiones oportunas con la Direcci\u00f3n General del Instituto Nacional de la Seguridad Social a fin de que se agilice y facilite la protecci\u00f3n a dispensar.<\/p>\n<p style=\"border: 0px; outline: 0px; vertical-align: baseline; text-align: justify; color: #1a1a1a; font-family: arial, sans-serif; font-size: 14px; line-height: 21px;\">En cuanto al resto de prestaciones distintas de la asistencia sanitaria (prestaciones complementarias, prestaciones econ\u00f3micas y Servicios Sociales), tambi\u00e9n \u00e9stas ser\u00e1n puestas en conocimiento de la Delegaci\u00f3n o Subdelegaci\u00f3n del Gobierno correspondiente.<\/p>\n","protected":false},"excerpt":{"rendered":"<p>Con independencia de su condici\u00f3n individual (ya sea trabajador, pensionista, desempleado&#8230;), toda persona que sea designada para desempe\u00f1ar funciones como miembro (tanto titular como suplente) de una Mesa electoral con motivo de la celebraci\u00f3n de un proceso electoral, est\u00e1 especialmente protegida por el sistema de la Seguridad Social. Est\u00e1n protegidas de todos los riesgos que &hellip; <\/p>\n<p class=\"link-more\"><a href=\"https:\/\/alzira.es\/es\/seguridad-social-4\/\" class=\"more-link\">Continuar leyendo<span class=\"screen-reader-text\"> \u00abSeguridad Social. Elecciones BAV\u00bb<\/span><\/a><\/p>\n","protected":false},"author":34,"featured_media":0,"parent":0,"menu_order":21,"comment_status":"closed","ping_status":"","template":"","meta":{"_acf_changed":false,"footnotes":""},"class_list":["post-41072","page","type-page","status-publish","hentry"],"acf":[],"_links":{"self":[{"href":"https:\/\/alzira.es\/es\/wp-json\/wp\/v2\/pages\/41072","targetHints":{"allow":["GET"]}}],"collection":[{"href":"https:\/\/alzira.es\/es\/wp-json\/wp\/v2\/pages"}],"about":[{"href":"https:\/\/alzira.es\/es\/wp-json\/wp\/v2\/types\/page"}],"author":[{"embeddable":true,"href":"https:\/\/alzira.es\/es\/wp-json\/wp\/v2\/users\/34"}],"replies":[{"embeddable":true,"href":"https:\/\/alzira.es\/es\/wp-json\/wp\/v2\/comments?post=41072"}],"version-history":[{"count":0,"href":"https:\/\/alzira.es\/es\/wp-json\/wp\/v2\/pages\/41072\/revisions"}],"wp:attachment":[{"href":"https:\/\/alzira.es\/es\/wp-json\/wp\/v2\/media?parent=41072"}],"curies":[{"name":"wp","href":"https:\/\/api.w.org\/{rel}","templated":true}]}}