{"id":41057,"date":"2015-03-12T14:47:42","date_gmt":"2015-03-12T13:47:42","guid":{"rendered":"https:\/\/alzira.es\/resumen-jornada-electoral-5\/"},"modified":"2021-10-05T12:15:00","modified_gmt":"2021-10-05T10:15:00","slug":"resumen-jornada-electoral-5","status":"publish","type":"page","link":"https:\/\/alzira.es\/es\/ayuntamiento\/elecciones\/resumen-jornada-electoral-5\/","title":{"rendered":"Resumen jornada electoral Mayo 2019. Elecciones locales"},"content":{"rendered":"<p style=\"font-size: 14.4px; text-align: right;\"><a title=\"Manual Miembros Mesa Europeas y Locales 2019\" href=\"https:\/\/alzira.es\/wp-content\/uploads\/2015\/03\/Manual-Miembros-Mesa-26M_Castellano.pdf\" target=\"_blank\" rel=\"noopener\"><img decoding=\"async\" width=\"30\" height=\"25\" class=\"size-full wp-image-10880 lazyload\" title=\"Manual de miembros de mesa en formato PDF \" data-src=\"https:\/\/alzira.es\/wp-content\/uploads\/2015\/03\/pdf_rojo.jpg\" alt=\"Manual de miembros de mesa en formato PDF \" src=\"data:image\/svg+xml;base64,PHN2ZyB3aWR0aD0iMSIgaGVpZ2h0PSIxIiB4bWxucz0iaHR0cDovL3d3dy53My5vcmcvMjAwMC9zdmciPjwvc3ZnPg==\" style=\"--smush-placeholder-width: 30px; --smush-placeholder-aspect-ratio: 30\/25;\">&nbsp;Manual de miembros de mesa en formato PDF<\/a><\/p>\n<h3>Resumen jornada electoral&nbsp;<\/h3>\n<p style=\"font-size: 14.4px;\"><img decoding=\"async\" width=\"94\" height=\"94\" class=\"alignleft size-full wp-image-10976 lazyload\" style=\"--smush-placeholder-width: 94px; --smush-placeholder-aspect-ratio: 94\/94;margin-right: 5px; float: left;\" title=\"Constituci\u00f3n de la Mesa\" data-src=\"https:\/\/alzira.es\/wp-content\/uploads\/2015\/03\/reloj_8.jpg\" alt=\"Constituci\u00f3n de la Mesa\" src=\"data:image\/svg+xml;base64,PHN2ZyB3aWR0aD0iMSIgaGVpZ2h0PSIxIiB4bWxucz0iaHR0cDovL3d3dy53My5vcmcvMjAwMC9zdmciPjwvc3ZnPg==\"><\/p>\n<h4 style=\"font-size: 18px;\">8 DE LA MA\u00d1ANA &#8211; CONSTITUCI\u00d3N DE LA MESA:<\/h4>\n<p style=\"margin-left: 90px; font-size: 14.4px;\">Reuni\u00f3n de el\/la Presidente\/a, vocales y suplentes.<br \/>\nComprobaci\u00f3n de los elementos necesarios para la votaci\u00f3n.<\/p>\n<p style=\"margin-left: 90px; font-size: 14.4px;\"><a title=\"Lista censo extranjeros\" href=\"https:\/\/alzira.es\/wp-content\/uploads\/2015\/03\/Lista-Censo-Extranjeros.pdf\" target=\"_blank\" rel=\"noopener\"><span style=\"color: #0000ff;\">* Lista del censo de votantes extranjeros (ver ejemplo)<\/span><\/a><br \/>\n&nbsp;Admisi\u00f3n de los Interventores de las candidaturas.<\/p>\n<hr style=\"font-size: 14.4px;\">\n<p style=\"font-size: 14.4px;\"><img decoding=\"async\" width=\"94\" height=\"94\" class=\"alignleft size-full wp-image-10978 lazyload\" style=\"--smush-placeholder-width: 94px; --smush-placeholder-aspect-ratio: 94\/94;font-size: 14.4px; line-height: 23.04px; margin-right: 5px; float: left;\" title=\"Acta de constituci\u00f3n de la Mesa\" data-src=\"https:\/\/alzira.es\/wp-content\/uploads\/2015\/03\/reloj_8_30.jpg\" alt=\"Acta de constituci\u00f3n de la Mesa\" src=\"data:image\/svg+xml;base64,PHN2ZyB3aWR0aD0iMSIgaGVpZ2h0PSIxIiB4bWxucz0iaHR0cDovL3d3dy53My5vcmcvMjAwMC9zdmciPjwvc3ZnPg==\"><\/p>\n<h4 style=\"font-size: 18px;\">8.30 DE LA MA\u00d1ANA &#8211; ACTA DE CONSTITUCI\u00d3N DE LA MESA:<\/h4>\n<p style=\"font-size: 14.4px;\">Extender el acta de constituci\u00f3n de la mesa electoral.&nbsp;<span style=\"color: #0000ff;\"><a title=\"Acta Constituci\u00f3n\" href=\"https:\/\/alzira.es\/wp-content\/uploads\/2015\/03\/Acta_Constitucion_Mesa.pdf\" target=\"_blank\" rel=\"noopener\"><span style=\"color: #0000ff;\">(Ver modelo)<\/span><\/a>&nbsp;<\/span><\/p>\n<hr style=\"font-size: 14.4px;\">\n<p style=\"font-size: 14.4px;\"><img decoding=\"async\" width=\"94\" height=\"94\" class=\"alignleft size-full wp-image-10982 lazyload\" style=\"--smush-placeholder-width: 94px; --smush-placeholder-aspect-ratio: 94\/94;font-size: 14.4px; line-height: 23.04px; margin-right: 5px; float: left;\" title=\"Votaci\u00f3n\" data-src=\"https:\/\/alzira.es\/wp-content\/uploads\/2015\/03\/reloj_9.jpg\" alt=\"Votaci\u00f3n\" src=\"data:image\/svg+xml;base64,PHN2ZyB3aWR0aD0iMSIgaGVpZ2h0PSIxIiB4bWxucz0iaHR0cDovL3d3dy53My5vcmcvMjAwMC9zdmciPjwvc3ZnPg==\"><\/p>\n<h4 style=\"font-size: 18px;\">9 DE LA MA\u00d1ANA- VOTACI\u00d3N<\/h4>\n<ul style=\"font-size: 14.4px;\">\n<li>Apertura del local electoral.&nbsp;\n<ul>\n<li style=\"list-style-type: none;\">\n<ul>\n<li style=\"list-style-type: none;\">\n<ul>\n<li style=\"list-style-type: none;\">\n<ul>\n<li style=\"list-style-type: none;\">\n<ul>\n<li style=\"list-style-type: none;\">\n<ul>\n<li style=\"list-style-type: none;\">\n<ul>\n<li>Votaci\u00f3n.<\/li>\n<li><\/li>\n<\/ul>\n<\/li>\n<\/ul>\n<\/li>\n<\/ul>\n<\/li>\n<\/ul>\n<\/li>\n<\/ul>\n<\/li>\n<\/ul>\n<\/li>\n<\/ul>\n<\/li>\n<\/ul>\n<hr style=\"font-size: 14.4px;\">\n<p style=\"font-size: 14.4px;\"><img decoding=\"async\" width=\"94\" height=\"94\" class=\"alignleft size-full wp-image-10984 lazyload\" style=\"--smush-placeholder-width: 94px; --smush-placeholder-aspect-ratio: 94\/94;font-size: 14.4px; line-height: 23.04px; margin-right: 5px; float: left;\" title=\"Final de la votaci\u00f3n\" data-src=\"https:\/\/alzira.es\/wp-content\/uploads\/2015\/03\/reloj_8pm.jpg\" alt=\"Final de la votaci\u00f3n\" src=\"data:image\/svg+xml;base64,PHN2ZyB3aWR0aD0iMSIgaGVpZ2h0PSIxIiB4bWxucz0iaHR0cDovL3d3dy53My5vcmcvMjAwMC9zdmciPjwvc3ZnPg==\"><\/p>\n<h4 style=\"font-size: 18px;\">8 DE LA TARDE &#8211; FINAL DE LA VOTACI\u00d3N:<\/h4>\n<p style=\"margin-left: 90px; font-size: 14.4px;\">Anuncio del final de la votaci\u00f3n y cierre del local electoral.<br \/>\nVoto de los electores presentes en el local electoral.<br \/>\n&nbsp; Introducci\u00f3n en la urna de los sobres del voto por correo.<br \/>\n&nbsp; Votaci\u00f3n de los miembros de la mesa e interventores.<\/p>\n<h4 style=\"font-size: 18px; margin-left: 90px;\">ESCRUTINIO:<\/h4>\n<p style=\"margin-left: 90px; font-size: 14.4px;\">Escrutinio de los votos. Se guardar\u00e1 el siguiente orden:<\/p>\n<p style=\"margin-left: 90px; font-size: 14.4px;\"><strong>&#8211;&gt;<\/strong>&nbsp;<strong>Elecciones al Parlamento Europeo<\/strong><br \/>\nExtender el acta de escrutinio.&nbsp;<a title=\"Escrutinio Europeas\" href=\"https:\/\/alzira.es\/wp-content\/uploads\/2015\/03\/Europeas_Acta_escrutinio.pdf\" target=\"_blank\" rel=\"noopener\"><span style=\"color: #0000ff;\">(Ver modelo Elecciones Parlamento Europeo)<\/span><\/a><br \/>\nExtender el acta de sesi\u00f3n.&nbsp;<a title=\"Europeas Sesi\u00f3n\" href=\"https:\/\/alzira.es\/wp-content\/uploads\/2015\/03\/Europeas_Acta_sesion.pdf\" target=\"_blank\" rel=\"noopener\"><span style=\"color: #0000ff;\">(Ver modelo Elecciones Parlamento Europeo)<\/span><\/a><span style=\"color: #0000ff;\"><span><br \/>\n<\/span><\/span><\/p>\n<p style=\"margin-left: 90px; font-size: 14.4px;\"><strong>&#8211;&gt;<\/strong>&nbsp;<strong>Elecciones Locales<\/strong><br \/>\nExtender el acta de escrutinio.&nbsp;<span style=\"color: #0000ff;\"><a title=\"Escrutinio Locales\" href=\"https:\/\/alzira.es\/wp-content\/uploads\/2015\/03\/Locales_Escrutinio.pdf\" target=\"_blank\" rel=\"noopener\"><span style=\"color: #0000ff;\">(Ver modelo Elecciones Locales)<\/span><\/a><\/span><br \/>\nExtender el acta de sesi\u00f3n.&nbsp;<span style=\"color: #0000ff;\"><a title=\"Sesi\u00f3n Locales\" href=\"https:\/\/alzira.es\/wp-content\/uploads\/2015\/03\/Locales_Acta_sesion.pdf\" target=\"_blank\" rel=\"noopener\"><span style=\"color: #0000ff;\">(Ver modelo Elecciones Locales)<\/span><\/a><\/span><\/p>\n<p style=\"margin-left: 90px; font-size: 14.4px;\"><span style=\"color: #0000ff;\"><span style=\"color: #0000ff;\"><a style=\"font-family: sans-serif;\" title=\"Voto ERTA\" href=\"https:\/\/alzira.es\/wp-content\/uploads\/2015\/03\/LOCALS_Model-paperetaCERA_RD605-1999.pdf\" target=\"_blank\" rel=\"noopener\"><span style=\"color: #0000ff;\">* La papeleta de los electores residentes temporalmente en el extranjero difiere (Ver modelo)<\/span><\/a><\/span><\/span><\/p>\n<p style=\"margin-left: 90px; font-size: 14.4px;\"><strong>&#8211;&gt;<\/strong>&nbsp;<strong>Elecciones Entidad Local Menor Barraca d&#8217;Aig\u00fces Vives<\/strong><br \/>\nExtender el acta de escrutinio.&nbsp;<a title=\"BAV Escrutinio\" href=\"https:\/\/alzira.es\/wp-content\/uploads\/2015\/03\/BAV_Acta-escrutinio.pdf\" target=\"_blank\" rel=\"noopener\"><span style=\"color: #0000ff;\">(Ver modelo Entidad Local Menor)<\/span><\/a><br \/>\nExtender el acta de sesi\u00f3n.&nbsp;<a title=\"BAV Sesi\u00f3n\" href=\"https:\/\/alzira.es\/wp-content\/uploads\/2015\/03\/BAV_Acta-sesion.pdf\" target=\"_blank\" rel=\"noopener\"><span style=\"color: #0000ff;\">(Ver modelo Entidad Local Menor)<\/span><\/a><span style=\"color: #0000ff;\"><a title=\"Plantilla Escrutinio BAV\" href=\"https:\/\/alzira.es\/wp-content\/uploads\/2015\/03\/BAV_Plantilla-escrutinio.pdf\" target=\"_blank\" rel=\"noopener\"><span style=\"color: #0000ff;\"><br \/>\n<\/span><\/a><\/span><\/p>\n<p style=\"margin-left: 90px; font-size: 14.4px;\"><span style=\"color: #000000; font-size: 22.5px;\">PREPARACI\u00d3N DE LA DOCUMENTACI\u00d3N ELECTORAL:<\/span><\/p>\n<p style=\"margin-left: 90px; font-size: 14.4px;\">Numerar previamente los sobres (SOBRE 1, SOBRE 2, SOBRE 3) e&nbsp;introducir en cada uno la siguiente documentaci\u00f3n:<\/p>\n<p style=\"margin-left: 120px; font-size: 14.4px;\"><a title=\"Sobre\" href=\"https:\/\/alzira.es\/wp-content\/uploads\/2015\/03\/Sobre.pdf\" target=\"_blank\" rel=\"noopener\"><span style=\"color: #0000ff;\">(Ver modelo Sobre)&nbsp;<\/span><\/a><span style=\"color: #0000ff;\"><a href=\"contenidos\/Elecciones\/Modelos_MM\/sobre_corts.pdf\" target=\"_blank\" rel=\"noopener\"><span style=\"color: #0000ff;\"><br \/>\n<\/span><\/a><\/span><\/p>\n<p style=\"margin-left: 90px; font-size: 14.4px;\"><strong>&#8211;&gt; SOBRE 1 (Elecciones Locales)<\/strong><\/p>\n<p style=\"margin-left: 90px; font-size: 14.4px; text-align: justify;\">Original del Acta de constituci\u00f3n de la Mesa.<br \/>\nOriginal del Acta de sesi\u00f3n de las Elecciones Locales.<br \/>\nLista numerada de votantes.&nbsp;<a title=\"Lista numerada votantes\" href=\"https:\/\/alzira.es\/wp-content\/uploads\/2015\/03\/Lista_numerada_votantes.pdf\" target=\"_blank\" rel=\"noopener\"><span style=\"color: #0000ff;\">(Ver modelo)<\/span><\/a><br style=\"font-size: 14.4px; line-height: 20.9455px;\">Papeletas de votaci\u00f3n nulas o que haya sido objeto de reclamaci\u00f3n (firmadas).<br style=\"font-size: 14.4px; line-height: 20.9455px;\">Lista\/s del censo electoral utilizadas.<br \/>\nCertificaciones censales, en su caso, o sentencias.<br \/>\nCopias de credenciales de Interventores.&nbsp;<a title=\"Interventor ESTA mesa\" href=\"https:\/\/alzira.es\/wp-content\/uploads\/2015\/03\/credencial_interventor_ante_esta_mesa.pdf\" target=\"_blank\" rel=\"noopener\"><span style=\"color: #0000ff;\">(<\/span><span style=\"color: #0000ff;\"><span>Ver modelo Interventor acreditado ante ESTA Mesa<\/span><\/span><span style=\"color: #0000ff;\">)<\/span><\/a>&nbsp;<a title=\"Interventor OTRA mesa\" href=\"https:\/\/alzira.es\/wp-content\/uploads\/2015\/03\/credencial_interventor_ante_otra_mesa.pdf\" target=\"_blank\" rel=\"noopener\"><span style=\"color: #0000ff;\">(<\/span><span style=\"color: #0000ff;\"><span>Ver modelo Interventor acreditado ante OTRA Mesa<\/span><\/span><span style=\"color: #0000ff;\">)<\/span><\/a><br style=\"font-size: 14.4px; line-height: 23.04px;\">Solicitudes de reintegro de gastos del voto por correo, si las hubiera.<\/p>\n<p style=\"margin-left: 90px; font-size: 14.4px;\"><strong>&#8211;&gt; SOBRE 2 (Elecciones Locales)<\/strong><\/p>\n<p style=\"margin-left: 90px; font-size: 14.4px;\">Copia del acta de constituci\u00f3n de la Mesa.<br \/>\nCopia de las actas de sesi\u00f3n de las Elecciones Locales.<span style=\"text-align: justify;\"><br \/>\n<\/span><\/p>\n<p style=\"margin-left: 90px; font-size: 14.4px;\"><strong>&#8211;&gt; SOBRE 3 (Elecciones Locales)<\/strong><\/p>\n<p style=\"margin-left: 90px; font-size: 14.4px;\">Copia del acta de constituci\u00f3n.<br \/>\nCopia de las actas de sesi\u00f3n de las Elecciones Locales.<\/p>\n<p style=\"margin-left: 90px; font-size: 14.4px;\">&nbsp;<\/p>\n<p style=\"margin-left: 90px; font-size: 14.4px;\">&nbsp;<strong>&#8211;&gt;&nbsp;SOBRE 1 (Elecciones Parlamento Europeo)<\/strong><\/p>\n<p style=\"margin-left: 90px; font-size: 14.4px;\">&nbsp;Copia del Acta de constituci\u00f3n de la Mesa.<\/p>\n<p style=\"margin-left: 90px; font-size: 14.4px; text-align: justify;\">Original del Acta de sesi\u00f3n de las Elecciones al Parlamento Europeo.<br \/>\nCopia de la lista numerada de votantes.&nbsp;<a title=\"Lista numerada votantes\" href=\"https:\/\/alzira.es\/wp-content\/uploads\/2015\/03\/Lista_numerada_votantes.pdf\" target=\"_blank\" rel=\"noopener\"><span style=\"color: #0000ff;\">(Ver modelo)<\/span><\/a><br style=\"font-size: 14.4px; line-height: 20.9455px;\">Papeletas de votaci\u00f3n nulas o que haya sido objeto de reclamaci\u00f3n (firmadas).<br style=\"font-size: 14.4px; line-height: 20.9455px;\"><\/p>\n<p style=\"margin-left: 90px; font-size: 14.4px;\"><strong>&#8211;&gt; SOBRE 2 (Elecciones Parlamento Europeo)&nbsp;<\/strong><\/p>\n<p style=\"margin-left: 90px; font-size: 14.4px;\">&nbsp;Copia del acta de constituci\u00f3n de la Mesa.<\/p>\n<p style=\"margin-left: 90px; font-size: 14.4px;\">Copia de las actas de sesi\u00f3n de las Elecciones al Parlamento Europeo.<span style=\"text-align: justify;\"><br \/>\n<\/span><\/p>\n<p style=\"margin-left: 90px; font-size: 14.4px;\">&nbsp;<em><br \/>\n<\/em><\/p>\n<p style=\"margin-left: 90px; font-size: 14.4px;\">&nbsp;<strong>&#8211;&gt; SOBRE 3 (Elecciones Parlamento Europeo)<\/strong><\/p>\n<p style=\"margin-left: 90px; font-size: 14.4px;\">&nbsp;Copia del acta de constituci\u00f3n.<\/p>\n<p style=\"margin-left: 90px; font-size: 14.4px;\">Copia de las actas de sesi\u00f3n de las Elecciones al Parlamento Europeo.<\/p>\n<p style=\"margin-left: 90px; font-size: 14.4px;\"><em><em style=\"font-size: 14.4px;\">ENTREGAR SOBRES 1 Y 2 EN EL JUZGADO DE PRIMERA&nbsp;<\/em><em style=\"font-size: 14.4px;\">INSTANCIA<\/em><\/em><\/p>\n<p style=\"margin-left: 90px; font-size: 14.4px;\"><em>ENTREGAR EL SOBRE 3 AL EMPLEADO O EMPLEADA DE CORREOS<\/em><\/p>\n<p style=\"margin-left: 90px; font-size: 14.4px;\">Recibos sobres<\/p>\n<p style=\"margin-left: 90px; font-size: 14.4px;\"><span style=\"color: #0000ff;\"><a title=\"Recibo\" href=\"https:\/\/alzira.es\/wp-content\/uploads\/2015\/03\/Recibo.pdf\" target=\"_blank\" rel=\"noopener\"><span style=\"color: #0000ff;\">(Ver modelo Recibo Sobres)&nbsp;<\/span><\/a><\/span><\/p>\n","protected":false},"excerpt":{"rendered":"<p>&nbsp;Manual de miembros de mesa en formato PDF Resumen jornada electoral&nbsp; 8 DE LA MA\u00d1ANA &#8211; CONSTITUCI\u00d3N DE LA MESA: Reuni\u00f3n de el\/la Presidente\/a, vocales y suplentes. Comprobaci\u00f3n de los elementos necesarios para la votaci\u00f3n. * Lista del censo de votantes extranjeros (ver ejemplo) &nbsp;Admisi\u00f3n de los Interventores de las candidaturas. 8.30 DE LA MA\u00d1ANA &hellip; <\/p>\n<p class=\"link-more\"><a href=\"https:\/\/alzira.es\/es\/ayuntamiento\/elecciones\/resumen-jornada-electoral-5\/\" class=\"more-link\">Continuar leyendo<span class=\"screen-reader-text\"> \u00abResumen jornada electoral Mayo 2019. Elecciones locales\u00bb<\/span><\/a><\/p>\n","protected":false},"author":29,"featured_media":10880,"parent":83840,"menu_order":27,"comment_status":"closed","ping_status":"closed","template":"","meta":{"_acf_changed":false,"footnotes":""},"class_list":["post-41057","page","type-page","status-publish","has-post-thumbnail","hentry"],"acf":[],"_links":{"self":[{"href":"https:\/\/alzira.es\/es\/wp-json\/wp\/v2\/pages\/41057","targetHints":{"allow":["GET"]}}],"collection":[{"href":"https:\/\/alzira.es\/es\/wp-json\/wp\/v2\/pages"}],"about":[{"href":"https:\/\/alzira.es\/es\/wp-json\/wp\/v2\/types\/page"}],"author":[{"embeddable":true,"href":"https:\/\/alzira.es\/es\/wp-json\/wp\/v2\/users\/29"}],"replies":[{"embeddable":true,"href":"https:\/\/alzira.es\/es\/wp-json\/wp\/v2\/comments?post=41057"}],"version-history":[{"count":2,"href":"https:\/\/alzira.es\/es\/wp-json\/wp\/v2\/pages\/41057\/revisions"}],"predecessor-version":[{"id":95164,"href":"https:\/\/alzira.es\/es\/wp-json\/wp\/v2\/pages\/41057\/revisions\/95164"}],"up":[{"embeddable":true,"href":"https:\/\/alzira.es\/es\/wp-json\/wp\/v2\/pages\/83840"}],"wp:featuredmedia":[{"embeddable":true,"href":"https:\/\/alzira.es\/es\/wp-json\/wp\/v2\/media\/10880"}],"wp:attachment":[{"href":"https:\/\/alzira.es\/es\/wp-json\/wp\/v2\/media?parent=41057"}],"curies":[{"name":"wp","href":"https:\/\/api.w.org\/{rel}","templated":true}]}}