{"id":39705,"date":"2019-03-11T14:09:52","date_gmt":"2019-03-11T13:09:52","guid":{"rendered":"https:\/\/alzira.es\/la-concejalia-de-cultura-relanza-la-exitosa-campana-de-promocion-del-valenciano-en-fallas-3\/"},"modified":"2021-08-31T16:06:20","modified_gmt":"2021-08-31T14:06:20","slug":"campana-del-photocall-en-fallas-2019","status":"publish","type":"page","link":"https:\/\/alzira.es\/es\/servicios-municipales\/serval\/campanas\/campana-del-photocall-en-fallas-2019\/","title":{"rendered":"Campanya enc\u00e9s\/a per tu 2019"},"content":{"rendered":"\n<div class=\"wp-block-image\"><figure class=\"alignleft size-medium is-resized\"><a href=\"https:\/\/alzira.es\/wp-content\/uploads\/2019\/03\/Cartell_Falles2019_50x70.jpg\" target=\"_blank\" rel=\"noopener\"><img fetchpriority=\"high\" decoding=\"async\" src=\"https:\/\/alzira.es\/wp-content\/uploads\/2019\/03\/Cartell_Falles2019_50x70-364x510.jpg\" alt=\"Cartell Falles2019 50x70\" class=\"wp-image-39596\" width=\"364\" height=\"510\" title=\"La Concejal\u00eda de Cultura relanza la exitosa campa\u00f1a de promoci\u00f3n del valenciano en fallas\" srcset=\"https:\/\/alzira.es\/wp-content\/uploads\/2019\/03\/Cartell_Falles2019_50x70-364x510.jpg 364w, https:\/\/alzira.es\/wp-content\/uploads\/2019\/03\/Cartell_Falles2019_50x70-766x1072.jpg 766w, https:\/\/alzira.es\/wp-content\/uploads\/2019\/03\/Cartell_Falles2019_50x70-768x1075.jpg 768w, https:\/\/alzira.es\/wp-content\/uploads\/2019\/03\/Cartell_Falles2019_50x70.jpg 857w\" sizes=\"(max-width: 364px) 100vw, 364px\" \/><\/a><\/figure><\/div>\n\n\n\n<p><strong>Alzira, 11 de marzo de 2019.-<\/strong> Tras el \u00e9xito de la primera edici\u00f3n, la Concejal\u00eda de Cultura y Promoci\u00f3n del Valenciano del Ayuntamiento de Alzira reanuda la campa\u00f1a de promoci\u00f3n del valenciano dirigida a las fallas.<\/p>\n\n\n\n<p>La campa\u00f1a, como el a\u00f1o pasado, tiene como nombre \u00abEncesa per tu, enc\u00e9s per tu\u00bb, y se basar\u00e1 en un photocall instalado entre las 13 y las 14.30 horas los d\u00edas 16, 17 y 18 de marzo en la calle Costa esquina con la av. Sants Patrons. Toda la gente que se acerque al photocall podr\u00e1 hacerse fotos con con lemas como \u00abNo s&#8217;\u00e9s res si no s&#8217;\u00e9s poble\u00bb, \u00abDeclarat ninot indultat\u00bb, \u00abEncesa per tu\u00bb, \u00abEnc\u00e9s per tu\u00bb, \u00abSenyora pirot\u00e8cnica, pot comen\u00e7ar la masclet\u00e0\u00bb, entre otros. Adem\u00e1s, se repartir\u00e1n chapas e imanes obribotelles con los lemas \u00abEstic on falles\u00bb, \u00abJo vaig a la despert\u00e0\u00bb, \u00abM&#8217;han donat carabassa\u00bb o \u00abFem foc o fugim\u00bb entre los asistentes a las mascletaes de los tres d\u00edas.<\/p>\n\n\n\n<p>Aida Ginestar, concejala de Cultura, Deportes y Promoci\u00f3n del Valenciano, se\u00f1ala que con esta campa\u00f1a el Ayuntamiento de Alzira apuesta por \u00abvisualizar m\u00e1s el valenciano en un sector tan importante para su normalizaci\u00f3n como el festivo, en especial las fallas, de gran implantaci\u00f3n social, y uno de los \u00e1mbitos donde se mantiene muy vivo\u00bb.<\/p>\n\n\n\n<p>Recientemente el Ayuntamiento de Alzira, de la mano del SERVAL (Servicio de Promoci\u00f3n y Uso del Valenciano), ha llevado a cabo otras campa\u00f1as de normalizaci\u00f3n en sectores como el del comercio, como el reparto de bolsas de tela con el lema de \u00abBon Nadal\u00bb y vocabulario navide\u00f1o dirigidas a hornos, pasteler\u00edas, fruter\u00edas y verduler\u00edas.<\/p>\n","protected":false},"excerpt":{"rendered":"<p>Alzira, 11 de marzo de 2019.- Tras el \u00e9xito de la primera edici\u00f3n, la Concejal\u00eda de Cultura y Promoci\u00f3n del Valenciano del Ayuntamiento de Alzira reanuda la campa\u00f1a de promoci\u00f3n del valenciano dirigida a las fallas. La campa\u00f1a, como el a\u00f1o pasado, tiene como nombre \u00abEncesa per tu, enc\u00e9s per tu\u00bb, y se basar\u00e1 en &hellip; <\/p>\n<p class=\"link-more\"><a href=\"https:\/\/alzira.es\/es\/servicios-municipales\/serval\/campanas\/campana-del-photocall-en-fallas-2019\/\" class=\"more-link\">Continuar leyendo<span class=\"screen-reader-text\"> \u00abCampanya enc\u00e9s\/a per tu 2019\u00bb<\/span><\/a><\/p>\n","protected":false},"author":31,"featured_media":0,"parent":33779,"menu_order":2,"comment_status":"closed","ping_status":"closed","template":"","meta":{"_acf_changed":false,"footnotes":""},"class_list":["post-39705","page","type-page","status-publish","hentry"],"acf":[],"_links":{"self":[{"href":"https:\/\/alzira.es\/es\/wp-json\/wp\/v2\/pages\/39705","targetHints":{"allow":["GET"]}}],"collection":[{"href":"https:\/\/alzira.es\/es\/wp-json\/wp\/v2\/pages"}],"about":[{"href":"https:\/\/alzira.es\/es\/wp-json\/wp\/v2\/types\/page"}],"author":[{"embeddable":true,"href":"https:\/\/alzira.es\/es\/wp-json\/wp\/v2\/users\/31"}],"replies":[{"embeddable":true,"href":"https:\/\/alzira.es\/es\/wp-json\/wp\/v2\/comments?post=39705"}],"version-history":[{"count":2,"href":"https:\/\/alzira.es\/es\/wp-json\/wp\/v2\/pages\/39705\/revisions"}],"predecessor-version":[{"id":87323,"href":"https:\/\/alzira.es\/es\/wp-json\/wp\/v2\/pages\/39705\/revisions\/87323"}],"up":[{"embeddable":true,"href":"https:\/\/alzira.es\/es\/wp-json\/wp\/v2\/pages\/33779"}],"wp:attachment":[{"href":"https:\/\/alzira.es\/es\/wp-json\/wp\/v2\/media?parent=39705"}],"curies":[{"name":"wp","href":"https:\/\/api.w.org\/{rel}","templated":true}]}}