{"id":39613,"date":"2019-03-12T10:24:30","date_gmt":"2019-03-12T09:24:30","guid":{"rendered":"https:\/\/alzira.es\/portal-facturas-electronicas\/"},"modified":"2023-06-21T14:11:03","modified_gmt":"2023-06-21T12:11:03","slug":"portal-facturas-electronicas","status":"publish","type":"page","link":"https:\/\/alzira.es\/es\/sede-electronica\/portal-facturas-electronicas\/","title":{"rendered":"Factura electr\u00f3nica"},"content":{"rendered":"\t\t<div data-elementor-type=\"wp-page\" data-elementor-id=\"39613\" class=\"elementor elementor-39613\">\n\t\t\t\t\t\t<section class=\"elementor-section elementor-top-section elementor-element elementor-element-d0bf180 elementor-section-boxed elementor-section-height-default elementor-section-height-default\" data-id=\"d0bf180\" data-element_type=\"section\">\n\t\t\t\t\t\t<div class=\"elementor-container elementor-column-gap-default\">\n\t\t\t\t\t<div class=\"elementor-column elementor-col-50 elementor-top-column elementor-element elementor-element-0823ba2\" data-id=\"0823ba2\" data-element_type=\"column\">\n\t\t\t<div class=\"elementor-widget-wrap elementor-element-populated\">\n\t\t\t\t\t\t<div class=\"elementor-element elementor-element-60e3e37 elementor-widget elementor-widget-image\" data-id=\"60e3e37\" data-element_type=\"widget\" data-widget_type=\"image.default\">\n\t\t\t\t<div class=\"elementor-widget-container\">\n\t\t\t\t\t\t\t\t\t\t\t\t\t\t\t\t<a href=\"https:\/\/sedeelectronica.alzira.es\/PortalCiudadano\/tramites\/tramite.do?formAction=btShow&#038;t=2366\" target=\"_blank\">\n\t\t\t\t\t\t\t<img decoding=\"async\" width=\"321\" height=\"150\" data-src=\"https:\/\/alzira.es\/wp-content\/uploads\/2022\/01\/acceder_al_tramite.png\" class=\"attachment-large size-large wp-image-109114 lazyload\" alt=\"\" data-sizes=\"100vw\" src=\"data:image\/svg+xml;base64,PHN2ZyB3aWR0aD0iMSIgaGVpZ2h0PSIxIiB4bWxucz0iaHR0cDovL3d3dy53My5vcmcvMjAwMC9zdmciPjwvc3ZnPg==\" style=\"--smush-placeholder-width: 321px; --smush-placeholder-aspect-ratio: 321\/150;\" \/>\t\t\t\t\t\t\t\t<\/a>\n\t\t\t\t\t\t\t\t\t\t\t\t\t\t\t<\/div>\n\t\t\t\t<\/div>\n\t\t\t\t\t<\/div>\n\t\t<\/div>\n\t\t\t\t<div class=\"elementor-column elementor-col-50 elementor-top-column elementor-element elementor-element-4cbd3c4\" data-id=\"4cbd3c4\" data-element_type=\"column\">\n\t\t\t<div class=\"elementor-widget-wrap elementor-element-populated\">\n\t\t\t\t\t\t<div class=\"elementor-element elementor-element-d80693e elementor-widget elementor-widget-text-editor\" data-id=\"d80693e\" data-element_type=\"widget\" data-widget_type=\"text-editor.default\">\n\t\t\t\t<div class=\"elementor-widget-container\">\n\t\t\t\t\t\t\t\t\t<p><strong>Tr\u00e1mite de Alta o Modificaci\u00f3n de datos de Empresas Proveedoras.<\/strong><\/p><p>Este procedimiento permite a las empresas proveedoras o acreedoras del Ayuntamiento solicitar alta o modificaci\u00f3n de los datos personales y\/o de los datos bancarios que abren en los archivos del sistema de informaci\u00f3n contable del Ayuntamiento de Alzira.<\/p>\t\t\t\t\t\t\t\t<\/div>\n\t\t\t\t<\/div>\n\t\t\t\t\t<\/div>\n\t\t<\/div>\n\t\t\t\t\t<\/div>\n\t\t<\/section>\n\t\t\t\t<section class=\"elementor-section elementor-top-section elementor-element elementor-element-dcdda7f elementor-section-boxed elementor-section-height-default elementor-section-height-default\" data-id=\"dcdda7f\" data-element_type=\"section\">\n\t\t\t\t\t\t<div class=\"elementor-container elementor-column-gap-default\">\n\t\t\t\t\t<div class=\"elementor-column elementor-col-100 elementor-top-column elementor-element elementor-element-d95719f\" data-id=\"d95719f\" data-element_type=\"column\">\n\t\t\t<div class=\"elementor-widget-wrap elementor-element-populated\">\n\t\t\t\t\t\t<div class=\"elementor-element elementor-element-ee302bd elementor-widget elementor-widget-spacer\" data-id=\"ee302bd\" data-element_type=\"widget\" data-widget_type=\"spacer.default\">\n\t\t\t\t<div class=\"elementor-widget-container\">\n\t\t\t\t\t\t\t<div class=\"elementor-spacer\">\n\t\t\t<div class=\"elementor-spacer-inner\"><\/div>\n\t\t<\/div>\n\t\t\t\t\t\t<\/div>\n\t\t\t\t<\/div>\n\t\t\t\t\t<\/div>\n\t\t<\/div>\n\t\t\t\t\t<\/div>\n\t\t<\/section>\n\t\t\t\t<section class=\"elementor-section elementor-top-section elementor-element elementor-element-6ef69d0 elementor-section-boxed elementor-section-height-default elementor-section-height-default\" data-id=\"6ef69d0\" data-element_type=\"section\">\n\t\t\t\t\t\t<div class=\"elementor-container elementor-column-gap-default\">\n\t\t\t\t\t<div class=\"elementor-column elementor-col-50 elementor-top-column elementor-element elementor-element-c4668b5\" data-id=\"c4668b5\" data-element_type=\"column\">\n\t\t\t<div class=\"elementor-widget-wrap elementor-element-populated\">\n\t\t\t\t\t\t<div class=\"elementor-element elementor-element-43b439d elementor-widget elementor-widget-image\" data-id=\"43b439d\" data-element_type=\"widget\" data-widget_type=\"image.default\">\n\t\t\t\t<div class=\"elementor-widget-container\">\n\t\t\t\t\t\t\t\t\t\t\t\t\t\t\t\t<a href=\"https:\/\/face.gob.es\/es\" target=\"_blank\">\n\t\t\t\t\t\t\t<img decoding=\"async\" width=\"525\" height=\"83\" data-src=\"https:\/\/alzira.es\/wp-content\/uploads\/2022\/01\/logo_FACe.png\" class=\"attachment-large size-large wp-image-109116 lazyload\" alt=\"\" data-sizes=\"100vw\" src=\"data:image\/svg+xml;base64,PHN2ZyB3aWR0aD0iMSIgaGVpZ2h0PSIxIiB4bWxucz0iaHR0cDovL3d3dy53My5vcmcvMjAwMC9zdmciPjwvc3ZnPg==\" style=\"--smush-placeholder-width: 525px; --smush-placeholder-aspect-ratio: 525\/83;\" \/>\t\t\t\t\t\t\t\t<\/a>\n\t\t\t\t\t\t\t\t\t\t\t\t\t\t\t<\/div>\n\t\t\t\t<\/div>\n\t\t\t\t\t<\/div>\n\t\t<\/div>\n\t\t\t\t<div class=\"elementor-column elementor-col-50 elementor-top-column elementor-element elementor-element-a883825\" data-id=\"a883825\" data-element_type=\"column\">\n\t\t\t<div class=\"elementor-widget-wrap elementor-element-populated\">\n\t\t\t\t\t\t<div class=\"elementor-element elementor-element-9f7c38e elementor-widget elementor-widget-heading\" data-id=\"9f7c38e\" data-element_type=\"widget\" data-widget_type=\"heading.default\">\n\t\t\t\t<div class=\"elementor-widget-container\">\n\t\t\t\t\t<h4 class=\"elementor-heading-title elementor-size-default\"><strong> Punto General de Entrada de Facturas Electr\u00f3nicas de la Administraci\u00f3n del Estado (FACe)<\/strong><\/h4>\t\t\t\t<\/div>\n\t\t\t\t<\/div>\n\t\t\t\t<div class=\"elementor-element elementor-element-f9bb168 elementor-widget elementor-widget-text-editor\" data-id=\"f9bb168\" data-element_type=\"widget\" data-widget_type=\"text-editor.default\">\n\t\t\t\t<div class=\"elementor-widget-container\">\n\t\t\t\t\t\t\t\t\t<p>FACE es el Punto General de Entrada de Facturas de la Administraci\u00f3n General del Estado. Permite la remisi\u00f3n de facturas en formato electr\u00f3nico a aquellos organismos de las administraciones que aceptan la recepci\u00f3n de facturas en formato electr\u00f3nico y que est\u00e9n dadas de alta en el sistema.<\/p>\t\t\t\t\t\t\t\t<\/div>\n\t\t\t\t<\/div>\n\t\t\t\t\t<\/div>\n\t\t<\/div>\n\t\t\t\t\t<\/div>\n\t\t<\/section>\n\t\t\t\t<section class=\"elementor-section elementor-top-section elementor-element elementor-element-f66fccb elementor-section-boxed elementor-section-height-default elementor-section-height-default\" data-id=\"f66fccb\" data-element_type=\"section\">\n\t\t\t\t\t\t<div class=\"elementor-container elementor-column-gap-default\">\n\t\t\t\t\t<div class=\"elementor-column elementor-col-100 elementor-top-column elementor-element elementor-element-d9323ef\" data-id=\"d9323ef\" data-element_type=\"column\">\n\t\t\t<div class=\"elementor-widget-wrap elementor-element-populated\">\n\t\t\t\t\t\t<div class=\"elementor-element elementor-element-c688bbd elementor-widget elementor-widget-spacer\" data-id=\"c688bbd\" data-element_type=\"widget\" data-widget_type=\"spacer.default\">\n\t\t\t\t<div class=\"elementor-widget-container\">\n\t\t\t\t\t\t\t<div class=\"elementor-spacer\">\n\t\t\t<div class=\"elementor-spacer-inner\"><\/div>\n\t\t<\/div>\n\t\t\t\t\t\t<\/div>\n\t\t\t\t<\/div>\n\t\t\t\t\t<\/div>\n\t\t<\/div>\n\t\t\t\t\t<\/div>\n\t\t<\/section>\n\t\t\t\t<section class=\"elementor-section elementor-top-section elementor-element elementor-element-03bf463 elementor-section-boxed elementor-section-height-default elementor-section-height-default\" data-id=\"03bf463\" data-element_type=\"section\">\n\t\t\t\t\t\t<div class=\"elementor-container elementor-column-gap-default\">\n\t\t\t\t\t<div class=\"elementor-column elementor-col-50 elementor-top-column elementor-element elementor-element-a0fa5ef\" data-id=\"a0fa5ef\" data-element_type=\"column\">\n\t\t\t<div class=\"elementor-widget-wrap elementor-element-populated\">\n\t\t\t\t\t\t<div class=\"elementor-element elementor-element-e551d48 elementor-widget elementor-widget-image\" data-id=\"e551d48\" data-element_type=\"widget\" data-widget_type=\"image.default\">\n\t\t\t\t<div class=\"elementor-widget-container\">\n\t\t\t\t\t\t\t\t\t\t\t\t\t\t\t\t<a href=\"https:\/\/alzira.es\/wp-content\/uploads\/anual\/DIR3.pdf\" target=\"_blank\">\n\t\t\t\t\t\t\t<img fetchpriority=\"high\" decoding=\"async\" width=\"525\" height=\"130\" src=\"https:\/\/alzira.es\/wp-content\/uploads\/2022\/01\/codigos_DIR3.png\" class=\"attachment-large size-large wp-image-109118\" alt=\"\" srcset=\"https:\/\/alzira.es\/wp-content\/uploads\/2022\/01\/codigos_DIR3.png 960w, https:\/\/alzira.es\/wp-content\/uploads\/2022\/01\/codigos_DIR3-680x169.png 680w, https:\/\/alzira.es\/wp-content\/uploads\/2022\/01\/codigos_DIR3-768x190.png 768w\" sizes=\"100vw\" \/>\t\t\t\t\t\t\t\t<\/a>\n\t\t\t\t\t\t\t\t\t\t\t\t\t\t\t<\/div>\n\t\t\t\t<\/div>\n\t\t\t\t\t<\/div>\n\t\t<\/div>\n\t\t\t\t<div class=\"elementor-column elementor-col-50 elementor-top-column elementor-element elementor-element-295b14d\" data-id=\"295b14d\" data-element_type=\"column\">\n\t\t\t<div class=\"elementor-widget-wrap elementor-element-populated\">\n\t\t\t\t\t\t<div class=\"elementor-element elementor-element-3629b3f elementor-widget elementor-widget-text-editor\" data-id=\"3629b3f\" data-element_type=\"widget\" data-widget_type=\"text-editor.default\">\n\t\t\t\t<div class=\"elementor-widget-container\">\n\t\t\t\t\t\t\t\t\t<p><strong>El DIR3 es el Directorio de Unidades Org\u00e1nicas y Oficinas de Registro de las Administraciones P\u00fablicas.<\/strong><\/p><p>Son tres c\u00f3digos alfanum\u00e9ricos necesarios para el env\u00edo de facturas electr\u00f3nicas a trav\u00e9s del Punto General de Entrada de Facturas Electr\u00f3nicas (FACe).<\/p>\t\t\t\t\t\t\t\t<\/div>\n\t\t\t\t<\/div>\n\t\t\t\t\t<\/div>\n\t\t<\/div>\n\t\t\t\t\t<\/div>\n\t\t<\/section>\n\t\t\t\t<section class=\"elementor-section elementor-top-section elementor-element elementor-element-778477e elementor-section-boxed elementor-section-height-default elementor-section-height-default\" data-id=\"778477e\" data-element_type=\"section\">\n\t\t\t\t\t\t<div class=\"elementor-container elementor-column-gap-default\">\n\t\t\t\t\t<div class=\"elementor-column elementor-col-100 elementor-top-column elementor-element elementor-element-dc7e283\" data-id=\"dc7e283\" data-element_type=\"column\">\n\t\t\t<div class=\"elementor-widget-wrap elementor-element-populated\">\n\t\t\t\t\t\t<div class=\"elementor-element elementor-element-6195339 elementor-widget elementor-widget-spacer\" data-id=\"6195339\" data-element_type=\"widget\" data-widget_type=\"spacer.default\">\n\t\t\t\t<div class=\"elementor-widget-container\">\n\t\t\t\t\t\t\t<div class=\"elementor-spacer\">\n\t\t\t<div class=\"elementor-spacer-inner\"><\/div>\n\t\t<\/div>\n\t\t\t\t\t\t<\/div>\n\t\t\t\t<\/div>\n\t\t\t\t\t<\/div>\n\t\t<\/div>\n\t\t\t\t\t<\/div>\n\t\t<\/section>\n\t\t\t\t<section class=\"elementor-section elementor-top-section elementor-element elementor-element-c7d1a26 elementor-section-boxed elementor-section-height-default elementor-section-height-default\" data-id=\"c7d1a26\" data-element_type=\"section\">\n\t\t\t\t\t\t<div class=\"elementor-container elementor-column-gap-default\">\n\t\t\t\t\t<div class=\"elementor-column elementor-col-20 elementor-top-column elementor-element elementor-element-f331ff4\" data-id=\"f331ff4\" data-element_type=\"column\">\n\t\t\t<div class=\"elementor-widget-wrap\">\n\t\t\t\t\t\t\t<\/div>\n\t\t<\/div>\n\t\t\t\t<div class=\"elementor-column elementor-col-20 elementor-top-column elementor-element elementor-element-b4bd3d0\" data-id=\"b4bd3d0\" data-element_type=\"column\">\n\t\t\t<div class=\"elementor-widget-wrap\">\n\t\t\t\t\t\t\t<\/div>\n\t\t<\/div>\n\t\t\t\t<div class=\"elementor-column elementor-col-20 elementor-top-column elementor-element elementor-element-657cc64\" data-id=\"657cc64\" data-element_type=\"column\">\n\t\t\t<div class=\"elementor-widget-wrap elementor-element-populated\">\n\t\t\t\t\t\t<div class=\"elementor-element elementor-element-3496b9c elementor-widget elementor-widget-image\" data-id=\"3496b9c\" data-element_type=\"widget\" data-widget_type=\"image.default\">\n\t\t\t\t<div class=\"elementor-widget-container\">\n\t\t\t\t\t\t\t\t\t\t\t\t\t\t\t\t<a href=\"https:\/\/alzira.es\/wp-content\/uploads\/2021\/12\/Avis_frau_per_suplantacio_identitat.pdf\" target=\"_blank\">\n\t\t\t\t\t\t\t<img decoding=\"async\" width=\"251\" height=\"221\" data-src=\"https:\/\/alzira.es\/wp-content\/uploads\/2022\/01\/icono_incidencies_CMYK_fondo_blanco-13.png\" class=\"attachment-large size-large wp-image-109109 lazyload\" alt=\"\" data-sizes=\"100vw\" src=\"data:image\/svg+xml;base64,PHN2ZyB3aWR0aD0iMSIgaGVpZ2h0PSIxIiB4bWxucz0iaHR0cDovL3d3dy53My5vcmcvMjAwMC9zdmciPjwvc3ZnPg==\" style=\"--smush-placeholder-width: 251px; --smush-placeholder-aspect-ratio: 251\/221;\" \/>\t\t\t\t\t\t\t\t<\/a>\n\t\t\t\t\t\t\t\t\t\t\t\t\t\t\t<\/div>\n\t\t\t\t<\/div>\n\t\t\t\t<div class=\"elementor-element elementor-element-57bbd00 elementor-widget elementor-widget-heading\" data-id=\"57bbd00\" data-element_type=\"widget\" data-widget_type=\"heading.default\">\n\t\t\t\t<div class=\"elementor-widget-container\">\n\t\t\t\t\t<h5 class=\"elementor-heading-title elementor-size-default\"><a href=\"https:\/\/alzira.es\/wp-content\/uploads\/2021\/12\/Avis_frau_per_suplantacio_identitat.pdf\" target=\"_blank\">AV\u00cdS DE FRAU PER SUBPLANTACI\u00d3 D'IDENTITAT<\/a><\/h5>\t\t\t\t<\/div>\n\t\t\t\t<\/div>\n\t\t\t\t\t<\/div>\n\t\t<\/div>\n\t\t\t\t<div class=\"elementor-column elementor-col-20 elementor-top-column elementor-element elementor-element-6e719e1\" data-id=\"6e719e1\" data-element_type=\"column\">\n\t\t\t<div class=\"elementor-widget-wrap\">\n\t\t\t\t\t\t\t<\/div>\n\t\t<\/div>\n\t\t\t\t<div class=\"elementor-column elementor-col-20 elementor-top-column elementor-element elementor-element-2bce9a2\" data-id=\"2bce9a2\" data-element_type=\"column\">\n\t\t\t<div class=\"elementor-widget-wrap\">\n\t\t\t\t\t\t\t<\/div>\n\t\t<\/div>\n\t\t\t\t\t<\/div>\n\t\t<\/section>\n\t\t\t\t<\/div>\n\t\t","protected":false},"excerpt":{"rendered":"<p>Tr\u00e1mite de Alta o Modificaci\u00f3n de datos de Empresas Proveedoras. Este procedimiento permite a las empresas proveedoras o acreedoras del Ayuntamiento solicitar alta o modificaci\u00f3n de los datos personales y\/o de los datos bancarios que abren en los archivos del sistema de informaci\u00f3n contable del Ayuntamiento de Alzira. Punto General de Entrada de Facturas Electr\u00f3nicas &hellip; <\/p>\n<p class=\"link-more\"><a href=\"https:\/\/alzira.es\/es\/sede-electronica\/portal-facturas-electronicas\/\" class=\"more-link\">Continuar leyendo<span class=\"screen-reader-text\"> \u00abFactura electr\u00f3nica\u00bb<\/span><\/a><\/p>\n","protected":false},"author":12,"featured_media":0,"parent":60843,"menu_order":25,"comment_status":"closed","ping_status":"closed","template":"","meta":{"_acf_changed":false,"footnotes":""},"class_list":["post-39613","page","type-page","status-publish","hentry"],"acf":[],"_links":{"self":[{"href":"https:\/\/alzira.es\/es\/wp-json\/wp\/v2\/pages\/39613","targetHints":{"allow":["GET"]}}],"collection":[{"href":"https:\/\/alzira.es\/es\/wp-json\/wp\/v2\/pages"}],"about":[{"href":"https:\/\/alzira.es\/es\/wp-json\/wp\/v2\/types\/page"}],"author":[{"embeddable":true,"href":"https:\/\/alzira.es\/es\/wp-json\/wp\/v2\/users\/12"}],"replies":[{"embeddable":true,"href":"https:\/\/alzira.es\/es\/wp-json\/wp\/v2\/comments?post=39613"}],"version-history":[{"count":2,"href":"https:\/\/alzira.es\/es\/wp-json\/wp\/v2\/pages\/39613\/revisions"}],"predecessor-version":[{"id":138969,"href":"https:\/\/alzira.es\/es\/wp-json\/wp\/v2\/pages\/39613\/revisions\/138969"}],"up":[{"embeddable":true,"href":"https:\/\/alzira.es\/es\/wp-json\/wp\/v2\/pages\/60843"}],"wp:attachment":[{"href":"https:\/\/alzira.es\/es\/wp-json\/wp\/v2\/media?parent=39613"}],"curies":[{"name":"wp","href":"https:\/\/api.w.org\/{rel}","templated":true}]}}