{"id":39151,"date":"2019-02-27T09:15:33","date_gmt":"2019-02-27T08:15:33","guid":{"rendered":"https:\/\/alzira.es\/campana-el-bus-de-la-llengua\/"},"modified":"2021-08-31T16:02:30","modified_gmt":"2021-08-31T14:02:30","slug":"campana-el-bus-de-la-llengua","status":"publish","type":"page","link":"https:\/\/alzira.es\/es\/servicios-municipales\/serval\/campanas\/campana-el-bus-de-la-llengua\/","title":{"rendered":"Campa\u00f1a \u00abEl Bus de la Llengua\u00bb"},"content":{"rendered":"\n<p><em>El Bus de la Llengua<\/em> es una actividad programada por la Concejal\u00eda de Promoci\u00f3n del Valenciano del Ayuntamiento de Alzira dentro de la campa\u00f1a \u00abSEMPRE TEUA, La teua llengua\u00bb de la Conseller\u00eda de Educaci\u00f3n.<\/p>\n\n\n\n<p>A lo largo de dos d\u00edas, el <em>Bus de la Llengua<\/em> ha repartido el material de difusi\u00f3n de la campa\u00f1a: chapas, camisetas, l\u00e1pices etc. Adem\u00e1s, ha dispuesto de monitores para la realizaci\u00f3n de actividades l\u00fadicas, con una clara vocaci\u00f3n de fomento de actitudes positivas hacia la lengua.&nbsp;La ubicaci\u00f3n del autob\u00fas ha sido la zona de la Mancomunidad de la Ribera (calle Naranjo, junto a la plaza Elisa Ram\u00edrez), el d\u00eda 22 de febrero, y la plaza del Carb\u00f3n, frente al Ayuntamiento, el 25 de febrero.<\/p>\n\n\n\n<p>Desde las 9.20 de la ma\u00f1ana hasta las 4 de la tarde, los alumnos de los centros educativos de Alzira han realizado actividades y talleres con los monitores de <em>El Bus de la Llengua<\/em>.&nbsp;La primera jornada, el viernes 22 de febrero, se acercaron hasta la plaza Elisa Ram\u00edrez, un total de 200 ni\u00f1os en grupos de 25, de las escuelas: Garc\u00eda Lorca, Gloria Fuertes, Ausi\u00e0s March y tambi\u00e9n asistieron dos grupos de alumnos del Rey En IES Jaume.&nbsp;En el caso de la jornada del lunes 25 de febrero fueron poco m\u00e1s de 200 los participantes de las escuelas de Tirant Lo Blanc, Luis Vives, La Pur\u00edsima y C.E. J\u00facar.<\/p>\n\n\n\n<p><strong>SEMPRE TEUA, La teua llengua<\/strong><br>SEMPRE TEUA, La teua llengua&nbsp;es el nombre de la campa\u00f1a institucional de promoci\u00f3n del valenciano de la Generalitat Valenciana.<\/p>\n\n\n\n<p>La campa\u00f1a fue presentada el 26 de septiembre de 2017, coincidiendo con la celebraci\u00f3n del D\u00eda Europeo de las Lenguas, y se extender\u00e1 hasta la primavera de 2019 con una serie de actividades que se podr\u00e1n seguir desde esta p\u00e1gina web: <span style=\"color: #0000ff;\">http:\/\/www.sempreteua.gva.es\/<\/span><\/p>\n\n\n\n<p>La Generalitat tiene el deber estatutario de proteger y recuperar el valenciano, as\u00ed como de garantizar su uso normal. Por todo ello, se pretende incrementar el n\u00famero de usuarios y los usos en los hablantes, al tiempo incrementar el prestigio social de la lengua propia.<\/p>\n\n\n\n<div class=\"wp-block-image\"><figure class=\"alignleft size-medium is-resized\"><a href=\"https:\/\/alzira.es\/wp-content\/uploads\/2019\/02\/20190222_130108.jpg\" target=\"_blank\" rel=\"noopener\"><img fetchpriority=\"high\" decoding=\"async\" src=\"https:\/\/alzira.es\/wp-content\/uploads\/2019\/02\/20190222_130108-680x510.jpg\" alt=\"20190222 130108\" class=\"wp-image-39131\" width=\"340\" height=\"255\" title=\"Campa\u00f1a &quot;El Bus de la Llengua&quot;\" srcset=\"https:\/\/alzira.es\/wp-content\/uploads\/2019\/02\/20190222_130108-680x510.jpg 680w, https:\/\/alzira.es\/wp-content\/uploads\/2019\/02\/20190222_130108-768x576.jpg 768w, https:\/\/alzira.es\/wp-content\/uploads\/2019\/02\/20190222_130108-rotated.jpg 1200w\" sizes=\"(max-width: 340px) 100vw, 340px\" \/><\/a><\/figure><\/div>\n\n\n\n<div class=\"wp-block-image\"><figure class=\"alignleft size-medium is-resized\"><a href=\"https:\/\/alzira.es\/wp-content\/uploads\/2019\/02\/20190222_130125.jpg\" target=\"_blank\" rel=\"noopener\"><img decoding=\"async\" data-src=\"https:\/\/alzira.es\/wp-content\/uploads\/2019\/02\/20190222_130125-680x510.jpg\" alt=\"20190222 130125\" class=\"wp-image-39133 lazyload\" width=\"340\" height=\"255\" title=\"Campa\u00f1a &quot;El Bus de la Llengua&quot;\" data-srcset=\"https:\/\/alzira.es\/wp-content\/uploads\/2019\/02\/20190222_130125-680x510.jpg 680w, https:\/\/alzira.es\/wp-content\/uploads\/2019\/02\/20190222_130125-768x576.jpg 768w, https:\/\/alzira.es\/wp-content\/uploads\/2019\/02\/20190222_130125-rotated.jpg 1200w\" data-sizes=\"(max-width: 340px) 100vw, 340px\" src=\"data:image\/svg+xml;base64,PHN2ZyB3aWR0aD0iMSIgaGVpZ2h0PSIxIiB4bWxucz0iaHR0cDovL3d3dy53My5vcmcvMjAwMC9zdmciPjwvc3ZnPg==\" style=\"--smush-placeholder-width: 340px; --smush-placeholder-aspect-ratio: 340\/255;\" \/><\/a><\/figure><\/div>\n\n\n\n<div class=\"wp-block-image\"><figure class=\"alignleft size-medium is-resized\"><a href=\"https:\/\/alzira.es\/wp-content\/uploads\/2019\/02\/20190222_130136.jpg\" target=\"_blank\" rel=\"noopener\"><img decoding=\"async\" data-src=\"https:\/\/alzira.es\/wp-content\/uploads\/2019\/02\/20190222_130136-680x510.jpg\" alt=\"20190222 130136\" class=\"wp-image-39136 lazyload\" width=\"340\" height=\"255\" title=\"Campa\u00f1a &quot;El Bus de la Llengua&quot;\" data-srcset=\"https:\/\/alzira.es\/wp-content\/uploads\/2019\/02\/20190222_130136-680x510.jpg 680w, https:\/\/alzira.es\/wp-content\/uploads\/2019\/02\/20190222_130136-768x576.jpg 768w, https:\/\/alzira.es\/wp-content\/uploads\/2019\/02\/20190222_130136-rotated.jpg 1200w\" data-sizes=\"(max-width: 340px) 100vw, 340px\" src=\"data:image\/svg+xml;base64,PHN2ZyB3aWR0aD0iMSIgaGVpZ2h0PSIxIiB4bWxucz0iaHR0cDovL3d3dy53My5vcmcvMjAwMC9zdmciPjwvc3ZnPg==\" style=\"--smush-placeholder-width: 340px; --smush-placeholder-aspect-ratio: 340\/255;\" \/><\/a><\/figure><\/div>\n\n\n\n<div class=\"wp-block-image\"><figure class=\"alignleft size-medium is-resized\"><a href=\"https:\/\/alzira.es\/wp-content\/uploads\/2019\/02\/20190222_130141.jpg\" target=\"_blank\" rel=\"noopener\"><img decoding=\"async\" data-src=\"https:\/\/alzira.es\/wp-content\/uploads\/2019\/02\/20190222_130141-680x510.jpg\" alt=\"20190222 130141\" class=\"wp-image-39138 lazyload\" width=\"340\" height=\"255\" title=\"Campa\u00f1a &quot;El Bus de la Llengua&quot;\" data-srcset=\"https:\/\/alzira.es\/wp-content\/uploads\/2019\/02\/20190222_130141-680x510.jpg 680w, https:\/\/alzira.es\/wp-content\/uploads\/2019\/02\/20190222_130141-768x576.jpg 768w, https:\/\/alzira.es\/wp-content\/uploads\/2019\/02\/20190222_130141-rotated.jpg 1200w\" data-sizes=\"(max-width: 340px) 100vw, 340px\" src=\"data:image\/svg+xml;base64,PHN2ZyB3aWR0aD0iMSIgaGVpZ2h0PSIxIiB4bWxucz0iaHR0cDovL3d3dy53My5vcmcvMjAwMC9zdmciPjwvc3ZnPg==\" style=\"--smush-placeholder-width: 340px; --smush-placeholder-aspect-ratio: 340\/255;\" \/><\/a><\/figure><\/div>\n\n\n\n<div class=\"wp-block-image\"><figure class=\"alignleft size-medium is-resized\"><a href=\"https:\/\/alzira.es\/wp-content\/uploads\/2019\/02\/20190222_131709.jpg\" target=\"_blank\" rel=\"noopener\"><img decoding=\"async\" data-src=\"https:\/\/alzira.es\/wp-content\/uploads\/2019\/02\/20190222_131709-680x510.jpg\" alt=\"20190222 131709\" class=\"wp-image-39140 lazyload\" width=\"340\" height=\"255\" title=\"Campa\u00f1a &quot;El Bus de la Llengua&quot;\" data-srcset=\"https:\/\/alzira.es\/wp-content\/uploads\/2019\/02\/20190222_131709-680x510.jpg 680w, https:\/\/alzira.es\/wp-content\/uploads\/2019\/02\/20190222_131709-768x576.jpg 768w, https:\/\/alzira.es\/wp-content\/uploads\/2019\/02\/20190222_131709-rotated.jpg 1200w\" data-sizes=\"(max-width: 340px) 100vw, 340px\" src=\"data:image\/svg+xml;base64,PHN2ZyB3aWR0aD0iMSIgaGVpZ2h0PSIxIiB4bWxucz0iaHR0cDovL3d3dy53My5vcmcvMjAwMC9zdmciPjwvc3ZnPg==\" style=\"--smush-placeholder-width: 340px; --smush-placeholder-aspect-ratio: 340\/255;\" \/><\/a><\/figure><\/div>\n\n\n\n<div class=\"wp-block-image\"><figure class=\"alignleft size-medium is-resized\"><a href=\"https:\/\/alzira.es\/wp-content\/uploads\/2019\/02\/20190222_135712.jpg\" target=\"_blank\" rel=\"noopener\"><img decoding=\"async\" data-src=\"https:\/\/alzira.es\/wp-content\/uploads\/2019\/02\/20190222_135712-680x510.jpg\" alt=\"20190222 135712\" class=\"wp-image-39143 lazyload\" width=\"340\" height=\"255\" title=\"Campa\u00f1a &quot;El Bus de la Llengua&quot;\" data-srcset=\"https:\/\/alzira.es\/wp-content\/uploads\/2019\/02\/20190222_135712-680x510.jpg 680w, https:\/\/alzira.es\/wp-content\/uploads\/2019\/02\/20190222_135712-768x576.jpg 768w, https:\/\/alzira.es\/wp-content\/uploads\/2019\/02\/20190222_135712-rotated.jpg 1200w\" data-sizes=\"(max-width: 340px) 100vw, 340px\" src=\"data:image\/svg+xml;base64,PHN2ZyB3aWR0aD0iMSIgaGVpZ2h0PSIxIiB4bWxucz0iaHR0cDovL3d3dy53My5vcmcvMjAwMC9zdmciPjwvc3ZnPg==\" style=\"--smush-placeholder-width: 340px; --smush-placeholder-aspect-ratio: 340\/255;\" \/><\/a><\/figure><\/div>\n\n\n\n<div class=\"wp-block-image\"><figure class=\"alignleft size-medium is-resized\"><a href=\"https:\/\/alzira.es\/wp-content\/uploads\/2019\/02\/20190222_135723.jpg\" target=\"_blank\" rel=\"noopener\"><img decoding=\"async\" data-src=\"https:\/\/alzira.es\/wp-content\/uploads\/2019\/02\/20190222_135723-680x510.jpg\" alt=\"20190222 135723\" class=\"wp-image-39145 lazyload\" width=\"340\" height=\"255\" title=\"Campa\u00f1a &quot;El Bus de la Llengua&quot;\" data-srcset=\"https:\/\/alzira.es\/wp-content\/uploads\/2019\/02\/20190222_135723-680x510.jpg 680w, https:\/\/alzira.es\/wp-content\/uploads\/2019\/02\/20190222_135723-768x576.jpg 768w, https:\/\/alzira.es\/wp-content\/uploads\/2019\/02\/20190222_135723-rotated.jpg 1200w\" data-sizes=\"(max-width: 340px) 100vw, 340px\" src=\"data:image\/svg+xml;base64,PHN2ZyB3aWR0aD0iMSIgaGVpZ2h0PSIxIiB4bWxucz0iaHR0cDovL3d3dy53My5vcmcvMjAwMC9zdmciPjwvc3ZnPg==\" style=\"--smush-placeholder-width: 340px; --smush-placeholder-aspect-ratio: 340\/255;\" \/><\/a><\/figure><\/div>\n\n\n\n<div class=\"wp-block-image\"><figure class=\"alignleft size-medium is-resized\"><a href=\"https:\/\/alzira.es\/wp-content\/uploads\/2019\/02\/20190222_135737.jpg\" target=\"_blank\" rel=\"noopener\"><img decoding=\"async\" data-src=\"https:\/\/alzira.es\/wp-content\/uploads\/2019\/02\/20190222_135737-680x510.jpg\" alt=\"20190222 135737\" class=\"wp-image-39147 lazyload\" width=\"340\" height=\"255\" title=\"Campa\u00f1a &quot;El Bus de la Llengua&quot;\" data-srcset=\"https:\/\/alzira.es\/wp-content\/uploads\/2019\/02\/20190222_135737-680x510.jpg 680w, https:\/\/alzira.es\/wp-content\/uploads\/2019\/02\/20190222_135737-768x576.jpg 768w, https:\/\/alzira.es\/wp-content\/uploads\/2019\/02\/20190222_135737-rotated.jpg 1200w\" data-sizes=\"(max-width: 340px) 100vw, 340px\" src=\"data:image\/svg+xml;base64,PHN2ZyB3aWR0aD0iMSIgaGVpZ2h0PSIxIiB4bWxucz0iaHR0cDovL3d3dy53My5vcmcvMjAwMC9zdmciPjwvc3ZnPg==\" style=\"--smush-placeholder-width: 340px; --smush-placeholder-aspect-ratio: 340\/255;\" \/><\/a><\/figure><\/div>\n\n\n\n<div class=\"wp-block-image\"><figure class=\"alignleft size-medium is-resized\"><a href=\"https:\/\/alzira.es\/wp-content\/uploads\/2019\/02\/20190222_135740.jpg\" target=\"_blank\" rel=\"noopener\"><img decoding=\"async\" data-src=\"https:\/\/alzira.es\/wp-content\/uploads\/2019\/02\/20190222_135740-680x510.jpg\" alt=\"20190222 135740\" class=\"wp-image-39149 lazyload\" width=\"340\" height=\"255\" title=\"Campa\u00f1a &quot;El Bus de la Llengua&quot;\" data-srcset=\"https:\/\/alzira.es\/wp-content\/uploads\/2019\/02\/20190222_135740-680x510.jpg 680w, https:\/\/alzira.es\/wp-content\/uploads\/2019\/02\/20190222_135740-768x576.jpg 768w, https:\/\/alzira.es\/wp-content\/uploads\/2019\/02\/20190222_135740-rotated.jpg 1200w\" data-sizes=\"(max-width: 340px) 100vw, 340px\" src=\"data:image\/svg+xml;base64,PHN2ZyB3aWR0aD0iMSIgaGVpZ2h0PSIxIiB4bWxucz0iaHR0cDovL3d3dy53My5vcmcvMjAwMC9zdmciPjwvc3ZnPg==\" style=\"--smush-placeholder-width: 340px; --smush-placeholder-aspect-ratio: 340\/255;\" \/><\/a><\/figure><\/div>\n\n\n\n<p class=\"has-text-align-center\">&nbsp;&nbsp;&nbsp;&nbsp;&nbsp;&nbsp;&nbsp;&nbsp;<\/p>\n","protected":false},"excerpt":{"rendered":"<p>El Bus de la Llengua es una actividad programada por la Concejal\u00eda de Promoci\u00f3n del Valenciano del Ayuntamiento de Alzira dentro de la campa\u00f1a \u00abSEMPRE TEUA, La teua llengua\u00bb de la Conseller\u00eda de Educaci\u00f3n. A lo largo de dos d\u00edas, el Bus de la Llengua ha repartido el material de difusi\u00f3n de la campa\u00f1a: chapas, &hellip; <\/p>\n<p class=\"link-more\"><a href=\"https:\/\/alzira.es\/es\/servicios-municipales\/serval\/campanas\/campana-el-bus-de-la-llengua\/\" class=\"more-link\">Continuar leyendo<span class=\"screen-reader-text\"> \u00abCampa\u00f1a \u00abEl Bus de la Llengua\u00bb\u00bb<\/span><\/a><\/p>\n","protected":false},"author":12,"featured_media":0,"parent":33779,"menu_order":1,"comment_status":"closed","ping_status":"closed","template":"","meta":{"_acf_changed":false,"footnotes":""},"class_list":["post-39151","page","type-page","status-publish","hentry"],"acf":[],"_links":{"self":[{"href":"https:\/\/alzira.es\/es\/wp-json\/wp\/v2\/pages\/39151","targetHints":{"allow":["GET"]}}],"collection":[{"href":"https:\/\/alzira.es\/es\/wp-json\/wp\/v2\/pages"}],"about":[{"href":"https:\/\/alzira.es\/es\/wp-json\/wp\/v2\/types\/page"}],"author":[{"embeddable":true,"href":"https:\/\/alzira.es\/es\/wp-json\/wp\/v2\/users\/12"}],"replies":[{"embeddable":true,"href":"https:\/\/alzira.es\/es\/wp-json\/wp\/v2\/comments?post=39151"}],"version-history":[{"count":2,"href":"https:\/\/alzira.es\/es\/wp-json\/wp\/v2\/pages\/39151\/revisions"}],"predecessor-version":[{"id":87317,"href":"https:\/\/alzira.es\/es\/wp-json\/wp\/v2\/pages\/39151\/revisions\/87317"}],"up":[{"embeddable":true,"href":"https:\/\/alzira.es\/es\/wp-json\/wp\/v2\/pages\/33779"}],"wp:attachment":[{"href":"https:\/\/alzira.es\/es\/wp-json\/wp\/v2\/media?parent=39151"}],"curies":[{"name":"wp","href":"https:\/\/api.w.org\/{rel}","templated":true}]}}