{"id":38519,"date":"2019-02-08T13:20:43","date_gmt":"2019-02-08T12:20:43","guid":{"rendered":"https:\/\/alzira.es\/facturacion-electronica\/"},"modified":"2023-05-15T13:24:49","modified_gmt":"2023-05-15T11:24:49","slug":"facturacion-electronica","status":"publish","type":"page","link":"https:\/\/alzira.es\/es\/servicios-municipales\/economia-y-recaudacion\/intervencion-cas-no\/facturacion-electronica\/","title":{"rendered":"Facturaci\u00f3n electr\u00f3nica"},"content":{"rendered":"<p>Puede enviar las facturas electr\u00f3nicas por el siguiente punto de entrada:<\/p>\n<p style=\"text-align: justify;\"><strong>Punto General de Entrada de Facturas Electr\u00f3nicas de la Administraci\u00f3n del Estado (FACe)<\/strong><\/p>\n<p style=\"text-align: justify;\">FACe es el Punto General de Entrada de Facturas de la Administraci\u00f3n General del Estado. Permite la remisi\u00f3n de facturas en formato electr\u00f3nico a aquellos organismos de las administraciones que acepten la recepci\u00f3n de facturas en formato electr\u00f3nico y que est\u00e9n dadas de alta en el sistema:<\/p>\n<p style=\"text-align: center;\"><a title=\"Punto General de Entrada de Facturas (FACe)\" href=\"https:\/\/face.gob.es\/es\/\" target=\"_blank\" rel=\"noopener\"><img fetchpriority=\"high\" decoding=\"async\" class=\" size-full wp-image-52715\" src=\"https:\/\/alzira.es\/wp-content\/uploads\/2019\/02\/logo_FACe.png\" alt=\"logo FACe\" width=\"600\" height=\"95\"><\/a><\/p>\n<p style=\"text-align: justify; margin-left: 30px;\"><strong>El DIR3 es el Directorio de Unidades Org\u00e1nicas y Oficinas de Registro de las Administraciones P\u00fablicas.<\/strong> Son tres c\u00f3digos alfanum\u00e9ricos necesarios para el env\u00edo de facturas electr\u00f3nicas a trav\u00e9s del Punto General de Entrada de Facturas Electr\u00f3nicas (FACe):<\/p>\n<p style=\"text-align: center;\"><a title=\"DIR3 \" href=\"index.php?option=com_content&amp;view=article&amp;id=10422&amp;Itemid=340\" target=\"_blank\" rel=\"noopener\"><img decoding=\"async\" class=\"size-full wp-image-52717 lazyload\" data-src=\"https:\/\/alzira.es\/wp-content\/uploads\/2019\/02\/codigos_DIR3.png\" alt=\"codigos DIR3\" width=\"600\" height=\"149\" data-srcset=\"https:\/\/alzira.es\/wp-content\/uploads\/2019\/02\/codigos_DIR3.png 960w, https:\/\/alzira.es\/wp-content\/uploads\/2019\/02\/codigos_DIR3-680x169.png 680w, https:\/\/alzira.es\/wp-content\/uploads\/2019\/02\/codigos_DIR3-768x190.png 768w\" data-sizes=\"(max-width: 600px) 100vw, 600px\" src=\"data:image\/svg+xml;base64,PHN2ZyB3aWR0aD0iMSIgaGVpZ2h0PSIxIiB4bWxucz0iaHR0cDovL3d3dy53My5vcmcvMjAwMC9zdmciPjwvc3ZnPg==\" style=\"--smush-placeholder-width: 600px; --smush-placeholder-aspect-ratio: 600\/149;\" \/><\/a><\/p>\n","protected":false},"excerpt":{"rendered":"<p>Puede enviar las facturas electr\u00f3nicas por el siguiente punto de entrada: Punto General de Entrada de Facturas Electr\u00f3nicas de la Administraci\u00f3n del Estado (FACe) FACe es el Punto General de Entrada de Facturas de la Administraci\u00f3n General del Estado. Permite la remisi\u00f3n de facturas en formato electr\u00f3nico a aquellos organismos de las administraciones que acepten &hellip; <\/p>\n<p class=\"link-more\"><a href=\"https:\/\/alzira.es\/es\/servicios-municipales\/economia-y-recaudacion\/intervencion-cas-no\/facturacion-electronica\/\" class=\"more-link\">Continuar leyendo<span class=\"screen-reader-text\"> \u00abFacturaci\u00f3n electr\u00f3nica\u00bb<\/span><\/a><\/p>\n","protected":false},"author":37,"featured_media":0,"parent":2236,"menu_order":8,"comment_status":"closed","ping_status":"closed","template":"","meta":{"_acf_changed":false,"footnotes":""},"class_list":["post-38519","page","type-page","status-publish","hentry"],"acf":[],"_links":{"self":[{"href":"https:\/\/alzira.es\/es\/wp-json\/wp\/v2\/pages\/38519","targetHints":{"allow":["GET"]}}],"collection":[{"href":"https:\/\/alzira.es\/es\/wp-json\/wp\/v2\/pages"}],"about":[{"href":"https:\/\/alzira.es\/es\/wp-json\/wp\/v2\/types\/page"}],"author":[{"embeddable":true,"href":"https:\/\/alzira.es\/es\/wp-json\/wp\/v2\/users\/37"}],"replies":[{"embeddable":true,"href":"https:\/\/alzira.es\/es\/wp-json\/wp\/v2\/comments?post=38519"}],"version-history":[{"count":2,"href":"https:\/\/alzira.es\/es\/wp-json\/wp\/v2\/pages\/38519\/revisions"}],"predecessor-version":[{"id":137251,"href":"https:\/\/alzira.es\/es\/wp-json\/wp\/v2\/pages\/38519\/revisions\/137251"}],"up":[{"embeddable":true,"href":"https:\/\/alzira.es\/es\/wp-json\/wp\/v2\/pages\/2236"}],"wp:attachment":[{"href":"https:\/\/alzira.es\/es\/wp-json\/wp\/v2\/media?parent=38519"}],"curies":[{"name":"wp","href":"https:\/\/api.w.org\/{rel}","templated":true}]}}