{"id":38297,"date":"2015-12-16T11:05:49","date_gmt":"2015-12-16T10:05:49","guid":{"rendered":"https:\/\/alzira.es\/historicos-3\/"},"modified":"2021-08-29T09:47:16","modified_gmt":"2021-08-29T07:47:16","slug":"historicos-liquidaciones","status":"publish","type":"page","link":"https:\/\/alzira.es\/es\/servicios-municipales\/economia-y-recaudacion\/intervencion-cas-no\/liquidacion\/historicos-liquidaciones\/","title":{"rendered":"Hist\u00f3ricos Liquidaciones"},"content":{"rendered":"<p style=\"text-align: justify;\">En este apartado podr\u00e1 consultar la informaci\u00f3n sobre la liquidaci\u00f3n de los presupuestos generales de ejercicios anteriores.<\/p>\n<table>\n<tbody>\n<tr>\n<td><a href=\"https:\/\/alzira.es\/es\/servicios-municipales\/economia-y-recaudacion\/intervencion\/liquidacion\/historicos-liquidaciones\/liquidacion-2015\/\" target=\"_blank\" rel=\"noopener\">Liquidaci\u00f3n 2015<\/a><\/td>\n<\/tr>\n<tr>\n<td><a href=\"https:\/\/alzira.es\/es\/servicios-municipales\/economia-y-recaudacion\/intervencion\/liquidacion\/historicos-liquidaciones\/liquidacion-2014\/\" target=\"_blank\" rel=\"noopener\">Liquidaci\u00f3n 2014<\/a><\/td>\n<\/tr>\n<tr>\n<td><a href=\"https:\/\/alzira.es\/es\/servicios-municipales\/economia-y-recaudacion\/intervencion\/liquidacion\/historicos-liquidaciones\/liquidacion-2013\/\" target=\"_blank\" rel=\"noopener\">Liquidaci\u00f3n 2013<\/a><\/td>\n<\/tr>\n<tr>\n<td><a href=\"https:\/\/alzira.es\/es\/servicios-municipales\/economia-y-recaudacion\/intervencion\/liquidacion\/historicos-liquidaciones\/liquidacion-2012\/\" target=\"_blank\" rel=\"noopener\">Liquidaci\u00f3n 2012<\/a><\/td>\n<\/tr>\n<tr>\n<td><a href=\"https:\/\/alzira.es\/es\/servicios-municipales\/economia-y-recaudacion\/intervencion\/liquidacion\/historicos-liquidaciones\/liquidacion-2011\/\" target=\"_blank\" rel=\"noopener\">Liquidaci\u00f3n 2011<\/a><\/td>\n<\/tr>\n<tr>\n<td><a href=\"https:\/\/alzira.es\/es\/servicios-municipales\/economia-y-recaudacion\/intervencion\/liquidacion\/historicos-liquidaciones\/liquidacion-2010\/\" target=\"_blank\" rel=\"noopener\">Liquidaci\u00f3n 2010<\/a><\/td>\n<\/tr>\n<\/tbody>\n<\/table>\n","protected":false},"excerpt":{"rendered":"<p>En este apartado podr\u00e1 consultar la informaci\u00f3n sobre la liquidaci\u00f3n de los presupuestos generales de ejercicios anteriores. Liquidaci\u00f3n 2015 Liquidaci\u00f3n 2014 Liquidaci\u00f3n 2013 Liquidaci\u00f3n 2012 Liquidaci\u00f3n 2011 Liquidaci\u00f3n 2010<\/p>\n","protected":false},"author":12,"featured_media":0,"parent":11609,"menu_order":12,"comment_status":"closed","ping_status":"closed","template":"","meta":{"_acf_changed":false,"footnotes":""},"class_list":["post-38297","page","type-page","status-publish","hentry"],"acf":[],"_links":{"self":[{"href":"https:\/\/alzira.es\/es\/wp-json\/wp\/v2\/pages\/38297","targetHints":{"allow":["GET"]}}],"collection":[{"href":"https:\/\/alzira.es\/es\/wp-json\/wp\/v2\/pages"}],"about":[{"href":"https:\/\/alzira.es\/es\/wp-json\/wp\/v2\/types\/page"}],"author":[{"embeddable":true,"href":"https:\/\/alzira.es\/es\/wp-json\/wp\/v2\/users\/12"}],"replies":[{"embeddable":true,"href":"https:\/\/alzira.es\/es\/wp-json\/wp\/v2\/comments?post=38297"}],"version-history":[{"count":2,"href":"https:\/\/alzira.es\/es\/wp-json\/wp\/v2\/pages\/38297\/revisions"}],"predecessor-version":[{"id":85069,"href":"https:\/\/alzira.es\/es\/wp-json\/wp\/v2\/pages\/38297\/revisions\/85069"}],"up":[{"embeddable":true,"href":"https:\/\/alzira.es\/es\/wp-json\/wp\/v2\/pages\/11609"}],"wp:attachment":[{"href":"https:\/\/alzira.es\/es\/wp-json\/wp\/v2\/media?parent=38297"}],"curies":[{"name":"wp","href":"https:\/\/api.w.org\/{rel}","templated":true}]}}