{"id":37500,"date":"2019-01-09T08:30:34","date_gmt":"2019-01-09T07:30:34","guid":{"rendered":"https:\/\/alzira.es\/campana-dona-li-a-la-llengua\/"},"modified":"2021-08-31T15:55:36","modified_gmt":"2021-08-31T13:55:36","slug":"campana-dona-li-a-la-llengua","status":"publish","type":"page","link":"https:\/\/alzira.es\/es\/servicios-municipales\/serval\/campanas\/campana-dona-li-a-la-llengua\/","title":{"rendered":"Campa\u00f1a \u00abDona-li a la Llengua\u00bb"},"content":{"rendered":"\n<div class=\"wp-block-image\"><figure class=\"alignleft size-medium is-resized\"><img fetchpriority=\"high\" decoding=\"async\" src=\"https:\/\/alzira.es\/wp-content\/uploads\/2019\/01\/CARTELL_PRESENTACIO-510x510.png\" alt=\"CARTELL PRESENTACI\u00d3\" class=\"wp-image-37425\" width=\"383\" height=\"383\"\/><\/figure><\/div>\n\n\n\n<p>Desde la Agencia de Igualdad de la Mancomunidad de la Ribera Alta se presenta la campa\u00f1a <em>Dona-li a la llengua.&nbsp;<\/em>Desde esta agencia se trabaja para fomentar una sociedad igualitaria y justa entre mujeres y hombres y una de las claves para alcanzar este objetivo es el lenguaje, el cual consideramos una herramienta b\u00e1sica para construir la realidad. Poner nombre a las fechas y actos es importante para poder entenderlos y demostrar que existieron. Ser conscientes de las discriminaciones que vivimos diariamente es imprescindible para poder poner soluci\u00f3n.&nbsp;<\/p>\n\n\n\n<p>Por este motivo se presenta la nueva campa\u00f1a \u00abDona-li a la llengua\u00bb, a trav\u00e9s de la cual se quieren dar a conocer conceptos y palabras para un uso inclusivo no sexista y del lenguaje. Para impulsar esta campa\u00f1a se han dise\u00f1ado una serie de carteles, en un formato especial para redes sociales porque se cree que estas herramientas virtuales son las m\u00e1s adecuadas para llegar a la cantidad m\u00e1s grande de gente posible, aunque desde esta agencia tambi\u00e9n se anima a imprimirlos y a colgarlos en sitios p\u00fablicos.&nbsp;<\/p>\n\n\n\n<p>La Agencia de Igualdad os anima a participar y difundir la campa\u00f1a porque aunque sean peque\u00f1as acciones entre todas y todos podemos hacer que el impacto sea grande.\u00a0<\/p>\n\n\n\n<p>&nbsp;<\/p>\n\n\n\n<p><span style=\"color: #ffffff;\">\/\/\/\/\/<\/span><\/p>\n\n\n\n<figure class=\"wp-block-table\"><table><tbody><tr><td><img decoding=\"async\" class=\"size-full wp-image-37429 lazyload\" title=\"documento PDF\" data-src=\"https:\/\/alzira.es\/wp-content\/uploads\/2019\/01\/pdf_rojo.gif\" alt=\"pdf rojo\" width=\"15\" height=\"13\" src=\"data:image\/svg+xml;base64,PHN2ZyB3aWR0aD0iMSIgaGVpZ2h0PSIxIiB4bWxucz0iaHR0cDovL3d3dy53My5vcmcvMjAwMC9zdmciPjwvc3ZnPg==\" style=\"--smush-placeholder-width: 15px; --smush-placeholder-aspect-ratio: 15\/13;\">&nbsp;<a href=\"https:\/\/alzira.es\/wp-content\/uploads\/2019\/01\/Androcentrisme.png\" target=\"_blank\" rel=\"noopener\">Androcentrisme<\/a><\/td><td>&nbsp;<img decoding=\"async\" class=\"size-full wp-image-37429 lazyload\" title=\"documento PDF\" data-src=\"https:\/\/alzira.es\/wp-content\/uploads\/2019\/01\/pdf_rojo.gif\" alt=\"pdf rojo\" width=\"15\" height=\"13\" src=\"data:image\/svg+xml;base64,PHN2ZyB3aWR0aD0iMSIgaGVpZ2h0PSIxIiB4bWxucz0iaHR0cDovL3d3dy53My5vcmcvMjAwMC9zdmciPjwvc3ZnPg==\" style=\"--smush-placeholder-width: 15px; --smush-placeholder-aspect-ratio: 15\/13;\">&nbsp;<a href=\"https:\/\/alzira.es\/wp-content\/uploads\/2019\/01\/Assetjament_per_rao_de_sexe.png\" target=\"_blank\" rel=\"noopener\">Assetjament per ra\u00f3 de sexe<\/a><\/td><td><a href=\"https:\/\/alzira.es\/wp-content\/uploads\/2019\/01\/Assetjament_sexual.png\" target=\"_blank\" rel=\"noopener\"><img decoding=\"async\" class=\"size-full wp-image-37429 lazyload\" title=\"documento PDF\" data-src=\"https:\/\/alzira.es\/wp-content\/uploads\/2019\/01\/pdf_rojo.gif\" alt=\"pdf rojo\" width=\"15\" height=\"13\" src=\"data:image\/svg+xml;base64,PHN2ZyB3aWR0aD0iMSIgaGVpZ2h0PSIxIiB4bWxucz0iaHR0cDovL3d3dy53My5vcmcvMjAwMC9zdmciPjwvc3ZnPg==\" style=\"--smush-placeholder-width: 15px; --smush-placeholder-aspect-ratio: 15\/13;\">&nbsp;Assetjament sexual<\/a>&nbsp;<\/td><td>&nbsp;<img decoding=\"async\" class=\"size-full wp-image-37429 lazyload\" title=\"documento PDF\" data-src=\"https:\/\/alzira.es\/wp-content\/uploads\/2019\/01\/pdf_rojo.gif\" alt=\"pdf rojo\" width=\"15\" height=\"13\" src=\"data:image\/svg+xml;base64,PHN2ZyB3aWR0aD0iMSIgaGVpZ2h0PSIxIiB4bWxucz0iaHR0cDovL3d3dy53My5vcmcvMjAwMC9zdmciPjwvc3ZnPg==\" style=\"--smush-placeholder-width: 15px; --smush-placeholder-aspect-ratio: 15\/13;\">&nbsp;<a href=\"https:\/\/alzira.es\/wp-content\/uploads\/2019\/01\/Bretxa_de_genere.png\" target=\"_blank\" rel=\"noopener\">Bretxa de g\u00e8nere<\/a><\/td><td><a href=\"https:\/\/alzira.es\/wp-content\/uploads\/2019\/01\/Ciutadania.png\" target=\"_blank\" rel=\"noopener\"><img decoding=\"async\" class=\"size-full wp-image-37429 lazyload\" title=\"documento PDF\" data-src=\"https:\/\/alzira.es\/wp-content\/uploads\/2019\/01\/pdf_rojo.gif\" alt=\"pdf rojo\" width=\"15\" height=\"13\" src=\"data:image\/svg+xml;base64,PHN2ZyB3aWR0aD0iMSIgaGVpZ2h0PSIxIiB4bWxucz0iaHR0cDovL3d3dy53My5vcmcvMjAwMC9zdmciPjwvc3ZnPg==\" style=\"--smush-placeholder-width: 15px; --smush-placeholder-aspect-ratio: 15\/13;\">&nbsp;Ciutadania&nbsp;<\/a><\/td><td><a href=\"https:\/\/alzira.es\/wp-content\/uploads\/2019\/01\/Coeducacio.png\" target=\"_blank\" rel=\"noopener\"><img decoding=\"async\" class=\"size-full wp-image-37429 lazyload\" title=\"documento PDF\" data-src=\"https:\/\/alzira.es\/wp-content\/uploads\/2019\/01\/pdf_rojo.gif\" alt=\"pdf rojo\" width=\"15\" height=\"13\" src=\"data:image\/svg+xml;base64,PHN2ZyB3aWR0aD0iMSIgaGVpZ2h0PSIxIiB4bWxucz0iaHR0cDovL3d3dy53My5vcmcvMjAwMC9zdmciPjwvc3ZnPg==\" style=\"--smush-placeholder-width: 15px; --smush-placeholder-aspect-ratio: 15\/13;\">&nbsp;Coeducaci\u00f3<\/a>&nbsp;<\/td><td>&nbsp;<img decoding=\"async\" class=\"size-full wp-image-37429 lazyload\" title=\"documento PDF\" data-src=\"https:\/\/alzira.es\/wp-content\/uploads\/2019\/01\/pdf_rojo.gif\" alt=\"pdf rojo\" width=\"15\" height=\"13\" src=\"data:image\/svg+xml;base64,PHN2ZyB3aWR0aD0iMSIgaGVpZ2h0PSIxIiB4bWxucz0iaHR0cDovL3d3dy53My5vcmcvMjAwMC9zdmciPjwvc3ZnPg==\" style=\"--smush-placeholder-width: 15px; --smush-placeholder-aspect-ratio: 15\/13;\">&nbsp;<a href=\"https:\/\/alzira.es\/wp-content\/uploads\/2019\/01\/Conciliacio.png\" target=\"_blank\" rel=\"noopener\">Conciliaci\u00f3<\/a><\/td><\/tr><tr><td>&nbsp;<img decoding=\"async\" class=\"size-full wp-image-37429 lazyload\" title=\"documento PDF\" data-src=\"https:\/\/alzira.es\/wp-content\/uploads\/2019\/01\/pdf_rojo.gif\" alt=\"pdf rojo\" width=\"15\" height=\"13\" src=\"data:image\/svg+xml;base64,PHN2ZyB3aWR0aD0iMSIgaGVpZ2h0PSIxIiB4bWxucz0iaHR0cDovL3d3dy53My5vcmcvMjAwMC9zdmciPjwvc3ZnPg==\" style=\"--smush-placeholder-width: 15px; --smush-placeholder-aspect-ratio: 15\/13;\">&nbsp;<a href=\"https:\/\/alzira.es\/wp-content\/uploads\/2019\/01\/Corresponsabilitat.png\" target=\"_blank\" rel=\"noopener\">Corresponsabilitat<\/a><\/td><td>&nbsp;<img decoding=\"async\" class=\"size-full wp-image-37429 lazyload\" title=\"documento PDF\" data-src=\"https:\/\/alzira.es\/wp-content\/uploads\/2019\/01\/pdf_rojo.gif\" alt=\"pdf rojo\" width=\"15\" height=\"13\" src=\"data:image\/svg+xml;base64,PHN2ZyB3aWR0aD0iMSIgaGVpZ2h0PSIxIiB4bWxucz0iaHR0cDovL3d3dy53My5vcmcvMjAwMC9zdmciPjwvc3ZnPg==\" style=\"--smush-placeholder-width: 15px; --smush-placeholder-aspect-ratio: 15\/13;\">&nbsp;<a href=\"https:\/\/alzira.es\/wp-content\/uploads\/2019\/01\/Democracia_Paritaria.png\" target=\"_blank\" rel=\"noopener\">Democr\u00e0cia parit\u00e0ria<\/a><\/td><td>&nbsp;<img decoding=\"async\" class=\"size-full wp-image-37429 lazyload\" title=\"documento PDF\" data-src=\"https:\/\/alzira.es\/wp-content\/uploads\/2019\/01\/pdf_rojo.gif\" alt=\"pdf rojo\" width=\"15\" height=\"13\" src=\"data:image\/svg+xml;base64,PHN2ZyB3aWR0aD0iMSIgaGVpZ2h0PSIxIiB4bWxucz0iaHR0cDovL3d3dy53My5vcmcvMjAwMC9zdmciPjwvc3ZnPg==\" style=\"--smush-placeholder-width: 15px; --smush-placeholder-aspect-ratio: 15\/13;\">&nbsp;<a href=\"https:\/\/alzira.es\/wp-content\/uploads\/2019\/01\/Discriminacio_directa.png\" target=\"_blank\" rel=\"noopener\">Discriminaci\u00f3 directa<\/a><\/td><td>&nbsp;<img decoding=\"async\" class=\"size-full wp-image-37429 lazyload\" title=\"documento PDF\" data-src=\"https:\/\/alzira.es\/wp-content\/uploads\/2019\/01\/pdf_rojo.gif\" alt=\"pdf rojo\" width=\"15\" height=\"13\" src=\"data:image\/svg+xml;base64,PHN2ZyB3aWR0aD0iMSIgaGVpZ2h0PSIxIiB4bWxucz0iaHR0cDovL3d3dy53My5vcmcvMjAwMC9zdmciPjwvc3ZnPg==\" style=\"--smush-placeholder-width: 15px; --smush-placeholder-aspect-ratio: 15\/13;\">&nbsp;<a href=\"https:\/\/alzira.es\/wp-content\/uploads\/2019\/01\/Discriminacio_indirecta.png\" target=\"_blank\" rel=\"noopener\">Discriminaci\u00f3 indirecta<\/a><\/td><td>&nbsp;<img decoding=\"async\" class=\"size-full wp-image-37429 lazyload\" title=\"documento PDF\" data-src=\"https:\/\/alzira.es\/wp-content\/uploads\/2019\/01\/pdf_rojo.gif\" alt=\"pdf rojo\" width=\"15\" height=\"13\" src=\"data:image\/svg+xml;base64,PHN2ZyB3aWR0aD0iMSIgaGVpZ2h0PSIxIiB4bWxucz0iaHR0cDovL3d3dy53My5vcmcvMjAwMC9zdmciPjwvc3ZnPg==\" style=\"--smush-placeholder-width: 15px; --smush-placeholder-aspect-ratio: 15\/13;\">&nbsp;<a href=\"https:\/\/alzira.es\/wp-content\/uploads\/2019\/01\/Diversitat_de_genere.png\" target=\"_blank\" rel=\"noopener\">Diversitat de g\u00e8nere<\/a><\/td><td><a href=\"https:\/\/alzira.es\/wp-content\/uploads\/2019\/01\/Drets_sexuals_i_reproductius.png\" target=\"_blank\" rel=\"noopener\">&nbsp;<img decoding=\"async\" class=\"size-full wp-image-37429 lazyload\" title=\"documento PDF\" data-src=\"https:\/\/alzira.es\/wp-content\/uploads\/2019\/01\/pdf_rojo.gif\" alt=\"pdf rojo\" width=\"15\" height=\"13\" src=\"data:image\/svg+xml;base64,PHN2ZyB3aWR0aD0iMSIgaGVpZ2h0PSIxIiB4bWxucz0iaHR0cDovL3d3dy53My5vcmcvMjAwMC9zdmciPjwvc3ZnPg==\" style=\"--smush-placeholder-width: 15px; --smush-placeholder-aspect-ratio: 15\/13;\">&nbsp;Drets sexuals i reproductius<\/a><\/td><td><a href=\"https:\/\/alzira.es\/wp-content\/uploads\/2019\/01\/Empoderament.png\" target=\"_blank\" rel=\"noopener\">&nbsp;<img decoding=\"async\" class=\"size-full wp-image-37429 lazyload\" title=\"documento PDF\" data-src=\"https:\/\/alzira.es\/wp-content\/uploads\/2019\/01\/pdf_rojo.gif\" alt=\"pdf rojo\" width=\"15\" height=\"13\" src=\"data:image\/svg+xml;base64,PHN2ZyB3aWR0aD0iMSIgaGVpZ2h0PSIxIiB4bWxucz0iaHR0cDovL3d3dy53My5vcmcvMjAwMC9zdmciPjwvc3ZnPg==\" style=\"--smush-placeholder-width: 15px; --smush-placeholder-aspect-ratio: 15\/13;\">&nbsp;Empoderament<\/a><\/td><\/tr><tr><td><a href=\"https:\/\/alzira.es\/wp-content\/uploads\/2019\/01\/feminitzacio_de_la_pobresa.png\" target=\"_blank\" rel=\"noopener\">&nbsp;<img decoding=\"async\" class=\"size-full wp-image-37429 lazyload\" title=\"documento PDF\" data-src=\"https:\/\/alzira.es\/wp-content\/uploads\/2019\/01\/pdf_rojo.gif\" alt=\"pdf rojo\" width=\"15\" height=\"13\" src=\"data:image\/svg+xml;base64,PHN2ZyB3aWR0aD0iMSIgaGVpZ2h0PSIxIiB4bWxucz0iaHR0cDovL3d3dy53My5vcmcvMjAwMC9zdmciPjwvc3ZnPg==\" style=\"--smush-placeholder-width: 15px; --smush-placeholder-aspect-ratio: 15\/13;\">&nbsp;Feminitzaci\u00f3 de la pobresa<\/a><\/td><td><a href=\"https:\/\/alzira.es\/wp-content\/uploads\/2019\/01\/Feminismes.png\" target=\"_blank\" rel=\"noopener\">&nbsp;<img decoding=\"async\" class=\"size-full wp-image-37429 lazyload\" title=\"documento PDF\" data-src=\"https:\/\/alzira.es\/wp-content\/uploads\/2019\/01\/pdf_rojo.gif\" alt=\"pdf rojo\" width=\"15\" height=\"13\" src=\"data:image\/svg+xml;base64,PHN2ZyB3aWR0aD0iMSIgaGVpZ2h0PSIxIiB4bWxucz0iaHR0cDovL3d3dy53My5vcmcvMjAwMC9zdmciPjwvc3ZnPg==\" style=\"--smush-placeholder-width: 15px; --smush-placeholder-aspect-ratio: 15\/13;\">&nbsp;Feminismes<\/a><\/td><td>&nbsp;<img decoding=\"async\" class=\"size-full wp-image-37429 lazyload\" title=\"documento PDF\" data-src=\"https:\/\/alzira.es\/wp-content\/uploads\/2019\/01\/pdf_rojo.gif\" alt=\"pdf rojo\" width=\"15\" height=\"13\" src=\"data:image\/svg+xml;base64,PHN2ZyB3aWR0aD0iMSIgaGVpZ2h0PSIxIiB4bWxucz0iaHR0cDovL3d3dy53My5vcmcvMjAwMC9zdmciPjwvc3ZnPg==\" style=\"--smush-placeholder-width: 15px; --smush-placeholder-aspect-ratio: 15\/13;\">&nbsp;<a href=\"https:\/\/alzira.es\/wp-content\/uploads\/2019\/01\/genere.png\" target=\"_blank\" rel=\"noopener\">G\u00e8nere<\/a><\/td><td>&nbsp;<img decoding=\"async\" class=\"size-full wp-image-37429 lazyload\" title=\"documento PDF\" data-src=\"https:\/\/alzira.es\/wp-content\/uploads\/2019\/01\/pdf_rojo.gif\" alt=\"pdf rojo\" width=\"15\" height=\"13\" src=\"data:image\/svg+xml;base64,PHN2ZyB3aWR0aD0iMSIgaGVpZ2h0PSIxIiB4bWxucz0iaHR0cDovL3d3dy53My5vcmcvMjAwMC9zdmciPjwvc3ZnPg==\" style=\"--smush-placeholder-width: 15px; --smush-placeholder-aspect-ratio: 15\/13;\">&nbsp;<a href=\"https:\/\/alzira.es\/wp-content\/uploads\/2019\/01\/Igualtat_de_genere.png\" target=\"_blank\" rel=\"noopener\">Igualtat de g\u00e8nere<\/a><\/td><td><a href=\"https:\/\/alzira.es\/wp-content\/uploads\/2019\/01\/Igualtat_doportunitats.png\" target=\"_blank\" rel=\"noopener\"><img decoding=\"async\" class=\"size-full wp-image-37429 lazyload\" title=\"documento PDF\" data-src=\"https:\/\/alzira.es\/wp-content\/uploads\/2019\/01\/pdf_rojo.gif\" alt=\"pdf rojo\" width=\"15\" height=\"13\" src=\"data:image\/svg+xml;base64,PHN2ZyB3aWR0aD0iMSIgaGVpZ2h0PSIxIiB4bWxucz0iaHR0cDovL3d3dy53My5vcmcvMjAwMC9zdmciPjwvc3ZnPg==\" style=\"--smush-placeholder-width: 15px; --smush-placeholder-aspect-ratio: 15\/13;\">&nbsp;Igualtat d&#8217;oportunitats<\/a><\/td><td>&nbsp;<img decoding=\"async\" class=\"size-full wp-image-37429 lazyload\" title=\"documento PDF\" data-src=\"https:\/\/alzira.es\/wp-content\/uploads\/2019\/01\/pdf_rojo.gif\" alt=\"pdf rojo\" width=\"15\" height=\"13\" src=\"data:image\/svg+xml;base64,PHN2ZyB3aWR0aD0iMSIgaGVpZ2h0PSIxIiB4bWxucz0iaHR0cDovL3d3dy53My5vcmcvMjAwMC9zdmciPjwvc3ZnPg==\" style=\"--smush-placeholder-width: 15px; --smush-placeholder-aspect-ratio: 15\/13;\">&nbsp;<a href=\"https:\/\/alzira.es\/wp-content\/uploads\/2019\/01\/Llenguatge_sexista_2.png\" target=\"_blank\" rel=\"noopener\">Llenguatge sexista<\/a><\/td><td><img decoding=\"async\" class=\"size-full wp-image-37429 lazyload\" title=\"documento PDF\" data-src=\"https:\/\/alzira.es\/wp-content\/uploads\/2019\/01\/pdf_rojo.gif\" alt=\"pdf rojo\" width=\"15\" height=\"13\" src=\"data:image\/svg+xml;base64,PHN2ZyB3aWR0aD0iMSIgaGVpZ2h0PSIxIiB4bWxucz0iaHR0cDovL3d3dy53My5vcmcvMjAwMC9zdmciPjwvc3ZnPg==\" style=\"--smush-placeholder-width: 15px; --smush-placeholder-aspect-ratio: 15\/13;\">&nbsp;<a href=\"https:\/\/alzira.es\/wp-content\/uploads\/2019\/01\/Patriarcat.png\" target=\"_blank\" rel=\"noopener\">Patriarcat<\/a><\/td><\/tr><tr><td>&nbsp;<img decoding=\"async\" class=\"size-full wp-image-37429 lazyload\" title=\"documento PDF\" data-src=\"https:\/\/alzira.es\/wp-content\/uploads\/2019\/01\/pdf_rojo.gif\" alt=\"pdf rojo\" width=\"15\" height=\"13\" src=\"data:image\/svg+xml;base64,PHN2ZyB3aWR0aD0iMSIgaGVpZ2h0PSIxIiB4bWxucz0iaHR0cDovL3d3dy53My5vcmcvMjAwMC9zdmciPjwvc3ZnPg==\" style=\"--smush-placeholder-width: 15px; --smush-placeholder-aspect-ratio: 15\/13;\">&nbsp;<a href=\"https:\/\/alzira.es\/wp-content\/uploads\/2019\/01\/Plans_digualtat.png\" target=\"_blank\" rel=\"noopener\">Plans d&#8217;igualtat<\/a><\/td><td><img decoding=\"async\" class=\"size-full wp-image-37429 lazyload\" title=\"documento PDF\" data-src=\"https:\/\/alzira.es\/wp-content\/uploads\/2019\/01\/pdf_rojo.gif\" alt=\"pdf rojo\" width=\"15\" height=\"13\" src=\"data:image\/svg+xml;base64,PHN2ZyB3aWR0aD0iMSIgaGVpZ2h0PSIxIiB4bWxucz0iaHR0cDovL3d3dy53My5vcmcvMjAwMC9zdmciPjwvc3ZnPg==\" style=\"--smush-placeholder-width: 15px; --smush-placeholder-aspect-ratio: 15\/13;\">&nbsp;<a href=\"https:\/\/alzira.es\/wp-content\/uploads\/2019\/01\/rols_de_genere.png\" target=\"_blank\" rel=\"noopener\">Rols de g\u00e8nere<\/a><\/td><td><img decoding=\"async\" class=\"size-full wp-image-37429 lazyload\" title=\"documento PDF\" data-src=\"https:\/\/alzira.es\/wp-content\/uploads\/2019\/01\/pdf_rojo.gif\" alt=\"pdf rojo\" width=\"15\" height=\"13\" src=\"data:image\/svg+xml;base64,PHN2ZyB3aWR0aD0iMSIgaGVpZ2h0PSIxIiB4bWxucz0iaHR0cDovL3d3dy53My5vcmcvMjAwMC9zdmciPjwvc3ZnPg==\" style=\"--smush-placeholder-width: 15px; --smush-placeholder-aspect-ratio: 15\/13;\">&nbsp;<a href=\"https:\/\/alzira.es\/wp-content\/uploads\/2019\/01\/Sexisme_en_el_llenguatge.png\" target=\"_blank\" rel=\"noopener\">Sexisme en el llenguatge<\/a><\/td><td><img decoding=\"async\" class=\"size-full wp-image-37429 lazyload\" title=\"documento PDF\" data-src=\"https:\/\/alzira.es\/wp-content\/uploads\/2019\/01\/pdf_rojo.gif\" alt=\"pdf rojo\" width=\"15\" height=\"13\" src=\"data:image\/svg+xml;base64,PHN2ZyB3aWR0aD0iMSIgaGVpZ2h0PSIxIiB4bWxucz0iaHR0cDovL3d3dy53My5vcmcvMjAwMC9zdmciPjwvc3ZnPg==\" style=\"--smush-placeholder-width: 15px; --smush-placeholder-aspect-ratio: 15\/13;\">&nbsp;<a href=\"https:\/\/alzira.es\/wp-content\/uploads\/2019\/01\/Sexisme.png\" target=\"_blank\" rel=\"noopener\">Sexisme<\/a><\/td><td><a href=\"https:\/\/alzira.es\/wp-content\/uploads\/2019\/01\/Violencia_de_genere.png\" target=\"_blank\" rel=\"noopener\"><img decoding=\"async\" class=\"size-full wp-image-37429 lazyload\" title=\"documento PDF\" data-src=\"https:\/\/alzira.es\/wp-content\/uploads\/2019\/01\/pdf_rojo.gif\" alt=\"pdf rojo\" width=\"15\" height=\"13\" src=\"data:image\/svg+xml;base64,PHN2ZyB3aWR0aD0iMSIgaGVpZ2h0PSIxIiB4bWxucz0iaHR0cDovL3d3dy53My5vcmcvMjAwMC9zdmciPjwvc3ZnPg==\" style=\"--smush-placeholder-width: 15px; --smush-placeholder-aspect-ratio: 15\/13;\">&nbsp;Viol\u00e8ncia de g\u00e8nere<\/a><\/td><td>&nbsp;<\/td><td>&nbsp;<\/td><\/tr><\/tbody><\/table><\/figure>\n\n\n\n<p><span style=\"font-size: 14.4px; text-align: justify;\">&nbsp;&nbsp;<\/span><\/p>\n","protected":false},"excerpt":{"rendered":"<p>Desde la Agencia de Igualdad de la Mancomunidad de la Ribera Alta se presenta la campa\u00f1a Dona-li a la llengua.&nbsp;Desde esta agencia se trabaja para fomentar una sociedad igualitaria y justa entre mujeres y hombres y una de las claves para alcanzar este objetivo es el lenguaje, el cual consideramos una herramienta b\u00e1sica para construir &hellip; <\/p>\n<p class=\"link-more\"><a href=\"https:\/\/alzira.es\/es\/servicios-municipales\/serval\/campanas\/campana-dona-li-a-la-llengua\/\" class=\"more-link\">Continuar leyendo<span class=\"screen-reader-text\"> \u00abCampa\u00f1a \u00abDona-li a la Llengua\u00bb\u00bb<\/span><\/a><\/p>\n","protected":false},"author":12,"featured_media":0,"parent":33779,"menu_order":4,"comment_status":"closed","ping_status":"closed","template":"","meta":{"_acf_changed":false,"footnotes":""},"class_list":["post-37500","page","type-page","status-publish","hentry"],"acf":[],"_links":{"self":[{"href":"https:\/\/alzira.es\/es\/wp-json\/wp\/v2\/pages\/37500","targetHints":{"allow":["GET"]}}],"collection":[{"href":"https:\/\/alzira.es\/es\/wp-json\/wp\/v2\/pages"}],"about":[{"href":"https:\/\/alzira.es\/es\/wp-json\/wp\/v2\/types\/page"}],"author":[{"embeddable":true,"href":"https:\/\/alzira.es\/es\/wp-json\/wp\/v2\/users\/12"}],"replies":[{"embeddable":true,"href":"https:\/\/alzira.es\/es\/wp-json\/wp\/v2\/comments?post=37500"}],"version-history":[{"count":1,"href":"https:\/\/alzira.es\/es\/wp-json\/wp\/v2\/pages\/37500\/revisions"}],"predecessor-version":[{"id":87310,"href":"https:\/\/alzira.es\/es\/wp-json\/wp\/v2\/pages\/37500\/revisions\/87310"}],"up":[{"embeddable":true,"href":"https:\/\/alzira.es\/es\/wp-json\/wp\/v2\/pages\/33779"}],"wp:attachment":[{"href":"https:\/\/alzira.es\/es\/wp-json\/wp\/v2\/media?parent=37500"}],"curies":[{"name":"wp","href":"https:\/\/api.w.org\/{rel}","templated":true}]}}