{"id":3725,"date":"2011-11-15T15:05:43","date_gmt":"2011-11-15T14:05:43","guid":{"rendered":"https:\/\/alzira.es\/normativa-contactos-y-enlaces\/"},"modified":"2021-09-01T16:22:29","modified_gmt":"2021-09-01T14:22:29","slug":"normativa-contactos-y-enlaces","status":"publish","type":"page","link":"https:\/\/alzira.es\/es\/sede-electronica\/portal-facturas-electronicas\/normativa-contactos-y-enlaces\/","title":{"rendered":"Normativa, Contactos y Enlaces"},"content":{"rendered":"<p style=\"text-align: center;\"><span style=\"font-family: Verdana;\"><span style=\"font-size: small;\"><span style=\"font-family: Verdana;\"><span style=\"font-size: small;\"><a onclick=\"target='_blank'\" href=\"https:\/\/sedeelectronica.alzira.es\/PortalProveedor\/\"><img decoding=\"async\" width=\"200\" height=\"84\" class=\"size-full wp-image-3687 lazyload\" data-src=\"https:\/\/alzira.es\/wp-content\/uploads\/2011\/11\/e_factura.png\" alt=\"e-factura\" src=\"data:image\/svg+xml;base64,PHN2ZyB3aWR0aD0iMSIgaGVpZ2h0PSIxIiB4bWxucz0iaHR0cDovL3d3dy53My5vcmcvMjAwMC9zdmciPjwvc3ZnPg==\" style=\"--smush-placeholder-width: 200px; --smush-placeholder-aspect-ratio: 200\/84;\"><\/a>&nbsp;&nbsp;&nbsp;&nbsp;&nbsp;&nbsp;<\/span><\/span> <\/span> <\/span>&nbsp;&nbsp;<span style=\"font-family: Verdana;\"><span style=\"font-size: small;\"><span style=\"font-family: Verdana;\"><span style=\"font-size: small;\"><img decoding=\"async\" width=\"200\" height=\"100\" class=\"size-full wp-image-3653 lazyload\" data-src=\"https:\/\/alzira.es\/wp-content\/uploads\/2011\/10\/pae_020000041_2.jpg\" alt=\"Administraci\u00f3n electr\u00f3nica\" src=\"data:image\/svg+xml;base64,PHN2ZyB3aWR0aD0iMSIgaGVpZ2h0PSIxIiB4bWxucz0iaHR0cDovL3d3dy53My5vcmcvMjAwMC9zdmciPjwvc3ZnPg==\" style=\"--smush-placeholder-width: 200px; --smush-placeholder-aspect-ratio: 200\/100;\"><\/span><\/span> <\/span> <\/span><span style=\"font-family: Verdana;\"><span style=\"font-size: small;\"><span style=\"font-family: Verdana;\"><span style=\"font-size: small;\">&nbsp;&nbsp;&nbsp;&nbsp;&nbsp;&nbsp;&nbsp;&nbsp;&nbsp;&nbsp;&nbsp;<\/span><\/span> <\/span> <\/span><\/p>\n<p style=\"text-align: justify;\">&nbsp;<span style=\"font-family: Verdana;\"><span style=\"font-size: small;\"><span><span><span style=\"color: #568bbf;\"><span style=\"font-size: medium;\"><strong>Normativa<\/strong><\/span><\/span> <\/span> <\/span> <\/span> <\/span>&nbsp;<\/p>\n<p style=\"text-align: justify;\"><span style=\"font-family: Verdana;\"><span style=\"font-size: small;\"><span style=\"font-family: Verdana;\"><span style=\"font-size: small;\">&nbsp;&nbsp;&nbsp;&nbsp;&nbsp;&nbsp;&nbsp;&nbsp;&nbsp;&nbsp;&nbsp; <\/span><\/span>La Factura electr\u00f3nica es un documento digital que sustituye a la factura tradicional. Est\u00e1 reconocida por la Agencia Tributaria como m\u00e9todo de emisi\u00f3n legal para facturar. Sirve, entre otras cosas, para agilizar la gesti\u00f3n de cobros de su empresa.<\/span> <\/span>&nbsp;<\/p>\n<p style=\"margin-left: 80px; text-align: justify;\"><span style=\"font-family: Verdana;\"><span style=\"font-size: small;\"><img decoding=\"async\" width=\"22\" height=\"22\" class=\"size-full wp-image-3646 lazyload\" data-src=\"https:\/\/alzira.es\/wp-content\/uploads\/2011\/10\/circuloFlechita.gif\" alt=\"\" src=\"data:image\/svg+xml;base64,PHN2ZyB3aWR0aD0iMSIgaGVpZ2h0PSIxIiB4bWxucz0iaHR0cDovL3d3dy53My5vcmcvMjAwMC9zdmciPjwvc3ZnPg==\" style=\"--smush-placeholder-width: 22px; --smush-placeholder-aspect-ratio: 22\/22;\">&nbsp;Directiva 2001\/115\/CE del Consejo de 20 de diciembre de 2001, por la que se modifica la Directiva 77\/388\/CEE con objeto de simplificar, modernizar y armonizar las condiciones impuestas a la facturaci\u00f3n en relaci\u00f3n con el impuesto sobre el valor a\u00f1adido. (DOCE 17-01-2002).<\/span><\/span>&nbsp;<\/p>\n<p style=\"margin-left: 80px; text-align: justify;\"><span style=\"font-family: Verdana;\"><span style=\"font-size: small;\"><img decoding=\"async\" width=\"22\" height=\"22\" class=\"size-full wp-image-3646 lazyload\" data-src=\"https:\/\/alzira.es\/wp-content\/uploads\/2011\/10\/circuloFlechita.gif\" alt=\"\" src=\"data:image\/svg+xml;base64,PHN2ZyB3aWR0aD0iMSIgaGVpZ2h0PSIxIiB4bWxucz0iaHR0cDovL3d3dy53My5vcmcvMjAwMC9zdmciPjwvc3ZnPg==\" style=\"--smush-placeholder-width: 22px; --smush-placeholder-aspect-ratio: 22\/22;\">&nbsp;Ley 11\/2007, de 22 de junio, de acceso electr\u00f3nico de los ciudadanos a los Servicios P\u00fablicos.<\/span><\/span>&nbsp;<\/p>\n<p style=\"margin-left: 80px; text-align: justify;\"><span style=\"font-family: Verdana;\"><span style=\"font-size: small;\"><span style=\"font-family: Verdana;\"><span style=\"font-size: small;\"><img decoding=\"async\" width=\"22\" height=\"22\" class=\"size-full wp-image-3646 lazyload\" data-src=\"https:\/\/alzira.es\/wp-content\/uploads\/2011\/10\/circuloFlechita.gif\" alt=\"\" src=\"data:image\/svg+xml;base64,PHN2ZyB3aWR0aD0iMSIgaGVpZ2h0PSIxIiB4bWxucz0iaHR0cDovL3d3dy53My5vcmcvMjAwMC9zdmciPjwvc3ZnPg==\" style=\"--smush-placeholder-width: 22px; --smush-placeholder-aspect-ratio: 22\/22;\">&nbsp;Ley 56\/2007, de 28 de diciembre, de Medidas de Impulso a la Sociedad de la Informaci\u00f3n.<\/span><\/span> <\/span> <\/span>&nbsp;<\/p>\n<p style=\"margin-left: 80px; text-align: justify;\"><span style=\"font-family: Verdana;\"><span style=\"font-size: small;\"><span style=\"font-family: Verdana;\"><span style=\"font-size: small;\"><img decoding=\"async\" width=\"22\" height=\"22\" class=\"size-full wp-image-3646 lazyload\" data-src=\"https:\/\/alzira.es\/wp-content\/uploads\/2011\/10\/circuloFlechita.gif\" alt=\"\" src=\"data:image\/svg+xml;base64,PHN2ZyB3aWR0aD0iMSIgaGVpZ2h0PSIxIiB4bWxucz0iaHR0cDovL3d3dy53My5vcmcvMjAwMC9zdmciPjwvc3ZnPg==\" style=\"--smush-placeholder-width: 22px; --smush-placeholder-aspect-ratio: 22\/22;\">&nbsp;Real Decreto 1496\/2003, de 28 de noviembre, por el que se aprueba el Reglamento por el que se regulan las obligaciones de facturaci\u00f3n, y se modifica el Reglamento del Impuesto sobre el Valor A\u00f1adido. (BOE 29-11-2003).<\/span><\/span> <\/span> <\/span>&nbsp;<\/p>\n<p style=\"margin-left: 80px; text-align: justify;\"><span style=\"font-family: Verdana;\"><span style=\"font-size: small;\"><span style=\"font-family: Verdana;\"><span style=\"font-size: small;\"><img decoding=\"async\" width=\"22\" height=\"22\" class=\"size-full wp-image-3646 lazyload\" data-src=\"https:\/\/alzira.es\/wp-content\/uploads\/2011\/10\/circuloFlechita.gif\" alt=\"\" src=\"data:image\/svg+xml;base64,PHN2ZyB3aWR0aD0iMSIgaGVpZ2h0PSIxIiB4bWxucz0iaHR0cDovL3d3dy53My5vcmcvMjAwMC9zdmciPjwvc3ZnPg==\" style=\"--smush-placeholder-width: 22px; --smush-placeholder-aspect-ratio: 22\/22;\">&nbsp;Orden EHA\/962\/2007, de 10 de abril, por la que se desarrollan determinadas disposiciones sobre facturaci\u00f3n telem\u00e1tica y conservaci\u00f3n electr\u00f3nica de facturas, contenidas en el Real Decreto 1496\/2003, de 28 de noviembre, por el que se aprueba el reglamento por el que se regulan las obligaciones de facturaci\u00f3n.<\/span><\/span> <\/span> <\/span>&nbsp;&nbsp;&nbsp;<\/p>\n<p><span style=\"font-family: Verdana;\"><span style=\"font-size: small;\"><span style=\"font-family: Verdana;\"><span style=\"font-size: small;\"><span style=\"color: #568bbf;\"><span style=\"font-size: medium;\"><strong>Contactos<\/strong><\/span><\/span> <\/span> <\/span> <\/span> <\/span>&nbsp;<\/p>\n<p style=\"margin-left: 120px; text-align: justify;\"><span style=\"font-family: Verdana;\"><span style=\"font-size: small;\">Ayuntamiento de Alzira. 1\u00aa planta.<br \/>\n\u00c1rea Econ\u00f3mica. Intervenci\u00f3n.<br \/>\nTel\u00e9fono 962400450.<br \/>\n<a href=\"mailto:hisenda@alzira.es\"><strong><span style=\"color: #568bbf;\">hisenda@alzira.es<\/span> <\/strong> <\/a> <\/span> <\/span><\/p>\n<p style=\"text-align: justify;\">&nbsp;<strong><span style=\"font-family: Verdana;\"><span><span style=\"font-size: small;\"><span><span><span style=\"color: #568bbf;\"><span style=\"font-size: medium;\">Enlaces de Inter\u00e9s<\/span><\/span><\/span><\/span><\/span><\/span><\/span><\/strong>&nbsp;<\/p>\n<p style=\"margin-left: 120px; text-align: justify;\"><span style=\"font-family: Verdana;\"><span style=\"font-size: small;\">Ministerio de Econom\u00eda y Hacienda<br \/>\nMinisterio de Industria, Turismo y Comercio<br \/>\n<strong><a onclick=\"target='_blank'\" href=\"http:\/\/www.facturae.es\"><span style=\"color: #568bbf;\">www.facturae.es<\/span>&nbsp;<\/a> <\/strong> <\/span> <\/span>&nbsp;<\/p>\n<p style=\"margin-left: 120px; text-align: justify;\"><span style=\"font-family: Verdana;\"><span style=\"font-size: small;\">Agencia Tributaria<br \/>\nLa e-factura<br \/>\n<strong><span style=\"color: #568bbf;\"><a onclick=\"target='_blank'\" href=\"http:\/\/www.aeat.es\">www.aeat.es<\/a><\/span> <\/strong> <\/span> <\/span>&nbsp;<\/p>\n<p style=\"margin-left: 120px; text-align: justify;\"><span style=\"font-family: Verdana;\"><span style=\"font-size: small;\">Generalitat Valenciana<br \/>\nConseller\u00eda de Econom\u00eda, Hacienda y Empleo<br \/>\n<a onclick=\"target='_blank'\" href=\"http:\/\/www.ge-factura.es\"><strong><span style=\"color: #568bbf;\">www.ge-factura.es<\/span> <\/strong> <\/a> <\/span> <\/span><\/p>\n<p>&nbsp;<\/p>\n<p>&nbsp;<\/p>\n<p>&nbsp;<\/p>\n<p style=\"margin-left: 120px; text-align: justify;\">&nbsp;<\/p>\n<p style=\"margin-left: 120px; text-align: justify;\">&nbsp;<\/p>\n<p>&nbsp;<\/p>\n<p style=\"margin-left: 80px; text-align: justify;\">&nbsp;<\/p>\n<p>&nbsp;<\/p>\n<p style=\"margin-left: 80px; text-align: justify;\">&nbsp;<\/p>\n","protected":false},"excerpt":{"rendered":"<p>&nbsp;&nbsp;&nbsp;&nbsp;&nbsp;&nbsp; &nbsp;&nbsp; &nbsp;&nbsp;&nbsp;&nbsp;&nbsp;&nbsp;&nbsp;&nbsp;&nbsp;&nbsp;&nbsp; &nbsp;Normativa &nbsp; &nbsp;&nbsp;&nbsp;&nbsp;&nbsp;&nbsp;&nbsp;&nbsp;&nbsp;&nbsp;&nbsp; La Factura electr\u00f3nica es un documento digital que sustituye a la factura tradicional. Est\u00e1 reconocida por la Agencia Tributaria como m\u00e9todo de emisi\u00f3n legal para facturar. Sirve, entre otras cosas, para agilizar la gesti\u00f3n de cobros de su empresa. &nbsp; &nbsp;Directiva 2001\/115\/CE del Consejo de 20 de diciembre de &hellip; <\/p>\n<p class=\"link-more\"><a href=\"https:\/\/alzira.es\/es\/sede-electronica\/portal-facturas-electronicas\/normativa-contactos-y-enlaces\/\" class=\"more-link\">Continuar leyendo<span class=\"screen-reader-text\"> \u00abNormativa, Contactos y Enlaces\u00bb<\/span><\/a><\/p>\n","protected":false},"author":12,"featured_media":0,"parent":39613,"menu_order":0,"comment_status":"closed","ping_status":"closed","template":"","meta":{"_acf_changed":false,"footnotes":""},"class_list":["post-3725","page","type-page","status-publish","hentry"],"acf":[],"_links":{"self":[{"href":"https:\/\/alzira.es\/es\/wp-json\/wp\/v2\/pages\/3725","targetHints":{"allow":["GET"]}}],"collection":[{"href":"https:\/\/alzira.es\/es\/wp-json\/wp\/v2\/pages"}],"about":[{"href":"https:\/\/alzira.es\/es\/wp-json\/wp\/v2\/types\/page"}],"author":[{"embeddable":true,"href":"https:\/\/alzira.es\/es\/wp-json\/wp\/v2\/users\/12"}],"replies":[{"embeddable":true,"href":"https:\/\/alzira.es\/es\/wp-json\/wp\/v2\/comments?post=3725"}],"version-history":[{"count":1,"href":"https:\/\/alzira.es\/es\/wp-json\/wp\/v2\/pages\/3725\/revisions"}],"predecessor-version":[{"id":88006,"href":"https:\/\/alzira.es\/es\/wp-json\/wp\/v2\/pages\/3725\/revisions\/88006"}],"up":[{"embeddable":true,"href":"https:\/\/alzira.es\/es\/wp-json\/wp\/v2\/pages\/39613"}],"wp:attachment":[{"href":"https:\/\/alzira.es\/es\/wp-json\/wp\/v2\/media?parent=3725"}],"curies":[{"name":"wp","href":"https:\/\/api.w.org\/{rel}","templated":true}]}}