{"id":3717,"date":"2011-11-15T15:04:44","date_gmt":"2011-11-15T14:04:44","guid":{"rendered":"https:\/\/alzira.es\/portal-de-facturacion-requisitos-y-garantias\/"},"modified":"2021-09-01T16:20:05","modified_gmt":"2021-09-01T14:20:05","slug":"portal-de-facturacion-requisitos-y-garantias","status":"publish","type":"page","link":"https:\/\/alzira.es\/es\/sede-electronica\/portal-facturas-electronicas\/portal-de-facturacion-requisitos-y-garantias\/","title":{"rendered":"Portal de Facturaci\u00f3n. Requisitos y Garant\u00edas"},"content":{"rendered":"<p><span style=\"color: #568bbf;\"><span style=\"font-size: medium;\"><strong>Acceso al Portal de Facturaci\u00f3n Electr\u00f3nica del Ayuntamiento<\/strong><\/span><\/span>&nbsp;<\/p>\n<p style=\"text-align: center;\"><span style=\"font-family: Verdana;\"><span style=\"font-size: small;\"><span style=\"font-family: Verdana;\"><span style=\"font-size: small;\"><\/span><\/span><a href=\"http:\/\/portalproveedor.alzira.es\/PortalProveedor\/\"><strong><em>Acceder al Portal del Proveedor<\/em><\/strong><\/a><strong><span style=\"font-family: Verdana;\"><span style=\"font-size: small;\">&nbsp;<\/span><\/span><\/strong><a href=\"http:\/\/portalproveedor.alzira.es\/PortalProveedor\/\" target=\"_blank\" rel=\"noopener\"><span style=\"font-family: Verdana;\"><span style=\"font-size: small;\"><img decoding=\"async\" width=\"160\" height=\"44\" class=\"size-full wp-image-3711 lazyload\" data-src=\"https:\/\/alzira.es\/wp-content\/uploads\/2011\/11\/BotonFacturacion160.jpg\" alt=\"Portal Proveedor\" src=\"data:image\/svg+xml;base64,PHN2ZyB3aWR0aD0iMSIgaGVpZ2h0PSIxIiB4bWxucz0iaHR0cDovL3d3dy53My5vcmcvMjAwMC9zdmciPjwvc3ZnPg==\" style=\"--smush-placeholder-width: 160px; --smush-placeholder-aspect-ratio: 160\/44;\"><\/span><\/span> <\/a><\/span> <\/span><span style=\"font-size: small; font-family: Verdana; line-height: 1.6;\">&nbsp; &nbsp; &nbsp; &nbsp;<\/span><\/p>\n<p style=\"text-align: center;\"><span style=\"font-size: small; font-family: Verdana; line-height: 1.6;\"><\/span><\/p>\n<p style=\"text-align: justify;\">&nbsp;<span style=\"font-family: Verdana;\"><span style=\"font-size: small;\"><span><span><span style=\"color: #568bbf;\"><span style=\"font-size: medium;\"><strong>Qu\u00e9 es el Portal de Facturaci\u00f3n del Ayuntamiento de Alzira<\/strong><\/span><\/span> <\/span> <\/span> <\/span> <\/span>&nbsp;<\/p>\n<p style=\"text-align: justify;\"><span style=\"font-family: Verdana;\"><span style=\"font-size: small;\"><span style=\"font-family: Verdana;\"><span style=\"font-size: small;\">&nbsp;&nbsp;&nbsp;&nbsp;&nbsp;&nbsp;&nbsp;&nbsp;&nbsp;&nbsp;&nbsp; <\/span><\/span>El Portal de Facturaci\u00f3n es un <strong>servicio de facturaci\u00f3n electr\u00f3nica que permite a las empresas proveedoras del Ayuntamiento de Alzira emitir las facturas de forma electr\u00f3nica<\/strong> y enviarlas al Ayuntamiento para su tramitaci\u00f3n y pago. La empresa, a trav\u00e9s del Portal, podr\u00e1 consultar en cualquier momento el estado de tr\u00e1mite de cada una de sus facturas electr\u00f3nicas.<\/span> <\/span><\/p>\n<p style=\"text-align: center;\"><span style=\"font-family: Verdana;\"><span style=\"font-size: small;\"> <span style=\"font-family: Verdana;\"><span style=\"font-size: small;\">&nbsp;&nbsp;&nbsp;&nbsp;&nbsp;&nbsp;&nbsp;&nbsp;&nbsp;&nbsp;&nbsp;&nbsp;<\/span><\/span> <\/span> <\/span>&nbsp;<span style=\"font-family: Verdana;\"><span style=\"font-size: small;\"><span style=\"font-size: x-small;\"><span style=\"font-size: x-small;\">&nbsp;&nbsp;&nbsp;&nbsp;&nbsp;&nbsp;&nbsp;&nbsp;&nbsp;&nbsp;&nbsp;&nbsp;&nbsp;&nbsp;&nbsp;&nbsp;&nbsp;&nbsp;&nbsp;&nbsp;&nbsp;&nbsp;&nbsp;&nbsp;&nbsp;&nbsp;&nbsp;&nbsp;&nbsp;&nbsp;&nbsp;&nbsp;&nbsp;&nbsp;&nbsp; <span style=\"font-family: Verdana;\"><span style=\"font-size: small;\"><span style=\"font-size: x-small;\"><span style=\"font-size: x-small;\"><img fetchpriority=\"high\" decoding=\"async\" width=\"550\" height=\"221\" class=\" size-full wp-image-3713\" src=\"https:\/\/alzira.es\/wp-content\/uploads\/2011\/11\/Emisor.jpg\" alt=\"Factura Electr\u00f3nica\"><\/span><\/span> <\/span> <\/span> <\/span> <\/span> <\/span> <\/span><\/p>\n<p><span style=\"font-family: Verdana;\"><span style=\"font-size: small;\"><span><span><span style=\"color: #568bbf;\"><span style=\"font-size: medium;\"><strong>Requisitos para utilizar el Portal de Facturaci\u00f3n<\/strong><\/span><\/span> <\/span> <\/span> <\/span> <\/span>&nbsp;<\/p>\n<p style=\"text-align: justify;\"><span style=\"font-family: Verdana;\"><span style=\"font-size: small;\"><span style=\"font-family: Verdana;\"><span style=\"font-size: small;\">&nbsp;&nbsp;&nbsp;&nbsp;&nbsp;&nbsp;&nbsp;&nbsp;&nbsp;&nbsp;&nbsp; <\/span><\/span>Los requisitos necesarios para poder acceder al Portal de Facturaci\u00f3n son los siguientes:<\/span> <\/span>&nbsp;<\/p>\n<p style=\"margin-left: 80px; text-align: justify;\"><span style=\"font-family: Verdana;\"><span style=\"font-size: small;\"><img decoding=\"async\" width=\"22\" height=\"22\" class=\"size-full wp-image-3646 lazyload\" data-src=\"https:\/\/alzira.es\/wp-content\/uploads\/2011\/10\/circuloFlechita.gif\" alt=\"\" src=\"data:image\/svg+xml;base64,PHN2ZyB3aWR0aD0iMSIgaGVpZ2h0PSIxIiB4bWxucz0iaHR0cDovL3d3dy53My5vcmcvMjAwMC9zdmciPjwvc3ZnPg==\" style=\"--smush-placeholder-width: 22px; --smush-placeholder-aspect-ratio: 22\/22;\">&nbsp;La empresa proveedora deber\u00e1 <strong>estar dada de alta como empresa proveedora del Ayuntamiento <\/strong>de Alzira.<\/span><\/span><\/p>\n<p style=\"margin-left: 80px; text-align: justify;\"><span style=\"font-family: Verdana;\"><span style=\"font-size: small;\"><span style=\"font-family: Verdana;\"><span style=\"font-size: small;\"><img decoding=\"async\" width=\"22\" height=\"22\" class=\"size-full wp-image-3646 lazyload\" data-src=\"https:\/\/alzira.es\/wp-content\/uploads\/2011\/10\/circuloFlechita.gif\" alt=\"\" src=\"data:image\/svg+xml;base64,PHN2ZyB3aWR0aD0iMSIgaGVpZ2h0PSIxIiB4bWxucz0iaHR0cDovL3d3dy53My5vcmcvMjAwMC9zdmciPjwvc3ZnPg==\" style=\"--smush-placeholder-width: 22px; --smush-placeholder-aspect-ratio: 22\/22;\">&nbsp;Para acceder al Portal y para emitir facturas deber\u00e1 <strong>disponer de certificado digital<\/strong>.<\/span><\/span> <\/span> <\/span><\/p>\n<p style=\"margin-left: 120px; text-align: justify;\"><em><span style=\"font-family: Verdana;\"><span style=\"font-size: small;\"><span style=\"font-family: Verdana;\"><span style=\"font-size: small;\">NOTA: Ver en Sede Electr\u00f3nica el apartado de <a href=\"${link:{uuid:{35f7d714-24a0-480c-8af8-4dac65bf0f67},repository:{website},handle:{\/virtual\/sede\/certificados},nodeData:{},extension:{html}}}\"><strong>Certificados admitidos para la identificaci\u00f3n de los ciudadanos y empresas<\/strong><\/a>.<\/span><\/span><\/span><\/span><\/em><\/p>\n<p style=\"margin-left: 80px; text-align: justify;\"><span style=\"font-family: Verdana;\"><span style=\"font-size: small;\"><span style=\"font-family: Verdana;\"><span style=\"font-size: small;\"><img decoding=\"async\" width=\"22\" height=\"22\" class=\"size-full wp-image-3646 lazyload\" data-src=\"https:\/\/alzira.es\/wp-content\/uploads\/2011\/10\/circuloFlechita.gif\" alt=\"\" src=\"data:image\/svg+xml;base64,PHN2ZyB3aWR0aD0iMSIgaGVpZ2h0PSIxIiB4bWxucz0iaHR0cDovL3d3dy53My5vcmcvMjAwMC9zdmciPjwvc3ZnPg==\" style=\"--smush-placeholder-width: 22px; --smush-placeholder-aspect-ratio: 22\/22;\">&nbsp;<\/span><\/span>Una vez cumplidos los dos requisitos anteriores ha de solicitar el Alta en el Portal de Facturaci\u00f3n.<\/span> <\/span>&nbsp;<\/p>\n<p style=\"margin-left: 80px; text-align: justify;\">&nbsp;<\/p>\n<p><span style=\"font-family: Verdana;\"><span style=\"font-size: small;\"><span><span><span style=\"color: #568bbf;\"><span style=\"font-size: medium;\"><strong>Garant\u00edas del Portal<\/strong><\/span><\/span> <\/span> <\/span> <\/span> <\/span>&nbsp;<\/p>\n<p style=\"text-align: justify;\"><span style=\"font-family: Verdana;\"><span style=\"font-size: small;\"><span style=\"font-family: Verdana;\"><span style=\"font-size: small;\">&nbsp;&nbsp;&nbsp;&nbsp;&nbsp;&nbsp;&nbsp;&nbsp;&nbsp;&nbsp;&nbsp; <\/span><\/span>La Ley 56\/2007, de 28 de diciembre, de Medidas de Impulso de la Sociedad de la Informaci\u00f3n, define las garant\u00edas exigibles a la facturas electr\u00f3nica: \u201cun documento electr\u00f3nico que cumple con los requisitos legal y reglamentariamente exigibles a las facturas y que, adem\u00e1s, garantiza la autenticidad de su origen y la integridad de su contenido, lo que permite atribuir la factura a su obligado tributario emisor\u201d. As\u00ed tenemos:<\/span> <\/span>&nbsp;<\/p>\n<p style=\"margin-left: 80px; text-align: justify;\"><span style=\"font-family: Verdana;\"><span style=\"font-size: small;\"><img decoding=\"async\" width=\"22\" height=\"22\" class=\"size-full wp-image-3646 lazyload\" data-src=\"https:\/\/alzira.es\/wp-content\/uploads\/2011\/10\/circuloFlechita.gif\" alt=\"\" src=\"data:image\/svg+xml;base64,PHN2ZyB3aWR0aD0iMSIgaGVpZ2h0PSIxIiB4bWxucz0iaHR0cDovL3d3dy53My5vcmcvMjAwMC9zdmciPjwvc3ZnPg==\" style=\"--smush-placeholder-width: 22px; --smush-placeholder-aspect-ratio: 22\/22;\">&nbsp;Se establece como formato de factura electr\u00f3nica el utilizado por la Agencia Tributaria \u201ce-factura\u201d.<\/span><\/span><\/p>\n<p style=\"margin-left: 80px; text-align: justify;\"><span style=\"font-family: Verdana;\"><span style=\"font-size: small;\"><span style=\"font-family: Verdana;\"><span style=\"font-size: small;\"><img decoding=\"async\" width=\"22\" height=\"22\" class=\"size-full wp-image-3646 lazyload\" data-src=\"https:\/\/alzira.es\/wp-content\/uploads\/2011\/10\/circuloFlechita.gif\" alt=\"\" src=\"data:image\/svg+xml;base64,PHN2ZyB3aWR0aD0iMSIgaGVpZ2h0PSIxIiB4bWxucz0iaHR0cDovL3d3dy53My5vcmcvMjAwMC9zdmciPjwvc3ZnPg==\" style=\"--smush-placeholder-width: 22px; --smush-placeholder-aspect-ratio: 22\/22;\">&nbsp;El Portal permite tanto la grabaci\u00f3n directa de las facturas electr\u00f3nicas en el mismo Portal, como la importaci\u00f3n de las facturas en formato e-factura desde los sistemas propios de la empresa proveedora.<\/span><\/span> <\/span> <\/span><\/p>\n<p style=\"margin-left: 80px; text-align: justify;\"><span style=\"font-family: Verdana;\"><span style=\"font-size: small;\"><span style=\"font-family: Verdana;\"><span style=\"font-size: small;\"><img decoding=\"async\" width=\"22\" height=\"22\" class=\"size-full wp-image-3646 lazyload\" data-src=\"https:\/\/alzira.es\/wp-content\/uploads\/2011\/10\/circuloFlechita.gif\" alt=\"\" src=\"data:image\/svg+xml;base64,PHN2ZyB3aWR0aD0iMSIgaGVpZ2h0PSIxIiB4bWxucz0iaHR0cDovL3d3dy53My5vcmcvMjAwMC9zdmciPjwvc3ZnPg==\" style=\"--smush-placeholder-width: 22px; --smush-placeholder-aspect-ratio: 22\/22;\">&nbsp;<\/span><\/span>Queda garantizada la integridad y autenticidad de la factura a trav\u00e9s de una firma electr\u00f3nica reconocida.<\/span> <\/span>&nbsp;<\/p>\n<p style=\"margin-left: 80px; text-align: justify;\"><span style=\"font-family: Verdana;\"><span style=\"font-size: small;\"><span style=\"font-family: Verdana;\"><span style=\"font-size: small;\"><img decoding=\"async\" width=\"22\" height=\"22\" class=\"size-full wp-image-3646 lazyload\" data-src=\"https:\/\/alzira.es\/wp-content\/uploads\/2011\/10\/circuloFlechita.gif\" alt=\"\" src=\"data:image\/svg+xml;base64,PHN2ZyB3aWR0aD0iMSIgaGVpZ2h0PSIxIiB4bWxucz0iaHR0cDovL3d3dy53My5vcmcvMjAwMC9zdmciPjwvc3ZnPg==\" style=\"--smush-placeholder-width: 22px; --smush-placeholder-aspect-ratio: 22\/22;\">&nbsp;<\/span><\/span>Desde el d\u00eda 2 de junio de 2011, el Ayuntamiento de Alzira figura en la p\u00e1gina Web de la Agencia Tributaria (<strong><a onclick=\"target='_blank'\" href=\"http:\/\/www.aeat.es\">www.aeat.es <\/a><\/strong>) como Administraci\u00f3n P\u00fablica Local que factura electr\u00f3nicamente recibiendo y\/o enviando facturas en formato \u201cFacturae\u201d.<\/span> <\/span>&nbsp;&nbsp;<\/p>\n<p style=\"text-align: right;\">&nbsp;<img decoding=\"async\" width=\"650\" height=\"520\" class=\"size-full wp-image-3715 lazyload\" data-src=\"https:\/\/alzira.es\/wp-content\/uploads\/2011\/11\/aeatC.gif\" alt=\"AEAT\" src=\"data:image\/svg+xml;base64,PHN2ZyB3aWR0aD0iMSIgaGVpZ2h0PSIxIiB4bWxucz0iaHR0cDovL3d3dy53My5vcmcvMjAwMC9zdmciPjwvc3ZnPg==\" style=\"--smush-placeholder-width: 650px; --smush-placeholder-aspect-ratio: 650\/520;\"><\/p>\n<p style=\"text-align: justify;\">&nbsp;<\/p>\n","protected":false},"excerpt":{"rendered":"<p>Acceso al Portal de Facturaci\u00f3n Electr\u00f3nica del Ayuntamiento&nbsp; Acceder al Portal del Proveedor&nbsp; &nbsp; &nbsp; &nbsp; &nbsp; &nbsp;Qu\u00e9 es el Portal de Facturaci\u00f3n del Ayuntamiento de Alzira &nbsp; &nbsp;&nbsp;&nbsp;&nbsp;&nbsp;&nbsp;&nbsp;&nbsp;&nbsp;&nbsp;&nbsp; El Portal de Facturaci\u00f3n es un servicio de facturaci\u00f3n electr\u00f3nica que permite a las empresas proveedoras del Ayuntamiento de Alzira emitir las facturas de forma electr\u00f3nica &hellip; <\/p>\n<p class=\"link-more\"><a href=\"https:\/\/alzira.es\/es\/sede-electronica\/portal-facturas-electronicas\/portal-de-facturacion-requisitos-y-garantias\/\" class=\"more-link\">Continuar leyendo<span class=\"screen-reader-text\"> \u00abPortal de Facturaci\u00f3n. Requisitos y Garant\u00edas\u00bb<\/span><\/a><\/p>\n","protected":false},"author":12,"featured_media":0,"parent":39613,"menu_order":0,"comment_status":"closed","ping_status":"closed","template":"","meta":{"_acf_changed":false,"footnotes":""},"class_list":["post-3717","page","type-page","status-publish","hentry"],"acf":[],"_links":{"self":[{"href":"https:\/\/alzira.es\/es\/wp-json\/wp\/v2\/pages\/3717","targetHints":{"allow":["GET"]}}],"collection":[{"href":"https:\/\/alzira.es\/es\/wp-json\/wp\/v2\/pages"}],"about":[{"href":"https:\/\/alzira.es\/es\/wp-json\/wp\/v2\/types\/page"}],"author":[{"embeddable":true,"href":"https:\/\/alzira.es\/es\/wp-json\/wp\/v2\/users\/12"}],"replies":[{"embeddable":true,"href":"https:\/\/alzira.es\/es\/wp-json\/wp\/v2\/comments?post=3717"}],"version-history":[{"count":1,"href":"https:\/\/alzira.es\/es\/wp-json\/wp\/v2\/pages\/3717\/revisions"}],"predecessor-version":[{"id":88002,"href":"https:\/\/alzira.es\/es\/wp-json\/wp\/v2\/pages\/3717\/revisions\/88002"}],"up":[{"embeddable":true,"href":"https:\/\/alzira.es\/es\/wp-json\/wp\/v2\/pages\/39613"}],"wp:attachment":[{"href":"https:\/\/alzira.es\/es\/wp-json\/wp\/v2\/media?parent=3717"}],"curies":[{"name":"wp","href":"https:\/\/api.w.org\/{rel}","templated":true}]}}