{"id":3707,"date":"2011-11-15T14:22:47","date_gmt":"2011-11-15T13:22:47","guid":{"rendered":"https:\/\/alzira.es\/acceso-al-portal-de-facturacion-y-funcionamiento\/"},"modified":"2021-09-01T16:20:46","modified_gmt":"2021-09-01T14:20:46","slug":"acceso-al-portal-de-facturacion-y-funcionamiento","status":"publish","type":"page","link":"https:\/\/alzira.es\/es\/servicios-municipales\/economia-y-recaudacion\/intervencion-cas-no\/facturacion-electronica\/acceso-al-portal-de-facturacion-y-funcionamiento\/","title":{"rendered":"Acceso al Portal de Facturaci\u00f3n y Funcionamiento"},"content":{"rendered":"<p style=\"text-align: justify;\"><span style=\"color: #568bbf;\"><span style=\"font-size: medium;\"><strong>Acceso al Portal de Facturaci\u00f3n Electr\u00f3nica del Ayuntamiento<\/strong><\/span><\/span>&nbsp;<\/p>\n<p style=\"text-align: justify;\"><span style=\"font-family: Verdana;\"><span style=\"font-size: small;\"><span style=\"font-family: Verdana;\"><span style=\"font-size: small;\">&nbsp;&nbsp;&nbsp;&nbsp;&nbsp;&nbsp;&nbsp;&nbsp;&nbsp;&nbsp;&nbsp; <\/span><\/span><a href=\"https:\/\/sedeelectronica.alzira.es\/PortalProveedor\/\"><strong><em>Acceder al Portal del Proveedor<\/em><\/strong><\/a><strong><span style=\"font-family: Verdana;\"><span style=\"font-size: small;\">&nbsp;<\/span><\/span><\/strong><span style=\"font-family: Verdana;\"><span style=\"font-size: small;\"><a href=\"https:\/\/sedeelectronica.alzira.es\/PortalProveedor\/\" target=\"_blank\" rel=\"noopener\"><img decoding=\"async\" width=\"200\" height=\"84\" class=\"size-full wp-image-3687 lazyload\" data-src=\"https:\/\/alzira.es\/wp-content\/uploads\/2011\/11\/e_factura.png\" alt=\"Portal Proveedor\" align=\"middle\" src=\"data:image\/svg+xml;base64,PHN2ZyB3aWR0aD0iMSIgaGVpZ2h0PSIxIiB4bWxucz0iaHR0cDovL3d3dy53My5vcmcvMjAwMC9zdmciPjwvc3ZnPg==\" style=\"--smush-placeholder-width: 200px; --smush-placeholder-aspect-ratio: 200\/84;\"><\/a><\/span><\/span> <\/span> <\/span><\/p>\n<p style=\"text-align: justify;\">&nbsp;<\/p>\n<p style=\"text-align: center;\"><span style=\"font-family: Verdana;\"><span style=\"font-size: small;\"><a href=\"https:\/\/sedeelectronica.alzira.es\/PortalProveedor\/\" target=\"_blank\" rel=\"noopener\"><img fetchpriority=\"high\" decoding=\"async\" class=\" size-full wp-image-3689\" src=\"https:\/\/alzira.es\/wp-content\/uploads\/2011\/11\/Facturacion450.jpg\" alt=\"Acceso al Portal Proveedor\" width=\"315\" height=\"200\"><\/a><\/span><\/span><span style=\"text-align: justify; line-height: 1.6;\">&nbsp;<\/span><\/p>\n<p style=\"text-align: justify;\"><span style=\"font-family: Verdana;\"><span style=\"font-size: small;\"><span style=\"font-family: Verdana;\"><span style=\"font-size: small;\">&nbsp;&nbsp;&nbsp;&nbsp;&nbsp;&nbsp;&nbsp;&nbsp;&nbsp;&nbsp;&nbsp; <\/span><\/span><a onclick=\"target='_blank'\" href=\"https:\/\/alzira.es\/wp-content\/uploads\/2011\/11\/Portal_Facturacion.pdf\"><em>Descargar Manual de funcionamiento del Portal de Facturaci\u00f3n<\/em> <img decoding=\"async\" width=\"44\" height=\"44\" class=\"size-full wp-image-3693 lazyload\" data-src=\"https:\/\/alzira.es\/wp-content\/uploads\/2011\/11\/logoPDF44.jpg\" alt=\"Manual Portal de Facturaci\u00f3n\" src=\"data:image\/svg+xml;base64,PHN2ZyB3aWR0aD0iMSIgaGVpZ2h0PSIxIiB4bWxucz0iaHR0cDovL3d3dy53My5vcmcvMjAwMC9zdmciPjwvc3ZnPg==\" style=\"--smush-placeholder-width: 44px; --smush-placeholder-aspect-ratio: 44\/44;\"><\/a> <\/span> <\/span><\/p>\n<p style=\"text-align: justify;\">&nbsp;<span style=\"font-family: Verdana;\"><span style=\"font-size: small;\"><span><span><span style=\"color: #568bbf;\"><span style=\"font-size: medium;\"><strong>Funcionamiento<\/strong><\/span><\/span> <\/span> <\/span> <\/span> <\/span>&nbsp;<\/p>\n<p style=\"text-align: justify;\"><span style=\"font-family: Verdana;\"><span style=\"font-size: small;\"><span style=\"font-family: Verdana;\"><span style=\"font-size: small;\">&nbsp;&nbsp;&nbsp;&nbsp;&nbsp;&nbsp;&nbsp;&nbsp;&nbsp;&nbsp;&nbsp; <\/span><\/span>El Portal del Proveedor <strong>es un servicio de Facturaci\u00f3n Electr\u00f3nica <\/strong>que permite a las empresas proveedoras <strong>emitir sus facturas en formato \u201cfacturae\u201d, firmarlas y enviarlas<\/strong> al Ayuntamiento (con sello de registro de Entrada). Una vez <strong>recibidas <\/strong>en el Ayuntamiento, entran en un <strong>circuito de firma <\/strong>(tambi\u00e9n electr\u00f3nico) para su conformaci\u00f3n, y son <strong>capturadas <\/strong>por el <strong>sistema contable <\/strong>para su tramitaci\u00f3n y pago.<\/span> <\/span><\/p>\n<p style=\"text-align: justify;\"><span style=\"font-family: Verdana;\"><span style=\"font-size: small;\"> <span style=\"font-family: Verdana;\"><span style=\"font-size: small;\">&nbsp;&nbsp;&nbsp;&nbsp;&nbsp;&nbsp;&nbsp;&nbsp;&nbsp;&nbsp;&nbsp; <\/span><\/span>El Proveedor conocer\u00e1 en todo momento, a trav\u00e9s del Portal, el <strong>estado de tramitaci\u00f3n de cada una de sus facturas<\/strong>: si est\u00e1 registrada, en tr\u00e1mite de firma, rechazada, conformada, pendiente de aprobaci\u00f3n, aprobada por la JGL y pagada.<\/span> <\/span><\/p>\n<p style=\"text-align: justify;\"><span style=\"font-family: Verdana;\"><span style=\"font-size: small;\"> <span style=\"font-family: Verdana;\"><span style=\"font-size: small;\">&nbsp;&nbsp;&nbsp;&nbsp;&nbsp;&nbsp;&nbsp;&nbsp;&nbsp;&nbsp;&nbsp; <\/span><\/span>Hay <strong>cinco servicios que est\u00e1n <\/strong>directamente <strong>relacionados <\/strong>con el Portal del Proveedor:.<\/span> <\/span><span style=\"font-family: Verdana;\"><span style=\"font-size: small;\">&nbsp;<\/span><\/span><\/p>\n<p style=\"text-align: right;\"><span style=\"font-family: Verdana;\"><span style=\"font-size: small;\"><span><a onclick=\"target='_blank'\" href=\"https:\/\/alzira.es\/wp-content\/uploads\/2011\/11\/ServiciosRelacionados.gif\"><img decoding=\"async\" width=\"650\" height=\"370\" class=\"size-full wp-image-3697 lazyload\" data-src=\"https:\/\/alzira.es\/wp-content\/uploads\/2011\/11\/ServiciosRelacionados700.gif\" alt=\"Servicios Relacionados\" src=\"data:image\/svg+xml;base64,PHN2ZyB3aWR0aD0iMSIgaGVpZ2h0PSIxIiB4bWxucz0iaHR0cDovL3d3dy53My5vcmcvMjAwMC9zdmciPjwvc3ZnPg==\" style=\"--smush-placeholder-width: 650px; --smush-placeholder-aspect-ratio: 650\/370;\"><\/a><\/span><\/span> <\/span><\/p>\n<p>&nbsp;<\/p>\n<p style=\"margin-left: 80px; text-align: justify;\"><span style=\"font-family: Verdana;\"><span style=\"font-size: small;\"><img decoding=\"async\" width=\"22\" height=\"22\" class=\"size-full wp-image-3646 lazyload\" data-src=\"https:\/\/alzira.es\/wp-content\/uploads\/2011\/10\/circuloFlechita.gif\" alt=\"\" src=\"data:image\/svg+xml;base64,PHN2ZyB3aWR0aD0iMSIgaGVpZ2h0PSIxIiB4bWxucz0iaHR0cDovL3d3dy53My5vcmcvMjAwMC9zdmciPjwvc3ZnPg==\" style=\"--smush-placeholder-width: 22px; --smush-placeholder-aspect-ratio: 22\/22;\">&nbsp;Desde el Portal <strong>se podr\u00e1n generar las facturas electr\u00f3nicas <\/strong>con los trabajos o servicios realizados y los importes que correspondan, indicar\u00e1, si lo conoce, el departamento municipal al que debe ir la factura, y <strong>proceder\u00e1 a firmarla con firma digital <\/strong>(garant\u00eda de autenticidad y de integridad de su contenido).<\/span><\/span><\/p>\n<p style=\"margin-left: 80px; text-align: justify;\"><span style=\"font-family: Verdana;\"><span style=\"font-size: small;\"><span style=\"font-family: Verdana;\"><span style=\"font-size: small;\"><img decoding=\"async\" width=\"22\" height=\"22\" class=\"size-full wp-image-3646 lazyload\" data-src=\"https:\/\/alzira.es\/wp-content\/uploads\/2011\/10\/circuloFlechita.gif\" alt=\"\" src=\"data:image\/svg+xml;base64,PHN2ZyB3aWR0aD0iMSIgaGVpZ2h0PSIxIiB4bWxucz0iaHR0cDovL3d3dy53My5vcmcvMjAwMC9zdmciPjwvc3ZnPg==\" style=\"--smush-placeholder-width: 22px; --smush-placeholder-aspect-ratio: 22\/22;\">&nbsp;Cuando realiza el <strong>env\u00edo <\/strong>de la factura \u00e9sta queda <strong>sellada de tiempo y registrada de entrada <\/strong>en el Ayuntamiento (Registro Telem\u00e1tico de facturas electr\u00f3nicas).<\/span><\/span> <\/span> <\/span><\/p>\n<p style=\"margin-left: 80px; text-align: justify;\"><span style=\"font-family: Verdana;\"><span style=\"font-size: small;\"><span style=\"font-family: Verdana;\"><span style=\"font-size: small;\"><img decoding=\"async\" width=\"22\" height=\"22\" class=\"size-full wp-image-3646 lazyload\" data-src=\"https:\/\/alzira.es\/wp-content\/uploads\/2011\/10\/circuloFlechita.gif\" alt=\"\" src=\"data:image\/svg+xml;base64,PHN2ZyB3aWR0aD0iMSIgaGVpZ2h0PSIxIiB4bWxucz0iaHR0cDovL3d3dy53My5vcmcvMjAwMC9zdmciPjwvc3ZnPg==\" style=\"--smush-placeholder-width: 22px; --smush-placeholder-aspect-ratio: 22\/22;\">&nbsp;<\/span><\/span>La empresa proveedora <strong>podr\u00e1 visualizar todas las facturas emitidas <\/strong>al Ayuntamiento, y podr\u00e1 consultar en cualquier momento la situaci\u00f3n de tr\u00e1mite (<strong>estado<\/strong>) de cada una de ellas.<\/span> <\/span>&nbsp;<\/p>\n<p style=\"margin-left: 80px; text-align: justify;\"><span style=\"font-family: Verdana;\"><span style=\"font-size: small;\"><img decoding=\"async\" width=\"22\" height=\"22\" class=\"size-full wp-image-3646 lazyload\" data-src=\"https:\/\/alzira.es\/wp-content\/uploads\/2011\/10\/circuloFlechita.gif\" alt=\"\" src=\"data:image\/svg+xml;base64,PHN2ZyB3aWR0aD0iMSIgaGVpZ2h0PSIxIiB4bWxucz0iaHR0cDovL3d3dy53My5vcmcvMjAwMC9zdmciPjwvc3ZnPg==\" style=\"--smush-placeholder-width: 22px; --smush-placeholder-aspect-ratio: 22\/22;\">&nbsp;La Intervenci\u00f3n municipal centralizar\u00e1 y gestionar\u00e1 todas las facturas electr\u00f3nicas que se registran en el Portal y en el Registro Telem\u00e1tico.<\/span><\/span><\/p>\n<p style=\"margin-left: 80px; text-align: justify;\"><span style=\"font-family: Verdana;\"><span style=\"font-size: small;\"><span style=\"font-family: Verdana;\"><span style=\"font-size: small;\"><img decoding=\"async\" width=\"22\" height=\"22\" class=\"size-full wp-image-3646 lazyload\" data-src=\"https:\/\/alzira.es\/wp-content\/uploads\/2011\/10\/circuloFlechita.gif\" alt=\"\" src=\"data:image\/svg+xml;base64,PHN2ZyB3aWR0aD0iMSIgaGVpZ2h0PSIxIiB4bWxucz0iaHR0cDovL3d3dy53My5vcmcvMjAwMC9zdmciPjwvc3ZnPg==\" style=\"--smush-placeholder-width: 22px; --smush-placeholder-aspect-ratio: 22\/22;\">&nbsp;Se <strong>iniciar\u00e1 un circuito de firmas <\/strong>(el servicio de conformaci\u00f3n de factura, Portafirmas electr\u00f3nico) con la factura enviada por la empresa proveedora, la cual pasar\u00e1 al departamento asignado.<\/span><\/span> <\/span> <\/span><\/p>\n<p style=\"margin-left: 80px; text-align: justify;\"><span style=\"font-family: Verdana;\"><span style=\"font-size: small;\"><span style=\"font-family: Verdana;\"><span style=\"font-size: small;\"><img decoding=\"async\" width=\"22\" height=\"22\" class=\"size-full wp-image-3646 lazyload\" data-src=\"https:\/\/alzira.es\/wp-content\/uploads\/2011\/10\/circuloFlechita.gif\" alt=\"\" src=\"data:image\/svg+xml;base64,PHN2ZyB3aWR0aD0iMSIgaGVpZ2h0PSIxIiB4bWxucz0iaHR0cDovL3d3dy53My5vcmcvMjAwMC9zdmciPjwvc3ZnPg==\" style=\"--smush-placeholder-width: 22px; --smush-placeholder-aspect-ratio: 22\/22;\">&nbsp;<\/span><\/span>Una vez finalizado el circuito de firmas, la factura se considera conformada y <strong>pasar\u00e1 al registro de facturas de la aplicaci\u00f3n contable <\/strong>y se continuar\u00e1 con la tramitaci\u00f3n de aprobaci\u00f3n del gasto y de su pago.<\/span> <\/span>&nbsp;<\/p>\n<p style=\"margin-left: 80px; text-align: justify;\"><span style=\"font-family: Verdana;\"><span style=\"font-size: small;\"><img decoding=\"async\" width=\"22\" height=\"22\" class=\"size-full wp-image-3646 lazyload\" data-src=\"https:\/\/alzira.es\/wp-content\/uploads\/2011\/10\/circuloFlechita.gif\" alt=\"\" src=\"data:image\/svg+xml;base64,PHN2ZyB3aWR0aD0iMSIgaGVpZ2h0PSIxIiB4bWxucz0iaHR0cDovL3d3dy53My5vcmcvMjAwMC9zdmciPjwvc3ZnPg==\" style=\"--smush-placeholder-width: 22px; --smush-placeholder-aspect-ratio: 22\/22;\">&nbsp;El Proveedor conocer\u00e1 en todo momento, a trav\u00e9s del Portal, el <strong>estado de tramitaci\u00f3n de cada una de sus facturas<\/strong>, ya que el sistema contable informar\u00e1 del estado de las mismas en todo momento.<\/span><\/span><\/p>\n<p style=\"margin-left: 80px; text-align: justify;\"><span style=\"font-family: Verdana;\"><span style=\"font-size: small;\"><span style=\"font-family: Verdana;\"><span style=\"font-size: small;\"><img decoding=\"async\" width=\"22\" height=\"22\" class=\"size-full wp-image-3646 lazyload\" data-src=\"https:\/\/alzira.es\/wp-content\/uploads\/2011\/10\/circuloFlechita.gif\" alt=\"\" src=\"data:image\/svg+xml;base64,PHN2ZyB3aWR0aD0iMSIgaGVpZ2h0PSIxIiB4bWxucz0iaHR0cDovL3d3dy53My5vcmcvMjAwMC9zdmciPjwvc3ZnPg==\" style=\"--smush-placeholder-width: 22px; --smush-placeholder-aspect-ratio: 22\/22;\">&nbsp;Con este Portal todas las facturas electr\u00f3nicas van a estar registradas, por lo que <strong>no cabe posibilidad de p\u00e9rdida de ninguna de ell<\/strong>as.<\/span><\/span> <\/span> <\/span><\/p>\n<p style=\"text-align: center;\"> &nbsp;<span style=\"font-family: Verdana;\"><span style=\"font-size: small;\"><span style=\"font-size: x-small;\"><span style=\"font-size: x-small;\"><img decoding=\"async\" width=\"200\" height=\"100\" class=\"size-full wp-image-3653 lazyload\" data-src=\"https:\/\/alzira.es\/wp-content\/uploads\/2011\/10\/pae_020000041_2.jpg\" alt=\"Administraci\u00f3n Electr\u00f3nica\" src=\"data:image\/svg+xml;base64,PHN2ZyB3aWR0aD0iMSIgaGVpZ2h0PSIxIiB4bWxucz0iaHR0cDovL3d3dy53My5vcmcvMjAwMC9zdmciPjwvc3ZnPg==\" style=\"--smush-placeholder-width: 200px; --smush-placeholder-aspect-ratio: 200\/100;\"><\/span><\/span> <\/span> <\/span><\/p>\n<p>&nbsp;<\/p>\n","protected":false},"excerpt":{"rendered":"<p>Acceso al Portal de Facturaci\u00f3n Electr\u00f3nica del Ayuntamiento&nbsp; &nbsp;&nbsp;&nbsp;&nbsp;&nbsp;&nbsp;&nbsp;&nbsp;&nbsp;&nbsp;&nbsp; Acceder al Portal del Proveedor&nbsp; &nbsp; &nbsp; &nbsp;&nbsp;&nbsp;&nbsp;&nbsp;&nbsp;&nbsp;&nbsp;&nbsp;&nbsp;&nbsp; Descargar Manual de funcionamiento del Portal de Facturaci\u00f3n &nbsp;Funcionamiento &nbsp; &nbsp;&nbsp;&nbsp;&nbsp;&nbsp;&nbsp;&nbsp;&nbsp;&nbsp;&nbsp;&nbsp; El Portal del Proveedor es un servicio de Facturaci\u00f3n Electr\u00f3nica que permite a las empresas proveedoras emitir sus facturas en formato \u201cfacturae\u201d, firmarlas y enviarlas al Ayuntamiento &hellip; <\/p>\n<p class=\"link-more\"><a href=\"https:\/\/alzira.es\/es\/servicios-municipales\/economia-y-recaudacion\/intervencion-cas-no\/facturacion-electronica\/acceso-al-portal-de-facturacion-y-funcionamiento\/\" class=\"more-link\">Continuar leyendo<span class=\"screen-reader-text\"> \u00abAcceso al Portal de Facturaci\u00f3n y Funcionamiento\u00bb<\/span><\/a><\/p>\n","protected":false},"author":12,"featured_media":0,"parent":38519,"menu_order":0,"comment_status":"closed","ping_status":"closed","template":"","meta":{"_acf_changed":false,"footnotes":""},"class_list":["post-3707","page","type-page","status-publish","hentry"],"acf":[],"_links":{"self":[{"href":"https:\/\/alzira.es\/es\/wp-json\/wp\/v2\/pages\/3707","targetHints":{"allow":["GET"]}}],"collection":[{"href":"https:\/\/alzira.es\/es\/wp-json\/wp\/v2\/pages"}],"about":[{"href":"https:\/\/alzira.es\/es\/wp-json\/wp\/v2\/types\/page"}],"author":[{"embeddable":true,"href":"https:\/\/alzira.es\/es\/wp-json\/wp\/v2\/users\/12"}],"replies":[{"embeddable":true,"href":"https:\/\/alzira.es\/es\/wp-json\/wp\/v2\/comments?post=3707"}],"version-history":[{"count":1,"href":"https:\/\/alzira.es\/es\/wp-json\/wp\/v2\/pages\/3707\/revisions"}],"predecessor-version":[{"id":88003,"href":"https:\/\/alzira.es\/es\/wp-json\/wp\/v2\/pages\/3707\/revisions\/88003"}],"up":[{"embeddable":true,"href":"https:\/\/alzira.es\/es\/wp-json\/wp\/v2\/pages\/38519"}],"wp:attachment":[{"href":"https:\/\/alzira.es\/es\/wp-json\/wp\/v2\/media?parent=3707"}],"curies":[{"name":"wp","href":"https:\/\/api.w.org\/{rel}","templated":true}]}}