{"id":3685,"date":"2011-10-19T14:00:27","date_gmt":"2011-10-19T12:00:27","guid":{"rendered":"https:\/\/alzira.es\/hora-de-la-sede\/"},"modified":"2021-09-20T10:05:44","modified_gmt":"2021-09-20T08:05:44","slug":"hora-de-la-sede","status":"publish","type":"page","link":"https:\/\/alzira.es\/es\/sede-electronica\/hora-de-la-sede\/","title":{"rendered":"Hora de la sede"},"content":{"rendered":"<p style=\"text-align: justify;\"><strong style=\"font-size: medium; color: #568bbf; line-height: 1.6;\">Hora de la Sede<\/strong><\/p>\n<p style=\"text-align: justify;\"><span style=\"font-family: Verdana;\"><span style=\"font-size: small;\">&nbsp;&nbsp;&nbsp;&nbsp;&nbsp;&nbsp;&nbsp;&nbsp;&nbsp;&nbsp;&nbsp; La Sede Electr\u00f3nica del Ayuntamiento de Alzira dispone de una fecha y hora oficial de acuerdo a la normativa vigente (Ley 11\/2007, de 22 de junio, de acceso electr\u00f3nico de los ciudadanos a los servicios p\u00fablicos. Art\u00edculo 26.1):<\/span><\/span><span style=\"font-family: Verdana;\"><span style=\"font-size: small;\">&nbsp;<\/span><\/span><\/p>\n<p style=\"margin-left: 80px; text-align: justify;\"><span style=\"font-family: Verdana;\"><span style=\"font-size: small;\"> \u2022 Regir\u00e1 el registro electr\u00f3nico a efectos de c\u00f3mputo de los plazos imputables tanto a los interesados como a las Administraciones P\u00fablicas.<\/span><\/span><\/p>\n<p style=\"margin-left: 80px; text-align: justify;\"><span style=\"font-family: Verdana;\"><span style=\"font-size: small;\"> \u2022 Deber\u00e1 contar con las medidas de seguridad necesarias para garantizar su integridad (la sincronizaci\u00f3n de la fecha y la hora se realizar\u00e1 con el Real Instituto y Observatorio de la Armada, Real Decreto 4\/2010, de 8 de enero, por el que se regula el Esquema Nacional de Interoperabilidad en el \u00e1mbito de la Administraci\u00f3n Electr\u00f3nica. Art\u00edculo 15.2).<\/span><\/span><\/p>\n<p style=\"margin-left: 80px; text-align: justify;\"><span style=\"font-family: Verdana;\"><span style=\"font-size: small;\"> \u2022 Deber\u00e1 figurar visible (en la Sede Electr\u00f3nica, Real Decreto 1671\/2009, de 6 de noviembre, por el que se desarrolla parcialmente la Ley 11\/2007, art\u00edculo 6.2-j).<\/span><\/span><span style=\"line-height: 1.6;\">&nbsp;<\/span><\/p>\n<p style=\"text-align: justify;\"><span style=\"font-family: Verdana;\"><span style=\"font-size: small;\"><span style=\"font-family: Verdana;\"><span style=\"font-size: small;\">&nbsp;&nbsp;&nbsp;&nbsp;&nbsp;&nbsp;&nbsp;&nbsp;&nbsp;&nbsp;&nbsp; <\/span><\/span>Usted podr\u00e1 ver la fecha y hora oficial de la Sede Electr\u00f3nica, a los efectos especificados en este apartado, antes de la presentaci\u00f3n mediante firma electr\u00f3nica de cualquier tr\u00e1mite on-line, seg\u00fan se muestra en la siguiente imagen del Registro Electr\u00f3nico (Portal de la Ciudadan\u00eda):<\/span> <\/span><\/p>\n<p style=\"text-align: justify;\">&nbsp;<\/p>\n<p style=\"text-align: center;\">&nbsp;<img fetchpriority=\"high\" decoding=\"async\" class=\" size-full wp-image-3683\" src=\"https:\/\/alzira.es\/wp-content\/uploads\/2011\/10\/HoraSede.jpg\" alt=\"Hora de la sede\" width=\"614\" height=\"535\" srcset=\"https:\/\/alzira.es\/wp-content\/uploads\/2011\/10\/HoraSede.jpg 614w, https:\/\/alzira.es\/wp-content\/uploads\/2011\/10\/HoraSede-585x510.jpg 585w\" sizes=\"(max-width: 614px) 100vw, 614px\" \/><\/p>\n<p style=\"text-align: justify;\">&nbsp;<\/p>\n","protected":false},"excerpt":{"rendered":"<p>Hora de la Sede &nbsp;&nbsp;&nbsp;&nbsp;&nbsp;&nbsp;&nbsp;&nbsp;&nbsp;&nbsp;&nbsp; La Sede Electr\u00f3nica del Ayuntamiento de Alzira dispone de una fecha y hora oficial de acuerdo a la normativa vigente (Ley 11\/2007, de 22 de junio, de acceso electr\u00f3nico de los ciudadanos a los servicios p\u00fablicos. Art\u00edculo 26.1):&nbsp; \u2022 Regir\u00e1 el registro electr\u00f3nico a efectos de c\u00f3mputo de los plazos &hellip; <\/p>\n<p class=\"link-more\"><a href=\"https:\/\/alzira.es\/es\/sede-electronica\/hora-de-la-sede\/\" class=\"more-link\">Continuar leyendo<span class=\"screen-reader-text\"> \u00abHora de la sede\u00bb<\/span><\/a><\/p>\n","protected":false},"author":12,"featured_media":3683,"parent":60843,"menu_order":0,"comment_status":"closed","ping_status":"closed","template":"","meta":{"_acf_changed":false,"footnotes":""},"class_list":["post-3685","page","type-page","status-publish","has-post-thumbnail","hentry"],"acf":[],"_links":{"self":[{"href":"https:\/\/alzira.es\/es\/wp-json\/wp\/v2\/pages\/3685","targetHints":{"allow":["GET"]}}],"collection":[{"href":"https:\/\/alzira.es\/es\/wp-json\/wp\/v2\/pages"}],"about":[{"href":"https:\/\/alzira.es\/es\/wp-json\/wp\/v2\/types\/page"}],"author":[{"embeddable":true,"href":"https:\/\/alzira.es\/es\/wp-json\/wp\/v2\/users\/12"}],"replies":[{"embeddable":true,"href":"https:\/\/alzira.es\/es\/wp-json\/wp\/v2\/comments?post=3685"}],"version-history":[{"count":1,"href":"https:\/\/alzira.es\/es\/wp-json\/wp\/v2\/pages\/3685\/revisions"}],"predecessor-version":[{"id":90125,"href":"https:\/\/alzira.es\/es\/wp-json\/wp\/v2\/pages\/3685\/revisions\/90125"}],"up":[{"embeddable":true,"href":"https:\/\/alzira.es\/es\/wp-json\/wp\/v2\/pages\/60843"}],"wp:featuredmedia":[{"embeddable":true,"href":"https:\/\/alzira.es\/es\/wp-json\/wp\/v2\/media\/3683"}],"wp:attachment":[{"href":"https:\/\/alzira.es\/es\/wp-json\/wp\/v2\/media?parent=3685"}],"curies":[{"name":"wp","href":"https:\/\/api.w.org\/{rel}","templated":true}]}}