{"id":3679,"date":"2011-10-19T14:00:27","date_gmt":"2011-10-19T12:00:27","guid":{"rendered":"https:\/\/alzira.es\/normativa-2\/"},"modified":"2021-09-20T10:05:49","modified_gmt":"2021-09-20T08:05:49","slug":"normativa-2","status":"publish","type":"page","link":"https:\/\/alzira.es\/es\/sede-electronica\/normativa-2\/","title":{"rendered":"Normativa"},"content":{"rendered":"<p><strong style=\"font-size: medium; color: #568bbf; text-align: justify;\">Normativa<\/strong><\/p>\n<p style=\"text-align: justify;\">&nbsp;<span style=\"font-family: Verdana;\"><span style=\"font-size: small;\"><a onclick=\"target='_blank'\" href=\"http:\/\/www.boe.es\/aeboe\/consultas\/bases_datos\/doc.php?id=BOE-A-2007-12352\"><span style=\"color: #333333;\">Ley 11\/2007, de 22 de junio, de acceso electr\u00f3nico de los ciudadanos a los Servicios P\u00fablicos.<\/span> <\/a> <\/span> <\/span><\/p>\n<p>&nbsp;<span style=\"font-family: Verdana;\"><span style=\"font-size: small;\"><a onclick=\"target='_blank'\" href=\"http:\/\/www.boe.es\/aeboe\/consultas\/bases_datos\/doc.php?id=BOE-A-2009-18358\"><span style=\"color: #333333;\">Real Decreto 1671\/2009, de 6 de noviembre, por el que se desarrolla parcialmente la Ley 11\/2007, de 22 de junio, de acceso electr\u00f3nico de los ciudadanos a los servicios p\u00fablicos.<\/span> <\/a> <\/span> <\/span><\/p>\n<p>&nbsp;<span style=\"font-family: Verdana;\"><span style=\"font-size: small;\"><a onclick=\"target='_blank'\" href=\"https:\/\/alzira.es\/wp-content\/uploads\/2011\/10\/Notificaciones.pdf\"><span style=\"color: #333333;\">Reglamento por el que se crea el Registro Electr\u00f3nico y se regulan las Notificaciones Electr\u00f3nicas del Ayuntamiento de Alzira (Aprobado en sesi\u00f3n plenaria celebrada el d\u00eda veinticinco de noviembre de 2009).<\/span> <\/a> <\/span> <\/span><\/p>\n<p>&nbsp;<span style=\"font-family: Verdana;\"><span style=\"font-size: small;\"><a onclick=\"target='_blank'\" href=\"http:\/\/www.boe.es\/aeboe\/consultas\/bases_datos\/doc.php?id=BOE-A-2010-1330\"><span style=\"color: #333333;\">Real Decreto 3\/2010, de 8 de enero, por el que se regula el Esquema Nacional de Seguridad en el \u00e1mbito de la Administraci\u00f3n Electr\u00f3nica.<\/span> <\/a> <\/span> <\/span><\/p>\n<p>&nbsp;<span style=\"font-family: Verdana;\"><span style=\"font-size: small;\"><a onclick=\"target='_blank'\" href=\"http:\/\/www.boe.es\/aeboe\/consultas\/bases_datos\/doc.php?id=BOE-A-2010-1331\"><span style=\"color: #333333;\">Real Decreto 4\/2010, de 8 de enero, por el que se regula el Esquema Nacional de Interoperabilidad en el \u00e1mbito de la Administraci\u00f3n Electr\u00f3nica.<\/span> <\/a> <\/span> <\/span><\/p>\n<p>&nbsp;<span style=\"font-family: Verdana;\"><span style=\"font-size: small;\"><a onclick=\"target='_blank'\" href=\"http:\/\/www.docv.gva.es\/datos\/2010\/05\/07\/pdf\/2010_4857.pdf\"><span style=\"color: #333333;\">LEY 3\/2010, de 5 de mayo, de la Generalitat, de Administraci\u00f3n Electr\u00f3nica de la Comunitat Valenciana.<\/span> <\/a> <\/span> <\/span><\/p>\n<p style=\"text-align: justify;\">&nbsp;<\/p>\n","protected":false},"excerpt":{"rendered":"<p>Normativa &nbsp;Ley 11\/2007, de 22 de junio, de acceso electr\u00f3nico de los ciudadanos a los Servicios P\u00fablicos. &nbsp;Real Decreto 1671\/2009, de 6 de noviembre, por el que se desarrolla parcialmente la Ley 11\/2007, de 22 de junio, de acceso electr\u00f3nico de los ciudadanos a los servicios p\u00fablicos. &nbsp;Reglamento por el que se crea el Registro &hellip; <\/p>\n<p class=\"link-more\"><a href=\"https:\/\/alzira.es\/es\/sede-electronica\/normativa-2\/\" class=\"more-link\">Continuar leyendo<span class=\"screen-reader-text\"> \u00abNormativa\u00bb<\/span><\/a><\/p>\n","protected":false},"author":12,"featured_media":0,"parent":60843,"menu_order":0,"comment_status":"closed","ping_status":"closed","template":"","meta":{"_acf_changed":false,"footnotes":""},"class_list":["post-3679","page","type-page","status-publish","hentry"],"acf":[],"_links":{"self":[{"href":"https:\/\/alzira.es\/es\/wp-json\/wp\/v2\/pages\/3679","targetHints":{"allow":["GET"]}}],"collection":[{"href":"https:\/\/alzira.es\/es\/wp-json\/wp\/v2\/pages"}],"about":[{"href":"https:\/\/alzira.es\/es\/wp-json\/wp\/v2\/types\/page"}],"author":[{"embeddable":true,"href":"https:\/\/alzira.es\/es\/wp-json\/wp\/v2\/users\/12"}],"replies":[{"embeddable":true,"href":"https:\/\/alzira.es\/es\/wp-json\/wp\/v2\/comments?post=3679"}],"version-history":[{"count":1,"href":"https:\/\/alzira.es\/es\/wp-json\/wp\/v2\/pages\/3679\/revisions"}],"predecessor-version":[{"id":90126,"href":"https:\/\/alzira.es\/es\/wp-json\/wp\/v2\/pages\/3679\/revisions\/90126"}],"up":[{"embeddable":true,"href":"https:\/\/alzira.es\/es\/wp-json\/wp\/v2\/pages\/60843"}],"wp:attachment":[{"href":"https:\/\/alzira.es\/es\/wp-json\/wp\/v2\/media?parent=3679"}],"curies":[{"name":"wp","href":"https:\/\/api.w.org\/{rel}","templated":true}]}}