{"id":3675,"date":"2011-10-19T14:00:27","date_gmt":"2011-10-19T12:00:27","guid":{"rendered":"https:\/\/alzira.es\/certificados-digitales\/"},"modified":"2021-09-20T10:05:55","modified_gmt":"2021-09-20T08:05:55","slug":"certificados-digitales","status":"publish","type":"page","link":"https:\/\/alzira.es\/es\/sede-electronica\/certificados-digitales\/","title":{"rendered":"Certificados digitales"},"content":{"rendered":"<p><strong style=\"color: #568bbf; font-size: medium; text-align: justify;\">Certificados Digitales:<\/strong>&nbsp;<\/p>\n<p style=\"text-align: center;\"><a onclick=\"target='_blank'\" href=\"http:\/\/administracionelectronica.gob.es\/?_nfpb=true&amp;_pageLabel=PAE_PG_Inicio&amp;langPae=es\"><img decoding=\"async\" width=\"200\" height=\"100\" class=\"size-full wp-image-3653 lazyload\" data-src=\"https:\/\/alzira.es\/wp-content\/uploads\/2011\/10\/pae_020000041_2.jpg\" alt=\"Administraci\u00f3n electr\u00f3nica\" src=\"data:image\/svg+xml;base64,PHN2ZyB3aWR0aD0iMSIgaGVpZ2h0PSIxIiB4bWxucz0iaHR0cDovL3d3dy53My5vcmcvMjAwMC9zdmciPjwvc3ZnPg==\" style=\"--smush-placeholder-width: 200px; --smush-placeholder-aspect-ratio: 200\/100;\"><\/a><span style=\"text-align: justify; line-height: 1.6;\">&nbsp;<\/span><\/p>\n<p style=\"text-align: justify;\"><strong>Certificados digitales y firma electr\u00f3nica en el \u00e1mbito de la Sede Electr\u00f3nica:<\/strong>&nbsp;<\/p>\n<p style=\"text-align: justify;\">&nbsp;&nbsp;&nbsp;&nbsp;&nbsp;&nbsp;&nbsp;&nbsp;&nbsp;&nbsp;&nbsp; Los certificados digitales y la firma electr\u00f3nica son elementos indispensables para la identificaci\u00f3n electr\u00f3nica, para la autenticaci\u00f3n de los documentos electr\u00f3nicos que se produzcan e intercambien y para establecer una comunicaci\u00f3n segura entre la Administraci\u00f3n P\u00fablica y los ciudadanos y empresas en el \u00e1mbito de la Sede electr\u00f3nica.<\/p>\n<p style=\"text-align: justify;\"><strong><span style=\"color: #000080;\">Contenido:<\/span><\/strong><\/p>\n<p style=\"margin-left: 40px; line-height: 26px;\"><strong><span style=\"color: #568bbf;\"><a href=\"#Secci_n_II\"><span style=\"color: #568bbf;\">I.&nbsp;&nbsp; Certificados de comunicaci\u00f3n segura (HTTPS) de la Sede Electr\u00f3nica<\/span><\/a><\/span><\/strong><\/p>\n<p style=\"margin-left: 40px; line-height: 26px;\"><strong><span style=\"color: #568bbf;\"><span style=\"color: #568bbf;\"><a href=\"#Secci_n_I\"><span style=\"color: #568bbf;\">II.&nbsp; Certificados admitidos para la identificaci\u00f3n de los ciudadanos y empresas<\/span><\/a><span style=\"color: #568bbf;\"><br \/>\n<\/span><\/span><a href=\"#Secci_n_III\"><span style=\"color: #568bbf;\">III. Sellos electr\u00f3nicos utilizados para la \u201cactuaci\u00f3n administrativa automatizada\u201d<\/span><\/a><span style=\"color: #568bbf;\"><br \/>\n<\/span><a href=\"#Secci_n_IV\"><span style=\"color: #568bbf;\">IV. Firma electr\u00f3nica del personal al servicio del Ayuntamiento de Alzira<\/span><\/a><\/span><\/strong><\/p>\n<p style=\"text-align: justify;\">&nbsp;<\/p>\n<p style=\"text-align: justify;\"><span style=\"color: #000080;\"><strong><a name=\"Secci_n_II\"><\/a>Secci\u00f3n I: \u201cCertificados de comunicaci\u00f3n segura (HTTPS) de la Sede electr\u00f3nica\u201d<\/strong><\/span><\/p>\n<p style=\"text-align: justify;\">&nbsp;&nbsp;&nbsp;&nbsp;&nbsp;&nbsp;&nbsp;&nbsp;&nbsp;&nbsp;&nbsp; Desde el momento en que usted accede a la direcci\u00f3n de la Sede electr\u00f3nica del Ayuntamiento de Alzira, y mientras usted se mantenga en sus p\u00e1ginas, la comunicaci\u00f3n entre su ordenador o dispositivo m\u00f3vil y la Sede electr\u00f3nica se realiza siempre a trav\u00e9s de un canal seguro, es decir, en el que la informaci\u00f3n y el contenido de las p\u00e1ginas y documentos que usted visualiza viajan cifrados por la Red.<\/p>\n<p style=\"text-align: justify;\"><span style=\"color: #333333;\"><strong>\u00bfC\u00f3mo s\u00e9 que el canal es seguro?<\/strong><\/span><\/p>\n<p style=\"text-align: justify;\">&nbsp;&nbsp;&nbsp;&nbsp;&nbsp;&nbsp;&nbsp;&nbsp;&nbsp;&nbsp;&nbsp; Porque en su navegador observar\u00e1 que la direcci\u00f3n de la Sede comienza por \u201chttps:\/\/\u201d. Para establecer esta comunicaci\u00f3n la Sede utiliza un sistema de firma electr\u00f3nica mediante los llamados certificados de sede electr\u00f3nica. Estos certificados permiten realizar el cifrado de la informaci\u00f3n y, adem\u00e1s, identifican al Ayuntamiento de Alzira como propietario de la Sede.&nbsp;<\/p>\n<p style=\"text-align: justify;\"><strong>\u00bfY si mi navegador lanza un aviso que NO SE CONF\u00cdA EN EL SITIO?<\/strong>&nbsp;<\/p>\n<p style=\"text-align: justify;\">&nbsp;&nbsp;&nbsp;&nbsp;&nbsp;&nbsp;&nbsp;&nbsp;&nbsp;&nbsp;&nbsp; En este caso es posible que deba instalar manualmente en su navegador los certificados de confianza de la Generalitat Valenciana. Puede instalarlos pinchando sobre los siguientes enlaces:&nbsp;<\/p>\n<p style=\"margin-left: 80px; text-align: justify;\"><em><a onclick=\"target='_blank'\" href=\"http:\/\/www.accv.es\/fileadmin\/Archivos\/certificados\/rootca.crt\">\u2022 Certificado de la Autoridad de Certificaci\u00f3n Ra\u00edz: Root CA Generalitat Valenciana (CRT 3KB).<\/a><\/em><br \/>\n\u2022 <a onclick=\"target='_blank'\" href=\"http:\/\/www.accv.es\/fileadmin\/Archivos\/certificados\/accv-ca2.crt\"><em>A trav\u00e9s del portal VALIDe ofrecido por el Ministerio de la Presidencia del Gobierno de Espa\u00f1a<\/em><\/a>.&nbsp;<\/p>\n<p style=\"text-align: justify;\">&nbsp;&nbsp;&nbsp;&nbsp;&nbsp;&nbsp;&nbsp;&nbsp;&nbsp;&nbsp;&nbsp;&nbsp; Puede encontrar gu\u00edas de instalaci\u00f3n y m\u00e1s informaci\u00f3n en la p\u00e1gina de la <a onclick=\"target='_blank'\" href=\"http:\/\/www.accv.es\/ayuda\/descargar-certificados-digitales\/\"><span style=\"color: #568bbf;\">Agencia de Certificaci\u00f3n y Tecnolog\u00eda de la Comunitat Valenciana<\/span><\/a>.&nbsp;<\/p>\n<p style=\"text-align: justify;\"><strong>\u00bfC\u00f3mo puedo verificar que estos certificados son v\u00e1lidos?<\/strong><\/p>\n<p style=\"text-align: justify;\">&nbsp;&nbsp;&nbsp;&nbsp;&nbsp;&nbsp;&nbsp;&nbsp;&nbsp;&nbsp;&nbsp; Dispone de dos formas de verificar los certificados:<\/p>\n<p style=\"margin-left: 80px; line-height: 26px;\">\u2022 Observando la barra de direcciones de su navegador como se indica en las siguientes figuras para diferentes versiones de navegador (dispone de un <span style=\"color: #568bbf;\"><a onclick=\"target='_blank'\" href=\"https:\/\/alzira.es\/wp-content\/uploads\/2011\/10\/Alzira-SedeElectronica_Tutorial-Navegadores.pdf\">tutorial detallado<\/a><\/span>).&nbsp;<\/p>\n<p style=\"margin-left: 80px; line-height: 26px;\">INTERNET EXPLORER 7, 8 y 9: Pulsando sobre el candado a la derecha de la barra de direcciones.&nbsp;<\/p>\n<p style=\"margin-left: 80px; line-height: 26px; text-align: center;\"><img fetchpriority=\"high\" decoding=\"async\" width=\"600\" height=\"203\" class=\" size-full wp-image-3657\" src=\"https:\/\/alzira.es\/wp-content\/uploads\/2011\/10\/InternetExplorer.jpg\" alt=\"\">&nbsp;<\/p>\n<p style=\"margin-left: 80px; line-height: 26px;\">INTERNET EXPLORER 6: Haciendo doble-click sobre el candado que aparece en la barra de estado en la parte inferior derecha del navegador.&nbsp;<\/p>\n<p style=\"margin-left: 80px; line-height: 26px; text-align: center;\"><img decoding=\"async\" width=\"600\" height=\"254\" class=\"size-full wp-image-3659 lazyload\" data-src=\"https:\/\/alzira.es\/wp-content\/uploads\/2011\/10\/InternetExplorer6.jpg\" alt=\"\" src=\"data:image\/svg+xml;base64,PHN2ZyB3aWR0aD0iMSIgaGVpZ2h0PSIxIiB4bWxucz0iaHR0cDovL3d3dy53My5vcmcvMjAwMC9zdmciPjwvc3ZnPg==\" style=\"--smush-placeholder-width: 600px; --smush-placeholder-aspect-ratio: 600\/254;\">&nbsp;<\/p>\n<p style=\"margin-left: 80px; line-height: 26px;\">MOZILLA FIREFOX: Pulsando en el cuadrado azul con el texto alzira.es al principio de la barra de direcciones del navegador.&nbsp;<\/p>\n<p style=\"margin-left: 80px; line-height: 26px; text-align: center;\"><img decoding=\"async\" width=\"600\" height=\"330\" class=\"size-full wp-image-3661 lazyload\" data-src=\"https:\/\/alzira.es\/wp-content\/uploads\/2011\/10\/Mozilla.jpg\" alt=\"\" src=\"data:image\/svg+xml;base64,PHN2ZyB3aWR0aD0iMSIgaGVpZ2h0PSIxIiB4bWxucz0iaHR0cDovL3d3dy53My5vcmcvMjAwMC9zdmciPjwvc3ZnPg==\" style=\"--smush-placeholder-width: 600px; --smush-placeholder-aspect-ratio: 600\/330;\"><\/p>\n<p style=\"margin-left: 80px; line-height: 26px;\">\u2022 A trav\u00e9s del <a onclick=\"target='_blank'\" href=\"https:\/\/valide.redsara.es\/valide\/pages\/inicioApp\"><span style=\"color: #568bbf;\">portal VALIDe <\/span><\/a>ofrecido por el Ministerio de la Presidencia del Gobierno de Espa\u00f1a.&nbsp;<\/p>\n<p style=\"margin-left: 80px; line-height: 26px; text-align: center;\"><img decoding=\"async\" width=\"600\" height=\"71\" class=\"size-full wp-image-3663 lazyload\" data-src=\"https:\/\/alzira.es\/wp-content\/uploads\/2011\/10\/valide.jpg\" alt=\"\" src=\"data:image\/svg+xml;base64,PHN2ZyB3aWR0aD0iMSIgaGVpZ2h0PSIxIiB4bWxucz0iaHR0cDovL3d3dy53My5vcmcvMjAwMC9zdmciPjwvc3ZnPg==\" style=\"--smush-placeholder-width: 600px; --smush-placeholder-aspect-ratio: 600\/71;\"><\/p>\n<p style=\"margin-left: 120px; text-align: justify;\"><em>o Para m\u00e1s informaci\u00f3n dispone de un <a onclick=\"target='_blank'\" href=\"https:\/\/valide.redsara.es\/valide\/videos\/ValidarSede.htm\"><span style=\"color: #568bbf;\">video-tutorial <\/span><\/a>explicativo y del siguiente <a onclick=\"target='_blank'\" href=\"https:\/\/alzira.es\/wp-content\/uploads\/2011\/10\/Alzira-SedeElectronica_Tutorial-Valide.pdf\"><span style=\"color: #568bbf;\">manual en PDF<\/span><\/a>.<\/em><\/p>\n<p style=\"margin-left: 120px; text-align: justify;\"><em><br \/>\no Esta operaci\u00f3n puede realizarse para los certificados de: Sede Electr\u00f3nica, Portal de la ciudadan\u00eda y de Factura electr\u00f3nica:<\/em><\/p>\n<p style=\"margin-left: 160px; line-height: 26px;\"><img decoding=\"async\" class=\"size-full wp-image-3667 lazyload\" data-src=\"https:\/\/alzira.es\/wp-content\/uploads\/2011\/10\/vineta.jpg\" alt=\"\" width=\"20\" height=\"19\" src=\"data:image\/svg+xml;base64,PHN2ZyB3aWR0aD0iMSIgaGVpZ2h0PSIxIiB4bWxucz0iaHR0cDovL3d3dy53My5vcmcvMjAwMC9zdmciPjwvc3ZnPg==\" style=\"--smush-placeholder-width: 20px; --smush-placeholder-aspect-ratio: 20\/19;\">&nbsp;<a href=\"index.php?option=com_content&amp;view=article&amp;id=1231&amp;Itemid=473\">sedeelectronica.alzira.es<\/a><br \/>\n<img decoding=\"async\" class=\"size-full wp-image-3667 lazyload\" data-src=\"https:\/\/alzira.es\/wp-content\/uploads\/2011\/10\/vineta.jpg\" alt=\"\" width=\"20\" height=\"19\" src=\"data:image\/svg+xml;base64,PHN2ZyB3aWR0aD0iMSIgaGVpZ2h0PSIxIiB4bWxucz0iaHR0cDovL3d3dy53My5vcmcvMjAwMC9zdmciPjwvc3ZnPg==\" style=\"--smush-placeholder-width: 20px; --smush-placeholder-aspect-ratio: 20\/19;\">&nbsp;<a href=\"https:\/\/sedeelectronica.alzira.es\/PortalCiudadano\/info\/inicio.do?formAction=btLoad\" target=\"_blank\" rel=\"noopener\">portalciudadano.alzira.es<\/a><br \/>\n<img decoding=\"async\" class=\"size-full wp-image-3667 lazyload\" data-src=\"https:\/\/alzira.es\/wp-content\/uploads\/2011\/10\/vineta.jpg\" alt=\"\" width=\"20\" height=\"19\" src=\"data:image\/svg+xml;base64,PHN2ZyB3aWR0aD0iMSIgaGVpZ2h0PSIxIiB4bWxucz0iaHR0cDovL3d3dy53My5vcmcvMjAwMC9zdmciPjwvc3ZnPg==\" style=\"--smush-placeholder-width: 20px; --smush-placeholder-aspect-ratio: 20\/19;\">&nbsp;<a href=\"https:\/\/sedeelectronica.alzira.es\/contenidos\/SE_OLD\/Documents\/Portal_Facturacion.pdf\" target=\"_blank\" rel=\"noopener\">portalproveedor.alzira.es<\/a>&nbsp;<\/p>\n<p style=\"margin-left: 40px; text-align: justify;\"><strong>Datos b\u00e1sicos de identificaci\u00f3n del certificado de sede electr\u00f3nica<\/strong><\/p>\n<p style=\"margin-left: 80px; text-align: justify;\">Los datos b\u00e1sicos de identificaci\u00f3n de esta sede electr\u00f3nica son:<\/p>\n<p style=\"margin-left: 120px; text-align: justify;\">\u2022 <strong>Descripci\u00f3n del certificado: <\/strong>Certificado reconocido para sede electr\u00f3nica en soporte software expedido por la Autoritat de Certificaci\u00f3 de la Comunitat Valenciana (Pl. Manises 1. CIF S4611001A). CPS y CP en http:\/\/www.accv.es<\/p>\n<p style=\"margin-left: 120px; text-align: justify;\">\u2022 <strong>Nombre de la Sede:<\/strong> SEDE ELECTRONICA DEL AYUNTAMIENTO DE ALZIRA<\/p>\n<p style=\"margin-left: 120px; text-align: justify;\">\u2022 <strong>Nombre del dominio:<\/strong> sedeelectronica.alzira.es<\/p>\n<p style=\"margin-left: 120px; text-align: justify;\">\u2022 <strong>NIF del titular:<\/strong> P4601700J<\/p>\n<p style=\"margin-left: 120px; text-align: justify;\">\u2022 <strong>Unidad administrativa del titular:<\/strong> AYUNTAMIENTO DE ALZIRA<\/p>\n<p style=\"margin-left: 120px; text-align: justify;\">\u2022 <strong>Fecha de emisi\u00f3n:<\/strong> 29\/11\/2011<\/p>\n<p style=\"margin-left: 120px; text-align: justify;\">\u2022 <strong>Fecha de caducidad:<\/strong> 28\/11\/2014&nbsp;<\/p>\n<p style=\"text-align: justify;\"><a name=\"Secci_n_I\"><\/a><strong>Secci\u00f3n II: \u201cCertificados admitidos para la identificaci\u00f3n de los ciudadanos y empresas\u201d<\/strong><\/p>\n<p style=\"text-align: justify;\"> &nbsp;&nbsp;&nbsp;&nbsp;&nbsp;&nbsp;&nbsp;&nbsp;&nbsp;&nbsp;&nbsp; Los ciudadanos podr\u00e1n utilizar los siguientes tipos de certificados electr\u00f3nicos para identificarse a trav\u00e9s de la <a href=\"https:\/\/sedeelectronica.alzira.es\/PortalCiudadano\/info\/inicio.do?formAction=btLoad\" target=\"_blank\" rel=\"noopener\"><strong><span style=\"color: #568bbf;\">\u201cCarpeta ciudadana\u201d<\/span><\/strong><\/a> y acceder a los servicios personales que ofrece y del <a href=\"https:\/\/sedeelectronica.alzira.es\/PortalCiudadano\/info\/inicio.do?formAction=btLoad\" target=\"_blank\" rel=\"noopener\"><span style=\"color: #568bbf;\"><strong>\u201cRegistro electr\u00f3nico\u201d<\/strong><\/span><\/a> de esta Sede, as\u00ed como para autenticar su actuaci\u00f3n mediante la firma electr\u00f3nica de documentos en la <a href=\"https:\/\/sedeelectronica.alzira.es\/PortalCiudadano\/info\/inicio.do?formAction=btLoad\" target=\"_blank\" rel=\"noopener\"><strong><span style=\"color: #568bbf;\">\u201cTramitaci\u00f3n on-line\u201d<\/span><\/strong><\/a> de los procedimientos en sus diferentes estados (presentaci\u00f3n electr\u00f3nica y acceso a notificaciones electr\u00f3nicas):<\/p>\n<p style=\"text-align: justify;\">&nbsp;&nbsp;&nbsp;&nbsp;&nbsp;&nbsp;&nbsp;&nbsp;&nbsp;&nbsp;&nbsp; Las empresas tambi\u00e9n utilizar\u00e1n estos certificados para identificarse en el \u201c<a onclick=\"target='_blank'\" href=\"https:\/\/portalproveedor.alzira.es\/PortalProveedor\/\"><span style=\"color: #568bbf;\">Portal del Proveedor<\/span><\/a>\u201d, de tal manera que podr\u00e1n emitir facturas electr\u00f3nicas, firmarlas digitalmente y presentarlas de forma telem\u00e1tica en el Registro electr\u00f3nico.<\/p>\n<p style=\"text-align: justify;\">&nbsp;&nbsp;&nbsp;&nbsp;&nbsp;&nbsp;&nbsp;&nbsp;&nbsp;&nbsp;&nbsp; Los certificados admitidos en la plataforma son los siguientes:&nbsp;<\/p>\n<table style=\"width: 600px;\" border=\"0\" cellspacing=\"1\" cellpadding=\"1\">\n<tbody>\n<tr>\n<td style=\"width: 200px; text-align: center;\"><a onclick=\"target='_blank'\" href=\"http:\/\/www.dnielectronico.es\/\"><img decoding=\"async\" width=\"55\" height=\"37\" class=\"size-full wp-image-3669 lazyload\" data-src=\"https:\/\/alzira.es\/wp-content\/uploads\/2011\/10\/dni.jpg\" alt=\"\" src=\"data:image\/svg+xml;base64,PHN2ZyB3aWR0aD0iMSIgaGVpZ2h0PSIxIiB4bWxucz0iaHR0cDovL3d3dy53My5vcmcvMjAwMC9zdmciPjwvc3ZnPg==\" style=\"--smush-placeholder-width: 55px; --smush-placeholder-aspect-ratio: 55\/37;\"><\/a><\/td>\n<td style=\"text-align: center;\"><a onclick=\"target='_blank'\" href=\"http:\/\/www.accv.es\/\"><img decoding=\"async\" width=\"115\" height=\"30\" class=\"size-full wp-image-3671 lazyload\" data-src=\"https:\/\/alzira.es\/wp-content\/uploads\/2011\/10\/accv.jpg\" alt=\"\" src=\"data:image\/svg+xml;base64,PHN2ZyB3aWR0aD0iMSIgaGVpZ2h0PSIxIiB4bWxucz0iaHR0cDovL3d3dy53My5vcmcvMjAwMC9zdmciPjwvc3ZnPg==\" style=\"--smush-placeholder-width: 115px; --smush-placeholder-aspect-ratio: 115\/30;\"><\/a><\/td>\n<td style=\"text-align: center;\"><a onclick=\"target='_blank'\" href=\"http:\/\/www.camerfirma.com\/camerfirmaPublic\/index.html\"><img decoding=\"async\" width=\"77\" height=\"30\" class=\"size-full wp-image-3673 lazyload\" data-src=\"https:\/\/alzira.es\/wp-content\/uploads\/2011\/10\/camerfirma.jpg\" alt=\"\" src=\"data:image\/svg+xml;base64,PHN2ZyB3aWR0aD0iMSIgaGVpZ2h0PSIxIiB4bWxucz0iaHR0cDovL3d3dy53My5vcmcvMjAwMC9zdmciPjwvc3ZnPg==\" style=\"--smush-placeholder-width: 77px; --smush-placeholder-aspect-ratio: 77\/30;\"><\/a><\/td>\n<\/tr>\n<tr>\n<td style=\"text-align: center;\"><a onclick=\"target='_blank'\" href=\"http:\/\/www.dnielectronico.es\/\"><strong>DNI electr\u00f3nico<\/strong><\/a><strong>&nbsp;&nbsp;<\/strong><\/td>\n<td style=\"text-align: center;\"><a onclick=\"target='_blank'\" href=\"http:\/\/www.camerfirma.com\/camerfirmaPublic\/index.html\"><strong>ACCV<\/strong><\/a><\/td>\n<td style=\"text-align: center;\"><a onclick=\"target='_blank'\" href=\"http:\/\/www.camerfirma.com\/camerfirmaPublic\/index.html\"><strong>Camerfirma<\/strong><\/a><\/td>\n<\/tr>\n<\/tbody>\n<\/table>\n<p>&nbsp;<\/p>\n<p style=\"text-align: justify;\"><span style=\"color: #000080;\"><strong><a name=\"Secci_n_III\"><\/a>Secci\u00f3n III: \u201cSellos electr\u00f3nicos utilizados para la actuaci\u00f3n administrativa automatizada\u201d<\/strong><\/span><\/p>\n<p style=\"text-align: justify;\">&nbsp;&nbsp;&nbsp;&nbsp;&nbsp;&nbsp;&nbsp;&nbsp;&nbsp;&nbsp;&nbsp; La \u201cActuaci\u00f3n administrativa automatizada\u201d es una \u201cactuaci\u00f3n administrativa producida por un sistema de informaci\u00f3n adecuadamente programado sin necesidad de intervenci\u00f3n de una persona f\u00edsica en cada caso singular. Incluye la producci\u00f3n de actos de tr\u00e1mite o resolutorios de procedimientos, as\u00ed como de meros actos de comunicaci\u00f3n\u201d<\/p>\n<p style=\"text-align: justify;\">&nbsp;&nbsp;&nbsp;&nbsp;&nbsp;&nbsp;&nbsp;&nbsp;&nbsp;&nbsp;&nbsp; Este tipo de actos permiten disponer de una administraci\u00f3n m\u00e1s eficiente, acortando de forma considerable los tiempos de tramitaci\u00f3n, de una forma segura y garantizada por los sistemas de firma electr\u00f3nica basada en sellos electr\u00f3nicos.&nbsp;<\/p>\n<p style=\"text-align: justify;\">&nbsp;&nbsp;&nbsp;&nbsp;&nbsp;&nbsp;&nbsp;&nbsp;&nbsp;&nbsp;&nbsp; Los sellos electr\u00f3nicos utilizados por el Ayuntamiento de Alzira son:&nbsp;<\/p>\n<p style=\"margin-left: 120px; text-align: justify;\">o <strong>Descripci\u00f3n del certificado:<\/strong> Certificado reconocido para sello de \u00f3rgano en soporte software expedido por la Autoritat de Certificaci\u00f3 de la Comunitat Valenciana (Pl. Manises 1. CIF S4611001A). CPS y CP en http:\/\/www.accv.es<\/p>\n<p style=\"margin-left: 120px; text-align: justify;\">o <strong>NIF del titular: <\/strong>P4601700J<\/p>\n<p style=\"margin-left: 120px; text-align: justify;\">o <strong>Unidad administrativa del titular:<\/strong> SECRETARIA GENERAL EADMINISTRACION<\/p>\n<p style=\"margin-left: 120px; text-align: justify;\">o <strong>Fecha de emisi\u00f3n:<\/strong> 04\/11\/2011<\/p>\n<p style=\"margin-left: 120px; text-align: justify;\">o <strong>Fecha de caducidad:<\/strong> 03\/11\/2014<\/p>\n<p style=\"margin-left: 120px; text-align: justify;\">o Ver <a onclick=\"target='_blank'\" href=\"http:\/\/EADMINISTRACION+SECRETARIA.cer\"><span style=\"color: #568bbf;\">certificado de sello de \u00f3rgano de \u201cSECRETARIA GENERAL EADMINISTRACION<\/span><\/a>\u201d.&nbsp;<\/p>\n<p style=\"text-align: justify;\"><strong><a name=\"Secci_n_IV\"><\/a>Secci\u00f3n IV: \u201cFirma electr\u00f3nica del personal al servicio del Ayuntamiento de Alzira\u201d<\/strong><\/p>\n<p style=\"text-align: justify;\">&nbsp;&nbsp;&nbsp;&nbsp;&nbsp;&nbsp;&nbsp;&nbsp;&nbsp;&nbsp;&nbsp; El personal del Ayuntamiento de Alzira encargada de la tramitaci\u00f3n electr\u00f3nica de procedimientos utiliza la firma electr\u00f3nica para identificarse en los sistemas de tramitaci\u00f3n y para autenticar su actuaci\u00f3n en los correspondientes documentos mediante firma electr\u00f3nica.<\/p>\n<p style=\"text-align: justify;\">&nbsp;&nbsp;&nbsp;&nbsp;&nbsp;&nbsp;&nbsp;&nbsp;&nbsp;&nbsp;&nbsp; Los certificados digitales utilizados por el personal del Ayuntamiento de Alzira son Certificados reconocidos de empleado p\u00fablico emitidos por la Agencia de Tecnolog\u00eda y Certificaci\u00f3n Electr\u00f3nica (ACCV) de la Generalitat Valenciana. Puede obtener m\u00e1s informaci\u00f3n sobre estos certificados en la <a onclick=\"target='_blank'\" href=\"http:\/\/www.accv.es\" target=\"_blank\" rel=\"noopener\"><span style=\"color: #568bbf;\">p\u00e1gina de la ACCV<\/span><\/a>.<\/p>\n<p style=\"text-align: justify;\">&nbsp;<\/p>\n<p>&nbsp;<\/p>\n<p style=\"line-height: 26px;\">&nbsp;<\/p>\n","protected":false},"excerpt":{"rendered":"<p>Certificados Digitales:&nbsp; &nbsp; Certificados digitales y firma electr\u00f3nica en el \u00e1mbito de la Sede Electr\u00f3nica:&nbsp; &nbsp;&nbsp;&nbsp;&nbsp;&nbsp;&nbsp;&nbsp;&nbsp;&nbsp;&nbsp;&nbsp; Los certificados digitales y la firma electr\u00f3nica son elementos indispensables para la identificaci\u00f3n electr\u00f3nica, para la autenticaci\u00f3n de los documentos electr\u00f3nicos que se produzcan e intercambien y para establecer una comunicaci\u00f3n segura entre la Administraci\u00f3n P\u00fablica y los ciudadanos &hellip; <\/p>\n<p class=\"link-more\"><a href=\"https:\/\/alzira.es\/es\/sede-electronica\/certificados-digitales\/\" class=\"more-link\">Continuar leyendo<span class=\"screen-reader-text\"> \u00abCertificados digitales\u00bb<\/span><\/a><\/p>\n","protected":false},"author":12,"featured_media":3653,"parent":60843,"menu_order":0,"comment_status":"closed","ping_status":"closed","template":"","meta":{"_acf_changed":false,"footnotes":""},"class_list":["post-3675","page","type-page","status-publish","has-post-thumbnail","hentry"],"acf":[],"_links":{"self":[{"href":"https:\/\/alzira.es\/es\/wp-json\/wp\/v2\/pages\/3675","targetHints":{"allow":["GET"]}}],"collection":[{"href":"https:\/\/alzira.es\/es\/wp-json\/wp\/v2\/pages"}],"about":[{"href":"https:\/\/alzira.es\/es\/wp-json\/wp\/v2\/types\/page"}],"author":[{"embeddable":true,"href":"https:\/\/alzira.es\/es\/wp-json\/wp\/v2\/users\/12"}],"replies":[{"embeddable":true,"href":"https:\/\/alzira.es\/es\/wp-json\/wp\/v2\/comments?post=3675"}],"version-history":[{"count":1,"href":"https:\/\/alzira.es\/es\/wp-json\/wp\/v2\/pages\/3675\/revisions"}],"predecessor-version":[{"id":90127,"href":"https:\/\/alzira.es\/es\/wp-json\/wp\/v2\/pages\/3675\/revisions\/90127"}],"up":[{"embeddable":true,"href":"https:\/\/alzira.es\/es\/wp-json\/wp\/v2\/pages\/60843"}],"wp:featuredmedia":[{"embeddable":true,"href":"https:\/\/alzira.es\/es\/wp-json\/wp\/v2\/media\/3653"}],"wp:attachment":[{"href":"https:\/\/alzira.es\/es\/wp-json\/wp\/v2\/media?parent=3675"}],"curies":[{"name":"wp","href":"https:\/\/api.w.org\/{rel}","templated":true}]}}