{"id":36636,"date":"2018-12-12T08:33:40","date_gmt":"2018-12-12T07:33:40","guid":{"rendered":"https:\/\/alzira.es\/catalogo-de-juegos-y-juguetes-en-valenciano\/"},"modified":"2021-08-31T15:52:24","modified_gmt":"2021-08-31T13:52:24","slug":"catalogo-de-juegos-y-juguetes-en-valenciano","status":"publish","type":"page","link":"https:\/\/alzira.es\/es\/servicios-municipales\/serval\/campanas\/catalogo-de-juegos-y-juguetes-en-valenciano\/","title":{"rendered":"Cat\u00e1logo de juegos y juguetes en valenciano"},"content":{"rendered":"\n<div class=\"wp-block-image\"><figure class=\"alignleft size-medium is-resized\"><img fetchpriority=\"high\" decoding=\"async\" src=\"https:\/\/alzira.es\/wp-content\/uploads\/2018\/12\/Cataleg_de_jocs_i_joguets_en_valencia_portada-001-360x510.jpg\" alt=\"Cat\u00e0leg de jocs i joguets en valenci\u00e0 portada-001\" class=\"wp-image-36631\" width=\"270\" height=\"383\" srcset=\"https:\/\/alzira.es\/wp-content\/uploads\/2018\/12\/Cataleg_de_jocs_i_joguets_en_valencia_portada-001-360x510.jpg 360w, https:\/\/alzira.es\/wp-content\/uploads\/2018\/12\/Cataleg_de_jocs_i_joguets_en_valencia_portada-001-758x1072.jpg 758w, https:\/\/alzira.es\/wp-content\/uploads\/2018\/12\/Cataleg_de_jocs_i_joguets_en_valencia_portada-001-768x1087.jpg 768w, https:\/\/alzira.es\/wp-content\/uploads\/2018\/12\/Cataleg_de_jocs_i_joguets_en_valencia_portada-001-1086x1536.jpg 1086w, https:\/\/alzira.es\/wp-content\/uploads\/2018\/12\/Cataleg_de_jocs_i_joguets_en_valencia_portada-001.jpg 1191w\" sizes=\"(max-width: 270px) 100vw, 270px\" \/><\/figure><\/div>\n\n\n\n<p>En AVIVA Montserrat se ha elaborado un cat\u00e1logo de juegos y juguetes en valenciano. Es un recopilatorio breve, de 16 p\u00e1ginas, que incluye las principales tiendas donde se pueden comprar y un acceso a un buscador con m\u00e1s de 750 juguetes. Con todo esto se pretende difundir la oferta de juegos y juguetes en valenciano y fomentar el consumo en estas fiestas navide\u00f1as.&nbsp;<\/p>\n\n\n\n<p>Puedes descargar el cat\u00e1logo <a href=\"https:\/\/alzira.es\/wp-content\/uploads\/2018\/12\/Cataleg_de_jocs_i_joguets_en_valencia_compressed.pdf\" target=\"_blank\" rel=\"noopener\"><strong>aqu\u00ed<\/strong><\/a><\/p>\n\n\n\n<p class=\"has-text-align-center\">&nbsp;<\/p>\n","protected":false},"excerpt":{"rendered":"<p>En AVIVA Montserrat se ha elaborado un cat\u00e1logo de juegos y juguetes en valenciano. Es un recopilatorio breve, de 16 p\u00e1ginas, que incluye las principales tiendas donde se pueden comprar y un acceso a un buscador con m\u00e1s de 750 juguetes. Con todo esto se pretende difundir la oferta de juegos y juguetes en valenciano &hellip; <\/p>\n<p class=\"link-more\"><a href=\"https:\/\/alzira.es\/es\/servicios-municipales\/serval\/campanas\/catalogo-de-juegos-y-juguetes-en-valenciano\/\" class=\"more-link\">Continuar leyendo<span class=\"screen-reader-text\"> \u00abCat\u00e1logo de juegos y juguetes en valenciano\u00bb<\/span><\/a><\/p>\n","protected":false},"author":12,"featured_media":0,"parent":33779,"menu_order":5,"comment_status":"closed","ping_status":"closed","template":"","meta":{"_acf_changed":false,"footnotes":""},"class_list":["post-36636","page","type-page","status-publish","hentry"],"acf":[],"_links":{"self":[{"href":"https:\/\/alzira.es\/es\/wp-json\/wp\/v2\/pages\/36636","targetHints":{"allow":["GET"]}}],"collection":[{"href":"https:\/\/alzira.es\/es\/wp-json\/wp\/v2\/pages"}],"about":[{"href":"https:\/\/alzira.es\/es\/wp-json\/wp\/v2\/types\/page"}],"author":[{"embeddable":true,"href":"https:\/\/alzira.es\/es\/wp-json\/wp\/v2\/users\/12"}],"replies":[{"embeddable":true,"href":"https:\/\/alzira.es\/es\/wp-json\/wp\/v2\/comments?post=36636"}],"version-history":[{"count":2,"href":"https:\/\/alzira.es\/es\/wp-json\/wp\/v2\/pages\/36636\/revisions"}],"predecessor-version":[{"id":87305,"href":"https:\/\/alzira.es\/es\/wp-json\/wp\/v2\/pages\/36636\/revisions\/87305"}],"up":[{"embeddable":true,"href":"https:\/\/alzira.es\/es\/wp-json\/wp\/v2\/pages\/33779"}],"wp:attachment":[{"href":"https:\/\/alzira.es\/es\/wp-json\/wp\/v2\/media?parent=36636"}],"curies":[{"name":"wp","href":"https:\/\/api.w.org\/{rel}","templated":true}]}}