{"id":36523,"date":"2018-12-10T14:26:42","date_gmt":"2018-12-10T13:26:42","guid":{"rendered":"https:\/\/alzira.es\/tramites\/"},"modified":"2021-08-31T16:59:10","modified_gmt":"2021-08-31T14:59:10","slug":"tramites","status":"publish","type":"page","link":"https:\/\/alzira.es\/es\/servicios-municipales\/serval\/tramites\/","title":{"rendered":"Tr\u00e1mites"},"content":{"rendered":"\n<p>Contenido disponible dentro del men\u00fa de Tr\u00e1mites:<\/p>\n\n\n\n<p><img decoding=\"async\" width=\"16\" height=\"16\" title=\"accede a este contenido\" class=\"size-full wp-image-33777 lazyload\" data-src=\"https:\/\/alzira.es\/wp-content\/uploads\/2018\/09\/flecha_azul.png\" alt=\"flecha azul\" src=\"data:image\/svg+xml;base64,PHN2ZyB3aWR0aD0iMSIgaGVpZ2h0PSIxIiB4bWxucz0iaHR0cDovL3d3dy53My5vcmcvMjAwMC9zdmciPjwvc3ZnPg==\" style=\"--smush-placeholder-width: 16px; --smush-placeholder-aspect-ratio: 16\/16;\">\u00a0<a href=\"https:\/\/alzira.es\/es\/servicios-municipales\/serval\/tramites\/ayudas-y-subvenciones\/\"><strong>Ayudas y subvenciones<\/strong><\/a><\/p>\n\n\n\n<p><img decoding=\"async\" width=\"16\" height=\"16\" title=\"accede a este contenido\" class=\"size-full wp-image-33777 lazyload\" data-src=\"https:\/\/alzira.es\/wp-content\/uploads\/2018\/09\/flecha_azul.png\" alt=\"flecha azul\" src=\"data:image\/svg+xml;base64,PHN2ZyB3aWR0aD0iMSIgaGVpZ2h0PSIxIiB4bWxucz0iaHR0cDovL3d3dy53My5vcmcvMjAwMC9zdmciPjwvc3ZnPg==\" style=\"--smush-placeholder-width: 16px; --smush-placeholder-aspect-ratio: 16\/16;\">\u00a0<a href=\"https:\/\/alzira.es\/es\/servicios-municipales\/serval\/tramites\/derechos-linguisticos-y-legislacion\/\"><strong>Derechos ling\u00fc\u00edsticos y legislaci\u00f3n<\/strong><\/a><\/p>\n\n\n\n<p><img decoding=\"async\" width=\"16\" height=\"16\" title=\"accede a este contenido\" class=\"size-full wp-image-33777 lazyload\" data-src=\"https:\/\/alzira.es\/wp-content\/uploads\/2018\/09\/flecha_azul.png\" alt=\"flecha azul\" src=\"data:image\/svg+xml;base64,PHN2ZyB3aWR0aD0iMSIgaGVpZ2h0PSIxIiB4bWxucz0iaHR0cDovL3d3dy53My5vcmcvMjAwMC9zdmciPjwvc3ZnPg==\" style=\"--smush-placeholder-width: 16px; --smush-placeholder-aspect-ratio: 16\/16;\">\u00a0<a href=\"https:\/\/alzira.es\/es\/servicios-municipales\/serval\/tramites\/solicitudes\/\"><strong>Solicitudes de convalidaci\u00f3n\u00a0<\/strong><\/a><\/p>\n\n\n\n<p><img decoding=\"async\" width=\"16\" height=\"16\" title=\"accede a este contenido\" class=\"size-full wp-image-33777 lazyload\" data-src=\"https:\/\/alzira.es\/wp-content\/uploads\/2018\/09\/flecha_azul.png\" alt=\"flecha azul\" src=\"data:image\/svg+xml;base64,PHN2ZyB3aWR0aD0iMSIgaGVpZ2h0PSIxIiB4bWxucz0iaHR0cDovL3d3dy53My5vcmcvMjAwMC9zdmciPjwvc3ZnPg==\" style=\"--smush-placeholder-width: 16px; --smush-placeholder-aspect-ratio: 16\/16;\">\u00a0<a href=\"https:\/\/alzira.es\/es\/servicios-municipales\/serval\/tramites\/valencianizacion-del-nombre\/\"><strong>Valencianizaci\u00f3n del nombre<\/strong><\/a><\/p>\n","protected":false},"excerpt":{"rendered":"<p>Contenido disponible dentro del men\u00fa de Tr\u00e1mites: \u00a0Ayudas y subvenciones \u00a0Derechos ling\u00fc\u00edsticos y legislaci\u00f3n \u00a0Solicitudes de convalidaci\u00f3n\u00a0 \u00a0Valencianizaci\u00f3n del nombre<\/p>\n","protected":false},"author":12,"featured_media":0,"parent":34278,"menu_order":6,"comment_status":"closed","ping_status":"closed","template":"","meta":{"_acf_changed":false,"footnotes":""},"class_list":["post-36523","page","type-page","status-publish","hentry"],"acf":[],"_links":{"self":[{"href":"https:\/\/alzira.es\/es\/wp-json\/wp\/v2\/pages\/36523","targetHints":{"allow":["GET"]}}],"collection":[{"href":"https:\/\/alzira.es\/es\/wp-json\/wp\/v2\/pages"}],"about":[{"href":"https:\/\/alzira.es\/es\/wp-json\/wp\/v2\/types\/page"}],"author":[{"embeddable":true,"href":"https:\/\/alzira.es\/es\/wp-json\/wp\/v2\/users\/12"}],"replies":[{"embeddable":true,"href":"https:\/\/alzira.es\/es\/wp-json\/wp\/v2\/comments?post=36523"}],"version-history":[{"count":1,"href":"https:\/\/alzira.es\/es\/wp-json\/wp\/v2\/pages\/36523\/revisions"}],"predecessor-version":[{"id":87376,"href":"https:\/\/alzira.es\/es\/wp-json\/wp\/v2\/pages\/36523\/revisions\/87376"}],"up":[{"embeddable":true,"href":"https:\/\/alzira.es\/es\/wp-json\/wp\/v2\/pages\/34278"}],"wp:attachment":[{"href":"https:\/\/alzira.es\/es\/wp-json\/wp\/v2\/media?parent=36523"}],"curies":[{"name":"wp","href":"https:\/\/api.w.org\/{rel}","templated":true}]}}