{"id":36519,"date":"2018-12-10T14:14:20","date_gmt":"2018-12-10T13:14:20","guid":{"rendered":"https:\/\/alzira.es\/aprendizaje\/"},"modified":"2021-08-31T15:05:33","modified_gmt":"2021-08-31T13:05:33","slug":"aprendizaje","status":"publish","type":"page","link":"https:\/\/alzira.es\/es\/servicios-municipales\/serval\/aprendizaje\/","title":{"rendered":"Aprendizaje"},"content":{"rendered":"<p>Contenido disponible dentro del men\u00fa de Aprendizaje:<\/p>\n<p><img decoding=\"async\" width=\"16\" height=\"16\" class=\"size-full wp-image-33777 lazyload\" title=\"accede a este contenido\" data-src=\"https:\/\/alzira.es\/wp-content\/uploads\/2018\/09\/flecha_azul.png\" alt=\"flecha azul\" src=\"data:image\/svg+xml;base64,PHN2ZyB3aWR0aD0iMSIgaGVpZ2h0PSIxIiB4bWxucz0iaHR0cDovL3d3dy53My5vcmcvMjAwMC9zdmciPjwvc3ZnPg==\" style=\"--smush-placeholder-width: 16px; --smush-placeholder-aspect-ratio: 16\/16;\" \/>\u00a0<a href=\"https:\/\/alzira.es\/es\/servicios-municipales\/serval\/aprendizaje\/aprender-valenciano-en-alzira\/\"><strong>Aprender valenciano en Alzira<\/strong><\/a><\/p>\n<p><img decoding=\"async\" width=\"16\" height=\"16\" class=\"size-full wp-image-33777 lazyload\" title=\"accede a este contenido\" data-src=\"https:\/\/alzira.es\/wp-content\/uploads\/2018\/09\/flecha_azul.png\" alt=\"flecha azul\" src=\"data:image\/svg+xml;base64,PHN2ZyB3aWR0aD0iMSIgaGVpZ2h0PSIxIiB4bWxucz0iaHR0cDovL3d3dy53My5vcmcvMjAwMC9zdmciPjwvc3ZnPg==\" style=\"--smush-placeholder-width: 16px; --smush-placeholder-aspect-ratio: 16\/16;\" \/>\u00a0<a href=\"https:\/\/alzira.es\/es\/servicios-municipales\/serval\/aprendizaje\/autoaprendizaje\/\"><strong>Autoaprendizaje<\/strong><\/a><\/p>\n<p><img decoding=\"async\" width=\"16\" height=\"16\" class=\"size-full wp-image-33777 lazyload\" title=\"accede a este contenido\" data-src=\"https:\/\/alzira.es\/wp-content\/uploads\/2018\/09\/flecha_azul.png\" alt=\"flecha azul\" src=\"data:image\/svg+xml;base64,PHN2ZyB3aWR0aD0iMSIgaGVpZ2h0PSIxIiB4bWxucz0iaHR0cDovL3d3dy53My5vcmcvMjAwMC9zdmciPjwvc3ZnPg==\" style=\"--smush-placeholder-width: 16px; --smush-placeholder-aspect-ratio: 16\/16;\" \/>\u00a0<a href=\"https:\/\/alzira.es\/es\/servicios-municipales\/serval\/aprendizaje\/diccionarios-gramaticas-y-criterios-linguisticos\/\"><strong>Diccionarios, gram\u00e1ticas y criterios ling\u00fc\u00edsticos<\/strong><\/a><\/p>\n<p><img decoding=\"async\" width=\"16\" height=\"16\" class=\"size-full wp-image-33777 lazyload\" title=\"accede a este contenido\" data-src=\"https:\/\/alzira.es\/wp-content\/uploads\/2018\/09\/flecha_azul.png\" alt=\"flecha azul\" src=\"data:image\/svg+xml;base64,PHN2ZyB3aWR0aD0iMSIgaGVpZ2h0PSIxIiB4bWxucz0iaHR0cDovL3d3dy53My5vcmcvMjAwMC9zdmciPjwvc3ZnPg==\" style=\"--smush-placeholder-width: 16px; --smush-placeholder-aspect-ratio: 16\/16;\" \/>\u00a0<a href=\"https:\/\/alzira.es\/es\/servicios-municipales\/serval\/aprendizaje\/ejercicios-para-practicar\/\"><strong>Ejercicios para practicar<\/strong><\/a><\/p>\n<p><img decoding=\"async\" width=\"16\" height=\"16\" class=\"size-full wp-image-33777 lazyload\" title=\"accede a este contenido\" data-src=\"https:\/\/alzira.es\/wp-content\/uploads\/2018\/09\/flecha_azul.png\" alt=\"flecha azul\" src=\"data:image\/svg+xml;base64,PHN2ZyB3aWR0aD0iMSIgaGVpZ2h0PSIxIiB4bWxucz0iaHR0cDovL3d3dy53My5vcmcvMjAwMC9zdmciPjwvc3ZnPg==\" style=\"--smush-placeholder-width: 16px; --smush-placeholder-aspect-ratio: 16\/16;\" \/>\u00a0<a href=\"https:\/\/alzira.es\/es\/servicios-municipales\/serval\/aprendizaje\/el-refranero-tematico\/\"><strong>El refranero tem\u00e1tico<\/strong><\/a><\/p>\n<p><img decoding=\"async\" width=\"16\" height=\"16\" class=\"size-full wp-image-33777 lazyload\" title=\"accede a este contenido\" data-src=\"https:\/\/alzira.es\/wp-content\/uploads\/2018\/09\/flecha_azul.png\" alt=\"flecha azul\" src=\"data:image\/svg+xml;base64,PHN2ZyB3aWR0aD0iMSIgaGVpZ2h0PSIxIiB4bWxucz0iaHR0cDovL3d3dy53My5vcmcvMjAwMC9zdmciPjwvc3ZnPg==\" style=\"--smush-placeholder-width: 16px; --smush-placeholder-aspect-ratio: 16\/16;\" \/>\u00a0<a href=\"https:\/\/alzira.es\/es\/servicios-municipales\/serval\/aprendizaje\/jqcv\/\"><strong>JQCV<\/strong><\/a><\/p>\n<p><img decoding=\"async\" width=\"16\" height=\"16\" class=\"size-full wp-image-33777 lazyload\" title=\"accede a este contenido\" data-src=\"https:\/\/alzira.es\/wp-content\/uploads\/2018\/09\/flecha_azul.png\" alt=\"flecha azul\" src=\"data:image\/svg+xml;base64,PHN2ZyB3aWR0aD0iMSIgaGVpZ2h0PSIxIiB4bWxucz0iaHR0cDovL3d3dy53My5vcmcvMjAwMC9zdmciPjwvc3ZnPg==\" style=\"--smush-placeholder-width: 16px; --smush-placeholder-aspect-ratio: 16\/16;\" \/>\u00a0<a href=\"https:\/\/alzira.es\/es\/servicios-municipales\/serval\/aprendizaje\/lenguaje-administrativo\/\"><strong>Lenguaje administrativo<\/strong><\/a><\/p>\n<p><img decoding=\"async\" width=\"16\" height=\"16\" class=\"size-full wp-image-33777 lazyload\" title=\"accede a este contenido\" data-src=\"https:\/\/alzira.es\/wp-content\/uploads\/2018\/09\/flecha_azul.png\" alt=\"flecha azul\" src=\"data:image\/svg+xml;base64,PHN2ZyB3aWR0aD0iMSIgaGVpZ2h0PSIxIiB4bWxucz0iaHR0cDovL3d3dy53My5vcmcvMjAwMC9zdmciPjwvc3ZnPg==\" style=\"--smush-placeholder-width: 16px; --smush-placeholder-aspect-ratio: 16\/16;\" \/>\u00a0<a href=\"https:\/\/alzira.es\/es\/servicios-municipales\/serval\/aprendizaje\/toponimia-de-alzira\/\"><strong>Toponimia de Alzira<\/strong><\/a><\/p>\n","protected":false},"excerpt":{"rendered":"<p>Contenido disponible dentro del men\u00fa de Aprendizaje: \u00a0Aprender valenciano en Alzira \u00a0Autoaprendizaje \u00a0Diccionarios, gram\u00e1ticas y criterios ling\u00fc\u00edsticos \u00a0Ejercicios para practicar \u00a0El refranero tem\u00e1tico \u00a0JQCV \u00a0Lenguaje administrativo \u00a0Toponimia de Alzira<\/p>\n","protected":false},"author":12,"featured_media":0,"parent":34278,"menu_order":7,"comment_status":"closed","ping_status":"closed","template":"","meta":{"_acf_changed":false,"footnotes":""},"class_list":["post-36519","page","type-page","status-publish","hentry"],"acf":[],"_links":{"self":[{"href":"https:\/\/alzira.es\/es\/wp-json\/wp\/v2\/pages\/36519","targetHints":{"allow":["GET"]}}],"collection":[{"href":"https:\/\/alzira.es\/es\/wp-json\/wp\/v2\/pages"}],"about":[{"href":"https:\/\/alzira.es\/es\/wp-json\/wp\/v2\/types\/page"}],"author":[{"embeddable":true,"href":"https:\/\/alzira.es\/es\/wp-json\/wp\/v2\/users\/12"}],"replies":[{"embeddable":true,"href":"https:\/\/alzira.es\/es\/wp-json\/wp\/v2\/comments?post=36519"}],"version-history":[{"count":1,"href":"https:\/\/alzira.es\/es\/wp-json\/wp\/v2\/pages\/36519\/revisions"}],"predecessor-version":[{"id":87071,"href":"https:\/\/alzira.es\/es\/wp-json\/wp\/v2\/pages\/36519\/revisions\/87071"}],"up":[{"embeddable":true,"href":"https:\/\/alzira.es\/es\/wp-json\/wp\/v2\/pages\/34278"}],"wp:attachment":[{"href":"https:\/\/alzira.es\/es\/wp-json\/wp\/v2\/media?parent=36519"}],"curies":[{"name":"wp","href":"https:\/\/api.w.org\/{rel}","templated":true}]}}