{"id":3651,"date":"2011-10-19T14:00:27","date_gmt":"2011-10-19T12:00:27","guid":{"rendered":"https:\/\/alzira.es\/com-utilitzar-la-seu\/"},"modified":"2021-09-20T10:05:58","modified_gmt":"2021-09-20T08:05:58","slug":"com-utilitzar-la-seu","status":"publish","type":"page","link":"https:\/\/alzira.es\/es\/sede-electronica\/com-utilitzar-la-seu\/","title":{"rendered":"C\u00f3mo utilizar la Sede"},"content":{"rendered":"<p style=\"margin-top: 0px; margin-bottom: 0px; padding-top: 0px; padding-bottom: 0px; font-family: Verdana, Geneva, Arial, Helvetica, sans-serif; font-size: 11px; line-height: normal; text-align: justify;\"><span style=\"font-size: small; font-family: Verdana;\">Las secciones de la Sede Electr\u00f3nica del Ayuntamiento de Alzira se encuentran disponibles en el men\u00fa horizontal. Pulse sobre cualquiera de ellas para visualizar su contenido.<\/span><\/p>\n<p style=\"margin-top: 0px; margin-bottom: 0px; padding-top: 0px; padding-bottom: 0px; font-family: Verdana, Geneva, Arial, Helvetica, sans-serif; font-size: 11px; line-height: normal; text-align: justify;\">&nbsp;<\/p>\n<p style=\"margin-top: 0px; margin-bottom: 0px; padding-top: 0px; padding-bottom: 0px; font-family: Verdana, Geneva, Arial, Helvetica, sans-serif; font-size: 11px; line-height: normal; text-align: justify;\"><span style=\"font-family: Verdana;\"><span style=\"font-size: small;\">En cada una de las secciones dispone de:<\/span><\/span><\/p>\n<p style=\"margin-top: 0px; margin-bottom: 0px; padding-top: 0px; padding-bottom: 0px; font-family: Verdana, Geneva, Arial, Helvetica, sans-serif; font-size: 11px; line-height: normal; text-align: justify;\">&nbsp;<\/p>\n<p style=\"margin-top: 0px; margin-bottom: 0px; margin-left: 120px; padding-top: 0px; padding-bottom: 0px; font-family: Verdana, Geneva, Arial, Helvetica, sans-serif; font-size: 11px; line-height: normal; text-align: justify;\"><strong><span style=\"font-family: Verdana;\"><span style=\"font-size: small;\">\u00b7&nbsp;<\/span><\/span><\/strong><span style=\"font-family: Verdana;\"><span style=\"font-size: small;\">P\u00e1ginas informativas sobre el funcionamiento del servicio. Acceda a ellas a trav\u00e9s de los men\u00fas que se despliegan en cada secci\u00f3n o en los enlaces superiores.<\/span><\/span><\/p>\n<p style=\"margin-top: 0px; margin-bottom: 0px; margin-left: 120px; padding-top: 0px; padding-bottom: 0px; font-family: Verdana, Geneva, Arial, Helvetica, sans-serif; font-size: 11px; line-height: normal; text-align: justify;\">&nbsp;<\/p>\n<p style=\"margin-top: 0px; margin-bottom: 0px; margin-left: 120px; padding-top: 0px; padding-bottom: 0px; font-family: Verdana, Geneva, Arial, Helvetica, sans-serif; font-size: 11px; line-height: normal; text-align: justify;\"><span style=\"font-family: Verdana;\"><span style=\"font-size: small;\"><strong>\u00b7&nbsp;<\/strong>En cada secci\u00f3n encontrar\u00e1 una opci\u00f3n para acceder al servicio en cuesti\u00f3n.<\/span><\/span><\/p>\n","protected":false},"excerpt":{"rendered":"<p>Las secciones de la Sede Electr\u00f3nica del Ayuntamiento de Alzira se encuentran disponibles en el men\u00fa horizontal. Pulse sobre cualquiera de ellas para visualizar su contenido. &nbsp; En cada una de las secciones dispone de: &nbsp; \u00b7&nbsp;P\u00e1ginas informativas sobre el funcionamiento del servicio. Acceda a ellas a trav\u00e9s de los men\u00fas que se despliegan en &hellip; <\/p>\n<p class=\"link-more\"><a href=\"https:\/\/alzira.es\/es\/sede-electronica\/com-utilitzar-la-seu\/\" class=\"more-link\">Continuar leyendo<span class=\"screen-reader-text\"> \u00abC\u00f3mo utilizar la Sede\u00bb<\/span><\/a><\/p>\n","protected":false},"author":12,"featured_media":0,"parent":60843,"menu_order":0,"comment_status":"closed","ping_status":"closed","template":"","meta":{"_acf_changed":false,"footnotes":""},"class_list":["post-3651","page","type-page","status-publish","hentry"],"acf":[],"_links":{"self":[{"href":"https:\/\/alzira.es\/es\/wp-json\/wp\/v2\/pages\/3651","targetHints":{"allow":["GET"]}}],"collection":[{"href":"https:\/\/alzira.es\/es\/wp-json\/wp\/v2\/pages"}],"about":[{"href":"https:\/\/alzira.es\/es\/wp-json\/wp\/v2\/types\/page"}],"author":[{"embeddable":true,"href":"https:\/\/alzira.es\/es\/wp-json\/wp\/v2\/users\/12"}],"replies":[{"embeddable":true,"href":"https:\/\/alzira.es\/es\/wp-json\/wp\/v2\/comments?post=3651"}],"version-history":[{"count":1,"href":"https:\/\/alzira.es\/es\/wp-json\/wp\/v2\/pages\/3651\/revisions"}],"predecessor-version":[{"id":90128,"href":"https:\/\/alzira.es\/es\/wp-json\/wp\/v2\/pages\/3651\/revisions\/90128"}],"up":[{"embeddable":true,"href":"https:\/\/alzira.es\/es\/wp-json\/wp\/v2\/pages\/60843"}],"wp:attachment":[{"href":"https:\/\/alzira.es\/es\/wp-json\/wp\/v2\/media?parent=3651"}],"curies":[{"name":"wp","href":"https:\/\/api.w.org\/{rel}","templated":true}]}}