{"id":3615,"date":"2012-05-15T14:14:14","date_gmt":"2012-05-15T12:14:14","guid":{"rendered":"https:\/\/alzira.es\/agrupacion-de-voluntarios-de-proteccion-civil\/"},"modified":"2021-08-30T19:28:05","modified_gmt":"2021-08-30T17:28:05","slug":"proteccion-civil","status":"publish","type":"page","link":"https:\/\/alzira.es\/es\/servicios-municipales\/policia-local\/proteccion-civil\/","title":{"rendered":"Protecci\u00f3n Civil"},"content":{"rendered":"\n<h2 class=\"wp-block-heading\">Agrupaci\u00f3n de Voluntarios de Protecci\u00f3n Civil<\/h2>\n\n\n<p>Son organismos locales formados en exclusiva por voluntarios y supervisados por personal del Ayuntamiento, normalmente t\u00e9cnicos de Protecci\u00f3n Civil, las funciones de las agrupaciones de voluntarios son las siguientes:<\/p>\n<p style=\"margin-left: 30px;\"><strong>Prevenci\u00f3n<\/strong><\/p>\n<p style=\"margin-left: 60px;\">Colaborar con los t\u00e9cnicos de Protecci\u00f3n Civil a requerimiento de estos en los estudios de riesgos de la localidad preferentemente orientados a edificios, locales y establecimientos de p\u00fablica concurrencia.<\/p>\n<p style=\"margin-left: 60px;\">Colaboraci\u00f3n con los t\u00e9cnicos de Protecci\u00f3n Civil a requerimiento de estos en la y divulgaci\u00f3n de los planes de autoprotecci\u00f3n de dichos centros.<\/p>\n<p style=\"margin-left: 60px;\">Colaboraci\u00f3n con los t\u00e9cnicos de Protecci\u00f3n Civil a requerimiento de estos en el mantenimiento de los planes territoriales municipales y planes de actuaci\u00f3n municipal frente a riesgos espec\u00edficos.<\/p>\n<p style=\"margin-left: 60px;\">Confecci\u00f3n con los t\u00e9cnicos de Protecci\u00f3n Civil a requerimiento de estos a la realizaci\u00f3n de campa\u00f1as de informaci\u00f3n y divulgaci\u00f3n a la poblaci\u00f3n afectada por los distintos riesgos, cumpliendo con las directrices dadas por el Ayuntamiento.<\/p>\n<p style=\"margin-left: 60px;\">Participaci\u00f3n en dispositivos operativos de car\u00e1cter preventivo (en grandes concentraciones humanas, vigilancia forestal, etc.), siempre coordinados por el servicio competente que corresponda.<\/p>\n<p style=\"margin-left: 30px;\"><strong>Intervenci\u00f3n<\/strong><\/p>\n<p style=\"margin-left: 60px;\">Apoyo a los servicios operativos de emergencia a requerimiento de los mismos.<\/p>\n<p style=\"margin-left: 60px;\">Colaborar en la atenci\u00f3n a afectados en emergencias (evacuaci\u00f3n, albergue, abastecimiento&#8230;), siempre coordinados por el servicio que corresponda.<\/p>\n<p style=\"margin-left: 60px;\"><a href=\"http:\/\/www.proteccioncivil.org\/\" target=\"_blank\" rel=\"noopener\">http:\/\/www.proteccioncivil.org\/<\/a><\/p>\n\n\n<p><\/p>\n\n\n\n<h2 class=\"wp-block-heading\">Plans de Emergencia<\/h2>\n\n\n\n<p><a href=\"https:\/\/alzira.es\/es\/plan-territorial-municipal-ante-emergencias-de-alzira\/\">Plan territorial municipal de emergencias en Alzira<\/a><\/p>\n\n\n\n<h2 class=\"wp-block-heading\">Normativa<\/h2>\n\n\n\n<p><strong>+Estatal<\/strong><\/p>\n\n\n\n<p><a href=\"http:\/\/www.presidencia.gva.es\/documents\/19318200\/19638809\/100604_Dbasica_mmpp.pdf\/93e682f7-09e3-44aa-8172-51161273d740\" target=\"_blank\" rel=\"noreferrer noopener\">Real Decreto 387\/1996, de 1 de marzo, por el que se aprueba la Directriz B\u00e1sica de Planificaci\u00f3n de Protecci\u00f3n Civil ante el Riesgo de Accidentes en los Transportes de Mercanc\u00edas Peligrosas por Carretera y Ferrocarril.<\/a><\/p>\n\n\n\n<p><a href=\"http:\/\/www.presidencia.gva.es\/documents\/19318200\/19638809\/100605_Dbasicaincendiosforestales.pdf\/0e7c5ca7-0e7c-4e0a-9581-a0fc881e8e9a\" target=\"_blank\" rel=\"noreferrer noopener\">Orden de 2 de abril de 1993 por la que se publica el Acuerdo del Consejo de Ministros que aprueba la Directriz B\u00e1sica de Planificaci\u00f3n de Protecci\u00f3n Civil de Emergencia por Incendios Forestales.<\/a><\/p>\n\n\n\n<p><a href=\"http:\/\/www.presidencia.gva.es\/documents\/19318200\/19638809\/100606_DbasicaInundadiones.pdf\/04a03084-edd0-4a51-b370-81ba9c129c59\" target=\"_blank\" rel=\"noreferrer noopener\">Resoluci\u00f3n de 31 de enero de 1995, de la Secretar\u00eda de Estado de Interior, por la que se dispone la publicaci\u00f3n del acuerdo del Consejo de Ministros por el que se aprueba la Directriz B\u00e1sica de Planificaci\u00f3n de Protecci\u00f3n Civil ante el Riesgo de Inundaciones.<\/a><\/p>\n\n\n\n<p><a href=\"http:\/\/www.presidencia.gva.es\/documents\/19318200\/19638809\/100608_Dbasicasismico.pdf\/bb8dda00-cef0-4ece-b018-f0a961ea10c2\" target=\"_blank\" rel=\"noreferrer noopener\">Real Decreto 1196\/2003, de 19 de septiembre, por el que se aprueba la Directriz b\u00e1sica de protecci\u00f3n civil para el control y planificaci\u00f3n ante el riesgo de accidentes graves en los que intervienen sustancias peligrosas.<\/a><\/p>\n\n\n\n<p><a href=\"http:\/\/www.presidencia.gva.es\/documents\/19318200\/19638809\/100609_ley2_85_proteccion_civil.pdf\/9bb8e825-4c68-4ac4-ac56-436f587cb491\" target=\"_blank\" rel=\"noreferrer noopener\">Resoluci\u00f3n de 5 de mayo de 1995, de la secretar\u00eda de estado de interior, por la que se dispone la publicaci\u00f3n del acuerdo del consejo de ministros por el que se aprueba la directriz b\u00e1sica de planificaci\u00f3n de protecci\u00f3n civil ante el riesgo s\u00edsmico.<\/a><\/p>\n\n\n\n<p><a href=\"http:\/\/www.presidencia.gva.es\/documents\/19318200\/19638809\/100609_ley2_85_proteccion_civil.pdf\/9bb8e825-4c68-4ac4-ac56-436f587cb491\" target=\"_blank\" rel=\"noreferrer noopener\">Ley 2\/1985, de 21 de enero, sobre Protecci\u00f3n Civil.<\/a><\/p>\n\n\n\n<p><a href=\"http:\/\/www.presidencia.gva.es\/documents\/19318200\/19638809\/100610_rd407-92_norma_b__sica.pdf\/be1f5385-ec22-4ab2-b303-50fddd6746f6\" target=\"_blank\" rel=\"noreferrer noopener\">Real Decreto 407\/1992, de 24 de abril, por el que se aprueba la Norma B\u00e1sica de Protecci\u00f3n Civil.<\/a><\/p>\n\n\n\n<p><a href=\"http:\/\/www.presidencia.gva.es\/documents\/19318200\/19638809\/100611_rd12541999_accidentes_graves.pdf\/47b100e3-4c26-4d01-b0a5-b8ab8517d61a\" target=\"_blank\" rel=\"noreferrer noopener\">Real Decreto 1254\/1999, de 16 de julio, por el que se aprueban medidas de control de los riesgos inherentes a los accidentes graves en los que intervengan sustancias peligrosas.<\/a><\/p>\n\n\n\n<p><strong>+Auton\u00f3mica<\/strong><\/p>\n\n\n\n<p>LEY 13\/2010, de 23 de noviembre, de la Generalitat, de Protecci\u00f3n Civil y Gesti\u00f3n de Emergencias<\/p>\n\n\n\n<p>DECRETO 35\/2005, de 18 de febrero, del Consell de la Generalitat, por el que se regula la organizaci\u00f3n y funcionamiento de la Comisi\u00f3n de Protecci\u00f3n Civil de la Comunidad Valenciana.<\/p>\n\n\n\n<p>Decreto 52\/1989, de 18 de abril, del Consell de la Generalitat Valenciana, por el que se aprueba la creaci\u00f3n de la Comisi\u00f3n de Seguridad Radiol\u00f3gica de la Comunidad Valenciana.<\/p>\n\n\n\n<p><strong>+Local<\/strong><\/p>\n\n\n\n<p>Ordenanza municipal de la agrupaci\u00f3n de voluntarios de protecci\u00f3n civil:<\/p>\n\n\n\n<p><a href=\"https:\/\/alzira.es\/wp-content\/uploads\/2016\/02\/reglament_municipal_de_la_agrupaci_local_de_voluntaris_de_protecci_civil_.pdf\" target=\"_blank\" rel=\"noreferrer noopener\">reglament_municipal_de_la_agrupaci_local_de_voluntaris_de_protecci_civil_.pdf<\/a><\/p>\n","protected":false},"excerpt":{"rendered":"<p>Agrupaci\u00f3n de Voluntarios de Protecci\u00f3n Civil Son organismos locales formados en exclusiva por voluntarios y supervisados por personal del Ayuntamiento, normalmente t\u00e9cnicos de Protecci\u00f3n Civil, las funciones de las agrupaciones de voluntarios son las siguientes: Prevenci\u00f3n Colaborar con los t\u00e9cnicos de Protecci\u00f3n Civil a requerimiento de estos en los estudios de riesgos de la localidad &hellip; <\/p>\n<p class=\"link-more\"><a href=\"https:\/\/alzira.es\/es\/servicios-municipales\/policia-local\/proteccion-civil\/\" class=\"more-link\">Continuar leyendo<span class=\"screen-reader-text\"> \u00abProtecci\u00f3n Civil\u00bb<\/span><\/a><\/p>\n","protected":false},"author":29,"featured_media":0,"parent":86598,"menu_order":22,"comment_status":"closed","ping_status":"closed","template":"","meta":{"_acf_changed":false,"footnotes":""},"class_list":["post-3615","page","type-page","status-publish","hentry"],"acf":[],"_links":{"self":[{"href":"https:\/\/alzira.es\/es\/wp-json\/wp\/v2\/pages\/3615","targetHints":{"allow":["GET"]}}],"collection":[{"href":"https:\/\/alzira.es\/es\/wp-json\/wp\/v2\/pages"}],"about":[{"href":"https:\/\/alzira.es\/es\/wp-json\/wp\/v2\/types\/page"}],"author":[{"embeddable":true,"href":"https:\/\/alzira.es\/es\/wp-json\/wp\/v2\/users\/29"}],"replies":[{"embeddable":true,"href":"https:\/\/alzira.es\/es\/wp-json\/wp\/v2\/comments?post=3615"}],"version-history":[{"count":1,"href":"https:\/\/alzira.es\/es\/wp-json\/wp\/v2\/pages\/3615\/revisions"}],"predecessor-version":[{"id":86679,"href":"https:\/\/alzira.es\/es\/wp-json\/wp\/v2\/pages\/3615\/revisions\/86679"}],"up":[{"embeddable":true,"href":"https:\/\/alzira.es\/es\/wp-json\/wp\/v2\/pages\/86598"}],"wp:attachment":[{"href":"https:\/\/alzira.es\/es\/wp-json\/wp\/v2\/media?parent=3615"}],"curies":[{"name":"wp","href":"https:\/\/api.w.org\/{rel}","templated":true}]}}