{"id":3613,"date":"2012-06-27T11:10:06","date_gmt":"2012-06-27T09:10:06","guid":{"rendered":"https:\/\/alzira.es\/campanas-dgt\/"},"modified":"2021-11-22T19:04:49","modified_gmt":"2021-11-22T18:04:49","slug":"campanas-dgt","status":"publish","type":"page","link":"https:\/\/alzira.es\/es\/servicios-municipales\/policia-local\/campanas-realizadas\/campanas-dgt\/","title":{"rendered":"Controles Alcoholemia &#8211; Campa\u00f1as DGT"},"content":{"rendered":"<p>Es la Polic\u00eda Local, a quien corresponde la vigilancia del tr\u00e1fico en casco urbano entre sus labores, estos &nbsp;pueden solicitar a cualquier persona, bien por control preventivo, accidente de circulaci\u00f3n, o sintom\u00e1s evidentes proceder a realizar una prueba de alcoholemia. \u00bfQue pasa si una persona se niega a realizar una prueba de alcoholemia? En caso de que una persona se negara a realizar la prueba, incurrir\u00eda en un delito de desobediencia grave, penado en el C\u00f3digo Penal en el art. 380 con Pena de entre seis meses a un a\u00f1o de prisi\u00f3n. NO HAY QUE OLVIDAR QUE EL CONTROL DE ALCOHOLEMIA ES OBLIGATORIO.<\/p>\n<p><strong>COMO SE REALIZA UN CONTROL DE ALCOHOLEMIA<\/strong><\/p>\n<div style=\"text-align: justify; margin-left: 30px;\">1\u00ba El Punto de Control: El control de alcoholemia, se suele realizar en los accesos o salidas a poblaci\u00f3n, aunque tambi\u00e9n puden realizarse en cualquier avenida, calle o plaza. Uno de los agentes encargados del control, nos indicar\u00e1 que detengamos el turismo en una zona habilitada para la prueba.<\/div>\n<div style=\"text-align: justify; margin-left: 30px;\">2\u00ba La prueba de alcoholemia. Una vez parados, un agente nos informar\u00e1 que se trata de un control de alcholemia y nos proporcionar\u00e1 una boquilla por la que deberemos soplar en el etil\u00f3metro digital de muestreo.<\/div>\n<div style=\"text-align: justify; margin-left: 30px;\">3\u00ba Tras la prueba. Hay dos escenarios posibles seg\u00fan el resultado de la prueba de alcoholemia:<\/div>\n<div style=\"text-align: justify; margin-left: 60px;\">La tasa de alcohol es negativa o inferior al m\u00e1ximo permitido (0.25mg\/l): en este caso podremos continuar de forma inmediata.<\/div>\n<div style=\"text-align: justify; margin-left: 60px;\">La tasa de alcohol es superior al m\u00e1ximo permitido (0.25mg\/l): es este caso la prueba se tendr\u00e1 que realizar con el el etil\u00f3metro evidencial. Este etilometro es un aparato de medici\u00f3n y de precisi\u00f3n. La calibraci\u00f3n esta controlada peri\u00f3dicamente por un laboratorio de metrolog\u00eda oficial. Entre una prueba y otra deben pasar, al menos, 10 minutos.<\/div>\n<div style=\"text-align: justify; margin-left: 30px;\">4\u00ba Si la tasa se confirma positiva, hay que realizar una segunda prueba con el etil\u00f3metro evidencial. Si la tasa de alcohol detectada es inferior a la permitida podremos continuar la marcha. En caso de que la tasa sea superior a 0.25mg\/l y no superior a 0.60ml\/l, el agente proceder\u00e1 a denunciar al conductor. En este caso el conductor sancionado no podr\u00e1 reanudar la marcha. El coche deber\u00e1 permanecer inmovilizado hasta que desaparezcan los motivos que propiciaron la inmovilizaci\u00f3n. No obstante, lo podr\u00eda conducir otra persona autorizada por el conductor que no est\u00e9 bajo los efectos del alcohol.<\/div>\n<div style=\"text-align: justify; margin-left: 30px;\">5\u00ba Prueba de contraste al alcoholemia mediante an\u00e1lisis de sangre en el Hospital. Si el conductor no estuviera de acuerdo con el resultado de la prueba deber\u00e1 solicitar previo pago de los gastos, ser conducidos a un centro de salud \/ hospital donde se realizar\u00eda otra prueba de alcoholemia mediante an\u00e1lisis de sangre.<\/div>\n<div style=\"text-align: justify; margin-left: 30px;\">6\u00ba Tasa superior a 0.60mg\/l<\/div>\n<div style=\"text-align: justify; margin-left: 30px;\">Si la tasa, en cualquiera de los casos se supere los 0.60mg\/l de aire espirado, dejar\u00eda de ser una infracci\u00f3n administrativa, y pasar\u00eda a ser un delito.<\/div>\n<div><\/div>\n<div style=\"text-align: justify; margin-left: 30px;\"><strong>Retirada de puntos en el carnet seg\u00fan las pruebas:<\/strong><\/div>\n<div style=\"text-align: justify; margin-left: 60px;\">Conducir ebrio m\u00e1s de 0,75 mg\/l (1 litro de cerveza o dos copas) = -6 puntos<\/div>\n<div style=\"text-align: justify; margin-left: 60px;\">Conducir ebrio profesionales m\u00e1s de 0,3 mg\/l (1 lata de cerveza o una copa) = -6 puntos<\/div>\n<div style=\"text-align: justify; margin-left: 60px;\">No someterse a las pruebas de alcoholemia = -6 puntos<\/div>\n<div style=\"text-align: justify; margin-left: 60px;\">Conducir ebrio entre 0,25 y 0,75 mg\/l (2 latas de cerveza o 1 copa) = -4 puntos<\/div>\n<div style=\"text-align: justify; margin-left: 60px;\">Conducir ebrio profesionales entre 0,15 y 0,30 mg\/l (cualquier bebida alcoh\u00f3lica) = -4 puntos<\/div>\n","protected":false},"excerpt":{"rendered":"<p>Es la Polic\u00eda Local, a quien corresponde la vigilancia del tr\u00e1fico en casco urbano entre sus labores, estos &nbsp;pueden solicitar a cualquier persona, bien por control preventivo, accidente de circulaci\u00f3n, o sintom\u00e1s evidentes proceder a realizar una prueba de alcoholemia. \u00bfQue pasa si una persona se niega a realizar una prueba de alcoholemia? En caso &hellip; <\/p>\n<p class=\"link-more\"><a href=\"https:\/\/alzira.es\/es\/servicios-municipales\/policia-local\/campanas-realizadas\/campanas-dgt\/\" class=\"more-link\">Continuar leyendo<span class=\"screen-reader-text\"> \u00abControles Alcoholemia &#8211; Campa\u00f1as DGT\u00bb<\/span><\/a><\/p>\n","protected":false},"author":29,"featured_media":0,"parent":34207,"menu_order":23,"comment_status":"closed","ping_status":"closed","template":"","meta":{"_acf_changed":false,"footnotes":""},"class_list":["post-3613","page","type-page","status-publish","hentry"],"acf":[],"_links":{"self":[{"href":"https:\/\/alzira.es\/es\/wp-json\/wp\/v2\/pages\/3613","targetHints":{"allow":["GET"]}}],"collection":[{"href":"https:\/\/alzira.es\/es\/wp-json\/wp\/v2\/pages"}],"about":[{"href":"https:\/\/alzira.es\/es\/wp-json\/wp\/v2\/types\/page"}],"author":[{"embeddable":true,"href":"https:\/\/alzira.es\/es\/wp-json\/wp\/v2\/users\/29"}],"replies":[{"embeddable":true,"href":"https:\/\/alzira.es\/es\/wp-json\/wp\/v2\/comments?post=3613"}],"version-history":[{"count":2,"href":"https:\/\/alzira.es\/es\/wp-json\/wp\/v2\/pages\/3613\/revisions"}],"predecessor-version":[{"id":105081,"href":"https:\/\/alzira.es\/es\/wp-json\/wp\/v2\/pages\/3613\/revisions\/105081"}],"up":[{"embeddable":true,"href":"https:\/\/alzira.es\/es\/wp-json\/wp\/v2\/pages\/34207"}],"wp:attachment":[{"href":"https:\/\/alzira.es\/es\/wp-json\/wp\/v2\/media?parent=3613"}],"curies":[{"name":"wp","href":"https:\/\/api.w.org\/{rel}","templated":true}]}}