{"id":3607,"date":"2012-05-16T11:26:37","date_gmt":"2012-05-16T09:26:37","guid":{"rendered":"https:\/\/alzira.es\/puede-contactar-con-nosotros-a-policia-nacional-b-policia-local\/"},"modified":"2023-03-13T13:28:32","modified_gmt":"2023-03-13T12:28:32","slug":"contacto-policia","status":"publish","type":"page","link":"https:\/\/alzira.es\/es\/servicios-municipales\/policia-local\/contacto-policia\/","title":{"rendered":"Localizaci\u00f3n Polic\u00eda"},"content":{"rendered":"<p><a href=\"https:\/\/alzira.es\/wp-content\/uploads\/2012\/05\/ubicacion_PL.PNG\" target=\"_blank\" rel=\"noopener\"><img fetchpriority=\"high\" decoding=\"async\" class=\" alignleft size-full wp-image-3603\" style=\"margin-right: 10px; float: left;\" title=\"ubicaci\u00f3n Polic\u00eda Local\" src=\"https:\/\/alzira.es\/wp-content\/uploads\/2012\/05\/ubicacion_PL.PNG\" alt=\"ubicacion PL\" width=\"400\" height=\"262\" \/><\/a>La sede de la <strong>Polic\u00eda Local<\/strong> de Alzira est\u00e1 ubicada en la Avenida Padre Pompilio, 15, 46600 Alzira. Puedes ver su ubicaci\u00f3n detallada <a href=\"https:\/\/goo.gl\/maps\/1YibHQnhGVBktP6m8\" target=\"_blank\" rel=\"noopener\"><strong>aqu\u00ed<\/strong><\/a><\/p>\n<div class=\"clear\">\n<\/div>\n<p><img decoding=\"async\" class=\"alignleft size-full wp-image-3605 lazyload\" style=\"--smush-placeholder-width: 400px; --smush-placeholder-aspect-ratio: 400\/268;margin-right: 10px; float: left;\" data-src=\"https:\/\/alzira.es\/wp-content\/uploads\/2012\/05\/ubicacion_PN.PNG\" alt=\"ubicacion PN\" width=\"400\" height=\"268\" src=\"data:image\/svg+xml;base64,PHN2ZyB3aWR0aD0iMSIgaGVpZ2h0PSIxIiB4bWxucz0iaHR0cDovL3d3dy53My5vcmcvMjAwMC9zdmciPjwvc3ZnPg==\" \/>La sede la <strong>Polic\u00eda Nacional<\/strong> est\u00e1 ubicada en la calle Pere Morell, 4, 46600 Alzira. Puedes ver su ubicaci\u00f3n detallada <a href=\"https:\/\/alzira.es\/wp-content\/uploads\/2012\/05\/ubicacion_PN.PNG\" target=\"_blank\" rel=\"noopener\"><strong>aqu\u00ed<\/strong><\/a><\/p>\n","protected":false},"excerpt":{"rendered":"<p>La sede de la Polic\u00eda Local de Alzira est\u00e1 ubicada en la Avenida Padre Pompilio, 15, 46600 Alzira. Puedes ver su ubicaci\u00f3n detallada aqu\u00ed La sede la Polic\u00eda Nacional est\u00e1 ubicada en la calle Pere Morell, 4, 46600 Alzira. Puedes ver su ubicaci\u00f3n detallada aqu\u00ed<\/p>\n","protected":false},"author":29,"featured_media":0,"parent":86598,"menu_order":25,"comment_status":"closed","ping_status":"closed","template":"","meta":{"_acf_changed":false,"footnotes":""},"class_list":["post-3607","page","type-page","status-publish","hentry"],"acf":[],"_links":{"self":[{"href":"https:\/\/alzira.es\/es\/wp-json\/wp\/v2\/pages\/3607","targetHints":{"allow":["GET"]}}],"collection":[{"href":"https:\/\/alzira.es\/es\/wp-json\/wp\/v2\/pages"}],"about":[{"href":"https:\/\/alzira.es\/es\/wp-json\/wp\/v2\/types\/page"}],"author":[{"embeddable":true,"href":"https:\/\/alzira.es\/es\/wp-json\/wp\/v2\/users\/29"}],"replies":[{"embeddable":true,"href":"https:\/\/alzira.es\/es\/wp-json\/wp\/v2\/comments?post=3607"}],"version-history":[{"count":2,"href":"https:\/\/alzira.es\/es\/wp-json\/wp\/v2\/pages\/3607\/revisions"}],"predecessor-version":[{"id":134918,"href":"https:\/\/alzira.es\/es\/wp-json\/wp\/v2\/pages\/3607\/revisions\/134918"}],"up":[{"embeddable":true,"href":"https:\/\/alzira.es\/es\/wp-json\/wp\/v2\/pages\/86598"}],"wp:attachment":[{"href":"https:\/\/alzira.es\/es\/wp-json\/wp\/v2\/media?parent=3607"}],"curies":[{"name":"wp","href":"https:\/\/api.w.org\/{rel}","templated":true}]}}