{"id":3601,"date":"2012-06-15T11:20:09","date_gmt":"2012-06-15T09:20:09","guid":{"rendered":"https:\/\/alzira.es\/la-policia-de-proximidad\/"},"modified":"2021-08-30T19:07:21","modified_gmt":"2021-08-30T17:07:21","slug":"policia-de-proximidad","status":"publish","type":"page","link":"https:\/\/alzira.es\/es\/servicios-municipales\/policia-local\/policia-de-proximidad\/","title":{"rendered":"Polic\u00eda de Proximidad"},"content":{"rendered":"\n<p>La proximidad de los agentes con la ciudadan\u00eda los permite percibir los problemas directamente, recoger toda la informaci\u00f3n y buscar, de una manera objetiva, las soluciones posibles.<\/p>\n\n\n\n<p>La adscripci\u00f3n de los agentes a la Unidad de Proximidad se ha hecho de forma voluntaria, cosa que garantiza su implicaci\u00f3n y compromiso con el proyecto:<\/p>\n\n\n\n<ul class=\"wp-block-list\"><li>Aumentan la seguridad con la presencia efectiva al territorio.<\/li><li>Mejorar la convivencia ciudadana y el civismo.<\/li><li>Contribuyen a pacificar los entornos de hostilidad y las actitudes de intolerancia.<\/li><li>Mejorar el funcionamiento de los servicios municipales.<\/li><li>Dan respuesta a las necesidades de la poblaci\u00f3n.<\/li><li>Avanzarse a los problemas, pasando de un servicio de reacci\u00f3n a uno de proactivo.<\/li><li>Trabajan conjuntamente con todos los componentes que representan a la comunidad.<\/li><\/ul>\n","protected":false},"excerpt":{"rendered":"<p>La proximidad de los agentes con la ciudadan\u00eda los permite percibir los problemas directamente, recoger toda la informaci\u00f3n y buscar, de una manera objetiva, las soluciones posibles. La adscripci\u00f3n de los agentes a la Unidad de Proximidad se ha hecho de forma voluntaria, cosa que garantiza su implicaci\u00f3n y compromiso con el proyecto: Aumentan la &hellip; <\/p>\n<p class=\"link-more\"><a href=\"https:\/\/alzira.es\/es\/servicios-municipales\/policia-local\/policia-de-proximidad\/\" class=\"more-link\">Continuar leyendo<span class=\"screen-reader-text\"> \u00abPolic\u00eda de Proximidad\u00bb<\/span><\/a><\/p>\n","protected":false},"author":29,"featured_media":0,"parent":86598,"menu_order":26,"comment_status":"closed","ping_status":"closed","template":"","meta":{"_acf_changed":false,"footnotes":""},"class_list":["post-3601","page","type-page","status-publish","hentry"],"acf":[],"_links":{"self":[{"href":"https:\/\/alzira.es\/es\/wp-json\/wp\/v2\/pages\/3601","targetHints":{"allow":["GET"]}}],"collection":[{"href":"https:\/\/alzira.es\/es\/wp-json\/wp\/v2\/pages"}],"about":[{"href":"https:\/\/alzira.es\/es\/wp-json\/wp\/v2\/types\/page"}],"author":[{"embeddable":true,"href":"https:\/\/alzira.es\/es\/wp-json\/wp\/v2\/users\/29"}],"replies":[{"embeddable":true,"href":"https:\/\/alzira.es\/es\/wp-json\/wp\/v2\/comments?post=3601"}],"version-history":[{"count":1,"href":"https:\/\/alzira.es\/es\/wp-json\/wp\/v2\/pages\/3601\/revisions"}],"predecessor-version":[{"id":86662,"href":"https:\/\/alzira.es\/es\/wp-json\/wp\/v2\/pages\/3601\/revisions\/86662"}],"up":[{"embeddable":true,"href":"https:\/\/alzira.es\/es\/wp-json\/wp\/v2\/pages\/86598"}],"wp:attachment":[{"href":"https:\/\/alzira.es\/es\/wp-json\/wp\/v2\/media?parent=3601"}],"curies":[{"name":"wp","href":"https:\/\/api.w.org\/{rel}","templated":true}]}}