{"id":3597,"date":"2012-05-07T16:11:29","date_gmt":"2012-05-07T14:11:29","guid":{"rendered":"https:\/\/alzira.es\/parque-de-educacion-vial\/"},"modified":"2021-08-30T18:49:00","modified_gmt":"2021-08-30T16:49:00","slug":"parque-de-educacion-vial","status":"publish","type":"page","link":"https:\/\/alzira.es\/es\/servicios-municipales\/policia-local\/parque-de-educacion-vial\/","title":{"rendered":"Parque de Educaci\u00f3n Vial"},"content":{"rendered":"\n<p>En nuestro parque de educaci\u00f3n vial principalmente los destinatarios son ni\u00f1as y ni\u00f1os que dentro de la Educaci\u00f3n Formal pertenecen a las \u00e1reas de Primaria y Secundaria. Extendi\u00e9ndose las clases a alumnos de Programas de Garant\u00eda Social y P.Q.P.I , bachiller, universitarios y grupos organizados de inter\u00e9s social. <\/p>\n\n\n\n<p>Las actividades y los contenidos del proyecto educativo que se est\u00e1n llevando a cabo en este parque, tambi\u00e9n contemplan la Educaci\u00f3n Infantil y la de Adultos. Habiendo implementado actividades para estos grupos en un programa dise\u00f1ado para ellos. <\/p>\n\n\n\n<p>De igual modo destacar la asistencia a las clases de Educaci\u00f3n Vial de alumnos con necesidades educativas especiales y personas con discapacidad ps\u00edquica, con los que se llevaron a cabo actividades relacionadas con el tr\u00e1fico, y de interacci\u00f3n con seguridad en \u00e9ste fen\u00f3meno, en sus diferentes roles de participaci\u00f3n, peatones y viajeros.<\/p>\n","protected":false},"excerpt":{"rendered":"<p>En nuestro parque de educaci\u00f3n vial principalmente los destinatarios son ni\u00f1as y ni\u00f1os que dentro de la Educaci\u00f3n Formal pertenecen a las \u00e1reas de Primaria y Secundaria. Extendi\u00e9ndose las clases a alumnos de Programas de Garant\u00eda Social y P.Q.P.I , bachiller, universitarios y grupos organizados de inter\u00e9s social. Las actividades y los contenidos del proyecto &hellip; <\/p>\n<p class=\"link-more\"><a href=\"https:\/\/alzira.es\/es\/servicios-municipales\/policia-local\/parque-de-educacion-vial\/\" class=\"more-link\">Continuar leyendo<span class=\"screen-reader-text\"> \u00abParque de Educaci\u00f3n Vial\u00bb<\/span><\/a><\/p>\n","protected":false},"author":12,"featured_media":0,"parent":86598,"menu_order":28,"comment_status":"closed","ping_status":"closed","template":"","meta":{"_acf_changed":false,"footnotes":""},"class_list":["post-3597","page","type-page","status-publish","hentry"],"acf":[],"_links":{"self":[{"href":"https:\/\/alzira.es\/es\/wp-json\/wp\/v2\/pages\/3597","targetHints":{"allow":["GET"]}}],"collection":[{"href":"https:\/\/alzira.es\/es\/wp-json\/wp\/v2\/pages"}],"about":[{"href":"https:\/\/alzira.es\/es\/wp-json\/wp\/v2\/types\/page"}],"author":[{"embeddable":true,"href":"https:\/\/alzira.es\/es\/wp-json\/wp\/v2\/users\/12"}],"replies":[{"embeddable":true,"href":"https:\/\/alzira.es\/es\/wp-json\/wp\/v2\/comments?post=3597"}],"version-history":[{"count":1,"href":"https:\/\/alzira.es\/es\/wp-json\/wp\/v2\/pages\/3597\/revisions"}],"predecessor-version":[{"id":86644,"href":"https:\/\/alzira.es\/es\/wp-json\/wp\/v2\/pages\/3597\/revisions\/86644"}],"up":[{"embeddable":true,"href":"https:\/\/alzira.es\/es\/wp-json\/wp\/v2\/pages\/86598"}],"wp:attachment":[{"href":"https:\/\/alzira.es\/es\/wp-json\/wp\/v2\/media?parent=3597"}],"curies":[{"name":"wp","href":"https:\/\/api.w.org\/{rel}","templated":true}]}}