{"id":3565,"date":"2009-11-02T16:01:22","date_gmt":"2009-11-02T15:01:22","guid":{"rendered":"https:\/\/alzira.es\/enlaces-de-interes-4\/"},"modified":"2021-08-31T12:25:40","modified_gmt":"2021-08-31T10:25:40","slug":"enlaces-de-interes-rr-hh","status":"publish","type":"page","link":"https:\/\/alzira.es\/es\/servicios-municipales\/recursos-humanos\/enlaces-de-interes-rr-hh\/","title":{"rendered":"Enlaces de inter\u00e9s"},"content":{"rendered":"<table style=\"width: 100%;\" border=\"1\" cellspacing=\"1\" cellpadding=\"1\">\n<tbody>\n<tr>\n<td style=\"background-color: #568bbf;\"><a onclick=\"target='_blank'\" href=\"http:\/\/www.idea-alzira.com\/\" target=\"_blank\" rel=\"noopener\"><strong><span style=\"color: #ffffff;\">IDEA<\/span><\/strong><\/a><\/td>\n<\/tr>\n<tr>\n<td style=\"background-color: #d1e0ef;\">Web oficial del Departament de IDEA del Ajuntamiento de Alzira.<\/td>\n<\/tr>\n<\/tbody>\n<\/table>\n<p>&nbsp;<\/p>\n<table style=\"width: 100%;\" border=\"1\" cellspacing=\"1\" cellpadding=\"1\">\n<tbody>\n<tr>\n<td style=\"background-color: #568bbf;\"><a onclick=\"target='_blank'\" href=\"http:\/\/www.servef.es\/\" target=\"_blank\" rel=\"noopener\"><strong><span style=\"color: #ffffff;\">SERVEF<\/span><\/strong><\/a><\/td>\n<\/tr>\n<tr>\n<td style=\"background-color: #d1e0ef;\">Web oficial del Servicio Valenciano de ocupaci\u00f3n&nbsp;y formaci\u00f3n.<\/td>\n<\/tr>\n<\/tbody>\n<\/table>\n<p>&nbsp;<\/p>\n<table style=\"width: 100%;\" border=\"1\" cellspacing=\"1\" cellpadding=\"1\">\n<tbody>\n<tr>\n<td style=\"background-color: #568bbf;\"><a onclick=\"target='_blank'\" href=\"http:\/\/www.atiempoparcial.com\/\" target=\"_blank\" rel=\"noopener\"><strong><span style=\"color: #ffffff;\">ATIEMPOPARCIAL.COM<\/span><\/strong><\/a><\/td>\n<\/tr>\n<tr>\n<td style=\"background-color: #d1e0ef;\">La primera bolsa de trabajo a tiempo parcial en Espa\u00f1a<\/td>\n<\/tr>\n<\/tbody>\n<\/table>\n<p>&nbsp;<\/p>\n<table style=\"width: 100%;\" border=\"1\" cellspacing=\"1\" cellpadding=\"1\">\n<tbody>\n<tr>\n<td style=\"background-color: #568bbf;\"><a onclick=\"target='_blank'\" href=\"http:\/\/www.acciontrabajo.com\/\" target=\"_blank\" rel=\"noopener\"><strong><span style=\"color: #ffffff;\">ACCI\u00d3N TRABAJO<\/span><\/strong><\/a><\/td>\n<\/tr>\n<tr>\n<td style=\"background-color: #d1e0ef;\">Bolsa de trabajo que recoge ofertas de Espa\u00f1a y del resto de la Comunidad Europea clasificandolas por categorias. Y puedes poner t\u00fa CV.<\/td>\n<\/tr>\n<\/tbody>\n<\/table>\n<p>&nbsp;<\/p>\n<table style=\"width: 100%;\" border=\"1\" cellspacing=\"1\" cellpadding=\"1\">\n<tbody>\n<tr>\n<td style=\"background-color: #568bbf;\"><a onclick=\"target='_blank'\" href=\"http:\/\/www.alejob.com\/\" target=\"_blank\" rel=\"noopener\"><strong><span style=\"color: #ffffff;\">ALEJOB<\/span><\/strong><\/a><\/td>\n<\/tr>\n<tr>\n<td style=\"background-color: #d1e0ef;\">Buscador de ofertas de formaci\u00f3n, trabajo, oposiciones y becas<\/td>\n<\/tr>\n<\/tbody>\n<\/table>\n<p>&nbsp;<\/p>\n<table style=\"width: 100%;\" border=\"1\" cellspacing=\"1\" cellpadding=\"1\">\n<tbody>\n<tr>\n<td style=\"background-color: #568bbf;\"><a onclick=\"target='_blank'\" href=\"http:\/\/www.autoempleomujer.com\/\" target=\"_blank\" rel=\"noopener\"><strong><span style=\"color: #ffffff;\">AUTOEMPLEO MUJER.COM<\/span><\/strong><\/a><\/td>\n<\/tr>\n<tr>\n<td style=\"background-color: #d1e0ef;\">El banco mundial de la mujer ofrece asesoramiento gratuito en linea para la creaci\u00f3n de empresas: tr\u00e1mites, formas jur\u00eddicas, financiaci\u00f3n,ayudas,&nbsp;&nbsp;&nbsp; subvenciones,consultas&#8230;<\/td>\n<\/tr>\n<\/tbody>\n<\/table>\n<p>&nbsp;<\/p>\n<table style=\"width: 100%;\" border=\"1\" cellspacing=\"1\" cellpadding=\"1\">\n<tbody>\n<tr>\n<td style=\"background-color: #568bbf;\"><a onclick=\"target='_blank'\" href=\"http:\/\/www.avancepro.com\/\" target=\"_blank\" rel=\"noopener\"><strong><span style=\"color: #ffffff;\">AVANCEPRO<\/span><\/strong><\/a><\/td>\n<\/tr>\n<tr>\n<td style=\"background-color: #d1e0ef;\">Base de datos compuesta por centanares de anuncios de puestos de trabajo. Muy \u00fatil. Public\u00e1 fecha de la oferta, condiciones del lugar,&nbsp; direcci\u00f3n y tel\u00e9fono de la&nbsp; empresa que oferta.<\/td>\n<\/tr>\n<\/tbody>\n<\/table>\n<p>&nbsp;<\/p>\n<table style=\"width: 100%;\" border=\"1\" cellspacing=\"1\" cellpadding=\"1\">\n<tbody>\n<tr>\n<td style=\"background-color: #568bbf;\"><a onclick=\"target='_blank'\" href=\"http:\/\/www.boletindeempleo.com\/\" target=\"_blank\" rel=\"noopener\"><strong><span style=\"color: #ffffff;\">BOLET\u00cdN DE EMPLEO<\/span><\/strong><\/a><\/td>\n<\/tr>\n<tr>\n<td style=\"background-color: #d1e0ef;\">Portal&nbsp;donde empresas y aspirantes pueden encontrar soluciones a sus necesidades laborales. Ofertas de trabajo, CV, not\u00edcias, guias i articulos laborales, f\u00f3rums de debates y m\u00e1s cosas.&nbsp;<\/td>\n<\/tr>\n<\/tbody>\n<\/table>\n<p>&nbsp;<\/p>\n<table style=\"width: 100%;\" border=\"1\" cellspacing=\"1\" cellpadding=\"1\">\n<tbody>\n<tr>\n<td style=\"background-color: #568bbf;\"><a onclick=\"target='_blank'\" href=\"http:\/\/www.bolsadetrabajo.com\/\" target=\"_blank\" rel=\"noopener\"><strong><span style=\"color: #ffffff;\">BOLSA DE TRABAJO<\/span><\/strong><\/a><\/td>\n<\/tr>\n<tr>\n<td style=\"background-color: #d1e0ef;\">P\u00e1gina en la que los candidatos podran encontrar r\u00e1pidamente trabajo y donde las empresas tambien podran&nbsp;encontrar el candidato que mejor se ajuste al lugar<\/td>\n<\/tr>\n<\/tbody>\n<\/table>\n<p>&nbsp;<\/p>\n<table style=\"width: 100%;\" border=\"1\" cellspacing=\"1\" cellpadding=\"1\">\n<tbody>\n<tr>\n<td style=\"background-color: #568bbf;\"><a onclick=\"target='_blank'\" href=\"http:\/\/www.computrabajo.com\/\" target=\"_blank\" rel=\"noopener\"><strong><span style=\"color: #ffffff;\">COMPU TRABAJO<\/span><\/strong><\/a><\/td>\n<\/tr>\n<tr>\n<td style=\"background-color: #d1e0ef;\">Bolsa de trabajo que se especializa en el an\u00fancio de ofertas de trabajo en internet.&nbsp;<\/td>\n<\/tr>\n<\/tbody>\n<\/table>\n<p>&nbsp;<\/p>\n<table style=\"width: 100%;\" border=\"1\" cellspacing=\"1\" cellpadding=\"1\">\n<tbody>\n<tr>\n<td style=\"background-color: #568bbf;\"><a onclick=\"target='_blank'\" href=\"http:\/\/www.cybersearch.es\/\" target=\"_blank\" rel=\"noopener\"><strong><span style=\"color: #ffffff;\">CYBERSEARCH<\/span><\/strong><\/a><\/td>\n<\/tr>\n<tr>\n<td style=\"background-color: #d1e0ef;\">M\u00e1s de 2000 ofertas de trabajo en inform\u00e1tica, ventas, ind\u00fastria&#8230; M\u00e1xima confidencialidad. Consejos a candidatos, tests psicot\u00e9cnicos, calculador de salarios gratis.<\/td>\n<\/tr>\n<\/tbody>\n<\/table>\n<p>&nbsp;<\/p>\n<table style=\"width: 100%;\" border=\"1\" cellspacing=\"1\" cellpadding=\"1\">\n<tbody>\n<tr>\n<td style=\"background-color: #568bbf;\"><a onclick=\"target='_blank'\" href=\"http:\/\/www.empleo.com\/\" target=\"_blank\" rel=\"noopener\"><strong><span style=\"color: #ffffff;\">EMPLEO.COM<\/span><\/strong><\/a><\/td>\n<\/tr>\n<tr>\n<td style=\"background-color: #d1e0ef;\">Portal con ofertas de trabajo. Muestra las ofertas en listas y con la fecha de inscripci\u00f3n. No proporciona el tel\u00e9fono&nbsp;de la empresa pero si el correo electr\u00f3nico. Edita un bolet\u00edn&nbsp;electr\u00f3nico con ofertas de trabajo y noticias sobre&nbsp; ocupaci\u00f3n que recibiras en t\u00fa correo electr\u00f3nico.&nbsp;<\/td>\n<\/tr>\n<\/tbody>\n<\/table>\n<p>&nbsp;<\/p>\n<table style=\"width: 100%;\" border=\"1\" cellspacing=\"1\" cellpadding=\"1\">\n<tbody>\n<tr>\n<td style=\"background-color: #568bbf;\"><a onclick=\"target='_blank'\" href=\"http:\/\/www.empleoeninternet.com\/\" target=\"_blank\" rel=\"noopener\"><strong><span style=\"color: #ffffff;\">EMPLEO EN INTERNET<\/span><\/strong><\/a><\/td>\n<\/tr>\n<tr>\n<td style=\"background-color: #d1e0ef;\">Bolsa de trabajo donde podeis insertar gratis&nbsp;el curr\u00edculum y consultar&nbsp;ofertas de trabajo.&nbsp;<\/td>\n<\/tr>\n<\/tbody>\n<\/table>\n<p>&nbsp;<\/p>\n<table style=\"width: 100%;\" border=\"1\" cellspacing=\"1\" cellpadding=\"1\">\n<tbody>\n<tr>\n<td style=\"background-color: #568bbf;\"><a onclick=\"target='_blank'\" href=\"http:\/\/www.empleofacil.com\/\" target=\"_blank\" rel=\"noopener\"><strong><span style=\"color: #ffffff;\">EMPLEO F\u00c1CIL<\/span><\/strong><\/a><\/td>\n<\/tr>\n<tr>\n<td style=\"background-color: #d1e0ef;\">Bolsa de trabajo&nbsp;<\/td>\n<\/tr>\n<\/tbody>\n<\/table>\n<p>&nbsp;<\/p>\n<table style=\"width: 100%;\" border=\"1\" cellspacing=\"1\" cellpadding=\"1\">\n<tbody>\n<tr>\n<td style=\"background-color: #568bbf;\"><a onclick=\"target='_blank'\" href=\"http:\/\/www.empleoyformacion.com\/\" target=\"_blank\" rel=\"noopener\"><strong><span style=\"color: #ffffff;\">EMPLEO DE FORMACI\u00d3N<\/span><\/strong><\/a><\/td>\n<\/tr>\n<tr>\n<td style=\"background-color: #d1e0ef;\">Centro&nbsp;virtual&nbsp;de formaci\u00f3n en&nbsp;castellano para poner en contacto los centros y las&nbsp;academias de ense\u00f1anza con los solicitantes de formaci\u00f3n.&nbsp;<\/td>\n<\/tr>\n<\/tbody>\n<\/table>\n<p>&nbsp;<\/p>\n<table style=\"width: 100%;\" border=\"1\" cellspacing=\"1\" cellpadding=\"1\">\n<tbody>\n<tr>\n<td style=\"background-color: #568bbf;\"><a onclick=\"target='_blank'\" href=\"http:\/\/www.empleo.net\/\" target=\"_blank\" rel=\"noopener\"><strong><span style=\"color: #ffffff;\">EMPLEO.NET<\/span><\/strong><\/a><\/td>\n<\/tr>\n<tr>\n<td style=\"background-color: #d1e0ef;\">La m\u00e1s amplia informaci\u00f3n sobre el mercado laboral en Espa\u00f1a, ofertas de trabajo, curr\u00edculums, contratos, direcciones y m\u00e1s cosas.&nbsp;<\/td>\n<\/tr>\n<\/tbody>\n<\/table>\n","protected":false},"excerpt":{"rendered":"<p>IDEA Web oficial del Departament de IDEA del Ajuntamiento de Alzira. &nbsp; SERVEF Web oficial del Servicio Valenciano de ocupaci\u00f3n&nbsp;y formaci\u00f3n. &nbsp; ATIEMPOPARCIAL.COM La primera bolsa de trabajo a tiempo parcial en Espa\u00f1a &nbsp; ACCI\u00d3N TRABAJO Bolsa de trabajo que recoge ofertas de Espa\u00f1a y del resto de la Comunidad Europea clasificandolas por categorias. Y &hellip; <\/p>\n<p class=\"link-more\"><a href=\"https:\/\/alzira.es\/es\/servicios-municipales\/recursos-humanos\/enlaces-de-interes-rr-hh\/\" class=\"more-link\">Continuar leyendo<span class=\"screen-reader-text\"> \u00abEnlaces de inter\u00e9s\u00bb<\/span><\/a><\/p>\n","protected":false},"author":29,"featured_media":0,"parent":86783,"menu_order":0,"comment_status":"closed","ping_status":"closed","template":"","meta":{"_acf_changed":false,"footnotes":""},"class_list":["post-3565","page","type-page","status-publish","hentry"],"acf":[],"_links":{"self":[{"href":"https:\/\/alzira.es\/es\/wp-json\/wp\/v2\/pages\/3565","targetHints":{"allow":["GET"]}}],"collection":[{"href":"https:\/\/alzira.es\/es\/wp-json\/wp\/v2\/pages"}],"about":[{"href":"https:\/\/alzira.es\/es\/wp-json\/wp\/v2\/types\/page"}],"author":[{"embeddable":true,"href":"https:\/\/alzira.es\/es\/wp-json\/wp\/v2\/users\/29"}],"replies":[{"embeddable":true,"href":"https:\/\/alzira.es\/es\/wp-json\/wp\/v2\/comments?post=3565"}],"version-history":[{"count":1,"href":"https:\/\/alzira.es\/es\/wp-json\/wp\/v2\/pages\/3565\/revisions"}],"predecessor-version":[{"id":86991,"href":"https:\/\/alzira.es\/es\/wp-json\/wp\/v2\/pages\/3565\/revisions\/86991"}],"up":[{"embeddable":true,"href":"https:\/\/alzira.es\/es\/wp-json\/wp\/v2\/pages\/86783"}],"wp:attachment":[{"href":"https:\/\/alzira.es\/es\/wp-json\/wp\/v2\/media?parent=3565"}],"curies":[{"name":"wp","href":"https:\/\/api.w.org\/{rel}","templated":true}]}}