{"id":35631,"date":"2017-06-26T11:30:51","date_gmt":"2017-06-26T09:30:51","guid":{"rendered":"https:\/\/alzira.es\/companyia-consorciada-en-la-ribera\/"},"modified":"2021-09-02T01:32:01","modified_gmt":"2021-09-01T23:32:01","slug":"compania-consorciada-en-la-ribera","status":"publish","type":"page","link":"https:\/\/alzira.es\/es\/servicios-municipales\/sanidad\/control-de-plagas\/compania-consorciada-en-la-ribera\/","title":{"rendered":"Compa\u00f1\u00eda Consorciada en la Ribera"},"content":{"rendered":"<div style=\"text-align: justify; margin-left: 150px;\"><strong><a title=\"CUCARACHAS Y RATAS\" href=\"#cucaracha\">&nbsp;<\/a><\/strong><\/div>\n<div style=\"text-align: justify;\">\n<p style=\"margin-left: 60px;\">La prestaci\u00f3n del servicio de control de vectores de enfermedades como son el mosquite tigre y la mosca negra son una competencia municipal, conforme a las disposiciones contenidas en el art. 33h). de la ley 8\/2010, de 23 de junio, de la Generalitat, de R\u00e9gimen local de la Comunitat Valenciana.<\/p>\n<p style=\"margin-left: 60px;\">El consorcio de la Ribera gestiona desde el a\u00f1o 2016 la campa\u00f1a de control de vectores (mosca negra y mosquito tigre) a la Ribera, A la misma estan adheridos un total de 40 municipios de la comarca entre los que se encuentra Alzira.<\/p>\n<p style=\"margin-left: 60px;\">Las actuaciones de lucha contra este tipo de vectores a escala Alpremunicipal son m\u00e1s eficientes y efectivas por la facilidad con que se desplazan. Por tanto, si queremos conseguir resultados \u00f3ptimos deber\u00edamos actuar de forma coordinada toda la comarca<\/p>\n<p style=\"margin-left: 60px;\">Las principales prestaciones que preve el contrato son:<\/p>\n<p style=\"margin-left: 60px;\">\u2022 Vigilancia y tratamiento de la mosca negra y el mosquito tigre. Como mejora incluida en el contrato tami\u00e9n se aplicar\u00e1n tratamientos entre la mosca com\u00fan, mosquito com\u00fan, pulgas y alcaparras.<\/p>\n<p style=\"margin-left: 60px;\"><img fetchpriority=\"high\" decoding=\"async\" src=\"contenidos\/control-plagas-1.jpg\" alt=\"control-plagas-1\" width=\"350\" height=\"198\"><\/p>\n<p style=\"margin-left: 60px;\">\u2022 Campa\u00f1as divulgativas: Charlas y elaboraci\u00f3n de d\u00edpticos informativos.<\/p>\n<p style=\"margin-left: 60px;\">\u2022 Tratamientos a\u00e9reos con helic\u00f3pteros y drones.<\/p>\n<p style=\"margin-left: 60px;\"><img decoding=\"async\" data-src=\"contenidos\/control-plagas-2.jpg\" alt=\"control-plagas-2\" width=\"350\" height=\"198\" src=\"data:image\/svg+xml;base64,PHN2ZyB3aWR0aD0iMSIgaGVpZ2h0PSIxIiB4bWxucz0iaHR0cDovL3d3dy53My5vcmcvMjAwMC9zdmciPjwvc3ZnPg==\" class=\"lazyload\" style=\"--smush-placeholder-width: 350px; --smush-placeholder-aspect-ratio: 350\/198;\"><\/p>\n<p style=\"margin-left: 60px;\">\u2022 La empresa adjudicataria del servicio es Lok\u00edmica S.A..<\/p>\n<p style=\"margin-left: 60px;\">Si desea realizar un aviso llame al tel\u00e9fono del Ayuntamiento 962459281, ext 281,772,299,716<\/p>\n<\/div>\n","protected":false},"excerpt":{"rendered":"<p>&nbsp; La prestaci\u00f3n del servicio de control de vectores de enfermedades como son el mosquite tigre y la mosca negra son una competencia municipal, conforme a las disposiciones contenidas en el art. 33h). de la ley 8\/2010, de 23 de junio, de la Generalitat, de R\u00e9gimen local de la Comunitat Valenciana. El consorcio de la &hellip; <\/p>\n<p class=\"link-more\"><a href=\"https:\/\/alzira.es\/es\/servicios-municipales\/sanidad\/control-de-plagas\/compania-consorciada-en-la-ribera\/\" class=\"more-link\">Continuar leyendo<span class=\"screen-reader-text\"> \u00abCompa\u00f1\u00eda Consorciada en la Ribera\u00bb<\/span><\/a><\/p>\n","protected":false},"author":29,"featured_media":0,"parent":35609,"menu_order":1,"comment_status":"closed","ping_status":"closed","template":"","meta":{"_acf_changed":false,"footnotes":""},"class_list":["post-35631","page","type-page","status-publish","hentry"],"acf":[],"_links":{"self":[{"href":"https:\/\/alzira.es\/es\/wp-json\/wp\/v2\/pages\/35631","targetHints":{"allow":["GET"]}}],"collection":[{"href":"https:\/\/alzira.es\/es\/wp-json\/wp\/v2\/pages"}],"about":[{"href":"https:\/\/alzira.es\/es\/wp-json\/wp\/v2\/types\/page"}],"author":[{"embeddable":true,"href":"https:\/\/alzira.es\/es\/wp-json\/wp\/v2\/users\/29"}],"replies":[{"embeddable":true,"href":"https:\/\/alzira.es\/es\/wp-json\/wp\/v2\/comments?post=35631"}],"version-history":[{"count":1,"href":"https:\/\/alzira.es\/es\/wp-json\/wp\/v2\/pages\/35631\/revisions"}],"predecessor-version":[{"id":88910,"href":"https:\/\/alzira.es\/es\/wp-json\/wp\/v2\/pages\/35631\/revisions\/88910"}],"up":[{"embeddable":true,"href":"https:\/\/alzira.es\/es\/wp-json\/wp\/v2\/pages\/35609"}],"wp:attachment":[{"href":"https:\/\/alzira.es\/es\/wp-json\/wp\/v2\/media?parent=35631"}],"curies":[{"name":"wp","href":"https:\/\/api.w.org\/{rel}","templated":true}]}}