{"id":35612,"date":"2017-06-26T11:30:51","date_gmt":"2017-06-26T09:30:51","guid":{"rendered":"https:\/\/alzira.es\/control-de-plagas-3\/"},"modified":"2021-07-23T16:06:20","modified_gmt":"2021-07-23T14:06:20","slug":"cucarachas-y-ratas","status":"publish","type":"page","link":"https:\/\/alzira.es\/es\/servicios-municipales\/sanidad\/control-de-plagas\/cucarachas-y-ratas\/","title":{"rendered":"Cucarachas y ratas"},"content":{"rendered":"\n<div style=\"margin-left: 180px; text-align: left;\"><span style=\"font-size: 14.4px;\">&nbsp;<\/span><\/div>\n\n\n\n<div style=\"text-align: justify;\"><a title=\"Campa\u00f1a consorciada de control de vectores en la Ribera\" href=\"#vectores\">Campa\u00f1a consorciada de control de vectores en la Ribera<\/a><\/div>\n\n\n\n<div style=\"text-align: justify;\">&nbsp;<\/div>\n\n\n\n<div style=\"text-align: justify;\"><span style=\"text-decoration: underline;\"><strong>CUCARACHAS Y RATAS<\/strong><\/span>\n<p>&nbsp;<\/p>\n<p>El Ayuntamiento de Alzira tiene contratado con la empresa Ram\u00f3n Flor, S.L.,(DESFLOR) con domicilio social en Avda, Derecho de Manifestaci\u00f3n n\u00ba 15, Alzira, el servicio de desratizaci\u00f3n y desinsectaci\u00f3n del alcantarillado p\u00fablico en el suelo urbano de Alzira, siendo la localizaci\u00f3n exacta del sistema de alcantarillado p\u00fablico de Alzira, seg\u00fan el siguiente detalle:<\/p>\n<p style=\"margin-left: 30px;\"><strong>A) N\u00facleo central de la poblaci\u00f3n y los barriadas de :<\/strong><\/p>\n<p style=\"margin-left: 60px;\">\u2022 Alquerieta<br>\u2022 Torrexo<br>\u2022 Muntanyeta.<br>\u2022 Les Barraques.<br>\u2022 Avda. Carcaixent y adyacentes.<br>\u2022 Tulell.<\/p>\n<p style=\"margin-left: 30px;\"><strong>B) Pol\u00edgonos Industriales<\/strong><\/p>\n<p style=\"margin-left: 60px;\">\u2022 Pol\u00edgono n\u00ba 1 (Mercat de Abastos).<br>\u2022 Pol\u00edgono Ciudad del Transporte (Frente a Cruz Cubierta).<br>\u2022 Pol\u00edgono n\u00ba 2 (Carretera de Albalat).<br>\u2022 Pol\u00edgono Tisneres (Pol\u00edgono Hospital).<br>\u2022 Pol\u00edgono Fraca.<br>\u2022 Pol\u00edgono El Pla.<br>\u2022 Pol\u00edgono Partida Materna (Alzicoop)<br>\u2022 Pol\u00edgono Estaci\u00f3n RENFE.<\/p>\n<p style=\"margin-left: 30px;\">As\u00ed como tambi\u00e9n el servicio comprende todos aquellos solares de propiedad municipal, viviendas abandonadas y las que formen parte del patrimonio municipal.<\/p>\n<p style=\"margin-left: 30px;\"><em><img decoding=\"async\" width=\"18\" height=\"15\" class=\"size-full wp-image-23519 lazyload\" data-src=\"https:\/\/alzira.es\/wp-content\/uploads\/2017\/06\/pdf_rojo.gif\" alt=\"pdf rojo\" src=\"data:image\/svg+xml;base64,PHN2ZyB3aWR0aD0iMSIgaGVpZ2h0PSIxIiB4bWxucz0iaHR0cDovL3d3dy53My5vcmcvMjAwMC9zdmciPjwvc3ZnPg==\" style=\"--smush-placeholder-width: 18px; --smush-placeholder-aspect-ratio: 18\/15;\"><a class=\"jcepopup\" title=\"Plano de localizaci\u00f3n del alcantarillado p\u00fablico de Alzira\" href=\"https:\/\/alzira.es\/wp-content\/uploads\/2017\/06\/Saniamiento-Alzira-2014-Sanitat-Plec.pdf\" target=\"_blank\" rel=\"noopener\">&nbsp;Plano de localizaci\u00f3n del alcantarillado p\u00fablico de Alzira.<\/a><\/em><\/p>\n<p style=\"margin-left: 30px;\">Si desea realizar un aviso llame al tel\u00e9fono del Ayuntamiento 96\/2459281, ext. 281,772,299,716.<\/p>\n<p style=\"margin-left: 30px;\"><strong>RECOMENDACIONES EN EL \u00c1MBITO DOM\u00c9STICO PARA HACER FRENTE A LAS CUCARACHAS.<\/strong><\/p>\n<p style=\"margin-left: 60px;\">\u2022 Limpiar a fondo la cocina, especialmente detr\u00e1s de los electrodom\u00e9sticos.<br>\u2022 Eliminar correctamente la grasa de la cocina.<br>\u2022 Los alimentos siempre han de estar guardados en recipientes herm\u00e9ticos o dentro de la nevera, nunca hay que dejar los platos sin limpiar, ya que es uno de los lugares preferidos.<br>\u2022 Mantener siempre los fregaderos y los grifos limpios y sin restos de comida.<br>\u2022 Bajar todas las noches las bolsas de basura sobre todo los restos org\u00e1nicos y en casa mantenerlas siempre cerradas.<br>\u2022 Pasar la aspiradora con regularidad de esta manera nos llevaremos los huevos.<br>\u2022 Evitar humedades en armarios y rincones.<br>\u2022 No acumular trastos en casa ni en los trasteros.<br>\u2022 Evitar cualquier tipo de fisura en paredes, juntas de paredes, falsos techos empleando cualquier tipo de material como silicona etc.<br>\u2022 En las entradas de agua potable e inodoros, lavabos revisar los embellecedores y llenar los vac\u00edos con alg\u00fan tipo de material de obra.<br>\u2022 Los sistemas de ventilaci\u00f3n y retornos de aires acondicionados cubrirlos con alg\u00fan tipo de malla.<br>\u2022 Revisar huecos de obra en la entrada de gas y electricidad de la casa y rellenarlos con materiales de obras.<\/p>\n<p style=\"margin-left: 30px;\"><strong>RECOMENDACIONES EN EL \u00c1MBITO DOM\u00c9STICO PARA HACER FRENTE A LAS RATAS.<\/strong><\/p>\n<p style=\"margin-left: 60px;\">\u2022 No acumular basura ni desperdicios durante varios d\u00edas en un mismo lugar, especialmente en plantas bajas.<br>\u2022 No alimentar animales extraviados en la v\u00eda p\u00fablica porque producen un efecto reclamo de la comida.<br>\u2022 No depositar basura fuera de los contenedores y evitar la ruptura de las bolsas.<br>\u2022 Evitar las deposiciones de los animales de compa\u00f1\u00eda y recogerlas cuando terminen.<br>\u2022 Limpiar diariamente el interior y parte baja de las terrazas de la via p\u00fablica porque son foco de alimentaci\u00f3n incontrolada.<br>\u2022 Extremar la limpieza de solares y parcelas situadas dentro del n\u00facleo urbano.<br>\u2022 No depositar basura ni otros restos org\u00e1nicos en solares o construcciones vacias.<br>\u2022 No acumular efectos ni objetos cerca de los contenedores, solicitando su retirada con anterioridad.<br>\u2022 No eliminar restos org\u00e1nicos por WC porque llegan al alcantarillado y atraen a las ratas, cucarachas y otros insectos no deseados.<br>\u2022 No depositar restos org\u00e1nicos l\u00edquidos o solubles en los imbornales de la v\u00eda p\u00fablica.<\/p>\n<figure><a class=\"jcepopup\" title=\"image\" href=\"https:\/\/alzira.es\/wp-content\/uploads\/2017\/06\/foto_0010.jpg\" target=\"_blank\" rel=\"noopener\"><img fetchpriority=\"high\" decoding=\"async\" class=\" size-full wp-image-35599\" title=\"image\" src=\"https:\/\/alzira.es\/wp-content\/uploads\/2017\/06\/foto_0010.jpg\" alt=\"foto 0010\" width=\"400\" height=\"254\" srcset=\"https:\/\/alzira.es\/wp-content\/uploads\/2017\/06\/foto_0010.jpg 2544w, https:\/\/alzira.es\/wp-content\/uploads\/2017\/06\/foto_0010-680x432.jpg 680w, https:\/\/alzira.es\/wp-content\/uploads\/2017\/06\/foto_0010-1430x908.jpg 1430w, https:\/\/alzira.es\/wp-content\/uploads\/2017\/06\/foto_0010-768x488.jpg 768w, https:\/\/alzira.es\/wp-content\/uploads\/2017\/06\/foto_0010-1536x975.jpg 1536w, https:\/\/alzira.es\/wp-content\/uploads\/2017\/06\/foto_0010-2048x1300.jpg 2048w\" sizes=\"(max-width: 400px) 100vw, 400px\" \/><\/a><\/figure><figure><a class=\"jcepopup\" style=\"font-size: 14.4px; text-align: center;\" title=\"image\" href=\"https:\/\/alzira.es\/wp-content\/uploads\/2017\/06\/foto_0011.jpg\" target=\"_blank\" rel=\"noopener\" type=\"image\"><img decoding=\"async\" class=\"size-full wp-image-35601 lazyload\" title=\"image\" data-src=\"https:\/\/alzira.es\/wp-content\/uploads\/2017\/06\/foto_0011.jpg\" alt=\"foto 0011\" width=\"381\" height=\"254\" data-srcset=\"https:\/\/alzira.es\/wp-content\/uploads\/2017\/06\/foto_0011.jpg 2544w, https:\/\/alzira.es\/wp-content\/uploads\/2017\/06\/foto_0011-680x453.jpg 680w, https:\/\/alzira.es\/wp-content\/uploads\/2017\/06\/foto_0011-1430x953.jpg 1430w, https:\/\/alzira.es\/wp-content\/uploads\/2017\/06\/foto_0011-768x512.jpg 768w, https:\/\/alzira.es\/wp-content\/uploads\/2017\/06\/foto_0011-1536x1023.jpg 1536w, https:\/\/alzira.es\/wp-content\/uploads\/2017\/06\/foto_0011-2048x1365.jpg 2048w\" data-sizes=\"(max-width: 381px) 100vw, 381px\" src=\"data:image\/svg+xml;base64,PHN2ZyB3aWR0aD0iMSIgaGVpZ2h0PSIxIiB4bWxucz0iaHR0cDovL3d3dy53My5vcmcvMjAwMC9zdmciPjwvc3ZnPg==\" style=\"--smush-placeholder-width: 381px; --smush-placeholder-aspect-ratio: 381\/254;\" \/><\/a><\/figure><p style=\"text-align: center;\">&nbsp;<\/p>\n<p>&nbsp;<\/p>\n<p>&nbsp;<\/p>\n<\/div>\n","protected":false},"excerpt":{"rendered":"<p>&nbsp; Campa\u00f1a consorciada de control de vectores en la Ribera &nbsp; CUCARACHAS Y RATAS &nbsp; El Ayuntamiento de Alzira tiene contratado con la empresa Ram\u00f3n Flor, S.L.,(DESFLOR) con domicilio social en Avda, Derecho de Manifestaci\u00f3n n\u00ba 15, Alzira, el servicio de desratizaci\u00f3n y desinsectaci\u00f3n del alcantarillado p\u00fablico en el suelo urbano de Alzira, siendo la &hellip; <\/p>\n<p class=\"link-more\"><a href=\"https:\/\/alzira.es\/es\/servicios-municipales\/sanidad\/control-de-plagas\/cucarachas-y-ratas\/\" class=\"more-link\">Continuar leyendo<span class=\"screen-reader-text\"> \u00abCucarachas y ratas\u00bb<\/span><\/a><\/p>\n","protected":false},"author":29,"featured_media":23519,"parent":35609,"menu_order":4,"comment_status":"closed","ping_status":"closed","template":"","meta":{"_acf_changed":false,"footnotes":""},"class_list":["post-35612","page","type-page","status-publish","has-post-thumbnail","hentry"],"acf":[],"_links":{"self":[{"href":"https:\/\/alzira.es\/es\/wp-json\/wp\/v2\/pages\/35612","targetHints":{"allow":["GET"]}}],"collection":[{"href":"https:\/\/alzira.es\/es\/wp-json\/wp\/v2\/pages"}],"about":[{"href":"https:\/\/alzira.es\/es\/wp-json\/wp\/v2\/types\/page"}],"author":[{"embeddable":true,"href":"https:\/\/alzira.es\/es\/wp-json\/wp\/v2\/users\/29"}],"replies":[{"embeddable":true,"href":"https:\/\/alzira.es\/es\/wp-json\/wp\/v2\/comments?post=35612"}],"version-history":[{"count":2,"href":"https:\/\/alzira.es\/es\/wp-json\/wp\/v2\/pages\/35612\/revisions"}],"predecessor-version":[{"id":83151,"href":"https:\/\/alzira.es\/es\/wp-json\/wp\/v2\/pages\/35612\/revisions\/83151"}],"up":[{"embeddable":true,"href":"https:\/\/alzira.es\/es\/wp-json\/wp\/v2\/pages\/35609"}],"wp:featuredmedia":[{"embeddable":true,"href":"https:\/\/alzira.es\/es\/wp-json\/wp\/v2\/media\/23519"}],"wp:attachment":[{"href":"https:\/\/alzira.es\/es\/wp-json\/wp\/v2\/media?parent=35612"}],"curies":[{"name":"wp","href":"https:\/\/api.w.org\/{rel}","templated":true}]}}