{"id":35328,"date":"2018-10-31T09:15:43","date_gmt":"2018-10-31T08:15:43","guid":{"rendered":"https:\/\/alzira.es\/red-espanola-ciudades-saludables\/"},"modified":"2021-07-23T17:53:35","modified_gmt":"2021-07-23T15:53:35","slug":"red-espanola-ciudades-saludables","status":"publish","type":"page","link":"https:\/\/alzira.es\/es\/servicios-municipales\/sanidad\/red-espanola-ciudades-saludables\/","title":{"rendered":"Red Espa\u00f1ola de ciudades saludables"},"content":{"rendered":"\n<p><span style=\"font-family: Arial, sans-serif;\">La red Espa\u00f1ola de Ciudades Saludables(RECS) es una secci\u00f3n de la Federaci\u00f3n Espa\u00f1ola de Municipios y Provincias, cuyo objetivo es fomentar en nuestro pa\u00eds el Proyecto de la Organizaci\u00f3n Mundial de la Salud \u201dCiudades Saludables\u201d.<\/span><\/p>\n\n\n\n<p><span style=\"font-family: Arial, sans-serif;\">La Red se financia a trav\u00e9s de convenios y acuerdos con instituciones p\u00fablicas y privadas.<\/span><\/p>\n\n\n\n<p><span style=\"font-family: Arial, sans-serif;\">Es objetivo de crecimientos de la RECS a medio plazo, asociar a las casi 300 ciudades espa\u00f1olas con m\u00e1s de 20.000 habitantes.<\/span><\/p>\n\n\n\n<p><span style=\"font-family: Arial, sans-serif;\">Son miembros asociados a la RECS:<\/span><\/p>\n\n\n\n<p><span style=\"font-family: Arial, sans-serif;\">-El Ministerio de Sanidad y Consumo.<\/span><\/p>\n\n\n\n<p><span style=\"font-family: Arial, sans-serif;\">-La Oficina Regional Europea de la OMS.<\/span><\/p>\n\n\n\n<p><span style=\"font-family: Arial, sans-serif;\">-La Red Europea de Redes Nacionales de Ciudades Saludables<\/span><\/p>\n\n\n\n<p><span style=\"font-family: Arial, sans-serif;\">-Las Redes Auton\u00f3micas de Madrid, Catalu\u00f1a, Andaluc\u00eda y Castilla-La Mancha.<\/span><\/p>\n\n\n\n<p><span style=\"font-family: Arial, sans-serif;\">El \u00e1mbito de actividad se centra en la educaci\u00f3n y promoci\u00f3n de la salud, y la prevenci\u00f3n de las enfermedades. La RECS es el foro de comunicaci\u00f3n, conocimientos y experiencias en el \u00e1mbito de la salud p\u00fablica de las Corporaciones Locales Espa\u00f1olas, am\u00e9n de ser foro de impulso de las actuaciones conjuntas nacionales programadas en salud p\u00fablica local.<\/span><\/p>\n\n\n\n<p><span style=\"font-family: Arial, sans-serif;\">La red tiene por \u00f3rganos:<\/span><\/p>\n\n\n\n<p><span style=\"font-family: Arial, sans-serif;\">1.-La Asamblea de Ciudades, \u00f3rgano pol\u00edtico de m\u00e1s elevado rango.<\/span><\/p>\n\n\n\n<p><span style=\"font-family: Arial, sans-serif;\">2.-El Consejo Rector de la Red, \u00f3rgano pol\u00edtico ejecutivo.<\/span><\/p>\n\n\n\n<p><span style=\"font-family: Arial, sans-serif;\">3.-El Comit\u00e9 T\u00e9cnico, \u00f3rgano plenario de car\u00e1cter t\u00e9cnico.<\/span><\/p>\n\n\n\n<p><span style=\"font-family: Arial, sans-serif;\">Otra \u00e1rea de actuaci\u00f3n de la RECS ha sido la b\u00fasqueda de colaboraci\u00f3n europea en la ejecuci\u00f3n de programas de salud p\u00fablica de las Corporaciones Locales Espa\u00f1olas. Para ello, se ha redactado un informe sobre las posibles fuentes de financiaci\u00f3n de la Uni\u00f3n Europea de las Corporaciones Locales Espa\u00f1olas en el \u00e1mbito de la Salud P\u00fablica y se ha celebrado una jornada sobre aportaci\u00f3n de financiaci\u00f3n Europea para el \u00e1mbito de la Salud P\u00fablica de las Corporaciones Locales.<\/span><\/p>\n\n\n\n<p><span style=\"font-family: Arial, sans-serif;\">Para la consecuci\u00f3n de tales fines la RECS tiene previsto realizar las siguientes actividades:<\/span><\/p>\n\n\n\n<p><span style=\"font-family: Arial, sans-serif;\">-Asegurar la intercomunicaci\u00f3n de las ciudades participantes en materia de promoci\u00f3n y protecci\u00f3n de la salud, que permita el intercambio de experiencias y el desarrollo de proyectos entre ciudades, con otros niveles de la Administraci\u00f3n y con otras organizaciones, para promover la acci\u00f3n com\u00fan en la promoci\u00f3n y protecci\u00f3n de la salud.<\/span><\/p>\n\n\n\n<p><span style=\"font-family: Arial, sans-serif;\">-Asegurar el mantenimiento de los contactos interinstitucionales para la consolidaci\u00f3n de las relaciones intersectoriales, necesarias en el \u00e1mbito de la promoci\u00f3n y protecci\u00f3n de la salud.<\/span><\/p>\n\n\n\n<p><span style=\"font-family: Arial, sans-serif;\">-Fomentar la colaboraci\u00f3n y la acci\u00f3n conjunta de las ciudades participantes en la materia de promoci\u00f3n y protecci\u00f3n de la salud.<\/span><\/p>\n\n\n\n<p><span style=\"font-family: Arial, sans-serif;\">-Ayudar a las ciudades participantes a desarrollar modelos operativos de promoci\u00f3n y protecci\u00f3n de la salud en la comunidad, que puedan servir como modelos de buena praxis en lo concerniente a la promoci\u00f3n y protecci\u00f3n de la salud en el contexto urbano, en concreto: el diagn\u00f3stico y los planes de salud.<\/span><\/p>\n\n\n\n<p><span style=\"font-family: Arial, sans-serif;\">-Establecer criterios de evaluaci\u00f3n e indicadores unificados que permitan evaluar las actuaciones de la promoci\u00f3n y protecci\u00f3n de la salud y la acreditaci\u00f3n de la calidad de su ejecuci\u00f3n<\/span><\/p>\n\n\n\n<p><span style=\"font-family: Arial, sans-serif;\">-Mantener contactos con otros proyectos de ciudades saludables en nuestro pa\u00eds, en otros pa\u00edses y con las redes nacionales, as\u00ed como la Red Europea.<\/span><\/p>\n\n\n\n<p><span style=\"font-family: Arial, sans-serif;\">-Establecer recomendaciones orientadas a la inclusi\u00f3n de los procesos de calidad en las actuaciones de promoci\u00f3n y protecci\u00f3n de la salud.<\/span><\/p>\n\n\n\n<p><span style=\"font-family: Arial, sans-serif;\">-Difundir la informaci\u00f3n relevante sobre la Red Espa\u00f1ola de Ciudades Saludables, Las Redes Auton\u00f3micas y la Red Europea.<\/span><\/p>\n\n\n\n<p><span style=\"font-family: Arial, sans-serif;\">Por todo ello, por Acuerdo del Ayuntamiento en Pleno de fecha 22 de diciembre de 2004 se acord\u00f3 adherirse a la Red Espa\u00f1ola de Ciudades Saludables<\/span><\/p>\n\n\n\n<figure class=\"wp-block-image\"><img decoding=\"async\" data-src=\"contenidos\/red-ciudades.saludables.png\" alt=\"red-ciudades.saludables\" src=\"data:image\/svg+xml;base64,PHN2ZyB3aWR0aD0iMSIgaGVpZ2h0PSIxIiB4bWxucz0iaHR0cDovL3d3dy53My5vcmcvMjAwMC9zdmciPjwvc3ZnPg==\" class=\"lazyload\" \/><\/figure>\n\n\n\n<p><span style=\"font-family: Arial, sans-serif;\"><\/span><\/p>\n","protected":false},"excerpt":{"rendered":"<p>La red Espa\u00f1ola de Ciudades Saludables(RECS) es una secci\u00f3n de la Federaci\u00f3n Espa\u00f1ola de Municipios y Provincias, cuyo objetivo es fomentar en nuestro pa\u00eds el Proyecto de la Organizaci\u00f3n Mundial de la Salud \u201dCiudades Saludables\u201d. La Red se financia a trav\u00e9s de convenios y acuerdos con instituciones p\u00fablicas y privadas. Es objetivo de crecimientos de &hellip; <\/p>\n<p class=\"link-more\"><a href=\"https:\/\/alzira.es\/es\/servicios-municipales\/sanidad\/red-espanola-ciudades-saludables\/\" class=\"more-link\">Continuar leyendo<span class=\"screen-reader-text\"> \u00abRed Espa\u00f1ola de ciudades saludables\u00bb<\/span><\/a><\/p>\n","protected":false},"author":12,"featured_media":0,"parent":83083,"menu_order":6,"comment_status":"closed","ping_status":"closed","template":"","meta":{"_acf_changed":false,"footnotes":""},"class_list":["post-35328","page","type-page","status-publish","hentry"],"acf":[],"_links":{"self":[{"href":"https:\/\/alzira.es\/es\/wp-json\/wp\/v2\/pages\/35328","targetHints":{"allow":["GET"]}}],"collection":[{"href":"https:\/\/alzira.es\/es\/wp-json\/wp\/v2\/pages"}],"about":[{"href":"https:\/\/alzira.es\/es\/wp-json\/wp\/v2\/types\/page"}],"author":[{"embeddable":true,"href":"https:\/\/alzira.es\/es\/wp-json\/wp\/v2\/users\/12"}],"replies":[{"embeddable":true,"href":"https:\/\/alzira.es\/es\/wp-json\/wp\/v2\/comments?post=35328"}],"version-history":[{"count":1,"href":"https:\/\/alzira.es\/es\/wp-json\/wp\/v2\/pages\/35328\/revisions"}],"predecessor-version":[{"id":83225,"href":"https:\/\/alzira.es\/es\/wp-json\/wp\/v2\/pages\/35328\/revisions\/83225"}],"up":[{"embeddable":true,"href":"https:\/\/alzira.es\/es\/wp-json\/wp\/v2\/pages\/83083"}],"wp:attachment":[{"href":"https:\/\/alzira.es\/es\/wp-json\/wp\/v2\/media?parent=35328"}],"curies":[{"name":"wp","href":"https:\/\/api.w.org\/{rel}","templated":true}]}}