{"id":35323,"date":"2018-10-31T09:12:37","date_gmt":"2018-10-31T08:12:37","guid":{"rendered":"https:\/\/alzira.es\/desfibrilador\/"},"modified":"2021-12-13T18:47:03","modified_gmt":"2021-12-13T17:47:03","slug":"desfibrilador","status":"publish","type":"page","link":"https:\/\/alzira.es\/es\/servicios-municipales\/sanidad\/desfibrilador\/","title":{"rendered":"Desfibrilador"},"content":{"rendered":"\n<p><span style=\"font-family: Arial, sans-serif;\">El Ayuntamiento de Alzira ha llevado a t\u00e9rmino a trav\u00e9s de los Departamentos de Sanidad y Funci\u00f3n P\u00fablica y Organizaci\u00f3n una instalaci\u00f3n progresiva de desfibriladores en edificios e instalaciones del municipio de Alzira en cumplimiento de los dispuesto en el Decreto 159\/2017, de 6 de octubre, del Consell, por el que se regula la instalaci\u00f3n y uso de desfibriladores autom\u00e1ticos y semiautom\u00e1ticos externos fuera del \u00e1mbito sanitario de la Comunidad Valenciana. En el a\u00f1o 2017 instal\u00f3 8 desfibriladores en dependencias municipales y en el a\u00f1o 2018 ha instalado 22 desfibriladores. El contrato de arrendamiento sin opci\u00f3n de compra es para cuatro a\u00f1os y comprende un programa de formaci\u00f3n inicial durante el primer a\u00f1o y un programa de formaci\u00f3n continuada. De hecho, uno de los objetivos del Ayuntamiento de Alzira es conseguir el distintivo de Ciudad Alzira Cardioprotegida.<\/span><\/p>\n\n\n\n<p><span style=\"font-family: Arial, sans-serif;\">Se entiende por D.E.S.A. de conformidad con lo establecido en el art. 2.1.a) del Decreto 159\/2017, de 6 de octubre, del Consell, por el que se regula la instalaci\u00f3n y uso de desfibriladores autom\u00e1ticos y semiautom\u00e1ticos externos fuera del \u00e1mbito sanitario, en la Comunidad Valenciana, como el producto sanitario destinado a analizar el ritmo card\u00edaco, identificar las arritmias mortales tributarias de desfibrilaci\u00f3n y administrar una descarga el\u00e9ctrica con la finalidad de restablecer el ritmo cardiaco viable con altos niveles de seguridad.<br><\/span><\/p>\n\n\n\n<div class=\"wp-block-image\"><figure class=\"aligncenter is-resized\"><a class=\"jcepopup\" href=\"https:\/\/alzira.es\/wp-content\/uploads\/2018\/10\/desfibriladores.pdf\" target=\"_blank\" rel=\"noopener\"><img fetchpriority=\"high\" decoding=\"async\" src=\"https:\/\/alzira.es\/wp-content\/uploads\/2018\/10\/desfibriladores.jpg\" alt=\"desfibriladores\" class=\"wp-image-35318\" width=\"356\" height=\"365\" srcset=\"https:\/\/alzira.es\/wp-content\/uploads\/2018\/10\/desfibriladores.jpg 823w, https:\/\/alzira.es\/wp-content\/uploads\/2018\/10\/desfibriladores-496x510.jpg 496w, https:\/\/alzira.es\/wp-content\/uploads\/2018\/10\/desfibriladores-768x789.jpg 768w\" sizes=\"(max-width: 356px) 100vw, 356px\" \/><\/a><\/figure><\/div>\n\n\n\n<p class=\"has-text-align-center\"><strong><span style=\"font-family: Arial, sans-serif;\">Mapa de espacios cardio-protegidos de Alzira<\/span><\/strong><\/p>\n\n\n\n<hr class=\"wp-block-separator\"\/>\n\n\n\n<div class=\"wp-block-image\"><figure class=\"aligncenter is-resized\"><img decoding=\"async\" data-src=\"https:\/\/alzira.es\/wp-content\/uploads\/2018\/07\/IMG_5665-680x453.jpg\" alt=\"IMG 5665\" class=\"wp-image-32343 lazyload\" width=\"378\" height=\"252\" data-srcset=\"https:\/\/alzira.es\/wp-content\/uploads\/2018\/07\/IMG_5665-680x453.jpg 680w, https:\/\/alzira.es\/wp-content\/uploads\/2018\/07\/IMG_5665-1430x954.jpg 1430w, https:\/\/alzira.es\/wp-content\/uploads\/2018\/07\/IMG_5665-768x512.jpg 768w, https:\/\/alzira.es\/wp-content\/uploads\/2018\/07\/IMG_5665-1536x1024.jpg 1536w, https:\/\/alzira.es\/wp-content\/uploads\/2018\/07\/IMG_5665.JPG 1900w\" data-sizes=\"(max-width: 378px) 100vw, 378px\" src=\"data:image\/svg+xml;base64,PHN2ZyB3aWR0aD0iMSIgaGVpZ2h0PSIxIiB4bWxucz0iaHR0cDovL3d3dy53My5vcmcvMjAwMC9zdmciPjwvc3ZnPg==\" style=\"--smush-placeholder-width: 378px; --smush-placeholder-aspect-ratio: 378\/252;\" \/><\/figure><\/div>\n\n\n\n<p class=\"has-text-align-center\"><strong><span style=\"font-family: Arial, sans-serif;\">CENTROS MUNICIPALES CON UN DESA EN 2017<\/span><\/strong><\/p>\n\n\n\n<figure class=\"wp-block-table\"><table><tbody><tr><td>\n<p style=\"text-align: center;\" align=\"center\"><strong><span style=\"font-family: Arial, sans-serif; color: black;\">CENTRO<\/span><\/strong><\/p>\n<\/td><td>\n<p style=\"text-align: center;\" align=\"center\"><strong><span style=\"font-family: Arial, sans-serif; color: black;\">DIRECCI\u00d3N<\/span><\/strong><\/p>\n<\/td><td>\n<p style=\"text-align: center;\" align=\"center\"><strong><span style=\"font-family: Arial, sans-serif; color: black;\">FIJO<\/span><\/strong><\/p>\n<\/td><td>\n<p style=\"text-align: center;\" align=\"center\"><strong><span style=\"font-family: Arial, sans-serif; color: black;\">PORT\u00c1TIL<\/span><\/strong><\/p>\n<\/td><\/tr><tr><td>\n<p style=\"margin-left: 18pt; text-indent: -18pt;\"><span style=\"font-family: Arial, sans-serif; color: black;\">1.<span style=\"font: 7pt 'Times New Roman';\">&nbsp;&nbsp;&nbsp; <\/span><\/span><span style=\"font-family: Arial, sans-serif; color: black;\">PISCINA MUNICIPAL COBERTA<\/span><\/p>\n<\/td><td>\n<p><span style=\"font-family: Arial, sans-serif; color: black;\">C\/ La Murta s\/n<\/span><\/p>\n<\/td><td>\n<p style=\"text-align: center;\" align=\"center\"><span style=\"font-family: Arial, sans-serif; color: black;\">X<\/span><\/p>\n<\/td><td>&nbsp;<\/td><\/tr><tr><td>\n<p style=\"margin-left: 18pt; text-indent: -18pt;\"><span style=\"font-family: Arial, sans-serif; color: black;\">2.<span style=\"font: 7pt 'Times New Roman';\">&nbsp;&nbsp;&nbsp; <\/span><\/span><span style=\"font-family: Arial, sans-serif; color: black;\">CIUTAT ESPORTIVA JORGE MART\u00cdNEZ ASPAR<\/span><\/p>\n<\/td><td>\n<p><span style=\"font-family: Arial, sans-serif; color: black;\">Avenida Adri\u00e1n Campos<\/span><\/p>\n<\/td><td>\n<p style=\"text-align: center;\" align=\"center\"><span style=\"font-family: Arial, sans-serif; color: black;\">X<\/span><\/p>\n<\/td><td>&nbsp;<\/td><\/tr><tr><td>\n<p style=\"margin-left: 18pt; text-indent: -18pt;\"><span style=\"font-family: Arial, sans-serif; color: black;\">3.<span style=\"font: 7pt 'Times New Roman';\">&nbsp;&nbsp;&nbsp; <\/span><\/span><span style=\"font-family: Arial, sans-serif; color: black;\">PAVELL\u00d3 FONTANA MOGORT<\/span><\/p>\n<\/td><td>\n<p><span style=\"font-family: Arial, sans-serif; color: black;\">C\/ Morell s\/n<\/span><\/p>\n<\/td><td>\n<p style=\"text-align: center;\" align=\"center\"><span style=\"font-family: Arial, sans-serif; color: black;\">X<\/span><\/p>\n<\/td><td>&nbsp;<\/td><\/tr><tr><td>\n<p style=\"margin-left: 18pt; text-indent: -18pt;\"><span style=\"font-family: Arial, sans-serif; color: black;\">4.<span style=\"font: 7pt 'Times New Roman';\">&nbsp;&nbsp;&nbsp; <\/span><\/span><span style=\"font-family: Arial, sans-serif; color: black;\">GRAN TEATRE<\/span><\/p>\n<\/td><td>\n<p><span style=\"font-family: Arial, sans-serif; color: black;\">Pla\u00e7a Alborx\u00ed 1<\/span><\/p>\n<\/td><td>\n<p style=\"text-align: center;\" align=\"center\"><span style=\"font-family: Arial, sans-serif; color: black;\">X<\/span><\/p>\n<\/td><td>&nbsp;<\/td><\/tr><tr><td>\n<p style=\"margin-left: 18pt; text-indent: -18pt;\"><span style=\"font-family: Arial, sans-serif; color: black;\">5.<span style=\"font: 7pt 'Times New Roman';\">&nbsp;&nbsp;&nbsp; <\/span><\/span><span style=\"font-family: Arial, sans-serif; color: black;\">CASA CULTURA<\/span><\/p>\n<\/td><td>\n<p><span style=\"font-family: Arial, sans-serif; color: black;\">C\/Escoles P\u00edes 2<\/span><\/p>\n<\/td><td>\n<p style=\"text-align: center;\" align=\"center\"><span style=\"font-family: Arial, sans-serif; color: black;\">X<\/span><\/p>\n<\/td><td>&nbsp;<\/td><\/tr><tr><td>\n<p style=\"margin-left: 18pt; text-indent: -18pt;\"><span style=\"font-family: Arial, sans-serif; color: black;\">6.<span style=\"font: 7pt 'Times New Roman';\">&nbsp;&nbsp;&nbsp; <\/span><\/span><span style=\"font-family: Arial, sans-serif; color: black;\">CPC<\/span><\/p>\n<\/td><td>\n<p><span style=\"font-family: Arial, sans-serif; color: black;\">Pla\u00e7a Jesus s\/n<\/span><\/p>\n<\/td><td>\n<p style=\"text-align: center;\" align=\"center\"><span style=\"font-family: Arial, sans-serif; color: black;\">X<\/span><\/p>\n<\/td><td>&nbsp;<\/td><\/tr><tr><td>\n<p style=\"margin-left: 18pt; text-indent: -18pt;\"><span style=\"font-family: Arial, sans-serif; color: black;\">7.<span style=\"font: 7pt 'Times New Roman';\">&nbsp;&nbsp;&nbsp; <\/span><\/span><span style=\"font-family: Arial, sans-serif; color: black;\">LA MURTA<\/span><\/p>\n<\/td><td>\n<p><span style=\"font-family: Arial, sans-serif; color: black;\">C\/ La Murta<\/span><\/p>\n<\/td><td>&nbsp;<\/td><td>\n<p style=\"text-align: center;\" align=\"center\"><span style=\"font-family: Arial, sans-serif; color: black;\">X<\/span><\/p>\n<\/td><\/tr><tr><td>\n<p style=\"margin-left: 18pt; text-indent: -18pt;\"><span style=\"font-family: Arial, sans-serif; color: black;\">8.<span style=\"font: 7pt 'Times New Roman';\">&nbsp;&nbsp;&nbsp; <\/span><\/span><span style=\"font-family: Arial, sans-serif; color: black;\">LA CLAU<\/span><\/p>\n<\/td><td>\n<p><span style=\"font-family: Arial, sans-serif; color: black;\">C\/ Rambla s\/n Ronda Algemes\u00ed 2<\/span><\/p>\n<\/td><td>\n<p style=\"text-align: center;\" align=\"center\"><span style=\"font-family: Arial, sans-serif; color: black;\">X<\/span><\/p>\n<\/td><td>&nbsp;<\/td><\/tr><\/tbody><\/table><\/figure>\n\n\n\n<p><strong><span style=\"font-size: 12pt; font-family: Arial, sans-serif;\">&nbsp;<\/span><\/strong><\/p>\n\n\n\n<p class=\"has-text-align-center\"><strong><span style=\"font-family: Arial, sans-serif;\">CENTROS MUNICIPALES CON UN DESA EN 2018<\/span><\/strong><\/p>\n\n\n\n<figure class=\"wp-block-table\"><table><tbody><tr><td>\n<p style=\"text-align: center;\" align=\"center\"><strong><span style=\"font-family: Arial, sans-serif; color: black;\">CENTRO<\/span><\/strong><\/p>\n<\/td><td>\n<p style=\"text-align: center;\" align=\"center\"><strong><span style=\"font-family: Arial, sans-serif; color: black;\">DIRECCI\u00d3N<\/span><\/strong><\/p>\n<\/td><td>\n<p style=\"text-align: center;\" align=\"center\"><strong><span style=\"font-family: Arial, sans-serif; color: black;\">FIJO<\/span><\/strong><\/p>\n<\/td><td>\n<p style=\"text-align: center;\" align=\"center\"><strong><span style=\"font-family: Arial, sans-serif; color: black;\">PORT\u00c1TIL<\/span><\/strong><\/p>\n<\/td><\/tr><tr><td>\n<p style=\"margin-left: 18pt; text-indent: -18pt;\"><span style=\"font-family: Arial, sans-serif; color: black;\">9.<span style=\"font: 7pt 'Times New Roman';\">&nbsp;&nbsp;&nbsp; <\/span><\/span><span style=\"font-family: Arial, sans-serif; color: black;\">CASA CONSISTORIAL<\/span><\/p>\n<\/td><td>\n<p><span style=\"font-family: Arial, sans-serif; color: black;\">C\/ San Roc n\u00ba 6<\/span><\/p>\n<\/td><td>\n<p style=\"text-align: center;\" align=\"center\"><span style=\"font-family: Arial, sans-serif; color: black;\">X<\/span><\/p>\n<\/td><td>&nbsp;<\/td><\/tr><tr><td>\n<p style=\"margin-left: 18pt; text-indent: -18pt;\"><span style=\"font-family: Arial, sans-serif; color: black;\">10. <\/span><span style=\"font-family: Arial, sans-serif; color: black;\">POLIESPORTIU VENECIA<\/span><\/p>\n<\/td><td>\n<p><span style=\"font-family: Arial, sans-serif; color: black;\">C\/ Verge de la Murta s\/n<\/span><\/p>\n<\/td><td>&nbsp;<\/td><td>\n<p style=\"text-align: center;\" align=\"center\"><span style=\"font-family: Arial, sans-serif; color: black;\">X<\/span><\/p>\n<\/td><\/tr><tr><td>\n<p style=\"margin-left: 18pt; text-indent: -18pt;\"><span style=\"font-family: Arial, sans-serif; color: black;\">11. <\/span><span style=\"font-family: Arial, sans-serif; color: black;\">PALAU D\u2019ESPORTS<\/span><\/p>\n<\/td><td>\n<p><span style=\"font-family: Arial, sans-serif; color: black;\">C\/ Pere Morell s\/n<\/span><\/p>\n<\/td><td>\n<p style=\"text-align: center;\" align=\"center\"><span style=\"font-family: Arial, sans-serif; color: black;\">X<\/span><\/p>\n<\/td><td>&nbsp;<\/td><\/tr><tr><td>\n<p style=\"margin-left: 18pt; text-indent: -18pt;\"><span style=\"font-family: Arial, sans-serif; color: black;\">12. <\/span><span style=\"font-family: Arial, sans-serif; color: black;\">POLIESPORTIU PEREZ PUIG<\/span><\/p>\n<\/td><td>\n<p><span style=\"font-family: Arial, sans-serif; color: black;\">Ctra. Algemes\u00ed<\/span><\/p>\n<\/td><td>\n<p style=\"text-align: center;\" align=\"center\"><span style=\"font-family: Arial, sans-serif; color: black;\">X<\/span><\/p>\n<\/td><td>&nbsp;<\/td><\/tr><tr><td>\n<p style=\"margin-left: 18pt; text-indent: -18pt;\"><span style=\"font-family: Arial, sans-serif; color: black;\">13. <\/span><span style=\"font-family: Arial, sans-serif; color: black;\">ESTADI SU\u00d1ER PIC\u00d3<\/span><\/p>\n<\/td><td>\n<p><span style=\"font-family: Arial, sans-serif; color: black;\">Av. Del los Deportes s\/n<\/span><\/p>\n<\/td><td>\n<p style=\"text-align: center;\" align=\"center\"><span style=\"font-family: Arial, sans-serif; color: black;\">X<\/span><\/p>\n<\/td><td>&nbsp;<\/td><\/tr><tr><td>\n<p style=\"margin-left: 18pt; text-indent: -18pt;\"><span style=\"font-family: Arial, sans-serif; color: black;\">14. <\/span><span style=\"font-family: Arial, sans-serif; color: black;\">CIUTAT ESPORTIVA MART\u00cdNEZ ASPAR<\/span><\/p>\n<\/td><td>\n<p><span style=\"font-family: Arial, sans-serif; color: black;\">Av. Adrian Campos <\/span><\/p>\n<\/td><td>\n<p style=\"text-align: center;\" align=\"center\"><span style=\"font-family: Arial, sans-serif; color: black;\">X<\/span><\/p>\n<\/td><td>&nbsp;<\/td><\/tr><tr><td>\n<p style=\"margin-left: 18pt; text-indent: -18pt;\"><span style=\"font-family: Arial, sans-serif; color: black;\">15. <\/span><span style=\"font-family: Arial, sans-serif; color: black;\">POLICIA<\/span><\/p>\n<\/td><td>\n<p><span style=\"font-family: Arial, sans-serif; color: black;\">C\/ San Roc n\u00ba 12<\/span><\/p>\n<\/td><td>&nbsp;<\/td><td>\n<p style=\"text-align: center;\" align=\"center\"><span style=\"font-family: Arial, sans-serif; color: black;\">XX<\/span><\/p>\n<\/td><\/tr><tr><td>\n<p style=\"margin-left: 18pt; text-indent: -18pt;\"><span style=\"font-family: Arial, sans-serif; color: black;\">16. <\/span><span style=\"font-family: Arial, sans-serif; color: black;\">MUSEU MUNICIPAL MUMA<\/span><\/p>\n<\/td><td>\n<p><span style=\"font-family: Arial, sans-serif; color: black;\">C\/ San Roc n\u00ba16 \u2013 C\/ Salineries n\u00ba13<\/span><\/p>\n<\/td><td>\n<p style=\"text-align: center;\" align=\"center\"><span style=\"font-family: Arial, sans-serif; color: black;\">X<\/span><\/p>\n<\/td><td>&nbsp;<\/td><\/tr><tr><td>\n<p style=\"margin-left: 18pt; text-indent: -18pt;\"><span style=\"font-family: Arial, sans-serif; color: black;\">17. <\/span><span style=\"font-family: Arial, sans-serif; color: black;\">BIBLIOTECA<\/span><\/p>\n<\/td><td>\n<p><span style=\"font-family: Arial, sans-serif; color: black;\">Pl. De les Lletres Valencianes<\/span><\/p>\n<\/td><td>\n<p style=\"text-align: center;\" align=\"center\"><span style=\"font-family: Arial, sans-serif; color: black;\">X<\/span><\/p>\n<\/td><td>&nbsp;<\/td><\/tr><tr><td>\n<p style=\"margin-left: 18pt; text-indent: -18pt;\"><span style=\"font-family: Arial, sans-serif; color: black;\">18. <\/span><span style=\"font-family: Arial, sans-serif; color: black;\">TRINQUET<\/span><\/p>\n<\/td><td>\n<p><span style=\"font-family: Arial, sans-serif; color: black;\">Pl.&nbsp;&nbsp; Tisneres s\/n<\/span><\/p>\n<\/td><td>&nbsp;<\/td><td>\n<p style=\"text-align: center;\" align=\"center\"><span style=\"font-family: Arial, sans-serif; color: black;\">X<\/span><\/p>\n<\/td><\/tr><tr><td>\n<p style=\"margin-left: 18pt; text-indent: -18pt;\"><span style=\"font-family: Arial, sans-serif; color: black;\">19. <\/span><span style=\"font-family: Arial, sans-serif; color: black;\">ARXIU<\/span><\/p>\n<\/td><td>\n<p><span style=\"font-family: Arial, sans-serif; color: black;\">C\/ Salineries n\u00ba13<\/span><\/p>\n<\/td><td>\n<p style=\"text-align: center;\" align=\"center\"><span style=\"font-family: Arial, sans-serif; color: black;\">X<\/span><\/p>\n<\/td><td>&nbsp;<\/td><\/tr><tr><td>\n<p style=\"margin-left: 18pt; text-indent: -18pt;\"><span style=\"font-family: Arial, sans-serif; color: black;\">20. <\/span><span style=\"font-family: Arial, sans-serif; color: black;\">IDEA<\/span><\/p>\n<\/td><td>\n<p><span style=\"font-family: Arial, sans-serif; color: black;\">C\/ Ronda d\u2019Algemes\u00ed n\u00ba 4<\/span><\/p>\n<\/td><td>\n<p style=\"text-align: center;\" align=\"center\"><span style=\"font-family: Arial, sans-serif; color: black;\">X<\/span><\/p>\n<\/td><td>&nbsp;<\/td><\/tr><tr><td>\n<p style=\"margin-left: 18pt; text-indent: -18pt;\"><span style=\"font-family: Arial, sans-serif; color: black;\">21. <\/span><span style=\"font-family: Arial, sans-serif; color: black;\">MAGATZEM MUNICIPAL D\u2019OBRES<\/span><\/p>\n<\/td><td>\n<p><span style=\"font-family: Arial, sans-serif; color: black;\">C\/ Verge de la Murta<\/span><\/p>\n<\/td><td>\n<p style=\"text-align: center;\" align=\"center\"><span style=\"font-family: Arial, sans-serif; color: black;\">X<\/span><\/p>\n<\/td><td>&nbsp;<\/td><\/tr><tr><td>\n<p style=\"margin-left: 18pt; text-indent: -18pt;\"><span style=\"font-family: Arial, sans-serif; color: black;\">22. <\/span><span style=\"font-family: Arial, sans-serif; color: black;\">CEMENTERI<\/span><\/p>\n<\/td><td>\n<p><span style=\"font-family: Arial, sans-serif; color: black;\">Pda. Pl\u00e0 de Corbera<\/span><\/p>\n<\/td><td>\n<p style=\"text-align: center;\" align=\"center\"><span style=\"font-family: Arial, sans-serif; color: black;\">X<\/span><\/p>\n<\/td><td>&nbsp;<\/td><\/tr><tr><td>\n<p style=\"margin-left: 18pt; text-indent: -18pt;\"><span style=\"font-family: Arial, sans-serif; color: black;\">23. <\/span><span style=\"font-family: Arial, sans-serif; color: black;\">MERCAT D\u2019ABASTOS<\/span><\/p>\n<\/td><td>\n<p><span style=\"font-family: Arial, sans-serif; color: black;\">Ronda de Barrablet<\/span><\/p>\n<\/td><td>\n<p style=\"text-align: center;\" align=\"center\"><span style=\"font-family: Arial, sans-serif; color: black;\">X<\/span><\/p>\n<\/td><td>&nbsp;<\/td><\/tr><tr><td>\n<p style=\"margin-left: 18pt; text-indent: -18pt;\"><span style=\"font-family: Arial, sans-serif; color: black;\">24. <\/span><span style=\"font-family: Arial, sans-serif; color: black;\">CEE CARMEN PIC\u00d3<\/span><\/p>\n<\/td><td>\n<p><span style=\"font-family: Arial, sans-serif; color: black;\">Av. Dels Esports, 25<\/span><\/p>\n<\/td><td>\n<p style=\"text-align: center;\" align=\"center\"><span style=\"font-family: Arial, sans-serif; color: black;\">X<\/span><\/p>\n<\/td><td>&nbsp;<\/td><\/tr><tr><td>\n<p style=\"margin-left: 18pt; text-indent: -18pt;\"><span style=\"font-family: Arial, sans-serif; color: black;\">25. <\/span><span style=\"font-family: Arial, sans-serif; color: black;\">IES JOS\u00c9 M\u00aa PARRA<\/span><\/p>\n<\/td><td>\n<p><span style=\"font-family: Arial, sans-serif; color: black;\">C\/ Doctor Francisco Bono, 3<\/span><\/p>\n<\/td><td>\n<p style=\"text-align: center;\" align=\"center\"><span style=\"font-family: Arial, sans-serif; color: black;\">X<\/span><\/p>\n<\/td><td>&nbsp;<\/td><\/tr><tr><td>\n<p style=\"margin-left: 18pt; text-indent: -18pt;\"><span style=\"font-family: Arial, sans-serif; color: black;\">26. <\/span><span style=\"font-family: Arial, sans-serif; color: black;\">IES REI EN JAUME<\/span><\/p>\n<\/td><td>\n<p><span style=\"font-family: Arial, sans-serif; color: black;\">C\/ Gand\u00eda, s\/n<\/span><\/p>\n<\/td><td>\n<p style=\"text-align: center;\" align=\"center\"><span style=\"font-family: Arial, sans-serif; color: black;\">X<\/span><\/p>\n<\/td><td>&nbsp;<\/td><\/tr><tr><td>\n<p style=\"margin-left: 18pt; text-indent: -18pt;\"><span style=\"font-family: Arial, sans-serif; color: black;\">27. <\/span><span style=\"font-family: Arial, sans-serif; color: black;\">IES N\u00ba 4 (TULELL)<\/span><\/p>\n<\/td><td>\n<p><span style=\"font-family: Arial, sans-serif; color: black;\">Avda. Profesor Bernat Montagud<\/span><\/p>\n<\/td><td>\n<p style=\"text-align: center;\" align=\"center\"><span style=\"font-family: Arial, sans-serif; color: black;\">X<\/span><\/p>\n<\/td><td>&nbsp;<\/td><\/tr><tr><td>\n<p style=\"margin-left: 18pt; text-indent: -18pt;\"><span style=\"font-family: Arial, sans-serif; color: black;\">28. <\/span><span style=\"font-family: Arial, sans-serif; color: black;\">I.P.F.P.S. LUIS SU\u00d1ER SANCH\u00cdS<\/span><\/p>\n<\/td><td>\n<p><span style=\"font-family: Arial, sans-serif; color: black;\">Avda. De los Deportes, 27<\/span><\/p>\n<\/td><td>\n<p style=\"text-align: center;\" align=\"center\"><span style=\"font-family: Arial, sans-serif; color: black;\">X<\/span><\/p>\n<\/td><td>&nbsp;<\/td><\/tr><tr><td>\n<p style=\"margin-left: 18pt; text-indent: -18pt;\"><span style=\"font-family: Arial, sans-serif; color: black;\">29. <\/span><span style=\"font-family: Arial, sans-serif; color: black;\">C. LA PUR\u00cdSIMA<\/span><\/p>\n<\/td><td>\n<p><span style=\"font-family: Arial, sans-serif; color: black;\">C\/ Rambla, 2<\/span><\/p>\n<\/td><td>\n<p style=\"text-align: center;\" align=\"center\"><span style=\"font-family: Arial, sans-serif; color: black;\">X<\/span><\/p>\n<\/td><td>&nbsp;<\/td><\/tr><\/tbody><\/table><\/figure>\n","protected":false},"excerpt":{"rendered":"<p>El Ayuntamiento de Alzira ha llevado a t\u00e9rmino a trav\u00e9s de los Departamentos de Sanidad y Funci\u00f3n P\u00fablica y Organizaci\u00f3n una instalaci\u00f3n progresiva de desfibriladores en edificios e instalaciones del municipio de Alzira en cumplimiento de los dispuesto en el Decreto 159\/2017, de 6 de octubre, del Consell, por el que se regula la instalaci\u00f3n &hellip; <\/p>\n<p class=\"link-more\"><a href=\"https:\/\/alzira.es\/es\/servicios-municipales\/sanidad\/desfibrilador\/\" class=\"more-link\">Continuar leyendo<span class=\"screen-reader-text\"> \u00abDesfibrilador\u00bb<\/span><\/a><\/p>\n","protected":false},"author":12,"featured_media":35318,"parent":83083,"menu_order":7,"comment_status":"closed","ping_status":"closed","template":"","meta":{"_acf_changed":false,"footnotes":""},"class_list":["post-35323","page","type-page","status-publish","has-post-thumbnail","hentry"],"acf":[],"_links":{"self":[{"href":"https:\/\/alzira.es\/es\/wp-json\/wp\/v2\/pages\/35323","targetHints":{"allow":["GET"]}}],"collection":[{"href":"https:\/\/alzira.es\/es\/wp-json\/wp\/v2\/pages"}],"about":[{"href":"https:\/\/alzira.es\/es\/wp-json\/wp\/v2\/types\/page"}],"author":[{"embeddable":true,"href":"https:\/\/alzira.es\/es\/wp-json\/wp\/v2\/users\/12"}],"replies":[{"embeddable":true,"href":"https:\/\/alzira.es\/es\/wp-json\/wp\/v2\/comments?post=35323"}],"version-history":[{"count":2,"href":"https:\/\/alzira.es\/es\/wp-json\/wp\/v2\/pages\/35323\/revisions"}],"predecessor-version":[{"id":107071,"href":"https:\/\/alzira.es\/es\/wp-json\/wp\/v2\/pages\/35323\/revisions\/107071"}],"up":[{"embeddable":true,"href":"https:\/\/alzira.es\/es\/wp-json\/wp\/v2\/pages\/83083"}],"wp:featuredmedia":[{"embeddable":true,"href":"https:\/\/alzira.es\/es\/wp-json\/wp\/v2\/media\/35318"}],"wp:attachment":[{"href":"https:\/\/alzira.es\/es\/wp-json\/wp\/v2\/media?parent=35323"}],"curies":[{"name":"wp","href":"https:\/\/api.w.org\/{rel}","templated":true}]}}