{"id":34996,"date":"2018-10-23T10:26:52","date_gmt":"2018-10-23T08:26:52","guid":{"rendered":"https:\/\/alzira.es\/competencias\/"},"modified":"2021-08-30T18:26:26","modified_gmt":"2021-08-30T16:26:26","slug":"competencias","status":"publish","type":"page","link":"https:\/\/alzira.es\/es\/servicios-municipales\/policia-local\/competencias\/","title":{"rendered":"Competencias"},"content":{"rendered":"\n<p class=\"Cuerpo\"><span class=\"Ninguno\">Ley Org\u00e1nica 2\/1986, de 13 marzo, de Fuerzas y Cuerpos de Seguridad<\/span><\/p>\n\n\n\n<p class=\"Cuerpo\"><span class=\"Ninguno\">Art\u00edculo 53<\/span><\/p>\n\n\n\n<p class=\"Cuerpo\"><span class=\"Ninguno\">1.&nbsp;Los Cuerpos de Polic\u00eda Local deber\u00e1n ejercer las siguientes funciones:<\/span><\/p>\n\n\n\n<p class=\"Cuerpo\"><span class=\"Ninguno\">a)Proteger a las autoridades de las Corporaciones Locales, y vigilancia o custodia de sus edificios e instalaciones.<\/span><\/p>\n\n\n\n<p class=\"Cuerpo\"><span class=\"Ninguno\">b)&nbsp;Ordenar, se\u00f1alizar y dirigir el tr\u00e1fico en el casco urbano, de acuerdo con lo establecido en las normas de circulaci\u00f3n.<\/span><\/p>\n\n\n\n<p class=\"Cuerpo\"><span class=\"Ninguno\">c)&nbsp;Instruir atestados por accidentes de circulaci\u00f3n dentro del casco urbano.<\/span><\/p>\n\n\n\n<p class=\"Cuerpo\"><span class=\"Ninguno\">d)&nbsp;Polic\u00eda Administrativa, en lo relativo a las Ordenanzas, Bandos y dem\u00e1s disposiciones municipales dentro del \u00e1mbito de su competencia.<\/span><\/p>\n\n\n\n<p class=\"Cuerpo\"><span class=\"Ninguno\">e)&nbsp;Participar en las funciones de Polic\u00eda Judicial, en la forma establecida en el art\u00edculo 29.2 de esta Ley.<\/span><\/p>\n\n\n\n<p class=\"Cuerpo\"><span class=\"Ninguno\">f)&nbsp;La prestaci\u00f3n de auxilio, en los casos de accidente, cat\u00e1strofe o calamidad p\u00fablica, participando, en la forma prevista en las Leyes, en la ejecuci\u00f3n de los planes de Protecci\u00f3n Civil.<\/span><\/p>\n\n\n\n<p class=\"Cuerpo\"><span class=\"Ninguno\">g)&nbsp;Efectuar diligencias de prevenci\u00f3n y cuantas actuaciones tiendan a evitar la comisi\u00f3n de actos delictivos en el marco de colaboraci\u00f3n establecido en las Juntas de Seguridad.<\/span><\/p>\n\n\n\n<p class=\"Cuerpo\"><span class=\"Ninguno\">h)&nbsp;Vigilar los espacios p\u00fablicos y colaborar con las Fuerzas y Cuerpos de Seguridad del Estado y con la Polic\u00eda de las Comunidades Aut\u00f3nomas en la protecci\u00f3n de las manifestaciones y el mantenimiento del orden en grandes concentraciones humanas, cuando sean requeridos para ello.<\/span><\/p>\n\n\n\n<p class=\"Cuerpo\"><span class=\"Ninguno\">i)&nbsp;Cooperar en la resoluci\u00f3n de los conflictos privados cuando sean requeridos para ello.<\/span><\/p>\n","protected":false},"excerpt":{"rendered":"<p>Ley Org\u00e1nica 2\/1986, de 13 marzo, de Fuerzas y Cuerpos de Seguridad Art\u00edculo 53 1.&nbsp;Los Cuerpos de Polic\u00eda Local deber\u00e1n ejercer las siguientes funciones: a)Proteger a las autoridades de las Corporaciones Locales, y vigilancia o custodia de sus edificios e instalaciones. b)&nbsp;Ordenar, se\u00f1alizar y dirigir el tr\u00e1fico en el casco urbano, de acuerdo con lo &hellip; <\/p>\n<p class=\"link-more\"><a href=\"https:\/\/alzira.es\/es\/servicios-municipales\/policia-local\/competencias\/\" class=\"more-link\">Continuar leyendo<span class=\"screen-reader-text\"> \u00abCompetencias\u00bb<\/span><\/a><\/p>\n","protected":false},"author":29,"featured_media":0,"parent":86598,"menu_order":4,"comment_status":"closed","ping_status":"closed","template":"","meta":{"_acf_changed":false,"footnotes":""},"class_list":["post-34996","page","type-page","status-publish","hentry"],"acf":[],"_links":{"self":[{"href":"https:\/\/alzira.es\/es\/wp-json\/wp\/v2\/pages\/34996","targetHints":{"allow":["GET"]}}],"collection":[{"href":"https:\/\/alzira.es\/es\/wp-json\/wp\/v2\/pages"}],"about":[{"href":"https:\/\/alzira.es\/es\/wp-json\/wp\/v2\/types\/page"}],"author":[{"embeddable":true,"href":"https:\/\/alzira.es\/es\/wp-json\/wp\/v2\/users\/29"}],"replies":[{"embeddable":true,"href":"https:\/\/alzira.es\/es\/wp-json\/wp\/v2\/comments?post=34996"}],"version-history":[{"count":2,"href":"https:\/\/alzira.es\/es\/wp-json\/wp\/v2\/pages\/34996\/revisions"}],"predecessor-version":[{"id":86613,"href":"https:\/\/alzira.es\/es\/wp-json\/wp\/v2\/pages\/34996\/revisions\/86613"}],"up":[{"embeddable":true,"href":"https:\/\/alzira.es\/es\/wp-json\/wp\/v2\/pages\/86598"}],"wp:attachment":[{"href":"https:\/\/alzira.es\/es\/wp-json\/wp\/v2\/media?parent=34996"}],"curies":[{"name":"wp","href":"https:\/\/api.w.org\/{rel}","templated":true}]}}