{"id":34993,"date":"2018-10-23T10:24:29","date_gmt":"2018-10-23T08:24:29","guid":{"rendered":"https:\/\/alzira.es\/normativa-3\/"},"modified":"2021-08-30T18:29:10","modified_gmt":"2021-08-30T16:29:10","slug":"normativa-policia","status":"publish","type":"page","link":"https:\/\/alzira.es\/es\/servicios-municipales\/policia-local\/normativa-policia\/","title":{"rendered":"Normativa"},"content":{"rendered":"\n<p class=\"Cuerpo\"><span class=\"Ninguno\"><strong>+ Europea<\/strong><\/span><\/p>\n\n\n\n<p class=\"Cuerpo\"><span class=\"Hyperlink0\"><a href=\"http:\/\/www.carm.es\/neweb2\/servlet\/integra.servlets.Blob\/Resoluci%25F3n%2520690%2520de%25201974%252C%2520de%2520la%2520Asamblea%2520Parlamentaria%2520del%2520Consejo%2520de%2520Europa%252C%2520declaraci%25F3n%2520sobre%2520l.pdf?ARCHIVO=Resoluci%25F3n%2520690%2520de%25201974%252C%2520de%2520la%2520Asamblea%2520Parlamentaria%2520del%2520Consejo%2520de%2520Europa%252C%2520declaraci%25F3n%2520sobre%2520l.pdf&amp;TABLA=ARCHIVOS&amp;CAMPOCLAVE=IDARCHIVO&amp;VALORCLAVE=1015&amp;CAMPOIMAGEN=ARCHIVO&amp;IDTIPO=60&amp;RASTRO=c475$m993,1096,1650\" target=\"_blank\" rel=\"noreferrer noopener\"><span style=\"color: black; text-decoration: none;\">RESOLUCI\u00d3 690 de 1974, de l&#8217;Assemblea Parlament\u00e0ria del Consell d&#8217;Europa, declaraci\u00f3 sobre la Policia.<\/span><\/a><\/span><\/p>\n\n\n\n<p class=\"Cuerpo\"><span class=\"Hyperlink0\"><a href=\"http:\/\/www.carm.es\/neweb2\/servlet\/integra.servlets.Blob\/Recomendaci%25F3n%2520del%2520Consejo%2520de%2520Europa%252C%2520adoptada%2520por%2520el%2520Comit%25E9%2520de%2520Ministros%2520el%252019%2520de%2520septiembre%2520de.pdf?ARCHIVO=Recomendaci%25F3n%2520del%2520Consejo%2520de%2520Europa%252C%2520adoptada%2520por%2520el%2520Comit%25E9%2520de%2520Ministros%2520el%252019%2520de%2520septiembre%2520de.pdf&amp;TABLA=ARCHIVOS&amp;CAMPOCLAVE=IDARCHIVO&amp;VALORCLAVE=932&amp;CAMPOIMAGEN=ARCHIVO&amp;IDTIPO=60&amp;RASTRO=c475$m993,1096,1650\" target=\"_blank\" rel=\"noreferrer noopener\"><span style=\"color: black; text-decoration: none;\">RECOMANACI\u00d3 del Consell d&#8217;Europa, adoptada pel Comit\u00e9 de Ministres el 19 de setembre del 2001, sobre el Codi Europeu d&#8217;\u00c8tica de la Policia.<\/span><\/a><\/span><\/p>\n\n\n\n<p class=\"Cuerpo\"><span class=\"Hyperlink0\"><a href=\"http:\/\/www.carm.es\/neweb2\/servlet\/integra.servlets.Blob\/Resoluci%25F3n%2520169_34%2520de%25201979%252C%2520de%2520la%2520Asamblea%2520General%2520de%2520las%2520Naciones%2520Unidas.%2520C%25F3digo%2520de%2520Conducta%2520pa.pdf?ARCHIVO=Resoluci%25F3n%2520169_34%2520de%25201979%252C%2520de%2520la%2520Asamblea%2520General%2520de%2520las%2520Naciones%2520Unidas.%2520C%25F3digo%2520de%2520Conducta%2520pa.pdf&amp;TABLA=ARCHIVOS&amp;CAMPOCLAVE=IDARCHIVO&amp;VALORCLAVE=933&amp;CAMPOIMAGEN=ARCHIVO&amp;IDTIPO=60&amp;RASTRO=c475$m993,1096,1650\" target=\"_blank\" rel=\"noreferrer noopener\"><span style=\"color: black; text-decoration: none;\">RESOLUCI\u00d3 169\/34 de 1979, de l&#8217;Assemblea General de les Nacions Unides. Codi de Conducta per a Funcionaris encarregats de fer complir la Llei.<\/span><\/a><\/span><\/p>\n\n\n\n<p class=\"Cuerpo\"><span class=\"Hyperlink0\"><a href=\"http:\/\/www.denia.es\/policia\/adjuntos\/tokio.pdf\" target=\"_blank\" rel=\"noreferrer noopener\"><span style=\"color: black; text-decoration: none;\">DECLARACI\u00d3 de T\u00f2quio de l&#8217;Associaci\u00f3 M\u00e8dica Mundial, adoptada per la 29a Assemblea M\u00e8dica Mundial el 10 d&#8217;octubre de 1975, sobre la tortura i altres castics cruels, inhumans i degradants durant detencions i empresonaments.<\/span><\/a><\/span><\/p>\n\n\n\n<p class=\"Cuerpo\"><span class=\"Hyperlink0\"><a href=\"http:\/\/noticias.juridicas.com\/base_datos\/Admin\/ir200188.html\" target=\"_blank\" rel=\"noreferrer noopener\"><span style=\"color: black; text-decoration: none;\">Carta Europea de l&#8217;Autonomia Local<\/span><\/a><\/span><\/p>\n\n\n\n<p class=\"Cuerpo\"><\/p>\n\n\n\n<p class=\"Cuerpo\"><span class=\"Ninguno\"><strong>+ Nacional<\/strong><\/span><\/p>\n\n\n\n<p class=\"Cuerpo\"><span class=\"Hyperlink0\"><a href=\"http:\/\/www.boe.es\/aeboe\/consultas\/bases_datos\/act.php?id=BOE-A-1985-5392&amp;tn=1&amp;p=20110305#decima\" target=\"_blank\" rel=\"noreferrer noopener\"><span style=\"color: black; text-decoration: none;\">Ley de Bases de R\u00e9gimen Local (Disposici\u00f3n adicional d\u00e9cima)<\/span><\/a><\/span><\/p>\n\n\n\n<p class=\"Cuerpo\"><span class=\"Hyperlink0\"><a href=\"http:\/\/www.boe.es\/aeboe\/consultas\/bases_datos\/doc.php?id=BOE-A-1986-6859\" target=\"_blank\" rel=\"noreferrer noopener\"><span style=\"color: black; text-decoration: none;\">Ley de Fuerzas y Cuerpos de Seguridad del Estado (T\u00edtulo V)<\/span><\/a><\/span><\/p>\n\n\n\n<p class=\"Cuerpo\"><span class=\"Hyperlink0\"><a href=\"http:\/\/www.boe.es\/aeboe\/consultas\/bases_datos\/doc.php?id=BOE-A-1992-4252\" target=\"_blank\" rel=\"noreferrer noopener\"><span style=\"color: black; text-decoration: none;\">Ley de Protecci\u00f3n y Seguridad Ciudadana<\/span><\/a><\/span><\/p>\n\n\n\n<p><\/p>\n\n\n\n<p class=\"Cuerpo\"><span class=\"Ninguno\"><strong>+ Auton\u00f3mica<\/strong><\/span><\/p>\n\n\n\n<p class=\"Cuerpo\"><span class=\"Hyperlink0\"><a href=\"http:\/\/www.dogv.gva.es\/datos\/2017\/12\/15\/pdf\/2017_11424.pdf\" target=\"_blank\" rel=\"noreferrer noopener\"><span style=\"color: black; text-decoration: none;\">Ley 17\/2017, de 13 diciembre, de la Generalitat de coordinaci\u00f3n de polic\u00edas locales de la Comunitat Valenciana<\/span><\/a>.<\/span><\/p>\n\n\n\n<p class=\"Cuerpo\"><span class=\"Hyperlink0\"><a href=\"http:\/\/www.dogv.gva.es\/datos\/2018\/05\/22\/pdf\/2018_4962.pdf\" target=\"_blank\" rel=\"noreferrer noopener\"><span style=\"color: black; text-decoration: none;\">Decreto Ley 2\/2018, de 11 de mayo, del Consell, de modifici\u00f3n de la Ley 17\/2017, de 13 de diciembre, de coordinaci\u00f3n de polic\u00edas locales de la Comunitat Valenciana.<\/span><\/a><\/span><\/p>\n\n\n\n<p class=\"Cuerpo\"><span class=\"Hyperlink0\"><a href=\"http:\/\/www.docv.gva.es\/datos\/2003\/03\/07\/pdf\/2003_2780.pdf\" target=\"_blank\" rel=\"noreferrer noopener\"><span style=\"color: black; text-decoration: none;\">Decreto 19\/2003, de 4 de marzo<\/span><\/a>, del Consell de la Generalitat por la que se regula la Norma-Marco sobre Estructura, Organizaci\u00f3n y Funciones de los Cuerpos de Polic\u00eda Local de la Comunitat Valenciana.<\/span><\/p>\n\n\n\n<p class=\"Cuerpo\"><span class=\"Hyperlink0\">Decreto 88\/2001, de 24 de abril, del Gobierno Valenciano, por el que se establecen las bases y criterios generales uniformes para la secci\u00f3n, promoci\u00f3n y movilidad de todas las escalas y categor\u00edas de las Polic\u00edas Locales y auxiliares de Polic\u00eda Local de la Comunitat Valenciana.<\/span><\/p>\n\n\n\n<p class=\"Cuerpo\"><span class=\"Hyperlink0\">Orden de 1 de junio de 2001, de la Conselleria de Justicia y Administraciones P\u00fablicas, de desarrollo del Decreto 88\/2001, de 24 de abril, del Gobierno Valenciano, por la que se aprueban las bases y criterios uniformes para la selecci\u00f3n, promoci\u00f3n y movilidad de las Polic\u00edas Locales de la Comunitat Valenciana, escala superior, categor\u00edas intendente general e intendente principal, escala t\u00e9cnica y escala b\u00e1sica y auxiliares.<\/span><\/p>\n\n\n\n<p class=\"Cuerpo\"><span class=\"Hyperlink0\"><a href=\"http:\/\/www.docv.gva.es\/datos\/2005\/12\/02\/pdf\/2005_13290.pdf\" target=\"_blank\" rel=\"noreferrer noopener\"><span style=\"color: black; text-decoration: none;\">Orden de 23 de noviembre de 2005<\/span><\/a>, de la Conselleria de Justicia, Interior y Administraciones P\u00fablicas, por la que se establecen los criterios m\u00ednimos para la selecci\u00f3n de los Polic\u00edas Locales de la Comunitat Valenciana y\u00a0 baremo de m\u00e9ritos.<\/span><\/p>\n\n\n\n<p class=\"Cuerpo\"><span class=\"Hyperlink0\">Decreto 181\/1995, de 24 de enero, del Gobierno Valenciano, regulador de los criterios de utilizaci\u00f3n del equipo de autodefensa y el armamento por las Polic\u00edas Locales de la Comunitat Valenciana.<\/span><\/p>\n\n\n\n<p class=\"Cuerpo\"><span class=\"Hyperlink0\">Decreto 181\/1998, de 3 de noviembre, del Gobierno Valenciano, sobre homogeneizaci\u00f3n de medios t\u00e9cnicos, acreditaci\u00f3n y Registro de Polic\u00edas de la Comunitat Valenciana.<\/span><\/p>\n\n\n\n<p class=\"Cuerpo\"><span class=\"Hyperlink0\"><a href=\"http:\/\/www.docv.gva.es\/datos\/2005\/06\/24\/pdf\/2005_7306.pdf\" target=\"_blank\" rel=\"noreferrer noopener\"><span style=\"color: black; text-decoration: none;\">Decreto 114\/2005, de 17 de junio<\/span><\/a>, del Consell. Sistema de Homogeneizaci\u00f3n y homologaci\u00f3n de la uniformidad de la Polic\u00eda Local de la Comunitat Valenciana.<\/span><\/p>\n\n\n\n<p class=\"Cuerpo\"><span class=\"Hyperlink0\"><a href=\"http:\/\/www.docv.gva.es\/datos\/2007\/01\/08\/pdf\/2006_15156.pdf\" target=\"_blank\" rel=\"noreferrer noopener\"><span style=\"color: black; text-decoration: none;\">Decreto 189\/2006, de 22 de diciembre<\/span><\/a>, del Consell, por el que se regulan las distinciones y condecoraciones que se conceden por la Generalitat a los miembros de los Cuerpos de la Polic\u00eda Local de la Comunitat Valenciana.<\/span><\/p>\n\n\n\n<p class=\"Cuerpo\"><span class=\"Ninguno\"><strong>+ Local: <\/strong><\/span><\/p>\n\n\n\n<p class=\"Cuerpo\"><span class=\"Hyperlink0\">Aqu\u00ed puedes consultar las ordenanzas municipales de aplicaci\u00f3n en el cuerpo de Polc\u00eda local.<\/span><\/p>\n\n\n\n<p class=\"Cuerpo\"><span class=\"Hyperlink0\">Protecci\u00f3 del espai urb\u00e0:<\/span><\/p>\n\n\n\n<p class=\"Cuerpo\"><span class=\"Hyperlink0\"><a href=\"https:\/\/alzira.es\/wp-content\/uploads\/2016\/02\/ordenana_de_protecci_de_lespai_urb.pdf\" target=\"_blank\" rel=\"noreferrer noopener\"><span style=\"color: black; text-decoration: none;\">ordenana_de_protecci_de_lespai_urb.pdf<\/span><\/a><\/span><\/p>\n\n\n\n<p class=\"Cuerpo\"><span class=\"Hyperlink0\">Ocupaci\u00f3 de la v\u00eda p\u00fablica per terrasses:<\/span><\/p>\n\n\n\n<p class=\"Cuerpo\"><span class=\"Hyperlink0\"><a href=\"https:\/\/alzira.es\/wp-content\/uploads\/2016\/02\/ordenanza_ocupacio_hostalera_via_publica_terrasses_auxiliars.pdf\" target=\"_blank\" rel=\"noreferrer noopener\"><span style=\"color: black; text-decoration: none;\">ordenanza_ocupacio_hostalera_via_publica_terrasses_auxiliars.pdf<\/span><\/a><\/span><\/p>\n\n\n\n<p class=\"Cuerpo\"><span class=\"Hyperlink0\">Animals de compa\u00f1\u00eda:<\/span><\/p>\n\n\n\n<p class=\"Cuerpo\"><span class=\"Hyperlink0\"><a href=\"https:\/\/alzira.es\/wp-content\/uploads\/2016\/02\/ordenana_municipal_sobre_la_regulaci_dels_animals_de_companyia_als_llocs_pblics_i_privats_identificaci_de_gossos_i_acreditaci_de_la_tinena_de_races_perilloses.pdf\" target=\"_blank\" rel=\"noreferrer noopener\"><span style=\"color: black; text-decoration: none;\">ordenana_municipal_sobre_la_regulaci_dels_animals_de_companyia_als_llocs_pblics_i_privats_identificaci_de_gossos_i_acreditaci_de_la_tinena_de_races_perilloses.pdf<\/span><\/a><\/span><\/p>\n","protected":false},"excerpt":{"rendered":"<p>+ Europea RESOLUCI\u00d3 690 de 1974, de l&#8217;Assemblea Parlament\u00e0ria del Consell d&#8217;Europa, declaraci\u00f3 sobre la Policia. RECOMANACI\u00d3 del Consell d&#8217;Europa, adoptada pel Comit\u00e9 de Ministres el 19 de setembre del 2001, sobre el Codi Europeu d&#8217;\u00c8tica de la Policia. RESOLUCI\u00d3 169\/34 de 1979, de l&#8217;Assemblea General de les Nacions Unides. Codi de Conducta per a &hellip; <\/p>\n<p class=\"link-more\"><a href=\"https:\/\/alzira.es\/es\/servicios-municipales\/policia-local\/normativa-policia\/\" class=\"more-link\">Continuar leyendo<span class=\"screen-reader-text\"> \u00abNormativa\u00bb<\/span><\/a><\/p>\n","protected":false},"author":29,"featured_media":0,"parent":86598,"menu_order":6,"comment_status":"closed","ping_status":"closed","template":"","meta":{"_acf_changed":false,"footnotes":""},"class_list":["post-34993","page","type-page","status-publish","hentry"],"acf":[],"_links":{"self":[{"href":"https:\/\/alzira.es\/es\/wp-json\/wp\/v2\/pages\/34993","targetHints":{"allow":["GET"]}}],"collection":[{"href":"https:\/\/alzira.es\/es\/wp-json\/wp\/v2\/pages"}],"about":[{"href":"https:\/\/alzira.es\/es\/wp-json\/wp\/v2\/types\/page"}],"author":[{"embeddable":true,"href":"https:\/\/alzira.es\/es\/wp-json\/wp\/v2\/users\/29"}],"replies":[{"embeddable":true,"href":"https:\/\/alzira.es\/es\/wp-json\/wp\/v2\/comments?post=34993"}],"version-history":[{"count":1,"href":"https:\/\/alzira.es\/es\/wp-json\/wp\/v2\/pages\/34993\/revisions"}],"predecessor-version":[{"id":86615,"href":"https:\/\/alzira.es\/es\/wp-json\/wp\/v2\/pages\/34993\/revisions\/86615"}],"up":[{"embeddable":true,"href":"https:\/\/alzira.es\/es\/wp-json\/wp\/v2\/pages\/86598"}],"wp:attachment":[{"href":"https:\/\/alzira.es\/es\/wp-json\/wp\/v2\/media?parent=34993"}],"curies":[{"name":"wp","href":"https:\/\/api.w.org\/{rel}","templated":true}]}}