{"id":34988,"date":"2018-10-23T10:11:41","date_gmt":"2018-10-23T08:11:41","guid":{"rendered":"https:\/\/alzira.es\/bases-y-temario\/"},"modified":"2021-08-30T18:24:27","modified_gmt":"2021-08-30T16:24:27","slug":"bases-y-temario","status":"publish","type":"page","link":"https:\/\/alzira.es\/es\/servicios-municipales\/policia-local\/acceso\/bases-y-temario\/","title":{"rendered":"Bases y temario"},"content":{"rendered":"<p class=\"Cuerpo\" style=\"text-align: justify;\"><span class=\"Hyperlink0\"><span>Las bases y el temario de las oposiciones se ajustar\u00e1n a lo establecido en la ORDEN de 1 de junio de 2001, de la Conselleria de Justicia y Administraciones Publicas, de desarrollo del Decreto 88\/2001, de 24 de abril, del Gobierno Valenciano, por el que se establecen las bases y criterios generales uniformes para la selecci\u00f3n, promoci\u00f3n y movilidad de las Polic\u00edas Locales de la Comunidad Valenciana, escala b\u00e1sica y auxiliares de Polic\u00eda.<\/span><\/span><\/p>\n<p class=\"Cuerpo\" style=\"text-align: justify;\"><span class=\"Hyperlink0\"><span>Grupo I. Derecho Constitucional y Administrativo<\/span><\/span><\/p>\n<p class=\"Cuerpo\" style=\"text-align: justify;\"><span class=\"Hyperlink0\"><span>Tema 1. La Constituci\u00f3n espa\u00f1ola de 1978. Estructura, contenido y principios b\u00e1sicos. Reforma de la Constituci\u00f3n.<\/span><\/span><\/p>\n<p class=\"Cuerpo\" style=\"text-align: justify;\"><span class=\"Hyperlink0\"><span style=\"font-family: 'Arial Unicode MS', sans-serif;\"><br \/>\n<\/span><\/span><span class=\"Hyperlink0\"><span>Tema 2. Organizaci\u00f3n Pol\u00edtica del Estado Espa\u00f1ol. Clase y forma de Estado. Organizaci\u00f3n Territorial del Estado. La Corona: funciones constitucionales del rey. Sucesi\u00f3n y Regencia. El Refrendo.<\/span><\/span><\/p>\n<p class=\"Cuerpo\" style=\"text-align: justify;\"><span class=\"Hyperlink0\"><span style=\"font-family: 'Arial Unicode MS', sans-serif;\"><br \/>\n<\/span><\/span><span class=\"Hyperlink0\"><span>Tema 3. Las Cortes Generales: las C\u00e1maras. Composici\u00f3n, atribuciones y funcionamiento. La Funci\u00f3n Legislativa. El Poder Ejecutivo: El Gobierno. Relaciones entre el Gobierno y las Cortes Generales. El Poder Judicial. Estructura, organizaci\u00f3n y funcionamiento de los Tribunales en el sistema Espa\u00f1ol.<\/span><\/span><\/p>\n<p class=\"Cuerpo\" style=\"text-align: justify;\"><span class=\"Hyperlink0\"><\/span><span class=\"Hyperlink0\"><span style=\"font-family: 'Arial Unicode MS', sans-serif;\"><br \/>\n<\/span><\/span><span class=\"Hyperlink0\"><span>Tema 4. La organizaci\u00f3n territorial espa\u00f1ola. Las Comunidades Aut\u00f3nomas. Los Estatutos de Autonom\u00eda, \u00d3rganos y Competencias. Las Administraciones P\u00fablicas: Estatal, Auton\u00f3mica y Local.&nbsp;<\/span><\/span><\/p>\n<p class=\"Cuerpo\" style=\"text-align: justify;\"><span class=\"Hyperlink0\"><span style=\"font-family: 'Arial Unicode MS', sans-serif;\"><br \/>\n<\/span><\/span><span class=\"Hyperlink0\"><span>Tema 5. Derechos y deberes Fundamentales de la Persona en la Constituci\u00f3n: su defensa y garant\u00eda. El Tribunal Constitucional y el Defensor del Pueblo. La suspensi\u00f3n de los derechos y libertades.<\/span><\/span><\/p>\n<p class=\"Cuerpo\" style=\"text-align: justify;\"><span class=\"Hyperlink0\"><\/span><span class=\"Hyperlink0\"><span style=\"font-family: 'Arial Unicode MS', sans-serif;\"><br \/>\n<\/span><\/span><span class=\"Hyperlink0\"><span>Tema 6. El Estatuto de Autonom\u00eda de la Comunidad Valenciana. La Generalitat Valenciana. Las Cortes. El Gobierno o Consell. Las Competencias. Administraci\u00f3n de Justicia.&nbsp;<\/span><\/span><span class=\"Hyperlink0\"><span style=\"font-family: 'Arial Unicode MS', sans-serif;\"><\/span><\/span><\/p>\n<p> <span class=\"Hyperlink0\"><span>Tema 7. La Administraci\u00f3n P\u00fablica. La Hacienda P\u00fablica y la administraci\u00f3n Tributaria. El ciudadano y la administraci\u00f3n.&nbsp;<\/span><\/span><\/p>\n<p class=\"Cuerpo\" style=\"text-align: justify;\"><span class=\"Hyperlink0\"><span style=\"font-family: 'Arial Unicode MS', sans-serif;\"><br \/>\n<\/span><\/span><span class=\"Hyperlink0\"><span>Tema 8. El Derecho Administrativo. Fuentes. Normas no parlamentarias con rango de Ley. El Reglamento.&nbsp;<\/span><\/span><\/p>\n<p class=\"Cuerpo\" style=\"text-align: justify;\"><span class=\"Hyperlink0\"><span style=\"font-family: 'Arial Unicode MS', sans-serif;\"><br \/>\n<\/span><\/span><span class=\"Hyperlink0\"><span>Tema 9. El procedimiento administrativo. Marco jur\u00eddico. Fases del Procedimiento. La audiencia del interesado. Notificaciones. El Procedimiento sancionador administrativo. La revisi\u00f3n administrativa del acto administrativo. Procedimientos y l\u00edmites de la revisi\u00f3n. Recursos administrativos. El recurso contencioso administrativo.<\/span><\/span><\/p>\n<p class=\"Cuerpo\" style=\"text-align: justify;\"><span class=\"Hyperlink0\"><span>Tema 10. La Uni\u00f3n Europea: Instituciones. El ordenamiento jur\u00eddico de la Comunidad Europea. La recepci\u00f3n, aplicaci\u00f3n y control del Derecho comunitario en Espa\u00f1a.<\/span><\/span><\/p>\n<p class=\"Cuerpo\" style=\"text-align: justify;\"><span class=\"Hyperlink0\"><span>Grupo II. R\u00e9gimen Local y Polic\u00eda.<\/span><\/span><\/p>\n<p class=\"Cuerpo\" style=\"text-align: justify;\"><span class=\"Hyperlink0\"><span style=\"font-family: 'Arial Unicode MS', sans-serif;\"><br \/>\n<\/span><\/span><span class=\"Hyperlink0\"><span>Tema 11. El Municipio: \u00f3rganos unipersonales de gobierno. El alcalde. Los tenientes de alcalde. Los concejales.&nbsp;<\/span><\/span><\/p>\n<p class=\"Cuerpo\" style=\"text-align: justify;\"><span class=\"Hyperlink0\"><span style=\"font-family: 'Arial Unicode MS', sans-serif;\"><br \/>\n<\/span><\/span><span class=\"Hyperlink0\"><span>Tema 12. \u00d3rganos colegiados de gobierno. El Ayuntamiento pleno. La Comisi\u00f3n de Gobierno. \u00d3rganos consultivos y participativos: las Comisiones Informativas. Las Juntas de Distrito.<\/span><\/span><\/p>\n<p class=\"Cuerpo\" style=\"text-align: justify;\"><span class=\"Hyperlink0\"><\/span><span class=\"Hyperlink0\"><span style=\"font-family: 'Arial Unicode MS', sans-serif;\"><br \/>\n<\/span><\/span><span class=\"Hyperlink0\"><span>Tema 13. La Funci\u00f3n P\u00fablica en general y los funcionarios de las entidades locales. Organizaci\u00f3n de la funci\u00f3n p\u00fablica local. El personal al servicio de las Administraciones Locales: concepto y clases. Derechos y deberes de las Polic\u00edas Locales. Adquisici\u00f3n y perdida de la condici\u00f3n de funcionario.<\/span><\/span><\/p>\n<p class=\"Cuerpo\" style=\"text-align: justify;\"><span class=\"Hyperlink0\"><\/span><span class=\"Hyperlink0\"><span style=\"font-family: 'Arial Unicode MS', sans-serif;\"><br \/>\n<\/span><\/span><span class=\"Hyperlink0\"><span>Tema 14. Responsabilidad de los Funcionarios p\u00fablicos. Reglamento de R\u00e9gimen Disciplinario. Incoaci\u00f3n y tramitaci\u00f3n de expedientes.<\/span><\/span><\/p>\n<p class=\"Cuerpo\" style=\"text-align: justify;\"><span class=\"Hyperlink0\"><span style=\"font-family: 'Arial Unicode MS', sans-serif;\"><br \/>\n<\/span><\/span><span class=\"Hyperlink0\"><span>Tema 15. Obligaciones y competencias de los Ayuntamientos. Las Ordenanzas Municipales: concepto y clases. Infracciones. Potestad sancionadora. Los Bandos de Alcald\u00eda.&nbsp;<\/span><\/span><\/p>\n<p class=\"Cuerpo\" style=\"text-align: justify;\"><span class=\"Hyperlink0\"><span style=\"font-family: 'Arial Unicode MS', sans-serif;\"><br \/>\n<\/span><\/span><span class=\"Hyperlink0\"><span>Tema 16. La seguridad ciudadana. Autoridades competentes. Funciones de la Polic\u00eda Local seg\u00fan la Ley Org\u00e1nica de Fuerzas y Cuerpos de Seguridad. Actuaciones de la Polic\u00eda Local en colaboraci\u00f3n con el resto de las Fuerzas y Cuerpos. Polic\u00eda Gubernativa y Judicial.&nbsp;<\/span><\/span><\/p>\n<p class=\"Cuerpo\" style=\"text-align: justify;\"><span class=\"Hyperlink0\"><span style=\"font-family: 'Arial Unicode MS', sans-serif;\"><br \/>\n<\/span><\/span><span class=\"Hyperlink0\"><span>Tema 17. La Polic\u00eda Local. Ordenamiento legislativo de la Polic\u00eda Local. Misiones y objetivos. Disposiciones estatutarias comunes. Estructura org\u00e1nica y funcional.&nbsp;<\/span><\/span><span class=\"Hyperlink0\"><span style=\"font-family: 'Arial Unicode MS', sans-serif;\"><\/span><\/span><\/p>\n<p> <span class=\"Hyperlink0\"><span>Tema 18. El binomio polic\u00eda local\u2013ciudadano. Principios b\u00e1sicos y normas de actuaci\u00f3n. Soportes \u00e9ticos. R\u00e9gimen disciplinario de los funcionarios de Polic\u00eda Local.&nbsp;<\/span><\/span><span class=\"Hyperlink0\"><span style=\"font-family: 'Arial Unicode MS', sans-serif;\"><\/span><\/span><\/p>\n<p><span class=\"Hyperlink0\"><span>Tema 19. La legislaci\u00f3n sobre Polic\u00edas Locales y de Coordinaci\u00f3n de Polic\u00eda Local de la Comunidad Valenciana. La coordinaci\u00f3n de las Polic\u00edas Locales. Estructura y organizaci\u00f3n de las Polic\u00edas Locales de la Comunidad Valenciana. R\u00e9gimen estatutario.<\/span><\/span><span class=\"Hyperlink0\"><span style=\"font-family: 'Arial Unicode MS', sans-serif;\"><\/span><\/span><\/p>\n<p><span class=\"Hyperlink0\"><span>Tema 20. El Instituto Valenciano de Seguridad P\u00fablica. Regulaci\u00f3n Legal. Fines y funciones. La formaci\u00f3n de las Polic\u00edas Locales de la Comunidad Valenciana. El Registro de Polic\u00edas Locales. Sistema retributivo de las Polic\u00edas Locales de la Comunidad Valenciana. Premios y distinciones.<\/span><\/span><\/p>\n<p class=\"Cuerpo\" style=\"text-align: justify;\"><span class=\"Hyperlink0\"><span>Grupo III. Derecho Penal, Polic\u00eda Administrativa y Sociolog\u00eda&nbsp;<\/span><\/span><span class=\"Hyperlink0\"><span style=\"font-family: 'Arial Unicode MS', sans-serif;\"><\/span><\/span><\/p>\n<p> <span class=\"Hyperlink0\"><span>Tema 21. El C\u00f3digo Penal. Concepto de infracci\u00f3n penal: delito y falta. Las personas responsables criminalmente de los delitos y las faltas. Tema 22. El homicidio y sus formas. Aborto. Lesiones. Lesiones al feto. Delitos contra la libertad: detenciones ilegales y secuestros; amenazas; coacciones. Las torturas y otros delitos contra la integridad moral.&nbsp;<\/span><\/span><\/p>\n<p class=\"Cuerpo\" style=\"text-align: justify;\"><span class=\"Hyperlink0\"><span style=\"font-family: 'Arial Unicode MS', sans-serif;\"><br \/>\n<\/span><\/span><span class=\"Hyperlink0\"><span>Tema 23. Delitos contra la libertad sexual: agresiones y abusos sexuales; el acoso sexual; exhibicionismo y provocaci\u00f3n sexual; delitos relativos a la prostituci\u00f3n. Infracciones a las disposiciones de tr\u00e1fico y seguridad constitutivas de delito&nbsp;<\/span><\/span><span class=\"Hyperlink0\"><span style=\"font-family: 'Arial Unicode MS', sans-serif;\"><\/span><\/span><\/p>\n<p> <span class=\"Hyperlink0\"><span>Tema 24. Delitos contra el patrimonio y el orden socioecon\u00f3mico: hurtos, robos, extorsi\u00f3n, robo y hurto de veh\u00edculos.<\/span><\/span><\/p>\n<p class=\"Cuerpo\" style=\"text-align: justify;\"><span class=\"Hyperlink0\"><\/span><span class=\"Hyperlink0\"><span style=\"font-family: 'Arial Unicode MS', sans-serif;\"><br \/>\n<\/span><\/span><span class=\"Hyperlink0\"><span>Tema 25. Delitos contra la administraci\u00f3n p\u00fablica: prevaricaci\u00f3n y otros comportamientos injustos; abandono de destino y la omisi\u00f3n del deber de perseguir delitos; desobediencia y denegaci\u00f3n de auxilio; infidelidad en la custodia de documentos y de la violaci\u00f3n de secretos. Cohecho, tr\u00e1fico de influencias, malversaci\u00f3n, fraudes y exacciones ilegales, negociaciones y actividades prohibidas a los funcionarios p\u00fablicos.<\/span><\/span><\/p>\n<p class=\"Cuerpo\" style=\"text-align: justify;\"><span class=\"Hyperlink0\"><span style=\"font-family: 'Arial Unicode MS', sans-serif;\"><br \/>\n<\/span><\/span><span class=\"Hyperlink0\"><span>Tema 26. Ley Org\u00e1nica Reguladora del Procedimiento de Habeas Corpus. De la denuncia y la querella. Del ejercicio del derecho de defensa. La asistencia de abogado. El tratamiento de presos y detenidos. La entrada y registro en lugar cerrado.&nbsp;<\/span><\/span><span class=\"Hyperlink0\"><span style=\"font-family: 'Arial Unicode MS', sans-serif;\"><\/span><\/span><\/p>\n<p> <span class=\"Hyperlink0\"><span>Tema 27. La Polic\u00eda Judicial. De la comprobaci\u00f3n del delito y averiguaci\u00f3n del delincuente. Funciones de la Polic\u00eda Local como Polic\u00eda Judicial. El atestado policial.&nbsp;<\/span><\/span><span class=\"Hyperlink0\"><span style=\"font-family: 'Arial Unicode MS', sans-serif;\"><\/span><\/span><\/p>\n<p><span class=\"Hyperlink0\"><span>Tema 28. Polic\u00eda Administrativa. Protecci\u00f3n Civil. Medio ambiente. Urbanismo. Patrimonio hist\u00f3rico art\u00edstico. Ocupaci\u00f3n de las v\u00edas p\u00fablicas. Escolarizaci\u00f3n. Espect\u00e1culos y establecimientos p\u00fablicos. Venta ambulante.&nbsp;<\/span><\/span><\/p>\n<p class=\"Cuerpo\" style=\"text-align: justify;\"><span class=\"Hyperlink0\"><span style=\"font-family: 'Arial Unicode MS', sans-serif;\"><br \/>\n<\/span><\/span><span class=\"Hyperlink0\"><span>Tema 29. Los grupos sociales. Formaci\u00f3n de los grupos sociales. Las masas y su tipolog\u00eda. El proceso de socializaci\u00f3n.&nbsp;<\/span><\/span><\/p>\n<p class=\"Cuerpo\" style=\"text-align: justify;\"><span class=\"Hyperlink0\"><span style=\"font-family: 'Arial Unicode MS', sans-serif;\"><br \/>\n<\/span><\/span><span class=\"Hyperlink0\"><span>Tema 30. La delincuencia. Modelos explicativos y factores. Los comportamientos colectivos. Comportamiento en desastres, Efectos y consecuencias de los desastres. Reacci\u00f3n ante situaci\u00f3n de desastres.<\/span><\/span><\/p>\n<p class=\"Cuerpo\" style=\"text-align: justify;\"><span class=\"Hyperlink0\"><span>Grupo IV. Polic\u00eda de tr\u00e1fico y circulaci\u00f3n.<\/span><\/span><\/p>\n<p class=\"Cuerpo\" style=\"text-align: justify;\"><span class=\"Hyperlink0\"><\/span><span class=\"Hyperlink0\"><span style=\"font-family: 'Arial Unicode MS', sans-serif;\"><br \/>\n<\/span><\/span><span class=\"Hyperlink0\"><span>Tema 31. El Tr\u00e1fico y la Seguridad Vial: Concepto y objetivos. El hombre como elemento de seguridad vial. Los conductores. Los peatones. El veh\u00edculo. Las v\u00edas.&nbsp;<\/span><\/span><span class=\"Hyperlink0\"><span style=\"font-family: 'Arial Unicode MS', sans-serif;\"><\/span><\/span><\/p>\n<p> <span class=\"Hyperlink0\"><span>Tema 32. La normativa sobre tr\u00e1fico circulaci\u00f3n de veh\u00edculos a motor y seguridad vial: La Ley de Bases y su Texto articulado. Tipificaci\u00f3n de las principales infracciones. Infracciones de tr\u00e1fico que constituyen delito. El C\u00f3digo de circulaci\u00f3n y sus preceptos a\u00fan vigentes.&nbsp;<\/span><\/span><\/p>\n<p class=\"Cuerpo\" style=\"text-align: justify;\"><span class=\"Hyperlink0\"><span style=\"font-family: 'Arial Unicode MS', sans-serif;\"><br \/>\n<\/span><\/span><span class=\"Hyperlink0\"><span>Tema 33. El Reglamento General de Circulaci\u00f3n. Estructura. Principales normas de circulaci\u00f3n.&nbsp;<\/span><\/span><span class=\"Hyperlink0\"><span style=\"font-family: 'Arial Unicode MS', sans-serif;\"><\/span><\/span><\/p>\n<p> <span class=\"Hyperlink0\"><span>Tema 34. El Reglamento General de Conductores. Normas generales Clases de los permisos de conducir y sus requisitos. Validez. Equivalencias.<\/span><\/span><span class=\"Hyperlink0\"><span style=\"font-family: 'Arial Unicode MS', sans-serif;\"><\/span><\/span><\/p>\n<p><span class=\"Hyperlink0\"><span>Tema 35. Reglamento General de Veh\u00edculos. Normas Generales. Categor\u00edas. Sus condiciones t\u00e9cnicas. La inspecci\u00f3n t\u00e9cnica de Veh\u00edculos. Seguro Obligatorio de responsabilidad civil. Infracciones y diligencias policiales.&nbsp;<\/span><\/span><\/p>\n<p class=\"Cuerpo\" style=\"text-align: justify;\"><span class=\"Hyperlink0\"><span style=\"font-family: 'Arial Unicode MS', sans-serif;\"><br \/>\n<\/span><\/span><span class=\"Hyperlink0\"><span>Tema 36. Reglamento del procedimiento Sancionador en materia de tr\u00e1fico. Fases del procedimiento y contenido. Medidas cautelares: inmovilizaci\u00f3n de veh\u00edculos. Retirada de veh\u00edculos de la v\u00eda.<\/span><\/span><\/p>\n<p class=\"Cuerpo\" style=\"text-align: justify;\"><span class=\"Hyperlink0\"><\/span><span class=\"Hyperlink0\"><span style=\"font-family: 'Arial Unicode MS', sans-serif;\"><br \/>\n<\/span><\/span><span class=\"Hyperlink0\"><span>Tema 37. El Transporte. Clases de Transporte. Servicio p\u00fablico de viajeros y servicio p\u00fablico de mercanc\u00edas o Mixto. El servicio privado. Transporte escolar y de menores. Transporte de Mercanc\u00edas peligrosas.<\/span><\/span><\/p>\n<p class=\"Cuerpo\" style=\"text-align: justify;\"><span class=\"Hyperlink0\"><\/span><span class=\"Hyperlink0\"><span style=\"font-family: 'Arial Unicode MS', sans-serif;\"><br \/>\n<\/span><\/span><span class=\"Hyperlink0\"><span>Tema 38. Alcoholemia. Legislaci\u00f3n aplicable. Tasas de alcoholemia. Normas de aplicaci\u00f3n para las pruebas reglamentarais. Infracciones y diligencias policiales.&nbsp;<\/span><\/span><span class=\"Hyperlink0\"><span style=\"font-family: 'Arial Unicode MS', sans-serif;\"><\/span><\/span><\/p>\n<p> <span class=\"Hyperlink0\"><span>Tema 39. Los Accidentes de tr\u00e1fico: Concepto y consideraciones previas. Sus causas, clases y fases. Actuaciones de la Polic\u00eda Local en accidentes de tr\u00e1fico: de urgencia y t\u00e9cnico\u2013 administrativas.&nbsp;<\/span><\/span><\/p>\n<p class=\"Cuerpo\" style=\"text-align: justify;\"><span class=\"Hyperlink0\"><span style=\"font-family: 'Arial Unicode MS', sans-serif;\"><br \/>\n<\/span><\/span><span class=\"Hyperlink0\"><span>Tema 40. Organos competentes en materia de tr\u00e1fico y seguridad vial. El Consejo Superior de Tr\u00e1fico. Especial consideraci\u00f3n de las competencias municipales.<\/span><\/span><\/p>\n","protected":false},"excerpt":{"rendered":"<p>Las bases y el temario de las oposiciones se ajustar\u00e1n a lo establecido en la ORDEN de 1 de junio de 2001, de la Conselleria de Justicia y Administraciones Publicas, de desarrollo del Decreto 88\/2001, de 24 de abril, del Gobierno Valenciano, por el que se establecen las bases y criterios generales uniformes para la &hellip; <\/p>\n<p class=\"link-more\"><a href=\"https:\/\/alzira.es\/es\/servicios-municipales\/policia-local\/acceso\/bases-y-temario\/\" class=\"more-link\">Continuar leyendo<span class=\"screen-reader-text\"> \u00abBases y temario\u00bb<\/span><\/a><\/p>\n","protected":false},"author":29,"featured_media":0,"parent":34991,"menu_order":10,"comment_status":"closed","ping_status":"closed","template":"","meta":{"_acf_changed":false,"footnotes":""},"class_list":["post-34988","page","type-page","status-publish","hentry"],"acf":[],"_links":{"self":[{"href":"https:\/\/alzira.es\/es\/wp-json\/wp\/v2\/pages\/34988","targetHints":{"allow":["GET"]}}],"collection":[{"href":"https:\/\/alzira.es\/es\/wp-json\/wp\/v2\/pages"}],"about":[{"href":"https:\/\/alzira.es\/es\/wp-json\/wp\/v2\/types\/page"}],"author":[{"embeddable":true,"href":"https:\/\/alzira.es\/es\/wp-json\/wp\/v2\/users\/29"}],"replies":[{"embeddable":true,"href":"https:\/\/alzira.es\/es\/wp-json\/wp\/v2\/comments?post=34988"}],"version-history":[{"count":1,"href":"https:\/\/alzira.es\/es\/wp-json\/wp\/v2\/pages\/34988\/revisions"}],"predecessor-version":[{"id":86606,"href":"https:\/\/alzira.es\/es\/wp-json\/wp\/v2\/pages\/34988\/revisions\/86606"}],"up":[{"embeddable":true,"href":"https:\/\/alzira.es\/es\/wp-json\/wp\/v2\/pages\/34991"}],"wp:attachment":[{"href":"https:\/\/alzira.es\/es\/wp-json\/wp\/v2\/media?parent=34988"}],"curies":[{"name":"wp","href":"https:\/\/api.w.org\/{rel}","templated":true}]}}