{"id":34987,"date":"2018-10-23T10:04:28","date_gmt":"2018-10-23T08:04:28","guid":{"rendered":"https:\/\/alzira.es\/servicios\/"},"modified":"2021-11-22T19:05:58","modified_gmt":"2021-11-22T18:05:58","slug":"servicio-policia","status":"publish","type":"page","link":"https:\/\/alzira.es\/es\/servicios-municipales\/policia-local\/servicio-policia\/","title":{"rendered":"Servicios Polic\u00eda"},"content":{"rendered":"\n<p class=\"Cuerpo\"><span class=\"Ninguno\"><strong>Polic\u00eda de proximidad<\/strong><\/span><\/p>\n\n\n\n<p class=\"Cuerpo\"><span class=\"Hyperlink0\">La Polic\u00eda de Proximidad dentro de las funciones de polic\u00eda local se distingue por su especializaci\u00f3n en:<\/span><\/p>\n\n\n\n<p class=\"Cuerpo\"><span class=\"Hyperlink0\">La vigilancia, control y regulaci\u00f3n del tr\u00e1fico en la zona centro y la intervenci\u00f3n en accidentes de tr\u00e1fico.<\/span><\/p>\n\n\n\n<p class=\"Cuerpo\"><span class=\"Hyperlink0\"> El contacto personal continuo con los residentes, asociaciones y entidades vecinales, con el fin de conocer sus necesidades y demandas.<\/span><\/p>\n\n\n\n<p> <\/p>\n\n\n\n<p class=\"Cuerpo\"><span class=\"Ninguno\"><strong>Polic\u00eda Rural<\/strong><\/span><\/p>\n\n\n\n<p class=\"Cuerpo\"><span class=\"Hyperlink0\">La polic\u00eda rural est\u00e1 especializada en la vigilancia y seguridad en la zona rural del t\u00e9rmino municipal, protecci\u00f3n del medio ambiente y la mediaci\u00f3n en el \u00e1mbito rural.<\/span><\/p>\n\n\n\n<p> <\/p>\n\n\n\n<p class=\"Cuerpo\"><span class=\"Ninguno\"><strong>Polic\u00eda administrativa<\/strong><\/span><\/p>\n\n\n\n<p class=\"Cuerpo\"><span class=\"Hyperlink0\">Es competencia de la polic\u00eda local el control, vigilancia y en su caso sanci\u00f3n de la aplicaci\u00f3n de la normativa de limpieza, animales dom\u00e9sticos, comportamiento c\u00edvico, venta ambulante, ocupaci\u00f3n de v\u00eda p\u00fablica y otras infracciones de ordenanzas municipales.<\/span><\/p>\n\n\n\n<p class=\"Cuerpo\"><span class=\"Hyperlink0\">&nbsp;As\u00ed como la tramitaci\u00f3n y seguimiento de las deficiencias y anomal\u00edas de las v\u00edas p\u00fablicas en coordinaci\u00f3n con los diferentes departamentos municipales con el fin de solucionarlas.<\/span><\/p>\n\n\n\n<p> <\/p>\n\n\n\n<p class=\"Cuerpo\"><span class=\"Ninguno\"><strong>Polic\u00eda de seguridad<\/strong><\/span><\/p>\n\n\n\n<p class=\"Cuerpo\"><span class=\"Hyperlink0\">Los cometidos de la polic\u00eda de seguridad podemos dividirlos en dos \u00e1mbitos, por un lado la protecci\u00f3n de la seguridad ciudadana y por otro la seguridad del tr\u00e1fico:<\/span><\/p>\n\n\n\n<p class=\"Cuerpo\"><span class=\"Hyperlink0\">La seguridad ciudadana comporta la vigilancia preventiva, la intervenci\u00f3n ante situaciones de alteraci\u00f3n de la seguridad colectiva, sanci\u00f3n de las infracciones a la ley de seguridad ciudadana y la intervenci\u00f3n ante situaciones que pudieren constituir delitos.<\/span><\/p>\n\n\n\n<p class=\"Cuerpo\"><span class=\"Hyperlink0\">La seguridad del tr\u00e1fico comporta, la regulaci\u00f3n y vigilancia de tr\u00e1fico, realizaci\u00f3n de controles, denunciar infracciones de tr\u00e1fico, as\u00ed como colaborar en campa\u00f1as de tr\u00e1fico<\/span><\/p>\n\n\n\n<p><\/p>\n\n\n\n<p class=\"Cuerpo\"><span class=\"Ninguno\"><strong>La Polic\u00eda Local como Polic\u00eda Judicial.<\/strong><\/span><\/p>\n\n\n\n<p class=\"Cuerpo\"><span class=\"Ninguno\">Las funciones de polic\u00eda judicial asignados de forma gen\u00e9rica a la polic\u00eda local son la <strong>c<\/strong>onfecci\u00f3n de atestados por accidentes de tr\u00e1fico, confecci\u00f3n atestados por delitos contra la seguridad del tr\u00e1fico, la investigaci\u00f3n de accidentes y la intervenci\u00f3n ante presuntos delitos: violencia de genero, hurtos, robos\u2026<\/span><\/p>\n\n\n\n<p> <\/p>\n\n\n\n<p class=\"Cuerpo\"><span class=\"Ninguno\"><strong>Salubridad p\u00fablica<\/strong><\/span><\/p>\n\n\n\n<p class=\"Cuerpo\"><span class=\"Hyperlink0\">Las funciones de la Polic\u00eda local en la materia son la inspecci\u00f3n en locales p\u00fablicos, la protecci\u00f3n de fauna y flora y la vigilancia y control de los animales de compa\u00f1\u00eda.<\/span><\/p>\n\n\n\n<p> <\/p>\n\n\n\n<p class=\"Cuerpo\"><span class=\"Ninguno\"><strong> Educaci\u00f3n vial<\/strong><\/span><\/p>\n\n\n\n<p class=\"Cuerpo\"><span class=\"Hyperlink0\">En nuestro parque de educaci\u00f3n vial principalmente los destinatarios son ni\u00f1as y ni\u00f1os que dentro de la Educaci\u00f3n Formal pertenecen a las \u00e1reas de Primaria y Secundaria. Extendi\u00e9ndose las clases a alumnos de Programas de Garant\u00eda Social y P.Q.P.I , bachiller, universitarios y grupos organizados de inter\u00e9s social.<\/span><\/p>\n\n\n\n<p class=\"Cuerpo\"><span class=\"Hyperlink0\">Las actividades y los contenidos del proyecto educativo que se est\u00e1n llevando a cabo en este parque, tambi\u00e9n contemplan la Educaci\u00f3n Infantil y la de Adultos. Habiendo implementado actividades para estos grupos en un programa dise\u00f1ado para ellos.<\/span><\/p>\n","protected":false},"excerpt":{"rendered":"<p>Polic\u00eda de proximidad La Polic\u00eda de Proximidad dentro de las funciones de polic\u00eda local se distingue por su especializaci\u00f3n en: La vigilancia, control y regulaci\u00f3n del tr\u00e1fico en la zona centro y la intervenci\u00f3n en accidentes de tr\u00e1fico. El contacto personal continuo con los residentes, asociaciones y entidades vecinales, con el fin de conocer sus &hellip; <\/p>\n<p class=\"link-more\"><a href=\"https:\/\/alzira.es\/es\/servicios-municipales\/policia-local\/servicio-policia\/\" class=\"more-link\">Continuar leyendo<span class=\"screen-reader-text\"> \u00abServicios Polic\u00eda\u00bb<\/span><\/a><\/p>\n","protected":false},"author":29,"featured_media":0,"parent":86598,"menu_order":11,"comment_status":"closed","ping_status":"closed","template":"","meta":{"_acf_changed":false,"footnotes":""},"class_list":["post-34987","page","type-page","status-publish","hentry"],"acf":[],"_links":{"self":[{"href":"https:\/\/alzira.es\/es\/wp-json\/wp\/v2\/pages\/34987","targetHints":{"allow":["GET"]}}],"collection":[{"href":"https:\/\/alzira.es\/es\/wp-json\/wp\/v2\/pages"}],"about":[{"href":"https:\/\/alzira.es\/es\/wp-json\/wp\/v2\/types\/page"}],"author":[{"embeddable":true,"href":"https:\/\/alzira.es\/es\/wp-json\/wp\/v2\/users\/29"}],"replies":[{"embeddable":true,"href":"https:\/\/alzira.es\/es\/wp-json\/wp\/v2\/comments?post=34987"}],"version-history":[{"count":2,"href":"https:\/\/alzira.es\/es\/wp-json\/wp\/v2\/pages\/34987\/revisions"}],"predecessor-version":[{"id":105082,"href":"https:\/\/alzira.es\/es\/wp-json\/wp\/v2\/pages\/34987\/revisions\/105082"}],"up":[{"embeddable":true,"href":"https:\/\/alzira.es\/es\/wp-json\/wp\/v2\/pages\/86598"}],"wp:attachment":[{"href":"https:\/\/alzira.es\/es\/wp-json\/wp\/v2\/media?parent=34987"}],"curies":[{"name":"wp","href":"https:\/\/api.w.org\/{rel}","templated":true}]}}