{"id":34946,"date":"2018-10-22T12:37:30","date_gmt":"2018-10-22T10:37:30","guid":{"rendered":"https:\/\/alzira.es\/denuncias-en-policia-local\/"},"modified":"2021-08-30T20:14:30","modified_gmt":"2021-08-30T18:14:30","slug":"denuncias-en-policia","status":"publish","type":"page","link":"https:\/\/alzira.es\/es\/servicios-municipales\/policia-local\/denuncias-en-policia\/","title":{"rendered":"Denuncias Polic\u00eda"},"content":{"rendered":"\n<h2 class=\"wp-block-heading\">Denuncias ante la Polic\u00eda Local<\/h2>\n\n\n\n<p class=\"Cuerpo\"><span class=\"Hyperlink0\">Para formular una denuncia relativa a una de las funciones especificas de Polic\u00eda Local, puede usted dirigirse a nuestras dependencias sitas en c\/ San Roc n\u00famero 12, abiertas las 24 horas.<\/span><\/p>\n\n\n\n<p class=\"Cuerpo\"><span class=\"Hyperlink0\">Son funciones exclusivas de la Polic\u00eda Local de Alzira:<\/span><\/p>\n\n\n\n<p class=\"Cuerpo\"><span class=\"Hyperlink0\"><span style=\"font-family: 'Arial Unicode MS', sans-serif;\"><br><\/span><\/span><span class=\"Hyperlink0\">a) Instruir atestados por accidentes de circulaci\u00f3n dentro del casco urbano y en v\u00edas de su competencia.<\/span><\/p>\n\n\n\n<p class=\"Cuerpo\"><span class=\"Hyperlink0\"><span style=\"font-family: 'Arial Unicode MS', sans-serif;\"><br><\/span><\/span><span class=\"Hyperlink0\">b) Ejercer las funciones de polic\u00eda administrativa dentro del \u00e1mbito de su competencia, especialmente en lo relativo a ordenanzas, bandos y dem\u00e1s disposiciones municipales, as\u00ed como en lo relativo a las disposiciones auton\u00f3micas respecto de las cuales les hayan sido delegadas dichas funciones.<\/span><\/p>\n\n\n\n<p class=\"Cuerpo\"><span class=\"Hyperlink0\"><span style=\"font-family: 'Arial Unicode MS', sans-serif;\"><br><\/span><\/span><span class=\"Hyperlink0\">c) Participar en las funciones de polic\u00eda judicial, especialmente con relaci\u00f3n al tr\u00e1fico y en el \u00e1mbito de las competencias municipales, de acuerdo con la legislaci\u00f3n vigente.<\/span><\/p>\n\n\n\n<p class=\"Cuerpo\"><span class=\"Hyperlink0\">Para m\u00e1s informaci\u00f3n contacte con el tel\u00e9fono 962450233.<\/span><\/p>\n\n\n\n<p><\/p>\n\n\n\n<p><\/p>\n\n\n\n<h2 class=\"wp-block-heading\">Denuncias ante la Polic\u00eda Nacional<\/h2>\n\n\n\n<p>&#8211; Para presentar cualquier otro tipo de denuncias, dir\u00edjase a la comisar\u00eda de Polic\u00eda Nacional:<\/p>\n\n\n\n<p><a href=\"https:\/\/www.policia.es\/_es\/colabora_informar.php\" target=\"_blank\" rel=\"noreferrer noopener\">https:\/\/www.policia.es\/<\/a><\/p>\n","protected":false},"excerpt":{"rendered":"<p>Denuncias ante la Polic\u00eda Local Para formular una denuncia relativa a una de las funciones especificas de Polic\u00eda Local, puede usted dirigirse a nuestras dependencias sitas en c\/ San Roc n\u00famero 12, abiertas las 24 horas. Son funciones exclusivas de la Polic\u00eda Local de Alzira: a) Instruir atestados por accidentes de circulaci\u00f3n dentro del casco &hellip; <\/p>\n<p class=\"link-more\"><a href=\"https:\/\/alzira.es\/es\/servicios-municipales\/policia-local\/denuncias-en-policia\/\" class=\"more-link\">Continuar leyendo<span class=\"screen-reader-text\"> \u00abDenuncias Polic\u00eda\u00bb<\/span><\/a><\/p>\n","protected":false},"author":29,"featured_media":0,"parent":86598,"menu_order":12,"comment_status":"closed","ping_status":"closed","template":"","meta":{"_acf_changed":false,"footnotes":""},"class_list":["post-34946","page","type-page","status-publish","hentry"],"acf":[],"_links":{"self":[{"href":"https:\/\/alzira.es\/es\/wp-json\/wp\/v2\/pages\/34946","targetHints":{"allow":["GET"]}}],"collection":[{"href":"https:\/\/alzira.es\/es\/wp-json\/wp\/v2\/pages"}],"about":[{"href":"https:\/\/alzira.es\/es\/wp-json\/wp\/v2\/types\/page"}],"author":[{"embeddable":true,"href":"https:\/\/alzira.es\/es\/wp-json\/wp\/v2\/users\/29"}],"replies":[{"embeddable":true,"href":"https:\/\/alzira.es\/es\/wp-json\/wp\/v2\/comments?post=34946"}],"version-history":[{"count":2,"href":"https:\/\/alzira.es\/es\/wp-json\/wp\/v2\/pages\/34946\/revisions"}],"predecessor-version":[{"id":86739,"href":"https:\/\/alzira.es\/es\/wp-json\/wp\/v2\/pages\/34946\/revisions\/86739"}],"up":[{"embeddable":true,"href":"https:\/\/alzira.es\/es\/wp-json\/wp\/v2\/pages\/86598"}],"wp:attachment":[{"href":"https:\/\/alzira.es\/es\/wp-json\/wp\/v2\/media?parent=34946"}],"curies":[{"name":"wp","href":"https:\/\/api.w.org\/{rel}","templated":true}]}}