{"id":34699,"date":"2018-10-16T15:29:09","date_gmt":"2018-10-16T13:29:09","guid":{"rendered":"https:\/\/alzira.es\/campana-de-fallas-encesa-per-tu-ences-per-tu\/"},"modified":"2021-08-31T15:49:51","modified_gmt":"2021-08-31T13:49:51","slug":"campana-de-fallas-encesa-per-tu-ences-per-tu","status":"publish","type":"page","link":"https:\/\/alzira.es\/es\/servicios-municipales\/serval\/campanas\/campana-de-fallas-encesa-per-tu-ences-per-tu\/","title":{"rendered":"Campa\u00f1a de fallas \u00abEncesa per tu, enc\u00e9s per tu\u00bb"},"content":{"rendered":"\n<p>La Concejal\u00eda de Cultura y Promoci\u00f3n del Valenciano del Ayuntamiento de Alzira empieza una campa\u00f1a de promoci\u00f3n del valenciano adaptada a las fallas.<\/p>\n\n\n\n<p>La campa\u00f1a tiene como nombre \u00abEncesa per tu, enc\u00e9s per tu\u00bb, y se basar\u00e1 en un fotoreclam (<em>photocall<\/em>) instalado entre las 13 h y las 14:30 h horas los dias 16, 17 y 18 de marzo en la av. Sucro al lado de la carpa de la Junta Local Fallera. Todas las personas que se acerquen al <em>photocall&nbsp;<\/em>podr\u00e1n hacerse fotos con los lemas \u00abNo s&#8217;\u00e9s res si no s&#8217;\u00e9s poble\u00bb, \u00abDeclarat ninot indultat\u00bb, \u00abEncesa per tu\u00bb, \u00abEnc\u00e9s per tu\u00bb, \u00abSenyora pirot\u00e8cnica, pot comen\u00e7ar la masclet\u00e0\u00bb, entre otros. Adem\u00e1s, se repartir\u00e1n chapas y pulseras de diversos colores con los mismos lemas entre los asistentes a las mascletaes de los tres dias.<\/p>\n\n\n\n<div class=\"wp-block-image\"><figure class=\"alignleft size-full is-resized\"><img fetchpriority=\"high\" decoding=\"async\" src=\"https:\/\/alzira.es\/wp-content\/uploads\/2018\/10\/21.PNG\" alt=\"21\" class=\"wp-image-34672\" width=\"534\" height=\"345\"\/><\/figure><\/div>\n\n\n\n<div style=\"height:17px\" aria-hidden=\"true\" class=\"wp-block-spacer\"><\/div>\n\n\n\n<p><\/p>\n\n\n\n<p>Aida Ginestar, concejala de Cultura, Deportes y Promoci\u00f3n del Valenciano, se\u00f1ala que con esta campa\u00f1a el Ayuntamiento de Alzira apuesta por \u00abvisualizar m\u00e1s el valenciano en un sector tan importante para su normalizaci\u00f3n como el festivo, en especial las fallas, de gran implantaci\u00f3n social, y uno de los \u00e1mbitos donde se mantiene muy vivo\u00bb.&nbsp;<\/p>\n\n\n\n<div class=\"wp-block-image\"><figure class=\"alignleft size-full is-resized\"><img decoding=\"async\" data-src=\"https:\/\/alzira.es\/wp-content\/uploads\/2018\/10\/24.PNG\" alt=\"24\" class=\"wp-image-34675 lazyload\" width=\"296\" height=\"368\" src=\"data:image\/svg+xml;base64,PHN2ZyB3aWR0aD0iMSIgaGVpZ2h0PSIxIiB4bWxucz0iaHR0cDovL3d3dy53My5vcmcvMjAwMC9zdmciPjwvc3ZnPg==\" style=\"--smush-placeholder-width: 296px; --smush-placeholder-aspect-ratio: 296\/368;\" \/><\/figure><\/div>\n\n\n\n<div class=\"wp-block-image\"><figure class=\"alignleft size-full is-resized\"><img decoding=\"async\" data-src=\"https:\/\/alzira.es\/wp-content\/uploads\/2018\/10\/25.PNG\" alt=\"25\" class=\"wp-image-34677 lazyload\" width=\"269\" height=\"372\" src=\"data:image\/svg+xml;base64,PHN2ZyB3aWR0aD0iMSIgaGVpZ2h0PSIxIiB4bWxucz0iaHR0cDovL3d3dy53My5vcmcvMjAwMC9zdmciPjwvc3ZnPg==\" style=\"--smush-placeholder-width: 269px; --smush-placeholder-aspect-ratio: 269\/372;\" \/><\/figure><\/div>\n\n\n\n<p class=\"has-text-align-center\">&nbsp; &nbsp; &nbsp;<\/p>\n\n\n\n<div style=\"height:23px\" aria-hidden=\"true\" class=\"wp-block-spacer\"><\/div>\n\n\n\n<p>La campa\u00f1a de promoci\u00f3n del valenciano en las fallas \u00abEncesa per tu, enc\u00e9s per tu\u00bb, promovida por la Concejalia de Cultura y Promoci\u00f3n del Valenciano fue un \u00e9xito y con una gran acojida de p\u00fablico. Aqu\u00ed tenemos una muestra del material promocionado.<\/p>\n\n\n\n<div class=\"wp-block-image\"><figure class=\"alignleft is-resized\"><img decoding=\"async\" data-src=\"https:\/\/alzira.es\/wp-content\/uploads\/2018\/10\/22.PNG\" alt=\"22\" class=\"wp-image-34679 lazyload\" width=\"222\" height=\"194\" src=\"data:image\/svg+xml;base64,PHN2ZyB3aWR0aD0iMSIgaGVpZ2h0PSIxIiB4bWxucz0iaHR0cDovL3d3dy53My5vcmcvMjAwMC9zdmciPjwvc3ZnPg==\" style=\"--smush-placeholder-width: 222px; --smush-placeholder-aspect-ratio: 222\/194;\" \/><\/figure><\/div>\n\n\n\n<div class=\"wp-block-image\"><figure class=\"alignleft is-resized\"><img decoding=\"async\" data-src=\"https:\/\/alzira.es\/wp-content\/uploads\/2018\/10\/23.PNG\" alt=\"23\" class=\"wp-image-34681 lazyload\" width=\"236\" height=\"180\" src=\"data:image\/svg+xml;base64,PHN2ZyB3aWR0aD0iMSIgaGVpZ2h0PSIxIiB4bWxucz0iaHR0cDovL3d3dy53My5vcmcvMjAwMC9zdmciPjwvc3ZnPg==\" style=\"--smush-placeholder-width: 236px; --smush-placeholder-aspect-ratio: 236\/180;\" \/><\/figure><\/div>\n\n\n\n<p class=\"has-text-align-center\">&nbsp; &nbsp;&nbsp;<\/p>\n\n\n\n<div style=\"height:12px\" aria-hidden=\"true\" class=\"wp-block-spacer\"><\/div>\n\n\n\n<div class=\"wp-block-image\"><figure class=\"alignleft size-full is-resized\"><img decoding=\"async\" data-src=\"https:\/\/alzira.es\/wp-content\/uploads\/2018\/10\/26.PNG\" alt=\"26\" class=\"wp-image-34683 lazyload\" width=\"503\" height=\"254\" src=\"data:image\/svg+xml;base64,PHN2ZyB3aWR0aD0iMSIgaGVpZ2h0PSIxIiB4bWxucz0iaHR0cDovL3d3dy53My5vcmcvMjAwMC9zdmciPjwvc3ZnPg==\" style=\"--smush-placeholder-width: 503px; --smush-placeholder-aspect-ratio: 503\/254;\" \/><\/figure><\/div>\n\n\n\n<div class=\"wp-block-image\"><figure class=\"alignleft size-full is-resized\"><img decoding=\"async\" data-src=\"https:\/\/alzira.es\/wp-content\/uploads\/2018\/10\/27.PNG\" alt=\"27\" class=\"wp-image-34687 lazyload\" width=\"357\" height=\"281\" src=\"data:image\/svg+xml;base64,PHN2ZyB3aWR0aD0iMSIgaGVpZ2h0PSIxIiB4bWxucz0iaHR0cDovL3d3dy53My5vcmcvMjAwMC9zdmciPjwvc3ZnPg==\" style=\"--smush-placeholder-width: 357px; --smush-placeholder-aspect-ratio: 357\/281;\" \/><\/figure><\/div>\n\n\n\n<p class=\"has-text-align-center\">&nbsp; &nbsp;<\/p>\n\n\n\n<div style=\"height:33px\" aria-hidden=\"true\" class=\"wp-block-spacer\"><\/div>\n\n\n\n<p>Aida Ginestar, concejala de Cultura, Deportes y Promoci\u00f3n del Valenciano, muestra su satisfacci\u00f3n por \u00abla gran acogida de p\u00fablico en un acto como este\u00a0<em>photocall\u00a0<\/em>\u00abEncesos, enceses per tu\u00bb que promociona al mismo tiempo las fallas y el valenciano en un ambiente l\u00fadico.<\/p>\n\n\n\n<p>Al mismo tiempo se realiz\u00f3 un concurso en instagram que ten\u00eda como premio unas camisetas rotuladas con las frases de la campa\u00f1a. Este concurso fue todo un \u00e9xito.<\/p>\n\n\n\n<p><strong>LISTA DE GANADORES AZ\u00daCAR INSTAGRAM 2018<\/strong><\/p>\n\n\n\n<p>Begonya Soler<br>Paula Mart\u00ednez<br>Marimba<br>Andrea Campos<br>Yamar Talens<\/p>\n\n\n\n<div class=\"wp-block-image\"><figure class=\"alignleft size-full is-resized\"><img decoding=\"async\" data-src=\"https:\/\/alzira.es\/wp-content\/uploads\/2018\/10\/28.PNG\" alt=\"28\" class=\"wp-image-34689 lazyload\" width=\"483\" height=\"353\" src=\"data:image\/svg+xml;base64,PHN2ZyB3aWR0aD0iMSIgaGVpZ2h0PSIxIiB4bWxucz0iaHR0cDovL3d3dy53My5vcmcvMjAwMC9zdmciPjwvc3ZnPg==\" style=\"--smush-placeholder-width: 483px; --smush-placeholder-aspect-ratio: 483\/353;\" \/><\/figure><\/div>\n\n\n\n<div class=\"wp-block-image\"><figure class=\"alignleft size-full is-resized\"><img decoding=\"async\" data-src=\"https:\/\/alzira.es\/wp-content\/uploads\/2018\/10\/29.PNG\" alt=\"29\" class=\"wp-image-34691 lazyload\" width=\"432\" height=\"348\" src=\"data:image\/svg+xml;base64,PHN2ZyB3aWR0aD0iMSIgaGVpZ2h0PSIxIiB4bWxucz0iaHR0cDovL3d3dy53My5vcmcvMjAwMC9zdmciPjwvc3ZnPg==\" style=\"--smush-placeholder-width: 432px; --smush-placeholder-aspect-ratio: 432\/348;\" \/><\/figure><\/div>\n\n\n\n<p class=\"has-text-align-center\">&nbsp;&nbsp;<\/p>\n\n\n\n<div class=\"wp-block-image\"><figure class=\"alignleft size-full is-resized\"><img decoding=\"async\" data-src=\"https:\/\/alzira.es\/wp-content\/uploads\/2018\/10\/31.PNG\" alt=\"31\" class=\"wp-image-34693 lazyload\" width=\"437\" height=\"290\" src=\"data:image\/svg+xml;base64,PHN2ZyB3aWR0aD0iMSIgaGVpZ2h0PSIxIiB4bWxucz0iaHR0cDovL3d3dy53My5vcmcvMjAwMC9zdmciPjwvc3ZnPg==\" style=\"--smush-placeholder-width: 437px; --smush-placeholder-aspect-ratio: 437\/290;\" \/><\/figure><\/div>\n\n\n\n<p class=\"has-text-align-center\">&nbsp;<\/p>\n\n\n\n<div class=\"wp-block-image\"><figure class=\"alignleft size-full is-resized\"><img decoding=\"async\" data-src=\"https:\/\/alzira.es\/wp-content\/uploads\/2018\/10\/32.PNG\" alt=\"32\" class=\"wp-image-34695 lazyload\" width=\"425\" height=\"346\" src=\"data:image\/svg+xml;base64,PHN2ZyB3aWR0aD0iMSIgaGVpZ2h0PSIxIiB4bWxucz0iaHR0cDovL3d3dy53My5vcmcvMjAwMC9zdmciPjwvc3ZnPg==\" style=\"--smush-placeholder-width: 425px; --smush-placeholder-aspect-ratio: 425\/346;\" \/><\/figure><\/div>\n\n\n\n<div class=\"wp-block-image\"><figure class=\"alignleft size-full is-resized\"><img decoding=\"async\" data-src=\"https:\/\/alzira.es\/wp-content\/uploads\/2018\/10\/33.PNG\" alt=\"33\" class=\"wp-image-34697 lazyload\" width=\"429\" height=\"347\" src=\"data:image\/svg+xml;base64,PHN2ZyB3aWR0aD0iMSIgaGVpZ2h0PSIxIiB4bWxucz0iaHR0cDovL3d3dy53My5vcmcvMjAwMC9zdmciPjwvc3ZnPg==\" style=\"--smush-placeholder-width: 429px; --smush-placeholder-aspect-ratio: 429\/347;\" \/><\/figure><\/div>\n\n\n\n<p class=\"has-text-align-center\">&nbsp;<\/p>\n\n\n\n<p>&nbsp;<\/p>\n\n\n\n<p>&nbsp;<\/p>\n\n\n\n<p>&nbsp;<\/p>\n\n\n\n<p>&nbsp;<\/p>\n","protected":false},"excerpt":{"rendered":"<p>La Concejal\u00eda de Cultura y Promoci\u00f3n del Valenciano del Ayuntamiento de Alzira empieza una campa\u00f1a de promoci\u00f3n del valenciano adaptada a las fallas. La campa\u00f1a tiene como nombre \u00abEncesa per tu, enc\u00e9s per tu\u00bb, y se basar\u00e1 en un fotoreclam (photocall) instalado entre las 13 h y las 14:30 h horas los dias 16, 17 &hellip; <\/p>\n<p class=\"link-more\"><a href=\"https:\/\/alzira.es\/es\/servicios-municipales\/serval\/campanas\/campana-de-fallas-encesa-per-tu-ences-per-tu\/\" class=\"more-link\">Continuar leyendo<span class=\"screen-reader-text\"> \u00abCampa\u00f1a de fallas \u00abEncesa per tu, enc\u00e9s per tu\u00bb\u00bb<\/span><\/a><\/p>\n","protected":false},"author":12,"featured_media":0,"parent":33779,"menu_order":5,"comment_status":"closed","ping_status":"closed","template":"","meta":{"_acf_changed":false,"footnotes":""},"class_list":["post-34699","page","type-page","status-publish","hentry"],"acf":[],"_links":{"self":[{"href":"https:\/\/alzira.es\/es\/wp-json\/wp\/v2\/pages\/34699","targetHints":{"allow":["GET"]}}],"collection":[{"href":"https:\/\/alzira.es\/es\/wp-json\/wp\/v2\/pages"}],"about":[{"href":"https:\/\/alzira.es\/es\/wp-json\/wp\/v2\/types\/page"}],"author":[{"embeddable":true,"href":"https:\/\/alzira.es\/es\/wp-json\/wp\/v2\/users\/12"}],"replies":[{"embeddable":true,"href":"https:\/\/alzira.es\/es\/wp-json\/wp\/v2\/comments?post=34699"}],"version-history":[{"count":2,"href":"https:\/\/alzira.es\/es\/wp-json\/wp\/v2\/pages\/34699\/revisions"}],"predecessor-version":[{"id":87300,"href":"https:\/\/alzira.es\/es\/wp-json\/wp\/v2\/pages\/34699\/revisions\/87300"}],"up":[{"embeddable":true,"href":"https:\/\/alzira.es\/es\/wp-json\/wp\/v2\/pages\/33779"}],"wp:attachment":[{"href":"https:\/\/alzira.es\/es\/wp-json\/wp\/v2\/media?parent=34699"}],"curies":[{"name":"wp","href":"https:\/\/api.w.org\/{rel}","templated":true}]}}