{"id":34667,"date":"2018-10-16T14:39:11","date_gmt":"2018-10-16T12:39:11","guid":{"rendered":"https:\/\/alzira.es\/campana-de-azucar\/"},"modified":"2021-08-31T15:44:44","modified_gmt":"2021-08-31T13:44:44","slug":"campana-de-azucar","status":"publish","type":"page","link":"https:\/\/alzira.es\/es\/servicios-municipales\/serval\/campanas\/campana-de-azucar\/","title":{"rendered":"Campa\u00f1a de az\u00facar"},"content":{"rendered":"\n<p>La Concejal\u00eda de Cultura y Promoci\u00f3n del Valenciano del Ayuntamiento de Alzira ha llevado a cabo una campa\u00f1a de promoci\u00f3n del valenciano dirigida a todos los bares y restaurantes de nuestro municipio, as\u00ed como a las Fallas y Cofradias de Semana Santa.<\/p>\n\n\n\n<div class=\"wp-block-image\"><figure class=\"alignleft size-full is-resized\"><img fetchpriority=\"high\" decoding=\"async\" src=\"https:\/\/alzira.es\/wp-content\/uploads\/2018\/10\/13.PNG\" alt=\"13\" class=\"wp-image-34646\" width=\"288\" height=\"385\"\/><\/figure><\/div>\n\n\n\n<div class=\"wp-block-image\"><figure class=\"alignleft size-full is-resized\"><img decoding=\"async\" data-src=\"https:\/\/alzira.es\/wp-content\/uploads\/2018\/10\/14.PNG\" alt=\"14\" class=\"wp-image-34649 lazyload\" width=\"285\" height=\"382\" src=\"data:image\/svg+xml;base64,PHN2ZyB3aWR0aD0iMSIgaGVpZ2h0PSIxIiB4bWxucz0iaHR0cDovL3d3dy53My5vcmcvMjAwMC9zdmciPjwvc3ZnPg==\" style=\"--smush-placeholder-width: 285px; --smush-placeholder-aspect-ratio: 285\/382;\" \/><\/figure><\/div>\n\n\n\n<div class=\"wp-block-image\"><figure class=\"alignleft size-full is-resized\"><img decoding=\"async\" data-src=\"https:\/\/alzira.es\/wp-content\/uploads\/2018\/10\/15.PNG\" alt=\"15\" class=\"wp-image-34652 lazyload\" width=\"285\" height=\"380\" src=\"data:image\/svg+xml;base64,PHN2ZyB3aWR0aD0iMSIgaGVpZ2h0PSIxIiB4bWxucz0iaHR0cDovL3d3dy53My5vcmcvMjAwMC9zdmciPjwvc3ZnPg==\" style=\"--smush-placeholder-width: 285px; --smush-placeholder-aspect-ratio: 285\/380;\" \/><\/figure><\/div>\n\n\n\n<p class=\"has-text-align-center\">&nbsp;&nbsp;<\/p>\n\n\n\n<div style=\"height:11px\" aria-hidden=\"true\" class=\"wp-block-spacer\"><\/div>\n\n\n\n<p>Se trata de una campa\u00f1a de reparto de bolsas de az\u00facar con frases en valenciano de personajes ilustres valencianos.\u00a0<\/p>\n\n\n\n<div class=\"wp-block-image\"><figure class=\"alignleft size-medium is-resized\"><img decoding=\"async\" data-src=\"https:\/\/alzira.es\/wp-content\/uploads\/2018\/10\/16-680x454.png\" alt=\"16\" class=\"wp-image-34654 lazyload\" width=\"510\" height=\"341\" data-srcset=\"https:\/\/alzira.es\/wp-content\/uploads\/2018\/10\/16-680x454.png 680w, https:\/\/alzira.es\/wp-content\/uploads\/2018\/10\/16.PNG 744w\" data-sizes=\"(max-width: 510px) 100vw, 510px\" src=\"data:image\/svg+xml;base64,PHN2ZyB3aWR0aD0iMSIgaGVpZ2h0PSIxIiB4bWxucz0iaHR0cDovL3d3dy53My5vcmcvMjAwMC9zdmciPjwvc3ZnPg==\" style=\"--smush-placeholder-width: 510px; --smush-placeholder-aspect-ratio: 510\/341;\" \/><\/figure><\/div>\n\n\n\n<div style=\"height:16px\" aria-hidden=\"true\" class=\"wp-block-spacer\"><\/div>\n\n\n\n<p>Esperamos que esta campa\u00f1a haya servido para visualizar m\u00e1s el valenciano en un sector tan importante para su normalizaci\u00f3n como el comercial, al cual pertenece la hosteler\u00eda.<\/p>\n\n\n\n<div class=\"wp-block-image\"><figure class=\"alignleft size-medium is-resized\"><img decoding=\"async\" data-src=\"https:\/\/alzira.es\/wp-content\/uploads\/2018\/10\/17-504x510.png\" alt=\"17\" class=\"wp-image-34656 lazyload\" width=\"378\" height=\"383\" data-srcset=\"https:\/\/alzira.es\/wp-content\/uploads\/2018\/10\/17-504x510.png 504w, https:\/\/alzira.es\/wp-content\/uploads\/2018\/10\/17-100x100.png 100w, https:\/\/alzira.es\/wp-content\/uploads\/2018\/10\/17.PNG 543w\" data-sizes=\"(max-width: 378px) 100vw, 378px\" src=\"data:image\/svg+xml;base64,PHN2ZyB3aWR0aD0iMSIgaGVpZ2h0PSIxIiB4bWxucz0iaHR0cDovL3d3dy53My5vcmcvMjAwMC9zdmciPjwvc3ZnPg==\" style=\"--smush-placeholder-width: 378px; --smush-placeholder-aspect-ratio: 378\/383;\" \/><\/figure><\/div>\n\n\n\n<div class=\"wp-block-image\"><figure class=\"alignleft size-full is-resized\"><img decoding=\"async\" data-src=\"https:\/\/alzira.es\/wp-content\/uploads\/2018\/10\/18.PNG\" alt=\"18\" class=\"wp-image-34658 lazyload\" width=\"396\" height=\"359\" src=\"data:image\/svg+xml;base64,PHN2ZyB3aWR0aD0iMSIgaGVpZ2h0PSIxIiB4bWxucz0iaHR0cDovL3d3dy53My5vcmcvMjAwMC9zdmciPjwvc3ZnPg==\" style=\"--smush-placeholder-width: 396px; --smush-placeholder-aspect-ratio: 396\/359;\" \/><\/figure><\/div>\n\n\n\n<div style=\"height:40px\" aria-hidden=\"true\" class=\"wp-block-spacer\"><\/div>\n\n\n\n<p>\u00a0 El objetivo ha sido que se\u00a0adhirieran el mayor n\u00famero de establecimientos posible, por tanto todo aquel bar o restaurante que quisiera participar ha venido a Serval (Servei de Promoci\u00f3 i \u00das del Valenci\u00e0), (C\/ Sant Roc s\/n, 2a planta) <span style=\"color: #0000ff;\">96 245 92 50<\/span> ext. <span style=\"color: #0000ff;\">317<\/span> y<span style=\"color: #0000ff;\"> 318<\/span> o ha enviado un correo a <span style=\"color: #0000ff;\"><a href=\"mailto:serval@alzira.es\"><span style=\"color: #0000ff;\">serval@alzira.es<\/span><\/a><\/span>\u00a0y se le han entrado las cajas de az\u00facar correspondientes hasta agotar existencias.<\/p>\n\n\n\n<div class=\"wp-block-image\"><figure class=\"alignleft size-full is-resized\"><img decoding=\"async\" data-src=\"https:\/\/alzira.es\/wp-content\/uploads\/2018\/10\/19.PNG\" alt=\"19\" class=\"wp-image-34661 lazyload\" width=\"480\" height=\"320\" src=\"data:image\/svg+xml;base64,PHN2ZyB3aWR0aD0iMSIgaGVpZ2h0PSIxIiB4bWxucz0iaHR0cDovL3d3dy53My5vcmcvMjAwMC9zdmciPjwvc3ZnPg==\" style=\"--smush-placeholder-width: 480px; --smush-placeholder-aspect-ratio: 480\/320;\" \/><\/figure><\/div>\n\n\n\n<div class=\"wp-block-image\"><figure class=\"alignleft size-full is-resized\"><img decoding=\"async\" data-src=\"https:\/\/alzira.es\/wp-content\/uploads\/2018\/10\/20.PNG\" alt=\"20\" class=\"wp-image-34663 lazyload\" width=\"472\" height=\"357\" src=\"data:image\/svg+xml;base64,PHN2ZyB3aWR0aD0iMSIgaGVpZ2h0PSIxIiB4bWxucz0iaHR0cDovL3d3dy53My5vcmcvMjAwMC9zdmciPjwvc3ZnPg==\" style=\"--smush-placeholder-width: 472px; --smush-placeholder-aspect-ratio: 472\/357;\" \/><\/figure><\/div>\n\n\n\n<p class=\"has-text-align-center\">&nbsp;<\/p>\n\n\n\n<div style=\"height:20px\" aria-hidden=\"true\" class=\"wp-block-spacer\"><\/div>\n\n\n\n<p>Finalmente fueron un total de 200 establecimientos los que participaron.<\/p>\n\n\n\n<p>Recientemente el Ayuntamiento de Alzira, de la mano de Serval (Servei de Promoci\u00f3 i \u00das del Valenci\u00e0), ha llevado a cabo otras campa\u00f1as de normalizaci\u00f3n en el sector del comercio, como el reparto de bolsas de tela con el lema \u00abBon Nadal\u00bb y vocabulario navide\u00f1o dirigido a hornos, pastelerias, fruterias y verdulerias.<\/p>\n\n\n\n<p>&nbsp;<\/p>\n","protected":false},"excerpt":{"rendered":"<p>La Concejal\u00eda de Cultura y Promoci\u00f3n del Valenciano del Ayuntamiento de Alzira ha llevado a cabo una campa\u00f1a de promoci\u00f3n del valenciano dirigida a todos los bares y restaurantes de nuestro municipio, as\u00ed como a las Fallas y Cofradias de Semana Santa. &nbsp;&nbsp; Se trata de una campa\u00f1a de reparto de bolsas de az\u00facar con &hellip; <\/p>\n<p class=\"link-more\"><a href=\"https:\/\/alzira.es\/es\/servicios-municipales\/serval\/campanas\/campana-de-azucar\/\" class=\"more-link\">Continuar leyendo<span class=\"screen-reader-text\"> \u00abCampa\u00f1a de az\u00facar\u00bb<\/span><\/a><\/p>\n","protected":false},"author":12,"featured_media":0,"parent":33779,"menu_order":6,"comment_status":"closed","ping_status":"closed","template":"","meta":{"_acf_changed":false,"footnotes":""},"class_list":["post-34667","page","type-page","status-publish","hentry"],"acf":[],"_links":{"self":[{"href":"https:\/\/alzira.es\/es\/wp-json\/wp\/v2\/pages\/34667","targetHints":{"allow":["GET"]}}],"collection":[{"href":"https:\/\/alzira.es\/es\/wp-json\/wp\/v2\/pages"}],"about":[{"href":"https:\/\/alzira.es\/es\/wp-json\/wp\/v2\/types\/page"}],"author":[{"embeddable":true,"href":"https:\/\/alzira.es\/es\/wp-json\/wp\/v2\/users\/12"}],"replies":[{"embeddable":true,"href":"https:\/\/alzira.es\/es\/wp-json\/wp\/v2\/comments?post=34667"}],"version-history":[{"count":2,"href":"https:\/\/alzira.es\/es\/wp-json\/wp\/v2\/pages\/34667\/revisions"}],"predecessor-version":[{"id":87295,"href":"https:\/\/alzira.es\/es\/wp-json\/wp\/v2\/pages\/34667\/revisions\/87295"}],"up":[{"embeddable":true,"href":"https:\/\/alzira.es\/es\/wp-json\/wp\/v2\/pages\/33779"}],"wp:attachment":[{"href":"https:\/\/alzira.es\/es\/wp-json\/wp\/v2\/media?parent=34667"}],"curies":[{"name":"wp","href":"https:\/\/api.w.org\/{rel}","templated":true}]}}