{"id":34642,"date":"2018-10-16T14:16:18","date_gmt":"2018-10-16T12:16:18","guid":{"rendered":"https:\/\/alzira.es\/otras-campanas\/"},"modified":"2021-08-31T16:05:52","modified_gmt":"2021-08-31T14:05:52","slug":"otras-campanas","status":"publish","type":"page","link":"https:\/\/alzira.es\/es\/servicios-municipales\/serval\/campanas\/otras-campanas\/","title":{"rendered":"Otras campa\u00f1as"},"content":{"rendered":"\n<p><strong>PROGRAMA DE RADIO DIVULGATIVO DE LA NORMATIVA DEL VALENCIANO<\/strong><\/p>\n\n\n\n<p>Edici\u00f3n y realizaci\u00f3n de un programa semanal de radio sobre la divulgaci\u00f3n y aprendizaje del valenciani basado en el <em>Curs de Valenci\u00e0 40 unitats did\u00e0ctiques<\/em>, de la Conseller\u00eda de Educaci\u00f3n, y en el cuaderno de <em>Dubtes Ling\u00fc\u00edstics 1<\/em>, editado por diversas oficinas de Promoci\u00f3n del Valenciano con el soporte de la Conseller\u00eda de Educaci\u00f3n y la Federaci\u00f3n Valenciana de Municipios y Provincias. El programa, llamado <em>Parlar per parlar<\/em>, se centra en la divulgaci\u00f3n de expresiones normativas para actividades cotidianas y est\u00e1 en antena todos los lunes de septiembre a julio en la emisora local, Alzira R\u00e0dio, que tambi\u00e9n se escucha en toda la comarca.<\/p>\n\n\n\n<p>&nbsp;<\/p>\n\n\n\n<p><strong>CAMPA\u00d1A DIVULGADORA DE PREMIOS DE LA GENERALITAT PARA LAS ACTIVIDADES DE PROMOCI\u00d3N DEL VALENCIANO EN LAS FALLAS<\/strong><\/p>\n\n\n\n<p>El Serval ha colaborado en la difusi\u00f3n de la convocatoria y ha asesorado ling\u00fc\u00edsticamente y administrativamente a aquellas comisiones que lo han solicitado.<\/p>\n\n\n\n<p>&nbsp;<\/p>\n\n\n\n<p><strong>CAMPA\u00d1A DIVULGADORA DE AYUDAS ECON\u00d3MICAS PARA ACTIVIDADES DE PROMOCI\u00d3N DEL VALENCIANO DESTINADAS A ASOCIACIONES C\u00cdVICAS SIN FINALIDAD LUCRATIVA<\/strong><\/p>\n\n\n\n<p>El Serval ha difundido las ayudas a asociaciones culturales, festivas, deportivas, fallas, etc. sin \u00e1nimo de lucro de la ciudad y las ha asesorado en la solicitud de estas.<\/p>\n\n\n\n<p>&nbsp;<\/p>\n\n\n\n<p><strong>CAMPA\u00d1A DIVULGADORA DE AYUDAS EC\u00d3NOMICAS PARA ACTIVIDADES DE PROMOCI\u00d3N DEL VALENCIANO DESTINADAS A EMPRESAS Y COMERCIOS QUE REALIZAN ACTIVIDADES DE PROMOCI\u00d3N DEL VALENCIANO<\/strong><\/p>\n\n\n\n<p>Se ha dado difusion, a traves de la radio y la web municipales, de la convocatoria de estos premios para empresas y comercios para la realizaci\u00f3n de actividades de promoci\u00f3n del valenciano.<\/p>\n\n\n\n<p>&nbsp;<\/p>\n\n\n\n<p><strong>CAMPA\u00d1A DIVULGADORA DE LA CONVOCATORIA PARA LOS EXAMENES DE LA JUNTA QUALIFICADORA DE CONEIXEMENTS DEL VALENCI\u00c0<\/strong><\/p>\n\n\n\n<p>Principalmente se ha dado una amplia difusi\u00f3n de t\u00e9rmino \u00fanico de presentaci\u00f3n de solicitudes para las pruebas y se ha informado del enlace inform\u00e1tico de la matr\u00edcula a trav\u00e9s de internet junto con las instrucciones para poder solicitarla.<\/p>\n\n\n\n<p>Otras actuaciones han sido dar a conocer el formato de las pruebas de Grau Elemental, Mitj\u00e0 y Superior; proporcionar examenes modelo; informar sobre recursos web para la preparaci\u00f3n de las pruebas; orientar sobre la convalidaci\u00f3n de estudios con el certificado del Grau Elemental, y otras relacionadas con la solicitud de duplicados, de certificados provisionales o de cambio de datos erroneos.\u00a0<\/p>\n","protected":false},"excerpt":{"rendered":"<p>PROGRAMA DE RADIO DIVULGATIVO DE LA NORMATIVA DEL VALENCIANO Edici\u00f3n y realizaci\u00f3n de un programa semanal de radio sobre la divulgaci\u00f3n y aprendizaje del valenciani basado en el Curs de Valenci\u00e0 40 unitats did\u00e0ctiques, de la Conseller\u00eda de Educaci\u00f3n, y en el cuaderno de Dubtes Ling\u00fc\u00edstics 1, editado por diversas oficinas de Promoci\u00f3n del Valenciano &hellip; <\/p>\n<p class=\"link-more\"><a href=\"https:\/\/alzira.es\/es\/servicios-municipales\/serval\/campanas\/otras-campanas\/\" class=\"more-link\">Continuar leyendo<span class=\"screen-reader-text\"> \u00abOtras campa\u00f1as\u00bb<\/span><\/a><\/p>\n","protected":false},"author":12,"featured_media":0,"parent":33779,"menu_order":7,"comment_status":"closed","ping_status":"closed","template":"","meta":{"_acf_changed":false,"footnotes":""},"class_list":["post-34642","page","type-page","status-publish","hentry"],"acf":[],"_links":{"self":[{"href":"https:\/\/alzira.es\/es\/wp-json\/wp\/v2\/pages\/34642","targetHints":{"allow":["GET"]}}],"collection":[{"href":"https:\/\/alzira.es\/es\/wp-json\/wp\/v2\/pages"}],"about":[{"href":"https:\/\/alzira.es\/es\/wp-json\/wp\/v2\/types\/page"}],"author":[{"embeddable":true,"href":"https:\/\/alzira.es\/es\/wp-json\/wp\/v2\/users\/12"}],"replies":[{"embeddable":true,"href":"https:\/\/alzira.es\/es\/wp-json\/wp\/v2\/comments?post=34642"}],"version-history":[{"count":2,"href":"https:\/\/alzira.es\/es\/wp-json\/wp\/v2\/pages\/34642\/revisions"}],"predecessor-version":[{"id":87322,"href":"https:\/\/alzira.es\/es\/wp-json\/wp\/v2\/pages\/34642\/revisions\/87322"}],"up":[{"embeddable":true,"href":"https:\/\/alzira.es\/es\/wp-json\/wp\/v2\/pages\/33779"}],"wp:attachment":[{"href":"https:\/\/alzira.es\/es\/wp-json\/wp\/v2\/media?parent=34642"}],"curies":[{"name":"wp","href":"https:\/\/api.w.org\/{rel}","templated":true}]}}