{"id":34637,"date":"2018-10-16T13:41:55","date_gmt":"2018-10-16T11:41:55","guid":{"rendered":"https:\/\/alzira.es\/campana-de-fomento-del-valenciano-en-la-clausura-de-les-escoles-esportives-de-baloncesto-y-futbol-sala-en-el-fontana-mogort\/"},"modified":"2021-08-31T15:28:38","modified_gmt":"2021-08-31T13:28:38","slug":"campana-de-fomento-del-valenciano-en-la-clausura-de-les-escoles-esportives-de-baloncesto-y-futbol-sala-en-el-fontana-mogort","status":"publish","type":"page","link":"https:\/\/alzira.es\/es\/servicios-municipales\/serval\/campanas\/campana-de-fomento-del-valenciano-en-la-clausura-de-les-escoles-esportives-de-baloncesto-y-futbol-sala-en-el-fontana-mogort\/","title":{"rendered":"Campa\u00f1a de fomento del valenciano en la clausura de les Escoles Esportives de baloncesto y f\u00fatbol sala en el Fontana Mogort"},"content":{"rendered":"<p style=\"text-align: justify;\">El Serval colabora en la Volta a Peu con la compra de 700 camisetas de regalo para los ni\u00f1os y ni\u00f1as de les Escoles Esportives de baloncesto y f\u00fatbol sala de Alzira con palabras de motivaci\u00f3n en valenciano.<\/p>\n<p style=\"text-align: center;\"><img fetchpriority=\"high\" decoding=\"async\" width=\"395\" height=\"449\" class=\" size-full wp-image-34630\" src=\"https:\/\/alzira.es\/wp-content\/uploads\/2018\/10\/11.PNG\" alt=\"11\">&nbsp; &nbsp; &nbsp;<img decoding=\"async\" class=\"size-full wp-image-34635 lazyload\" data-src=\"https:\/\/alzira.es\/wp-content\/uploads\/2018\/10\/12.PNG\" alt=\"12\" src=\"data:image\/svg+xml;base64,PHN2ZyB3aWR0aD0iMSIgaGVpZ2h0PSIxIiB4bWxucz0iaHR0cDovL3d3dy53My5vcmcvMjAwMC9zdmciPjwvc3ZnPg==\" style=\"--smush-placeholder-width: 394px; --smush-placeholder-aspect-ratio: 394\/452;\"><\/p>\n","protected":false},"excerpt":{"rendered":"<p>El Serval colabora en la Volta a Peu con la compra de 700 camisetas de regalo para los ni\u00f1os y ni\u00f1as de les Escoles Esportives de baloncesto y f\u00fatbol sala de Alzira con palabras de motivaci\u00f3n en valenciano. &nbsp; &nbsp; &nbsp;<\/p>\n","protected":false},"author":12,"featured_media":0,"parent":33779,"menu_order":8,"comment_status":"closed","ping_status":"closed","template":"","meta":{"_acf_changed":false,"footnotes":""},"class_list":["post-34637","page","type-page","status-publish","hentry"],"acf":[],"_links":{"self":[{"href":"https:\/\/alzira.es\/es\/wp-json\/wp\/v2\/pages\/34637","targetHints":{"allow":["GET"]}}],"collection":[{"href":"https:\/\/alzira.es\/es\/wp-json\/wp\/v2\/pages"}],"about":[{"href":"https:\/\/alzira.es\/es\/wp-json\/wp\/v2\/types\/page"}],"author":[{"embeddable":true,"href":"https:\/\/alzira.es\/es\/wp-json\/wp\/v2\/users\/12"}],"replies":[{"embeddable":true,"href":"https:\/\/alzira.es\/es\/wp-json\/wp\/v2\/comments?post=34637"}],"version-history":[{"count":1,"href":"https:\/\/alzira.es\/es\/wp-json\/wp\/v2\/pages\/34637\/revisions"}],"predecessor-version":[{"id":87090,"href":"https:\/\/alzira.es\/es\/wp-json\/wp\/v2\/pages\/34637\/revisions\/87090"}],"up":[{"embeddable":true,"href":"https:\/\/alzira.es\/es\/wp-json\/wp\/v2\/pages\/33779"}],"wp:attachment":[{"href":"https:\/\/alzira.es\/es\/wp-json\/wp\/v2\/media?parent=34637"}],"curies":[{"name":"wp","href":"https:\/\/api.w.org\/{rel}","templated":true}]}}