{"id":34619,"date":"2018-10-16T13:28:22","date_gmt":"2018-10-16T11:28:22","guid":{"rendered":"https:\/\/alzira.es\/calendario-laboral-gobelet\/"},"modified":"2021-08-31T15:28:25","modified_gmt":"2021-08-31T13:28:25","slug":"calendario-laboral-gobelet","status":"publish","type":"page","link":"https:\/\/alzira.es\/es\/servicios-municipales\/serval\/campanas\/calendario-laboral-gobelet\/","title":{"rendered":"Calendario laboral (Gobelet)"},"content":{"rendered":"\n<p>Se realizar\u00e1 la edici\u00f3n y el reparto de 1.500 ejemplares del calendario laboral para la ciudad de Alzira en el que se incluyen los dias festivos nacionales, auton\u00f3micos y locales para 2020. Incluye un refr\u00e1n en valenciano para cada mes y est\u00e1 dirigido a las administraciones p\u00fablicas, empresas, comercios y colegios profesionales de la ciudad.<\/p>\n\n\n\n<figure class=\"wp-block-image\"><img decoding=\"async\" data-src=\"https:\/\/alzira.es\/wp-content\/uploads\/2018\/10\/gobelet_ok.jpg\" alt=\"gobelet ok\" class=\"wp-image-34616 lazyload\" src=\"data:image\/svg+xml;base64,PHN2ZyB3aWR0aD0iMSIgaGVpZ2h0PSIxIiB4bWxucz0iaHR0cDovL3d3dy53My5vcmcvMjAwMC9zdmciPjwvc3ZnPg==\" style=\"--smush-placeholder-width: 1424px; --smush-placeholder-aspect-ratio: 1424\/703;\" \/><\/figure>\n\n\n\n<p class=\"has-text-align-center\"><\/p>\n","protected":false},"excerpt":{"rendered":"<p>Se realizar\u00e1 la edici\u00f3n y el reparto de 1.500 ejemplares del calendario laboral para la ciudad de Alzira en el que se incluyen los dias festivos nacionales, auton\u00f3micos y locales para 2020. Incluye un refr\u00e1n en valenciano para cada mes y est\u00e1 dirigido a las administraciones p\u00fablicas, empresas, comercios y colegios profesionales de la ciudad.<\/p>\n","protected":false},"author":12,"featured_media":34617,"parent":33779,"menu_order":10,"comment_status":"closed","ping_status":"closed","template":"","meta":{"_acf_changed":false,"footnotes":""},"class_list":["post-34619","page","type-page","status-publish","has-post-thumbnail","hentry"],"acf":[],"_links":{"self":[{"href":"https:\/\/alzira.es\/es\/wp-json\/wp\/v2\/pages\/34619","targetHints":{"allow":["GET"]}}],"collection":[{"href":"https:\/\/alzira.es\/es\/wp-json\/wp\/v2\/pages"}],"about":[{"href":"https:\/\/alzira.es\/es\/wp-json\/wp\/v2\/types\/page"}],"author":[{"embeddable":true,"href":"https:\/\/alzira.es\/es\/wp-json\/wp\/v2\/users\/12"}],"replies":[{"embeddable":true,"href":"https:\/\/alzira.es\/es\/wp-json\/wp\/v2\/comments?post=34619"}],"version-history":[{"count":1,"href":"https:\/\/alzira.es\/es\/wp-json\/wp\/v2\/pages\/34619\/revisions"}],"predecessor-version":[{"id":87085,"href":"https:\/\/alzira.es\/es\/wp-json\/wp\/v2\/pages\/34619\/revisions\/87085"}],"up":[{"embeddable":true,"href":"https:\/\/alzira.es\/es\/wp-json\/wp\/v2\/pages\/33779"}],"wp:featuredmedia":[{"embeddable":true,"href":"https:\/\/alzira.es\/es\/wp-json\/wp\/v2\/media\/34617"}],"wp:attachment":[{"href":"https:\/\/alzira.es\/es\/wp-json\/wp\/v2\/media?parent=34619"}],"curies":[{"name":"wp","href":"https:\/\/api.w.org\/{rel}","templated":true}]}}