{"id":34610,"date":"2018-10-16T13:22:52","date_gmt":"2018-10-16T11:22:52","guid":{"rendered":"https:\/\/alzira.es\/cartas-a-los-reyes-magos\/"},"modified":"2021-08-31T15:26:02","modified_gmt":"2021-08-31T13:26:02","slug":"cartas-a-los-reyes-magos","status":"publish","type":"page","link":"https:\/\/alzira.es\/es\/servicios-municipales\/serval\/campanas\/cartas-a-los-reyes-magos\/","title":{"rendered":"Cartas a los Reyes Magos"},"content":{"rendered":"\n<p>El Serval tiene prevista la contrataci\u00f3n del servicio de impresi\u00f3n y reparto de 5.500 cartas dirigidas a los Reyes Magos con tal de que los ni\u00f1os y ni\u00f1as de la ciudad puedan escribir sus deseos para el 6 de enero. Se distribuir\u00e1n en diciembre a los colegios, antes de las vacaciones navide\u00f1as.&nbsp;<\/p>\n\n\n\n<p>&nbsp;<a href=\"https:\/\/alzira.es\/wp-content\/uploads\/2018\/10\/carta_a4_2.pdf\" target=\"_blank\" rel=\"noreferrer noopener\">Carta de Reyes<\/a><\/p>\n\n\n\n<div class=\"wp-block-image\"><figure class=\"alignleft size-medium is-resized\"><img fetchpriority=\"high\" decoding=\"async\" src=\"https:\/\/alzira.es\/wp-content\/uploads\/2018\/10\/carta_a4_2_Pagina_1-361x510.jpg\" alt=\"carta a4 2 P\u00e1gina 1\" class=\"wp-image-34602\" width=\"361\" height=\"510\" srcset=\"https:\/\/alzira.es\/wp-content\/uploads\/2018\/10\/carta_a4_2_Pagina_1-361x510.jpg 361w, https:\/\/alzira.es\/wp-content\/uploads\/2018\/10\/carta_a4_2_Pagina_1-758x1072.jpg 758w, https:\/\/alzira.es\/wp-content\/uploads\/2018\/10\/carta_a4_2_Pagina_1-768x1086.jpg 768w, https:\/\/alzira.es\/wp-content\/uploads\/2018\/10\/carta_a4_2_Pagina_1-1086x1536.jpg 1086w, https:\/\/alzira.es\/wp-content\/uploads\/2018\/10\/carta_a4_2_Pagina_1-1448x2048.jpg 1448w, https:\/\/alzira.es\/wp-content\/uploads\/2018\/10\/carta_a4_2_Pagina_1-scaled.jpg 1811w\" sizes=\"(max-width: 361px) 100vw, 361px\" \/><\/figure><\/div>\n\n\n\n<div class=\"wp-block-image\"><figure class=\"alignleft size-medium is-resized\"><img decoding=\"async\" data-src=\"https:\/\/alzira.es\/wp-content\/uploads\/2018\/10\/carta_a4_2_Pagina_2-361x510.jpg\" alt=\"carta a4 2 P\u00e1gina 2\" class=\"wp-image-34608 lazyload\" width=\"361\" height=\"510\" data-srcset=\"https:\/\/alzira.es\/wp-content\/uploads\/2018\/10\/carta_a4_2_Pagina_2-361x510.jpg 361w, https:\/\/alzira.es\/wp-content\/uploads\/2018\/10\/carta_a4_2_Pagina_2-758x1072.jpg 758w, https:\/\/alzira.es\/wp-content\/uploads\/2018\/10\/carta_a4_2_Pagina_2-768x1086.jpg 768w, https:\/\/alzira.es\/wp-content\/uploads\/2018\/10\/carta_a4_2_Pagina_2-1086x1536.jpg 1086w, https:\/\/alzira.es\/wp-content\/uploads\/2018\/10\/carta_a4_2_Pagina_2-1448x2048.jpg 1448w, https:\/\/alzira.es\/wp-content\/uploads\/2018\/10\/carta_a4_2_Pagina_2-scaled.jpg 1811w\" data-sizes=\"(max-width: 361px) 100vw, 361px\" src=\"data:image\/svg+xml;base64,PHN2ZyB3aWR0aD0iMSIgaGVpZ2h0PSIxIiB4bWxucz0iaHR0cDovL3d3dy53My5vcmcvMjAwMC9zdmciPjwvc3ZnPg==\" style=\"--smush-placeholder-width: 361px; --smush-placeholder-aspect-ratio: 361\/510;\" \/><\/figure><\/div>\n\n\n\n<p>&nbsp;&nbsp; &nbsp; &nbsp;&nbsp;<\/p>\n","protected":false},"excerpt":{"rendered":"<p>El Serval tiene prevista la contrataci\u00f3n del servicio de impresi\u00f3n y reparto de 5.500 cartas dirigidas a los Reyes Magos con tal de que los ni\u00f1os y ni\u00f1as de la ciudad puedan escribir sus deseos para el 6 de enero. Se distribuir\u00e1n en diciembre a los colegios, antes de las vacaciones navide\u00f1as.&nbsp; &nbsp;Carta de Reyes &hellip; <\/p>\n<p class=\"link-more\"><a href=\"https:\/\/alzira.es\/es\/servicios-municipales\/serval\/campanas\/cartas-a-los-reyes-magos\/\" class=\"more-link\">Continuar leyendo<span class=\"screen-reader-text\"> \u00abCartas a los Reyes Magos\u00bb<\/span><\/a><\/p>\n","protected":false},"author":31,"featured_media":0,"parent":33779,"menu_order":11,"comment_status":"closed","ping_status":"closed","template":"","meta":{"_acf_changed":false,"footnotes":""},"class_list":["post-34610","page","type-page","status-publish","hentry"],"acf":[],"_links":{"self":[{"href":"https:\/\/alzira.es\/es\/wp-json\/wp\/v2\/pages\/34610","targetHints":{"allow":["GET"]}}],"collection":[{"href":"https:\/\/alzira.es\/es\/wp-json\/wp\/v2\/pages"}],"about":[{"href":"https:\/\/alzira.es\/es\/wp-json\/wp\/v2\/types\/page"}],"author":[{"embeddable":true,"href":"https:\/\/alzira.es\/es\/wp-json\/wp\/v2\/users\/31"}],"replies":[{"embeddable":true,"href":"https:\/\/alzira.es\/es\/wp-json\/wp\/v2\/comments?post=34610"}],"version-history":[{"count":2,"href":"https:\/\/alzira.es\/es\/wp-json\/wp\/v2\/pages\/34610\/revisions"}],"predecessor-version":[{"id":87086,"href":"https:\/\/alzira.es\/es\/wp-json\/wp\/v2\/pages\/34610\/revisions\/87086"}],"up":[{"embeddable":true,"href":"https:\/\/alzira.es\/es\/wp-json\/wp\/v2\/pages\/33779"}],"wp:attachment":[{"href":"https:\/\/alzira.es\/es\/wp-json\/wp\/v2\/media?parent=34610"}],"curies":[{"name":"wp","href":"https:\/\/api.w.org\/{rel}","templated":true}]}}