{"id":34433,"date":"2018-10-05T10:13:11","date_gmt":"2018-10-05T08:13:11","guid":{"rendered":"https:\/\/alzira.es\/toponimia-de-alzira\/"},"modified":"2026-02-18T13:39:19","modified_gmt":"2026-02-18T12:39:19","slug":"toponimia-de-alzira","status":"publish","type":"page","link":"https:\/\/alzira.es\/es\/servicios-municipales\/serval\/aprendizaje\/toponimia-de-alzira\/","title":{"rendered":"Toponimia de Alzira"},"content":{"rendered":"\t\t<div data-elementor-type=\"wp-page\" data-elementor-id=\"34433\" class=\"elementor elementor-34433\">\n\t\t\t\t\t\t<section class=\"elementor-section elementor-top-section elementor-element elementor-element-0884d05 elementor-section-boxed elementor-section-height-default elementor-section-height-default\" data-id=\"0884d05\" data-element_type=\"section\">\n\t\t\t\t\t\t<div class=\"elementor-container elementor-column-gap-default\">\n\t\t\t\t\t<div class=\"elementor-column elementor-col-33 elementor-top-column elementor-element elementor-element-3209207\" data-id=\"3209207\" data-element_type=\"column\">\n\t\t\t<div class=\"elementor-widget-wrap elementor-element-populated\">\n\t\t\t\t\t\t<div class=\"elementor-element elementor-element-3ad8058 elementor-widget elementor-widget-image\" data-id=\"3ad8058\" data-element_type=\"widget\" data-widget_type=\"image.default\">\n\t\t\t\t<div class=\"elementor-widget-container\">\n\t\t\t\t\t\t\t\t\t\t\t\t\t\t\t\t<a href=\"https:\/\/alzira.es\/wp-content\/uploads\/2026\/02\/nomenclator.pdf\" target=\"_blank\">\n\t\t\t\t\t\t\t<img fetchpriority=\"high\" decoding=\"async\" width=\"468\" height=\"720\" src=\"https:\/\/alzira.es\/wp-content\/uploads\/2026\/02\/nomenclator.png\" class=\"attachment-large size-large wp-image-168006\" alt=\"Nomenclator\" srcset=\"https:\/\/alzira.es\/wp-content\/uploads\/2026\/02\/nomenclator.png 468w, https:\/\/alzira.es\/wp-content\/uploads\/2026\/02\/nomenclator-332x510.png 332w\" sizes=\"100vw\" \/>\t\t\t\t\t\t\t\t<\/a>\n\t\t\t\t\t\t\t\t\t\t\t\t\t\t\t<\/div>\n\t\t\t\t<\/div>\n\t\t\t\t\t<\/div>\n\t\t<\/div>\n\t\t\t\t<div class=\"elementor-column elementor-col-66 elementor-top-column elementor-element elementor-element-c983932\" data-id=\"c983932\" data-element_type=\"column\">\n\t\t\t<div class=\"elementor-widget-wrap elementor-element-populated\">\n\t\t\t\t\t\t<div class=\"elementor-element elementor-element-d3f1531 elementor-widget elementor-widget-text-editor\" data-id=\"d3f1531\" data-element_type=\"widget\" data-widget_type=\"text-editor.default\">\n\t\t\t\t<div class=\"elementor-widget-container\">\n\t\t\t\t\t\t\t\t\t<p style=\"text-align: justify;\"><strong><img decoding=\"async\" width=\"18\" height=\"15\" class=\"size-full wp-image-34234 lazyload\" title=\"documento PDF\" data-src=\"https:\/\/alzira.es\/wp-content\/uploads\/2018\/10\/pdf_rojo.gif\" alt=\"pdf rojo\" src=\"data:image\/svg+xml;base64,PHN2ZyB3aWR0aD0iMSIgaGVpZ2h0PSIxIiB4bWxucz0iaHR0cDovL3d3dy53My5vcmcvMjAwMC9zdmciPjwvc3ZnPg==\" style=\"--smush-placeholder-width: 18px; --smush-placeholder-aspect-ratio: 18\/15;\" \/> <a href=\"https:\/\/alzira.es\/wp-content\/uploads\/2026\/02\/nomenclator.pdf\" target=\"_blank\" rel=\"noopener\">Nomencl\u00e0tor oficial d&#8217;espais i vies publiques (carrers, places i avingudes) de la ciutat i del seu annex<\/a><\/strong><\/p><h2 class=\"x_elementToProof\" style=\"text-align: center;\" data-olk-copy-source=\"MessageBody\"><strong>Ajuntament d&#8217;Alzira<\/strong><\/h2><div class=\"x_elementToProof\" style=\"text-align: center;\" data-olk-copy-source=\"MessageBody\"><br \/>2025\/09387 Anunci de l&#8217;Ajuntament d&#8217;Alzira sobre l&#8217;aprovaci\u00f3 del nomencl\u00e0tor oficial d&#8217;espais i vies p\u00fabliques (carrers, places i avingudes) de la ciutat i del seu annex.<\/div><div class=\"x_elementToProof\" style=\"text-align: center;\" data-olk-copy-source=\"MessageBody\"><br \/><strong>ANUNCI<\/strong><\/div><div class=\"x_elementToProof\" style=\"text-align: center;\" data-olk-copy-source=\"MessageBody\"><br \/>El Ple de l&#8217;Ajuntament d&#8217;Alzira, en la sessi\u00f3 celebrada el dia 28 de maig de 2025, punt 5, va aprovar:<\/div><div class=\"x_elementToProof\" style=\"text-align: center;\" data-olk-copy-source=\"MessageBody\"><br \/>Primer.- Aprovar el nomencl\u00e0tor oficial d&#8217;espais i vies p\u00fabliques (carrers, places i avingudes) de la Ciutat d&#8217;Alzira seg\u00fcent:<\/div><div class=\"x_elementToProof\" style=\"text-align: center;\" data-olk-copy-source=\"MessageBody\"><br \/><a href=\"https:\/\/alzira.es\/wp-content\/uploads\/2026\/02\/nomenclator.pdf\" target=\"_blank\" rel=\"noopener\">VEURE ANNEX<\/a><\/div><div class=\"x_elementToProof\" style=\"text-align: center;\" data-olk-copy-source=\"MessageBody\"><br \/>Alzira, 22 de juliol de 2025.\u2014L&#8217;alcalde-president, Alfons Dom\u00ednguez Gento.<\/div>\t\t\t\t\t\t\t\t<\/div>\n\t\t\t\t<\/div>\n\t\t\t\t\t<\/div>\n\t\t<\/div>\n\t\t\t\t\t<\/div>\n\t\t<\/section>\n\t\t\t\t<section class=\"elementor-section elementor-top-section elementor-element elementor-element-ee9fc21 elementor-section-boxed elementor-section-height-default elementor-section-height-default\" data-id=\"ee9fc21\" data-element_type=\"section\">\n\t\t\t\t\t\t<div class=\"elementor-container elementor-column-gap-default\">\n\t\t\t\t\t<div class=\"elementor-column elementor-col-100 elementor-top-column elementor-element elementor-element-16b2b82\" data-id=\"16b2b82\" data-element_type=\"column\">\n\t\t\t<div class=\"elementor-widget-wrap elementor-element-populated\">\n\t\t\t\t\t\t<div class=\"elementor-element elementor-element-5469096 elementor-widget-divider--view-line elementor-widget elementor-widget-divider\" data-id=\"5469096\" data-element_type=\"widget\" data-widget_type=\"divider.default\">\n\t\t\t\t<div class=\"elementor-widget-container\">\n\t\t\t\t\t\t\t<div class=\"elementor-divider\">\n\t\t\t<span class=\"elementor-divider-separator\">\n\t\t\t\t\t\t<\/span>\n\t\t<\/div>\n\t\t\t\t\t\t<\/div>\n\t\t\t\t<\/div>\n\t\t\t\t\t<\/div>\n\t\t<\/div>\n\t\t\t\t\t<\/div>\n\t\t<\/section>\n\t\t\t\t<section class=\"elementor-section elementor-top-section elementor-element elementor-element-8c540ae elementor-section-boxed elementor-section-height-default elementor-section-height-default\" data-id=\"8c540ae\" data-element_type=\"section\">\n\t\t\t\t\t\t<div class=\"elementor-container elementor-column-gap-default\">\n\t\t\t\t\t<div class=\"elementor-column elementor-col-33 elementor-top-column elementor-element elementor-element-53f1c66\" data-id=\"53f1c66\" data-element_type=\"column\">\n\t\t\t<div class=\"elementor-widget-wrap elementor-element-populated\">\n\t\t\t\t\t\t<div class=\"elementor-element elementor-element-ea71fc4 elementor-widget elementor-widget-image\" data-id=\"ea71fc4\" data-element_type=\"widget\" data-widget_type=\"image.default\">\n\t\t\t\t<div class=\"elementor-widget-container\">\n\t\t\t\t\t\t\t\t\t\t\t\t\t\t\t\t<a href=\"https:\/\/alzira.es\/wp-content\/uploads\/anual\/mapa_partides_web.pdf\" target=\"_blank\">\n\t\t\t\t\t\t\t<img decoding=\"async\" width=\"525\" height=\"735\" data-src=\"https:\/\/alzira.es\/wp-content\/uploads\/2025\/05\/mapa_partides_web.png\" class=\"attachment-large size-large wp-image-160917 lazyload\" alt=\"Mapa de partides i paratges d&#039;Alzira\" data-srcset=\"https:\/\/alzira.es\/wp-content\/uploads\/2025\/05\/mapa_partides_web.png 678w, https:\/\/alzira.es\/wp-content\/uploads\/2025\/05\/mapa_partides_web-364x510.png 364w\" data-sizes=\"100vw\" src=\"data:image\/svg+xml;base64,PHN2ZyB3aWR0aD0iMSIgaGVpZ2h0PSIxIiB4bWxucz0iaHR0cDovL3d3dy53My5vcmcvMjAwMC9zdmciPjwvc3ZnPg==\" style=\"--smush-placeholder-width: 525px; --smush-placeholder-aspect-ratio: 525\/735;\" \/>\t\t\t\t\t\t\t\t<\/a>\n\t\t\t\t\t\t\t\t\t\t\t\t\t\t\t<\/div>\n\t\t\t\t<\/div>\n\t\t\t\t\t<\/div>\n\t\t<\/div>\n\t\t\t\t<div class=\"elementor-column elementor-col-66 elementor-top-column elementor-element elementor-element-b709645\" data-id=\"b709645\" data-element_type=\"column\">\n\t\t\t<div class=\"elementor-widget-wrap elementor-element-populated\">\n\t\t\t\t\t\t<div class=\"elementor-element elementor-element-7b6a666 elementor-widget elementor-widget-text-editor\" data-id=\"7b6a666\" data-element_type=\"widget\" data-widget_type=\"text-editor.default\">\n\t\t\t\t<div class=\"elementor-widget-container\">\n\t\t\t\t\t\t\t\t\t<p style=\"text-align: justify;\"><strong><img decoding=\"async\" width=\"18\" height=\"15\" class=\"size-full wp-image-34234 lazyload\" title=\"documento PDF\" data-src=\"https:\/\/alzira.es\/wp-content\/uploads\/2018\/10\/pdf_rojo.gif\" alt=\"pdf rojo\" src=\"data:image\/svg+xml;base64,PHN2ZyB3aWR0aD0iMSIgaGVpZ2h0PSIxIiB4bWxucz0iaHR0cDovL3d3dy53My5vcmcvMjAwMC9zdmciPjwvc3ZnPg==\" style=\"--smush-placeholder-width: 18px; --smush-placeholder-aspect-ratio: 18\/15;\" \/> <a href=\"https:\/\/alzira.es\/wp-content\/uploads\/anual\/mapa_partides_web.pdf\" target=\"_blank\" rel=\"noopener\">M<\/a><a href=\"https:\/\/alzira.es\/wp-content\/uploads\/anual\/mapa_partides_web.pdf\" target=\"_blank\" rel=\"noopener\" data-wplink-edit=\"true\">apa de partides i paratges d&#8217;Alzira<\/a><\/strong><\/p><div class=\"x_elementToProof\" data-olk-copy-source=\"MessageBody\">El <b>nou mapa de paratges i partides del terme d\u2019Alzira en format PDF<\/b>, un recurs de gran valor per a con\u00e9ixer millor la nostra geografia local i el patrimoni natural alzireny.<\/div><div data-olk-copy-source=\"MessageBody\">\u00a0<\/div><div class=\"x_elementToProof\">Este document representa un treball rigor\u00f3s de recopilaci\u00f3 i delimitaci\u00f3 dels paratges i partides hist\u00f2riques del nostre terme, una faenada duta a terme per una comissi\u00f3 de treball interdisciplin\u00e0ria de l&#8217;Ajuntament. A m\u00e9s, el mapa \u00e9s una ferramenta ben \u00fatil tant per a investigadors i estudiosos de la topon\u00edmia i de la hist\u00f2ria local com per al personal t\u00e8cnic de l&#8217;Ajuntament i per als centres educatius, entitats culturals i la ciutadania en general que vulga aprofundir en el coneixement del nostre entorn.<\/div><div>\u00a0<\/div><div class=\"x_elementToProof\">Amb esta iniciativa, fem valdre la riquesa del territori alzireny i contribu\u00efm a preservar la mem\u00f2ria dels noms tradicionals dels indrets i en facilitem la consulta i la difusi\u00f3 d\u2019una manera accessible.<\/div>\t\t\t\t\t\t\t\t<\/div>\n\t\t\t\t<\/div>\n\t\t\t\t\t<\/div>\n\t\t<\/div>\n\t\t\t\t\t<\/div>\n\t\t<\/section>\n\t\t\t\t<section class=\"elementor-section elementor-top-section elementor-element elementor-element-8da2281 elementor-section-boxed elementor-section-height-default elementor-section-height-default\" data-id=\"8da2281\" data-element_type=\"section\">\n\t\t\t\t\t\t<div class=\"elementor-container elementor-column-gap-default\">\n\t\t\t\t\t<div class=\"elementor-column elementor-col-100 elementor-top-column elementor-element elementor-element-6d6a15f\" data-id=\"6d6a15f\" data-element_type=\"column\">\n\t\t\t<div class=\"elementor-widget-wrap elementor-element-populated\">\n\t\t\t\t\t\t<div class=\"elementor-element elementor-element-bcec97d elementor-widget-divider--view-line elementor-widget elementor-widget-divider\" data-id=\"bcec97d\" data-element_type=\"widget\" data-widget_type=\"divider.default\">\n\t\t\t\t<div class=\"elementor-widget-container\">\n\t\t\t\t\t\t\t<div class=\"elementor-divider\">\n\t\t\t<span class=\"elementor-divider-separator\">\n\t\t\t\t\t\t<\/span>\n\t\t<\/div>\n\t\t\t\t\t\t<\/div>\n\t\t\t\t<\/div>\n\t\t\t\t\t<\/div>\n\t\t<\/div>\n\t\t\t\t\t<\/div>\n\t\t<\/section>\n\t\t\t\t<section class=\"elementor-section elementor-top-section elementor-element elementor-element-9ac2532 elementor-section-boxed elementor-section-height-default elementor-section-height-default\" data-id=\"9ac2532\" data-element_type=\"section\">\n\t\t\t\t\t\t<div class=\"elementor-container elementor-column-gap-default\">\n\t\t\t\t\t<div class=\"elementor-column elementor-col-33 elementor-top-column elementor-element elementor-element-45a4c12\" data-id=\"45a4c12\" data-element_type=\"column\">\n\t\t\t<div class=\"elementor-widget-wrap elementor-element-populated\">\n\t\t\t\t\t\t<div class=\"elementor-element elementor-element-a3d3c4f elementor-widget elementor-widget-image\" data-id=\"a3d3c4f\" data-element_type=\"widget\" data-widget_type=\"image.default\">\n\t\t\t\t<div class=\"elementor-widget-container\">\n\t\t\t\t\t\t\t\t\t\t\t\t\t\t\t\t<a href=\"https:\/\/alzira.es\/wp-content\/uploads\/2018\/10\/ALZIRA_TPV_compressed-1-13.pdf\" target=\"_blank\">\n\t\t\t\t\t\t\t<img decoding=\"async\" width=\"525\" height=\"735\" data-src=\"https:\/\/alzira.es\/wp-content\/uploads\/2025\/05\/topinimia-dels-pobles-valencians.png\" class=\"attachment-large size-large wp-image-160914 lazyload\" alt=\"Topon\u00edmia dels pobles valencians d&#039;Alzira editado por la AVL\" data-srcset=\"https:\/\/alzira.es\/wp-content\/uploads\/2025\/05\/topinimia-dels-pobles-valencians.png 678w, https:\/\/alzira.es\/wp-content\/uploads\/2025\/05\/topinimia-dels-pobles-valencians-364x510.png 364w\" data-sizes=\"100vw\" src=\"data:image\/svg+xml;base64,PHN2ZyB3aWR0aD0iMSIgaGVpZ2h0PSIxIiB4bWxucz0iaHR0cDovL3d3dy53My5vcmcvMjAwMC9zdmciPjwvc3ZnPg==\" style=\"--smush-placeholder-width: 525px; --smush-placeholder-aspect-ratio: 525\/735;\" \/>\t\t\t\t\t\t\t\t<\/a>\n\t\t\t\t\t\t\t\t\t\t\t\t\t\t\t<\/div>\n\t\t\t\t<\/div>\n\t\t\t\t\t<\/div>\n\t\t<\/div>\n\t\t\t\t<div class=\"elementor-column elementor-col-66 elementor-top-column elementor-element elementor-element-9c3f5ef\" data-id=\"9c3f5ef\" data-element_type=\"column\">\n\t\t\t<div class=\"elementor-widget-wrap elementor-element-populated\">\n\t\t\t\t\t\t<div class=\"elementor-element elementor-element-1f06884 elementor-widget elementor-widget-text-editor\" data-id=\"1f06884\" data-element_type=\"widget\" data-widget_type=\"text-editor.default\">\n\t\t\t\t<div class=\"elementor-widget-container\">\n\t\t\t\t\t\t\t\t\t<p style=\"text-align: justify;\"><strong><img decoding=\"async\" width=\"18\" height=\"15\" class=\"size-full wp-image-34234 lazyload\" title=\"documento PDF\" data-src=\"https:\/\/alzira.es\/wp-content\/uploads\/2018\/10\/pdf_rojo.gif\" alt=\"pdf rojo\" src=\"data:image\/svg+xml;base64,PHN2ZyB3aWR0aD0iMSIgaGVpZ2h0PSIxIiB4bWxucz0iaHR0cDovL3d3dy53My5vcmcvMjAwMC9zdmciPjwvc3ZnPg==\" style=\"--smush-placeholder-width: 18px; --smush-placeholder-aspect-ratio: 18\/15;\" \/>\u00a0<a href=\"https:\/\/alzira.es\/wp-content\/uploads\/2018\/10\/ALZIRA_TPV_compressed-1-13.pdf\" target=\"_blank\" rel=\"noopener\" data-wplink-edit=\"true\">Topon\u00edmia dels pobles valencians d&#8217;Alzira editado por la AVL<\/a><\/strong><\/p><p style=\"text-align: justify;\">La primera se\u00f1a de identidad de un pueblo es su top\u00f3nimo, Alzira, y su toponimia. Por este motivo, Alzira, como la gran mayoria de pueblos valencianos, ha optado por ir recuperando y conservando la toponimia valenciana del pueblo. Asimismo, a la hora de poner nombres a nuevas calles se han tenido en cuenta los top\u00f3nimos hist\u00f3ricos genuinos del t\u00e9rmino, los nombres de los personajes ilustres de la poblaci\u00f3n, los top\u00f3nimos y personajes de la comarca y de la Comunidad Valenciana, etc.<\/p><p style=\"text-align: justify;\">La toponimia (del griego\u00a0\u03c4\u03cc\u03c0\u03bf\u03c2 <em>topos<\/em>,\u00a0\u00ablugar\u00bb, y \u1f44\u03bd\u03bf\u03bc\u03b1 <em>\u00f3noma<\/em>, \u00abnombre\u00bb) es el conjunto de top\u00f3nimos de un sitio, es decir, los nombres del lugar. Debido a sus caracter\u00edsticas, la toponimia contiene informaci\u00f3n sobre la hist\u00f3ria de los lugares que nombra, como pueden ser <em>el carrer de l&#8217;Ametler<\/em> o <em>el carrer d&#8217;Ant\u00f2nia Cerd\u00e0<\/em> de Alzira, pero la toponimia, sobre todo, nos sirve para identificar el territorio, acotarlo y definirlo. Es por este motivo que los top\u00f3nimos pueden ser estudiados como elementos con valor cultural, pero tambi\u00e9n desde un punto de vista pol\u00edtico ya que son los nombres oficiales de un lugar.<\/p><p style=\"text-align: justify;\">En este apartado trataremos la toponimia desde un punto de vista pol\u00edtico u oficial debido a que por una parte se facilitar\u00e1 el nomenclator de las vias urbanas de Alzira aprobadas por el Ayuntamiento de Alzira aprobadas y, por otra, se facilitar\u00e1 la toponimia de Alzira que aprob\u00f3 la Academia Valenciana de la Lengua y la cual se public\u00f3 en la serie <em>Topon\u00edmia dels Pobles Valencians<\/em> el a\u00f1o 2005.<\/p><p style=\"text-align: justify;\">Tanto el nomenclator de las vias urbanas como la toponimia gen\u00e9rica del termino de Alzira los podeis encontrar en los archivos asociados.<\/p><p style=\"text-align: justify;\"><span style=\"text-decoration: underline;\"><strong>CONSIDERACIONES QUE HAY QUE TENER EN CUENTA CUANDO SE ESCRIBE EL NOMBRE DE UNA CALLE<\/strong><\/span><\/p><p style=\"text-align: justify;\"><strong>Los nombres gen\u00e9ricos.<\/strong> Los nombres gen\u00e9ricos que indican el tipo de via urbana (calle, plaza, avenida, parage, paseo, rambla, etc.) son nombres comunes y, por tanto, se escriben con min\u00fascula inicial excepto cuando van en posici\u00f3n incial o despu\u00e9s de punto: <em>carrer del Castell.<\/em><\/p><p style=\"text-align: justify;\"><strong>La preposici\u00f3n <em>de<\/em>.<\/strong> En la denominaci\u00f3n completa del nombre de una calle se ha de tener especial cuidado de no suprimir la preposici\u00f3n <em>de<\/em> la cual sirve para enlazar la parte gen\u00e9rica con la parte espec\u00edfica del top\u00f3nimo, aunque se omita en la parte coloquial. En cambio, en la denominci\u00f3n abreviada la preposici\u00f3n <em>de<\/em> se considera opcional: <em>av. Alacant<\/em> o <em>av. d&#8217;Alacant<\/em>.<\/p><p style=\"text-align: justify;\"><strong>El art\u00edculo.<\/strong> El art\u00edculo que va delante del nombre de la via sigue las normas generales de may\u00fasculas y min\u00fasculas, de contracci\u00f3n de las preposiciones y de apostrofaci\u00f3n. En la denominaci\u00f3n abreviada es opcional. No obstante, delante de algunos top\u00f3nimos como son las comarcas el art\u00edculo no se puede suprimir. En las bases de datos, cuando el art\u00edculo sea obligatorio, se escribir\u00e1 detr\u00e1s del top\u00f3nimo con tal de no modificar el orden alf\u00e1betico: <em>c\/Costera, la<\/em>.<\/p>\t\t\t\t\t\t\t\t<\/div>\n\t\t\t\t<\/div>\n\t\t\t\t\t<\/div>\n\t\t<\/div>\n\t\t\t\t\t<\/div>\n\t\t<\/section>\n\t\t\t\t<\/div>\n\t\t","protected":false},"excerpt":{"rendered":"<p>Nomencl\u00e0tor oficial d&#8217;espais i vies publiques (carrers, places i avingudes) de la ciutat i del seu annex Ajuntament d&#8217;Alzira 2025\/09387 Anunci de l&#8217;Ajuntament d&#8217;Alzira sobre l&#8217;aprovaci\u00f3 del nomencl\u00e0tor oficial d&#8217;espais i vies p\u00fabliques (carrers, places i avingudes) de la ciutat i del seu annex.ANUNCIEl Ple de l&#8217;Ajuntament d&#8217;Alzira, en la sessi\u00f3 celebrada el dia 28 &hellip; <\/p>\n<p class=\"link-more\"><a href=\"https:\/\/alzira.es\/es\/servicios-municipales\/serval\/aprendizaje\/toponimia-de-alzira\/\" class=\"more-link\">Continuar leyendo<span class=\"screen-reader-text\"> \u00abToponimia de Alzira\u00bb<\/span><\/a><\/p>\n","protected":false},"author":12,"featured_media":0,"parent":36519,"menu_order":11,"comment_status":"closed","ping_status":"closed","template":"","meta":{"_acf_changed":false,"footnotes":""},"class_list":["post-34433","page","type-page","status-publish","hentry"],"acf":[],"_links":{"self":[{"href":"https:\/\/alzira.es\/es\/wp-json\/wp\/v2\/pages\/34433","targetHints":{"allow":["GET"]}}],"collection":[{"href":"https:\/\/alzira.es\/es\/wp-json\/wp\/v2\/pages"}],"about":[{"href":"https:\/\/alzira.es\/es\/wp-json\/wp\/v2\/types\/page"}],"author":[{"embeddable":true,"href":"https:\/\/alzira.es\/es\/wp-json\/wp\/v2\/users\/12"}],"replies":[{"embeddable":true,"href":"https:\/\/alzira.es\/es\/wp-json\/wp\/v2\/comments?post=34433"}],"version-history":[{"count":2,"href":"https:\/\/alzira.es\/es\/wp-json\/wp\/v2\/pages\/34433\/revisions"}],"predecessor-version":[{"id":168010,"href":"https:\/\/alzira.es\/es\/wp-json\/wp\/v2\/pages\/34433\/revisions\/168010"}],"up":[{"embeddable":true,"href":"https:\/\/alzira.es\/es\/wp-json\/wp\/v2\/pages\/36519"}],"wp:attachment":[{"href":"https:\/\/alzira.es\/es\/wp-json\/wp\/v2\/media?parent=34433"}],"curies":[{"name":"wp","href":"https:\/\/api.w.org\/{rel}","templated":true}]}}