{"id":34371,"date":"2009-06-22T16:03:54","date_gmt":"2009-06-22T14:03:54","guid":{"rendered":"https:\/\/alzira.es\/e-ajuntament-3\/"},"modified":"2026-03-26T12:47:20","modified_gmt":"2026-03-26T11:47:20","slug":"perfil-contratante","status":"publish","type":"page","link":"https:\/\/alzira.es\/es\/sede-electronica\/perfil-contratante\/","title":{"rendered":"Perfil contratante"},"content":{"rendered":"\t\t<div data-elementor-type=\"wp-page\" data-elementor-id=\"34371\" class=\"elementor elementor-34371\">\n\t\t\t\t\t\t<section class=\"elementor-section elementor-top-section elementor-element elementor-element-1bedd324 elementor-section-full_width iconosportadasec administracio elementor-section-height-default elementor-section-height-default\" data-id=\"1bedd324\" data-element_type=\"section\">\n\t\t\t\t\t\t<div class=\"elementor-container elementor-column-gap-narrow\">\n\t\t\t\t\t<div class=\"elementor-column elementor-col-25 elementor-top-column elementor-element elementor-element-5a9ede51\" data-id=\"5a9ede51\" data-element_type=\"column\">\n\t\t\t<div class=\"elementor-widget-wrap elementor-element-populated\">\n\t\t\t\t\t\t<div class=\"elementor-element elementor-element-6a486c7b elementor-widget elementor-widget-image\" data-id=\"6a486c7b\" data-element_type=\"widget\" data-widget_type=\"image.default\">\n\t\t\t\t<div class=\"elementor-widget-container\">\n\t\t\t\t\t\t\t\t\t\t\t\t\t\t\t\t<a href=\"https:\/\/alzira.es\/seu-electronica\/perfil-contractant\/encarrecs-dana\/\">\n\t\t\t\t\t\t\t<img fetchpriority=\"high\" decoding=\"async\" width=\"500\" height=\"418\" src=\"https:\/\/alzira.es\/wp-content\/uploads\/2026\/03\/ICONA_tragsa-01.png\" class=\"attachment-medium_large size-medium_large wp-image-168549\" alt=\"ENC\u00c0RRECS DANA\" sizes=\"100vw\" \/>\t\t\t\t\t\t\t\t<\/a>\n\t\t\t\t\t\t\t\t\t\t\t\t\t\t\t<\/div>\n\t\t\t\t<\/div>\n\t\t\t\t<div class=\"elementor-element elementor-element-a3b5b1f elementor-widget elementor-widget-heading\" data-id=\"a3b5b1f\" data-element_type=\"widget\" data-widget_type=\"heading.default\">\n\t\t\t\t<div class=\"elementor-widget-container\">\n\t\t\t\t\t<h5 class=\"elementor-heading-title elementor-size-default\"><a href=\"https:\/\/alzira.es\/seu-electronica\/perfil-contractant\/encarrecs-dana\/\" target=\"_blank\">ENCARGOS DANA<\/a><\/h5>\t\t\t\t<\/div>\n\t\t\t\t<\/div>\n\t\t\t\t\t<\/div>\n\t\t<\/div>\n\t\t\t\t<div class=\"elementor-column elementor-col-25 elementor-top-column elementor-element elementor-element-43734588\" data-id=\"43734588\" data-element_type=\"column\">\n\t\t\t<div class=\"elementor-widget-wrap elementor-element-populated\">\n\t\t\t\t\t\t<div class=\"elementor-element elementor-element-ff0fdb4 elementor-widget elementor-widget-image\" data-id=\"ff0fdb4\" data-element_type=\"widget\" data-widget_type=\"image.default\">\n\t\t\t\t<div class=\"elementor-widget-container\">\n\t\t\t\t\t\t\t\t\t\t\t\t\t\t\t\t<a href=\"https:\/\/contrataciondelestado.es\/wps\/portal\/plataforma\" target=\"_blank\">\n\t\t\t\t\t\t\t<img decoding=\"async\" width=\"525\" height=\"439\" data-src=\"https:\/\/alzira.es\/wp-content\/uploads\/2021\/04\/iconos_administracio_24h-02-768x642.png\" class=\"attachment-medium_large size-medium_large wp-image-60341 lazyload\" alt=\"\" data-srcset=\"https:\/\/alzira.es\/wp-content\/uploads\/2021\/04\/iconos_administracio_24h-02-768x642.png 768w, https:\/\/alzira.es\/wp-content\/uploads\/2021\/04\/iconos_administracio_24h-02-680x569.png 680w, https:\/\/alzira.es\/wp-content\/uploads\/2021\/04\/iconos_administracio_24h-02-1282x1072.png 1282w, https:\/\/alzira.es\/wp-content\/uploads\/2021\/04\/iconos_administracio_24h-02-1536x1284.png 1536w, https:\/\/alzira.es\/wp-content\/uploads\/2021\/04\/iconos_administracio_24h-02-2048x1712.png 2048w\" data-sizes=\"100vw\" src=\"data:image\/svg+xml;base64,PHN2ZyB3aWR0aD0iMSIgaGVpZ2h0PSIxIiB4bWxucz0iaHR0cDovL3d3dy53My5vcmcvMjAwMC9zdmciPjwvc3ZnPg==\" style=\"--smush-placeholder-width: 525px; --smush-placeholder-aspect-ratio: 525\/439;\" \/>\t\t\t\t\t\t\t\t<\/a>\n\t\t\t\t\t\t\t\t\t\t\t\t\t\t\t<\/div>\n\t\t\t\t<\/div>\n\t\t\t\t<div class=\"elementor-element elementor-element-62c315ea elementor-widget elementor-widget-heading\" data-id=\"62c315ea\" data-element_type=\"widget\" data-widget_type=\"heading.default\">\n\t\t\t\t<div class=\"elementor-widget-container\">\n\t\t\t\t\t<h5 class=\"elementor-heading-title elementor-size-default\"><a href=\"https:\/\/contrataciondelestado.es\/wps\/portal\/plataforma\" target=\"_blank\">Plataforma de Contrataci\u00f3n del Sector P\u00fablico<\/a><\/h5>\t\t\t\t<\/div>\n\t\t\t\t<\/div>\n\t\t\t\t\t<\/div>\n\t\t<\/div>\n\t\t\t\t<div class=\"elementor-column elementor-col-25 elementor-top-column elementor-element elementor-element-30a65349\" data-id=\"30a65349\" data-element_type=\"column\">\n\t\t\t<div class=\"elementor-widget-wrap elementor-element-populated\">\n\t\t\t\t\t\t<div class=\"elementor-element elementor-element-7127767 elementor-widget elementor-widget-image\" data-id=\"7127767\" data-element_type=\"widget\" data-widget_type=\"image.default\">\n\t\t\t\t<div class=\"elementor-widget-container\">\n\t\t\t\t\t\t\t\t\t\t\t\t\t\t\t\t<a href=\"https:\/\/contrataciondelestado.es\/wps\/poc?uri=deeplink:perfilContratante&#038;ubicacionOrganica=nSijsEnUqD4%3D\" target=\"_blank\">\n\t\t\t\t\t\t\t<img decoding=\"async\" width=\"500\" height=\"418\" data-src=\"https:\/\/alzira.es\/wp-content\/uploads\/2009\/06\/iconos_administracio_24h-21.png\" class=\"attachment-medium_large size-medium_large wp-image-34369 lazyload\" alt=\"Perfil Contratante --&gt; Plataforma de Contrataci\u00f3n del Sector P\u00fablico\" data-sizes=\"100vw\" src=\"data:image\/svg+xml;base64,PHN2ZyB3aWR0aD0iMSIgaGVpZ2h0PSIxIiB4bWxucz0iaHR0cDovL3d3dy53My5vcmcvMjAwMC9zdmciPjwvc3ZnPg==\" style=\"--smush-placeholder-width: 500px; --smush-placeholder-aspect-ratio: 500\/418;\" \/>\t\t\t\t\t\t\t\t<\/a>\n\t\t\t\t\t\t\t\t\t\t\t\t\t\t\t<\/div>\n\t\t\t\t<\/div>\n\t\t\t\t<div class=\"elementor-element elementor-element-5b40d0da elementor-widget elementor-widget-heading\" data-id=\"5b40d0da\" data-element_type=\"widget\" data-widget_type=\"heading.default\">\n\t\t\t\t<div class=\"elementor-widget-container\">\n\t\t\t\t\t<h5 class=\"elementor-heading-title elementor-size-default\"><a href=\"https:\/\/contrataciondelestado.es\/wps\/poc?uri=deeplink:perfilContratante&#038;ubicacionOrganica=nSijsEnUqD4%3D\" target=\"_blank\">Perfil de Contratante Ayuntamiento de Alzira<\/a><\/h5>\t\t\t\t<\/div>\n\t\t\t\t<\/div>\n\t\t\t\t\t<\/div>\n\t\t<\/div>\n\t\t\t\t<div class=\"elementor-column elementor-col-25 elementor-top-column elementor-element elementor-element-9ccfb42\" data-id=\"9ccfb42\" data-element_type=\"column\">\n\t\t\t<div class=\"elementor-widget-wrap elementor-element-populated\">\n\t\t\t\t\t\t<div class=\"elementor-element elementor-element-6bcba87 elementor-widget elementor-widget-image\" data-id=\"6bcba87\" data-element_type=\"widget\" data-widget_type=\"image.default\">\n\t\t\t\t<div class=\"elementor-widget-container\">\n\t\t\t\t\t\t\t\t\t\t\t\t\t\t\t\t<a href=\"https:\/\/alzira.es\/es\/sede-electronica\/perfil-contratante\/planes-anuales-y-memorias-de-contratacion\/\">\n\t\t\t\t\t\t\t<img decoding=\"async\" data-src=\"https:\/\/alzira.es\/wp-content\/uploads\/2026\/01\/icona_pla_contractacio.png\" title=\"\" alt=\"Pla Anual de Contractaci\u00f3\" src=\"data:image\/svg+xml;base64,PHN2ZyB3aWR0aD0iMSIgaGVpZ2h0PSIxIiB4bWxucz0iaHR0cDovL3d3dy53My5vcmcvMjAwMC9zdmciPjwvc3ZnPg==\" class=\"lazyload\" style=\"--smush-placeholder-width: 500px; --smush-placeholder-aspect-ratio: 500\/418;\" \/>\t\t\t\t\t\t\t\t<\/a>\n\t\t\t\t\t\t\t\t\t\t\t\t\t\t\t<\/div>\n\t\t\t\t<\/div>\n\t\t\t\t<div class=\"elementor-element elementor-element-dfae645 elementor-widget elementor-widget-heading\" data-id=\"dfae645\" data-element_type=\"widget\" data-widget_type=\"heading.default\">\n\t\t\t\t<div class=\"elementor-widget-container\">\n\t\t\t\t\t<h5 class=\"elementor-heading-title elementor-size-default\"><a href=\"https:\/\/alzira.es\/es\/sede-electronica\/perfil-contratante\/planes-anuales-y-memorias-de-contratacion\/\">Planes anuales y memorias de contrataci\u00f3n<\/a><\/h5>\t\t\t\t<\/div>\n\t\t\t\t<\/div>\n\t\t\t\t\t<\/div>\n\t\t<\/div>\n\t\t\t\t\t<\/div>\n\t\t<\/section>\n\t\t\t\t<\/div>\n\t\t","protected":false},"excerpt":{"rendered":"<p>ENCARGOS DANA Plataforma de Contrataci\u00f3n del Sector P\u00fablico Perfil de Contratante Ayuntamiento de Alzira Planes anuales y memorias de contrataci\u00f3n<\/p>\n","protected":false},"author":12,"featured_media":0,"parent":60843,"menu_order":38,"comment_status":"closed","ping_status":"closed","template":"","meta":{"_acf_changed":false,"footnotes":""},"class_list":["post-34371","page","type-page","status-publish","hentry"],"acf":[],"_links":{"self":[{"href":"https:\/\/alzira.es\/es\/wp-json\/wp\/v2\/pages\/34371","targetHints":{"allow":["GET"]}}],"collection":[{"href":"https:\/\/alzira.es\/es\/wp-json\/wp\/v2\/pages"}],"about":[{"href":"https:\/\/alzira.es\/es\/wp-json\/wp\/v2\/types\/page"}],"author":[{"embeddable":true,"href":"https:\/\/alzira.es\/es\/wp-json\/wp\/v2\/users\/12"}],"replies":[{"embeddable":true,"href":"https:\/\/alzira.es\/es\/wp-json\/wp\/v2\/comments?post=34371"}],"version-history":[{"count":2,"href":"https:\/\/alzira.es\/es\/wp-json\/wp\/v2\/pages\/34371\/revisions"}],"predecessor-version":[{"id":169698,"href":"https:\/\/alzira.es\/es\/wp-json\/wp\/v2\/pages\/34371\/revisions\/169698"}],"up":[{"embeddable":true,"href":"https:\/\/alzira.es\/es\/wp-json\/wp\/v2\/pages\/60843"}],"wp:attachment":[{"href":"https:\/\/alzira.es\/es\/wp-json\/wp\/v2\/media?parent=34371"}],"curies":[{"name":"wp","href":"https:\/\/api.w.org\/{rel}","templated":true}]}}