{"id":34278,"date":"2018-10-01T12:56:52","date_gmt":"2018-10-01T10:56:52","guid":{"rendered":"https:\/\/alzira.es\/inicio-de-serval\/"},"modified":"2025-09-30T15:25:35","modified_gmt":"2025-09-30T13:25:35","slug":"serval","status":"publish","type":"page","link":"https:\/\/alzira.es\/es\/servicios-municipales\/serval\/","title":{"rendered":"SERVAL"},"content":{"rendered":"\t\t<div data-elementor-type=\"wp-page\" data-elementor-id=\"34278\" class=\"elementor elementor-34278\">\n\t\t\t\t\t\t<section class=\"elementor-section elementor-top-section elementor-element elementor-element-4f7d0e2a elementor-section-full_width iconosportadasec ajuntament elementor-section-height-default elementor-section-height-default\" data-id=\"4f7d0e2a\" data-element_type=\"section\">\n\t\t\t\t\t\t<div class=\"elementor-container elementor-column-gap-narrow\">\n\t\t\t\t\t<div class=\"elementor-column elementor-col-14 elementor-top-column elementor-element elementor-element-39dc5061\" data-id=\"39dc5061\" data-element_type=\"column\">\n\t\t\t<div class=\"elementor-widget-wrap elementor-element-populated\">\n\t\t\t\t\t\t<div class=\"elementor-element elementor-element-2eae96c8 elementor-widget elementor-widget-image\" data-id=\"2eae96c8\" data-element_type=\"widget\" data-widget_type=\"image.default\">\n\t\t\t\t<div class=\"elementor-widget-container\">\n\t\t\t\t\t\t\t\t\t\t\t\t\t\t\t\t<a href=\"https:\/\/alzira.es\/es\/servicios-municipales\/serval\/aprendizaje\/\">\n\t\t\t\t\t\t\t<img fetchpriority=\"high\" decoding=\"async\" width=\"3509\" height=\"2939\" src=\"https:\/\/alzira.es\/wp-content\/uploads\/2021\/11\/SERVAL_JQCV.png\" class=\"attachment-full size-full wp-image-105910\" alt=\"\" srcset=\"https:\/\/alzira.es\/wp-content\/uploads\/2021\/11\/SERVAL_JQCV.png 3509w, https:\/\/alzira.es\/wp-content\/uploads\/2021\/11\/SERVAL_JQCV-609x510.png 609w, https:\/\/alzira.es\/wp-content\/uploads\/2021\/11\/SERVAL_JQCV-1280x1072.png 1280w, https:\/\/alzira.es\/wp-content\/uploads\/2021\/11\/SERVAL_JQCV-768x643.png 768w, https:\/\/alzira.es\/wp-content\/uploads\/2021\/11\/SERVAL_JQCV-1536x1286.png 1536w, https:\/\/alzira.es\/wp-content\/uploads\/2021\/11\/SERVAL_JQCV-2048x1715.png 2048w\" sizes=\"100vw\" \/>\t\t\t\t\t\t\t\t<\/a>\n\t\t\t\t\t\t\t\t\t\t\t\t\t\t\t<\/div>\n\t\t\t\t<\/div>\n\t\t\t\t<div class=\"elementor-element elementor-element-3b4eec5e elementor-widget elementor-widget-heading\" data-id=\"3b4eec5e\" data-element_type=\"widget\" data-widget_type=\"heading.default\">\n\t\t\t\t<div class=\"elementor-widget-container\">\n\t\t\t\t\t<h5 class=\"elementor-heading-title elementor-size-default\"><a href=\"https:\/\/alzira.es\/es\/servicios-municipales\/serval\/aprendizaje\/\">JQCV<\/a><\/h5>\t\t\t\t<\/div>\n\t\t\t\t<\/div>\n\t\t\t\t\t<\/div>\n\t\t<\/div>\n\t\t\t\t<div class=\"elementor-column elementor-col-14 elementor-top-column elementor-element elementor-element-36bc42d8\" data-id=\"36bc42d8\" data-element_type=\"column\">\n\t\t\t<div class=\"elementor-widget-wrap elementor-element-populated\">\n\t\t\t\t\t\t<div class=\"elementor-element elementor-element-5d647608 elementor-widget elementor-widget-image\" data-id=\"5d647608\" data-element_type=\"widget\" data-widget_type=\"image.default\">\n\t\t\t\t<div class=\"elementor-widget-container\">\n\t\t\t\t\t\t\t\t\t\t\t\t\t\t\t\t<a href=\"https:\/\/alzira.es\/es\/servicios-municipales\/serval\/aprendizaje\/toponimia-de-alzira\/\">\n\t\t\t\t\t\t\t<img decoding=\"async\" width=\"3509\" height=\"2939\" data-src=\"https:\/\/alzira.es\/wp-content\/uploads\/2021\/11\/SERVAL_IVAJ.png\" class=\"attachment-full size-full wp-image-105908 lazyload\" alt=\"\" data-srcset=\"https:\/\/alzira.es\/wp-content\/uploads\/2021\/11\/SERVAL_IVAJ.png 3509w, https:\/\/alzira.es\/wp-content\/uploads\/2021\/11\/SERVAL_IVAJ-609x510.png 609w, https:\/\/alzira.es\/wp-content\/uploads\/2021\/11\/SERVAL_IVAJ-1280x1072.png 1280w, https:\/\/alzira.es\/wp-content\/uploads\/2021\/11\/SERVAL_IVAJ-768x643.png 768w, https:\/\/alzira.es\/wp-content\/uploads\/2021\/11\/SERVAL_IVAJ-1536x1286.png 1536w, https:\/\/alzira.es\/wp-content\/uploads\/2021\/11\/SERVAL_IVAJ-2048x1715.png 2048w\" data-sizes=\"100vw\" src=\"data:image\/svg+xml;base64,PHN2ZyB3aWR0aD0iMSIgaGVpZ2h0PSIxIiB4bWxucz0iaHR0cDovL3d3dy53My5vcmcvMjAwMC9zdmciPjwvc3ZnPg==\" style=\"--smush-placeholder-width: 3509px; --smush-placeholder-aspect-ratio: 3509\/2939;\" \/>\t\t\t\t\t\t\t\t<\/a>\n\t\t\t\t\t\t\t\t\t\t\t\t\t\t\t<\/div>\n\t\t\t\t<\/div>\n\t\t\t\t<div class=\"elementor-element elementor-element-11e0f909 elementor-widget elementor-widget-heading\" data-id=\"11e0f909\" data-element_type=\"widget\" data-widget_type=\"heading.default\">\n\t\t\t\t<div class=\"elementor-widget-container\">\n\t\t\t\t\t<h5 class=\"elementor-heading-title elementor-size-default\"><a href=\"https:\/\/alzira.es\/es\/servicios-municipales\/serval\/aprendizaje\/toponimia-de-alzira\/\">Toponimia de Alzira<\/a><\/h5>\t\t\t\t<\/div>\n\t\t\t\t<\/div>\n\t\t\t\t\t<\/div>\n\t\t<\/div>\n\t\t\t\t<div class=\"elementor-column elementor-col-14 elementor-top-column elementor-element elementor-element-2fb229b0\" data-id=\"2fb229b0\" data-element_type=\"column\">\n\t\t\t<div class=\"elementor-widget-wrap elementor-element-populated\">\n\t\t\t\t\t\t<div class=\"elementor-element elementor-element-e3f39e elementor-widget elementor-widget-image\" data-id=\"e3f39e\" data-element_type=\"widget\" data-widget_type=\"image.default\">\n\t\t\t\t<div class=\"elementor-widget-container\">\n\t\t\t\t\t\t\t\t\t\t\t\t\t\t\t\t<a href=\"https:\/\/salt.gva.es\/es\/corrector\" target=\"_blank\">\n\t\t\t\t\t\t\t<img decoding=\"async\" width=\"3509\" height=\"2938\" data-src=\"https:\/\/alzira.es\/wp-content\/uploads\/2021\/11\/SERVAL_SALT.png\" class=\"attachment-full size-full wp-image-105915 lazyload\" alt=\"\" data-srcset=\"https:\/\/alzira.es\/wp-content\/uploads\/2021\/11\/SERVAL_SALT.png 3509w, https:\/\/alzira.es\/wp-content\/uploads\/2021\/11\/SERVAL_SALT-609x510.png 609w, https:\/\/alzira.es\/wp-content\/uploads\/2021\/11\/SERVAL_SALT-1280x1072.png 1280w, https:\/\/alzira.es\/wp-content\/uploads\/2021\/11\/SERVAL_SALT-768x643.png 768w, https:\/\/alzira.es\/wp-content\/uploads\/2021\/11\/SERVAL_SALT-1536x1286.png 1536w, https:\/\/alzira.es\/wp-content\/uploads\/2021\/11\/SERVAL_SALT-2048x1715.png 2048w\" data-sizes=\"100vw\" src=\"data:image\/svg+xml;base64,PHN2ZyB3aWR0aD0iMSIgaGVpZ2h0PSIxIiB4bWxucz0iaHR0cDovL3d3dy53My5vcmcvMjAwMC9zdmciPjwvc3ZnPg==\" style=\"--smush-placeholder-width: 3509px; --smush-placeholder-aspect-ratio: 3509\/2938;\" \/>\t\t\t\t\t\t\t\t<\/a>\n\t\t\t\t\t\t\t\t\t\t\t\t\t\t\t<\/div>\n\t\t\t\t<\/div>\n\t\t\t\t<div class=\"elementor-element elementor-element-38999ca7 elementor-widget elementor-widget-heading\" data-id=\"38999ca7\" data-element_type=\"widget\" data-widget_type=\"heading.default\">\n\t\t\t\t<div class=\"elementor-widget-container\">\n\t\t\t\t\t<h5 class=\"elementor-heading-title elementor-size-default\"><a href=\"https:\/\/salt.gva.es\/es\/corrector\" target=\"_blank\">SALT<\/a><\/h5>\t\t\t\t<\/div>\n\t\t\t\t<\/div>\n\t\t\t\t\t<\/div>\n\t\t<\/div>\n\t\t\t\t<div class=\"elementor-column elementor-col-14 elementor-top-column elementor-element elementor-element-e862579\" data-id=\"e862579\" data-element_type=\"column\">\n\t\t\t<div class=\"elementor-widget-wrap elementor-element-populated\">\n\t\t\t\t\t\t<div class=\"elementor-element elementor-element-c9b356d elementor-widget elementor-widget-image\" data-id=\"c9b356d\" data-element_type=\"widget\" data-widget_type=\"image.default\">\n\t\t\t\t<div class=\"elementor-widget-container\">\n\t\t\t\t\t\t\t\t\t\t\t\t\t\t\t\t<a href=\"https:\/\/alzira.es\/es\/servicios-municipales\/serval\/campanas\/\">\n\t\t\t\t\t\t\t<img decoding=\"async\" width=\"221\" height=\"217\" data-src=\"https:\/\/alzira.es\/wp-content\/uploads\/2022\/09\/PROMOCIO.png\" class=\"attachment-full size-full wp-image-127476 lazyload\" alt=\"\" data-sizes=\"100vw\" src=\"data:image\/svg+xml;base64,PHN2ZyB3aWR0aD0iMSIgaGVpZ2h0PSIxIiB4bWxucz0iaHR0cDovL3d3dy53My5vcmcvMjAwMC9zdmciPjwvc3ZnPg==\" style=\"--smush-placeholder-width: 221px; --smush-placeholder-aspect-ratio: 221\/217;\" \/>\t\t\t\t\t\t\t\t<\/a>\n\t\t\t\t\t\t\t\t\t\t\t\t\t\t\t<\/div>\n\t\t\t\t<\/div>\n\t\t\t\t<div class=\"elementor-element elementor-element-d280e1e elementor-widget elementor-widget-heading\" data-id=\"d280e1e\" data-element_type=\"widget\" data-widget_type=\"heading.default\">\n\t\t\t\t<div class=\"elementor-widget-container\">\n\t\t\t\t\t<h5 class=\"elementor-heading-title elementor-size-default\"><a href=\"https:\/\/alzira.es\/es\/servicios-municipales\/serval\/campanas\/\">Promoci\u00f3n<\/a><\/h5>\t\t\t\t<\/div>\n\t\t\t\t<\/div>\n\t\t\t\t\t<\/div>\n\t\t<\/div>\n\t\t\t\t<div class=\"elementor-column elementor-col-14 elementor-top-column elementor-element elementor-element-7c7f6de6\" data-id=\"7c7f6de6\" data-element_type=\"column\">\n\t\t\t<div class=\"elementor-widget-wrap elementor-element-populated\">\n\t\t\t\t\t\t<div class=\"elementor-element elementor-element-12426ad6 elementor-widget elementor-widget-image\" data-id=\"12426ad6\" data-element_type=\"widget\" data-widget_type=\"image.default\">\n\t\t\t\t<div class=\"elementor-widget-container\">\n\t\t\t\t\t\t\t\t\t\t\t\t\t\t\t\t<a href=\"http:\/\/www.voluntariatpelvalencia.org\/\" target=\"_blank\">\n\t\t\t\t\t\t\t<img decoding=\"async\" width=\"3509\" height=\"2939\" data-src=\"https:\/\/alzira.es\/wp-content\/uploads\/2021\/11\/SERVAL_VOLUNTARIAT.png\" class=\"attachment-full size-full wp-image-105917 lazyload\" alt=\"\" data-srcset=\"https:\/\/alzira.es\/wp-content\/uploads\/2021\/11\/SERVAL_VOLUNTARIAT.png 3509w, https:\/\/alzira.es\/wp-content\/uploads\/2021\/11\/SERVAL_VOLUNTARIAT-609x510.png 609w, https:\/\/alzira.es\/wp-content\/uploads\/2021\/11\/SERVAL_VOLUNTARIAT-1280x1072.png 1280w, https:\/\/alzira.es\/wp-content\/uploads\/2021\/11\/SERVAL_VOLUNTARIAT-768x643.png 768w, https:\/\/alzira.es\/wp-content\/uploads\/2021\/11\/SERVAL_VOLUNTARIAT-1536x1286.png 1536w, https:\/\/alzira.es\/wp-content\/uploads\/2021\/11\/SERVAL_VOLUNTARIAT-2048x1715.png 2048w\" data-sizes=\"100vw\" src=\"data:image\/svg+xml;base64,PHN2ZyB3aWR0aD0iMSIgaGVpZ2h0PSIxIiB4bWxucz0iaHR0cDovL3d3dy53My5vcmcvMjAwMC9zdmciPjwvc3ZnPg==\" style=\"--smush-placeholder-width: 3509px; --smush-placeholder-aspect-ratio: 3509\/2939;\" \/>\t\t\t\t\t\t\t\t<\/a>\n\t\t\t\t\t\t\t\t\t\t\t\t\t\t\t<\/div>\n\t\t\t\t<\/div>\n\t\t\t\t<div class=\"elementor-element elementor-element-78612951 elementor-widget elementor-widget-heading\" data-id=\"78612951\" data-element_type=\"widget\" data-widget_type=\"heading.default\">\n\t\t\t\t<div class=\"elementor-widget-container\">\n\t\t\t\t\t<h5 class=\"elementor-heading-title elementor-size-default\"><a href=\"http:\/\/www.voluntariatpelvalencia.org\/\" target=\"_blank\">Voluntariado por el Valenciano<\/a><\/h5>\t\t\t\t<\/div>\n\t\t\t\t<\/div>\n\t\t\t\t\t<\/div>\n\t\t<\/div>\n\t\t\t\t<div class=\"elementor-column elementor-col-14 elementor-top-column elementor-element elementor-element-733578e0\" data-id=\"733578e0\" data-element_type=\"column\">\n\t\t\t<div class=\"elementor-widget-wrap elementor-element-populated\">\n\t\t\t\t\t\t<div class=\"elementor-element elementor-element-7cca7907 elementor-widget elementor-widget-image\" data-id=\"7cca7907\" data-element_type=\"widget\" data-widget_type=\"image.default\">\n\t\t\t\t<div class=\"elementor-widget-container\">\n\t\t\t\t\t\t\t\t\t\t\t\t\t\t\t\t<a href=\"https:\/\/alzira.es\/es\/servicios-municipales\/serval\/aprendizaje\/diccionarios-gramaticas-y-criterios-linguisticos\/\">\n\t\t\t\t\t\t\t<img decoding=\"async\" width=\"3509\" height=\"2939\" data-src=\"https:\/\/alzira.es\/wp-content\/uploads\/2021\/11\/SERVAL_DICCIONARIS.png\" class=\"attachment-full size-full wp-image-105906 lazyload\" alt=\"\" data-srcset=\"https:\/\/alzira.es\/wp-content\/uploads\/2021\/11\/SERVAL_DICCIONARIS.png 3509w, https:\/\/alzira.es\/wp-content\/uploads\/2021\/11\/SERVAL_DICCIONARIS-609x510.png 609w, https:\/\/alzira.es\/wp-content\/uploads\/2021\/11\/SERVAL_DICCIONARIS-1280x1072.png 1280w, https:\/\/alzira.es\/wp-content\/uploads\/2021\/11\/SERVAL_DICCIONARIS-768x643.png 768w, https:\/\/alzira.es\/wp-content\/uploads\/2021\/11\/SERVAL_DICCIONARIS-1536x1286.png 1536w, https:\/\/alzira.es\/wp-content\/uploads\/2021\/11\/SERVAL_DICCIONARIS-2048x1715.png 2048w\" data-sizes=\"100vw\" src=\"data:image\/svg+xml;base64,PHN2ZyB3aWR0aD0iMSIgaGVpZ2h0PSIxIiB4bWxucz0iaHR0cDovL3d3dy53My5vcmcvMjAwMC9zdmciPjwvc3ZnPg==\" style=\"--smush-placeholder-width: 3509px; --smush-placeholder-aspect-ratio: 3509\/2939;\" \/>\t\t\t\t\t\t\t\t<\/a>\n\t\t\t\t\t\t\t\t\t\t\t\t\t\t\t<\/div>\n\t\t\t\t<\/div>\n\t\t\t\t<div class=\"elementor-element elementor-element-4236f3f7 elementor-widget elementor-widget-heading\" data-id=\"4236f3f7\" data-element_type=\"widget\" data-widget_type=\"heading.default\">\n\t\t\t\t<div class=\"elementor-widget-container\">\n\t\t\t\t\t<h5 class=\"elementor-heading-title elementor-size-default\"><a href=\"https:\/\/alzira.es\/es\/servicios-municipales\/serval\/aprendizaje\/diccionarios-gramaticas-y-criterios-linguisticos\/\">Diccionarios, gram\u00e1ticas y criterios ling\u00fc\u00edsticos<\/a><\/h5>\t\t\t\t<\/div>\n\t\t\t\t<\/div>\n\t\t\t\t\t<\/div>\n\t\t<\/div>\n\t\t\t\t<div class=\"elementor-column elementor-col-14 elementor-top-column elementor-element elementor-element-3bb8649a\" data-id=\"3bb8649a\" data-element_type=\"column\">\n\t\t\t<div class=\"elementor-widget-wrap elementor-element-populated\">\n\t\t\t\t\t\t<div class=\"elementor-element elementor-element-32cb65e2 elementor-widget elementor-widget-image\" data-id=\"32cb65e2\" data-element_type=\"widget\" data-widget_type=\"image.default\">\n\t\t\t\t<div class=\"elementor-widget-container\">\n\t\t\t\t\t\t\t\t\t\t\t\t\t\t\t\t<a href=\"https:\/\/alzira.es\/es\/servicios-municipales\/serval\/contacto-de-serval\/\">\n\t\t\t\t\t\t\t<img decoding=\"async\" width=\"3509\" height=\"2939\" data-src=\"https:\/\/alzira.es\/wp-content\/uploads\/2021\/11\/SERVAL_CONTACTE.png\" class=\"attachment-full size-full wp-image-105904 lazyload\" alt=\"\" data-srcset=\"https:\/\/alzira.es\/wp-content\/uploads\/2021\/11\/SERVAL_CONTACTE.png 3509w, https:\/\/alzira.es\/wp-content\/uploads\/2021\/11\/SERVAL_CONTACTE-609x510.png 609w, https:\/\/alzira.es\/wp-content\/uploads\/2021\/11\/SERVAL_CONTACTE-1280x1072.png 1280w, https:\/\/alzira.es\/wp-content\/uploads\/2021\/11\/SERVAL_CONTACTE-768x643.png 768w, https:\/\/alzira.es\/wp-content\/uploads\/2021\/11\/SERVAL_CONTACTE-1536x1286.png 1536w, https:\/\/alzira.es\/wp-content\/uploads\/2021\/11\/SERVAL_CONTACTE-2048x1715.png 2048w\" data-sizes=\"100vw\" src=\"data:image\/svg+xml;base64,PHN2ZyB3aWR0aD0iMSIgaGVpZ2h0PSIxIiB4bWxucz0iaHR0cDovL3d3dy53My5vcmcvMjAwMC9zdmciPjwvc3ZnPg==\" style=\"--smush-placeholder-width: 3509px; --smush-placeholder-aspect-ratio: 3509\/2939;\" \/>\t\t\t\t\t\t\t\t<\/a>\n\t\t\t\t\t\t\t\t\t\t\t\t\t\t\t<\/div>\n\t\t\t\t<\/div>\n\t\t\t\t<div class=\"elementor-element elementor-element-494807af elementor-widget elementor-widget-heading\" data-id=\"494807af\" data-element_type=\"widget\" data-widget_type=\"heading.default\">\n\t\t\t\t<div class=\"elementor-widget-container\">\n\t\t\t\t\t<h5 class=\"elementor-heading-title elementor-size-default\"><a href=\"https:\/\/alzira.es\/es\/servicios-municipales\/serval\/contacto-de-serval\/\">Contacto<\/a><\/h5>\t\t\t\t<\/div>\n\t\t\t\t<\/div>\n\t\t\t\t\t<\/div>\n\t\t<\/div>\n\t\t\t\t\t<\/div>\n\t\t<\/section>\n\t\t\t\t<section class=\"elementor-section elementor-top-section elementor-element elementor-element-f34bc1d elementor-section-boxed elementor-section-height-default elementor-section-height-default\" data-id=\"f34bc1d\" data-element_type=\"section\">\n\t\t\t\t\t\t<div class=\"elementor-container elementor-column-gap-default\">\n\t\t\t\t\t<div class=\"elementor-column elementor-col-50 elementor-top-column elementor-element elementor-element-2da2c9a\" data-id=\"2da2c9a\" data-element_type=\"column\">\n\t\t\t<div class=\"elementor-widget-wrap elementor-element-populated\">\n\t\t\t\t\t\t<div class=\"elementor-element elementor-element-f15a0a5 elementor-widget elementor-widget-image\" data-id=\"f15a0a5\" data-element_type=\"widget\" data-widget_type=\"image.default\">\n\t\t\t\t<div class=\"elementor-widget-container\">\n\t\t\t\t\t\t\t\t\t\t\t\t\t\t\t<img decoding=\"async\" width=\"266\" height=\"210\" data-src=\"https:\/\/alzira.es\/wp-content\/uploads\/2018\/10\/logo_serval-05-05.jpg\" class=\"attachment-medium size-medium wp-image-34253 lazyload\" alt=\"SERVAL\" data-sizes=\"100vw\" src=\"data:image\/svg+xml;base64,PHN2ZyB3aWR0aD0iMSIgaGVpZ2h0PSIxIiB4bWxucz0iaHR0cDovL3d3dy53My5vcmcvMjAwMC9zdmciPjwvc3ZnPg==\" style=\"--smush-placeholder-width: 266px; --smush-placeholder-aspect-ratio: 266\/210;\" \/>\t\t\t\t\t\t\t\t\t\t\t\t\t\t\t<\/div>\n\t\t\t\t<\/div>\n\t\t\t\t\t<\/div>\n\t\t<\/div>\n\t\t\t\t<div class=\"elementor-column elementor-col-50 elementor-top-column elementor-element elementor-element-172ced9\" data-id=\"172ced9\" data-element_type=\"column\">\n\t\t\t<div class=\"elementor-widget-wrap elementor-element-populated\">\n\t\t\t\t\t\t<div class=\"elementor-element elementor-element-3626d9a elementor-widget elementor-widget-text-editor\" data-id=\"3626d9a\" data-element_type=\"widget\" data-widget_type=\"text-editor.default\">\n\t\t\t\t<div class=\"elementor-widget-container\">\n\t\t\t\t\t\t\t\t\tLa Oficina de Promoci\u00f3n del Valenciano del Ayuntamiento de Alzira (SERVAL) es el servicio del Ayuntamiento encargado de promover el uso del valenciano en todo el \u00e1mbito municipal, en cumplimiento de la legalidad vigente en materia ling\u00fc\u00edstica. Tiene las funciones siguientes:\n\n<span style=\"background-color: inherit; font-size: 1rem;\">&#8211; Informaci\u00f3n y tramitaci\u00f3n de las ayudas o subvenciones que convoque la Generalitat o cualquier otra administraci\u00f3n p\u00fablica destinadas al fomento del uso del valenciano en asociaciones, industrias, comercios, profesionales, fallas&#8230; (rotulaci\u00f3n, denominaci\u00f3n y etiquetaje de productos, documentaci\u00f3n administrativa, t\u00e9cnica e inform\u00e1tica, etc.)<\/span>\n\n<span style=\"background-color: inherit; font-size: 1rem;\">&#8211; Asesoramiento de cualquier duda ling\u00fc\u00edstica y en la revisi\u00f3n, correcci\u00f3n, traducci\u00f3n y redacci\u00f3n de textos en rotulaciones, anuncios, impresos de cualquier clase, carteles, etc. Asesoramiento e informaci\u00f3n sobre derechos ling\u00fc\u00edsticos y valoraci\u00f3n del valenciano en la administraci\u00f3n p\u00fablica.<\/span>\n\n<span style=\"background-color: inherit; font-size: 1rem;\">&#8211; Valencianizaci\u00f3n de nombres y apellidos.<\/span>\n\n<span style=\"background-color: inherit; font-size: 1rem;\">&#8211; Informaci\u00f3n sobre las pruebas de la Junta Quantificadora de Coneixements de Valenci\u00e0: convocatorias -junio y octubre \/ noviembre-, solicitudes, matr\u00edcula, fechas de examen, temario y contenidos de la prueba.<\/span>\n\n<span style=\"background-color: inherit; font-size: 1rem;\">&#8211; Planes de actividades y campa\u00f1as encaminadas a la progresiva normalizaci\u00f3n del valenciano.<\/span>\n\n<span style=\"background-color: inherit; font-size: 1rem;\">&#8211; Informaci\u00f3n sobre cursos de valenciano que se imparten en Alzira.<\/span>\n\n<span style=\"background-color: inherit; font-size: 1rem;\">\u00a0&#8211; Material bibliogr\u00e1fico y did\u00e1ctico.<\/span>\n\n<strong><span style=\"text-decoration: underline;\">Pincha para verla:<\/span><\/strong>\n<ul>\n \t<li style=\"list-style-type: none;\">\n<ul>\n \t<li><a href=\"https:\/\/alzira.es\/wp-content\/uploads\/2025\/09\/Memoria-del-Serval-2024.pdf\" target=\"_blank\" rel=\"noopener\">mem\u00f2ria del Serval 2024<\/a><\/li>\n \t<li><a href=\"https:\/\/alzira.es\/wp-content\/uploads\/2024\/04\/Memoria-del-Serval-2023.pdf\" target=\"_blank\" rel=\"noopener\">mem\u00f2ria del Serval 2023<\/a><\/li>\n \t<li><a href=\"https:\/\/alzira.es\/wp-content\/uploads\/2022\/12\/Memoria-del-Serval-2022.pdf\" target=\"_blank\" rel=\"noopener\">mem\u00f2ria del Serval 2022<\/a><\/li>\n \t<li><a href=\"https:\/\/alzira.es\/wp-content\/uploads\/2022\/12\/Memoria-del-Serval-2021.pdf\" target=\"_blank\" rel=\"noopener\">mem\u00f2ria del Serval 2021<\/a><\/li>\n \t<li><a href=\"https:\/\/alzira.es\/wp-content\/uploads\/2018\/10\/Memoria_2020.pdf\" target=\"_blank\" rel=\"noopener\">mem\u00f2ria del Serval 2020<\/a><\/li>\n \t<li><span style=\"background-color: inherit; font-size: 1rem;\">m<\/span><a style=\"font-size: 1rem;\" href=\"https:\/\/alzira.es\/wp-content\/uploads\/2018\/10\/MEMORIA-2019.-BONA.pdf\" target=\"_blank\" rel=\"noopener\">em\u00f2ria del Serval 2019<\/a><\/li>\n \t<li><a href=\"https:\/\/alzira.es\/wp-content\/uploads\/2018\/10\/MEMORIA-2018-PER-AL-WEB.pdf\" target=\"_blank\" rel=\"noopener\">mem\u00f2ria del Serval 2018<\/a><\/li>\n<\/ul>\t\t\t\t\t\t\t\t<\/div>\n\t\t\t\t<\/div>\n\t\t\t\t\t<\/div>\n\t\t<\/div>\n\t\t\t\t\t<\/div>\n\t\t<\/section>\n\t\t\t\t<\/div>\n\t\t","protected":false},"excerpt":{"rendered":"<p>JQCV Toponimia de Alzira SALT Promoci\u00f3n Voluntariado por el Valenciano Diccionarios, gram\u00e1ticas y criterios ling\u00fc\u00edsticos Contacto La Oficina de Promoci\u00f3n del Valenciano del Ayuntamiento de Alzira (SERVAL) es el servicio del Ayuntamiento encargado de promover el uso del valenciano en todo el \u00e1mbito municipal, en cumplimiento de la legalidad vigente en materia ling\u00fc\u00edstica. Tiene las &hellip; <\/p>\n<p class=\"link-more\"><a href=\"https:\/\/alzira.es\/es\/servicios-municipales\/serval\/\" class=\"more-link\">Continuar leyendo<span class=\"screen-reader-text\"> \u00abSERVAL\u00bb<\/span><\/a><\/p>\n","protected":false},"author":31,"featured_media":0,"parent":60847,"menu_order":12,"comment_status":"closed","ping_status":"closed","template":"","meta":{"_acf_changed":false,"footnotes":""},"class_list":["post-34278","page","type-page","status-publish","hentry"],"acf":[],"_links":{"self":[{"href":"https:\/\/alzira.es\/es\/wp-json\/wp\/v2\/pages\/34278","targetHints":{"allow":["GET"]}}],"collection":[{"href":"https:\/\/alzira.es\/es\/wp-json\/wp\/v2\/pages"}],"about":[{"href":"https:\/\/alzira.es\/es\/wp-json\/wp\/v2\/types\/page"}],"author":[{"embeddable":true,"href":"https:\/\/alzira.es\/es\/wp-json\/wp\/v2\/users\/31"}],"replies":[{"embeddable":true,"href":"https:\/\/alzira.es\/es\/wp-json\/wp\/v2\/comments?post=34278"}],"version-history":[{"count":2,"href":"https:\/\/alzira.es\/es\/wp-json\/wp\/v2\/pages\/34278\/revisions"}],"predecessor-version":[{"id":164361,"href":"https:\/\/alzira.es\/es\/wp-json\/wp\/v2\/pages\/34278\/revisions\/164361"}],"up":[{"embeddable":true,"href":"https:\/\/alzira.es\/es\/wp-json\/wp\/v2\/pages\/60847"}],"wp:attachment":[{"href":"https:\/\/alzira.es\/es\/wp-json\/wp\/v2\/media?parent=34278"}],"curies":[{"name":"wp","href":"https:\/\/api.w.org\/{rel}","templated":true}]}}