{"id":34247,"date":"2018-10-01T10:55:51","date_gmt":"2018-10-01T08:55:51","guid":{"rendered":"https:\/\/alzira.es\/derechos-lingueisticos-y-legislacion\/"},"modified":"2021-08-31T16:45:56","modified_gmt":"2021-08-31T14:45:56","slug":"derechos-linguisticos-y-legislacion","status":"publish","type":"page","link":"https:\/\/alzira.es\/es\/servicios-municipales\/serval\/tramites\/derechos-linguisticos-y-legislacion\/","title":{"rendered":"Derechos ling\u00fc\u00edsticos y legislaci\u00f3n"},"content":{"rendered":"\n<div class=\"wp-block-image\"><figure class=\"alignleft\"><img fetchpriority=\"high\" decoding=\"async\" width=\"266\" height=\"588\" src=\"https:\/\/alzira.es\/wp-content\/uploads\/2018\/10\/logo_serval-05-05_x28.jpg\" alt=\"logo serval-05-05 x28\" class=\"wp-image-34231\" srcset=\"https:\/\/alzira.es\/wp-content\/uploads\/2018\/10\/logo_serval-05-05_x28.jpg 266w, https:\/\/alzira.es\/wp-content\/uploads\/2018\/10\/logo_serval-05-05_x28-231x510.jpg 231w\" sizes=\"(max-width: 266px) 100vw, 266px\" \/><\/figure><\/div>\n\n\n\n<p><span style=\"text-decoration: underline;\"><strong><\/strong><\/span><\/p>\n\n\n\n<p>\u00a0<span style=\"text-decoration: underline;\"><strong>EL VALENCIANO. LENGUA PROPIA Y OFICIAL<\/strong><\/span><\/p>\n\n\n\n<p>De acuerdo con la Constituci\u00f3n espa\u00f1ola de 1978 y el Estatuto de Autonom\u00eda, <strong>el valenciano es lengua oficial<\/strong>. Por tanto, podemos usarlo siempre, en cualquier situaci\u00f3n y delante de cualquier persona, entidad o instituci\u00f3n.<\/p>\n\n\n\n<p>El valenciano, adem\u00e1s de oficial, <strong>es la lengua propia de los valencianos<\/strong>. Seg\u00fan el mismo Estatuto de Autonom\u00eda y la Ley 4\/1983, de 23 de noviembre, de Uso y Ense\u00f1anza del Valenciano, podemos pedir que sea la lengua normal de la administraci\u00f3n, es decor, aquella en que se han de desarrollar todas sus actividades.&nbsp;<\/p>\n\n\n\n<p>En los enlaces siguientes podeis encontrar la legislaci\u00f3n m\u00e1s relevante que trata de una manera o de otra, el uso del valenciano o de los derechos ling\u00fc\u00edsticos en la Administraci\u00f3n, ense\u00f1anza, la ciudadan\u00eda&#8230;<\/p>\n\n\n\n<p><strong><a href=\"https:\/\/alzira.es\/wp-content\/uploads\/2018\/09\/Reglament-dUs-i-Normalitzacio-del-Valencia-Alzira.pdf\" target=\"_blank\" rel=\"noopener\"><img decoding=\"async\" width=\"18\" height=\"15\" class=\"size-full wp-image-34234 lazyload\" title=\"documento PDF\" data-src=\"https:\/\/alzira.es\/wp-content\/uploads\/2018\/10\/pdf_rojo.gif\" alt=\"pdf rojo\" src=\"data:image\/svg+xml;base64,PHN2ZyB3aWR0aD0iMSIgaGVpZ2h0PSIxIiB4bWxucz0iaHR0cDovL3d3dy53My5vcmcvMjAwMC9zdmciPjwvc3ZnPg==\" style=\"--smush-placeholder-width: 18px; --smush-placeholder-aspect-ratio: 18\/15;\">&nbsp;El Reglamento Municipal<\/a>&nbsp; <a href=\"https:\/\/alzira.es\/wp-content\/uploads\/2018\/09\/Reglament-dUs-i-Normalitzacio-del-Valencia-Alzira.pdf\" target=\"_blank\" rel=\"noopener\">sobre el Uso y la<\/a>&nbsp;<a href=\"https:\/\/alzira.es\/wp-content\/uploads\/2018\/09\/Reglament-dUs-i-Normalitzacio-del-Valencia-Alzira.pdf\" target=\"_blank\" rel=\"noopener\">normalizaci\u00f3n del Valenciano<\/a>&nbsp; <a href=\"https:\/\/alzira.es\/wp-content\/uploads\/2018\/09\/Reglament-dUs-i-Normalitzacio-del-Valencia-Alzira.pdf\" target=\"_blank\" rel=\"noopener\">en el Municipio de Alzira<\/a><\/strong><\/p>\n\n\n\n<p><a href=\"https:\/\/alzira.es\/wp-content\/uploads\/2018\/10\/luev-avl.pdf\" target=\"_blank\" rel=\"noopener\"><strong><img decoding=\"async\" width=\"18\" height=\"15\" class=\"size-full wp-image-34234 lazyload\" title=\"documento PDF\" data-src=\"https:\/\/alzira.es\/wp-content\/uploads\/2018\/10\/pdf_rojo.gif\" alt=\"pdf rojo\" src=\"data:image\/svg+xml;base64,PHN2ZyB3aWR0aD0iMSIgaGVpZ2h0PSIxIiB4bWxucz0iaHR0cDovL3d3dy53My5vcmcvMjAwMC9zdmciPjwvc3ZnPg==\" style=\"--smush-placeholder-width: 18px; --smush-placeholder-aspect-ratio: 18\/15;\">&nbsp;La Ley de Uso y Ense\u00f1anza del Valenciano<\/strong><\/a><\/p>\n\n\n\n<p><a href=\"https:\/\/alzira.es\/wp-content\/uploads\/2018\/10\/2_estatutoValencia_val.pdf\" target=\"_blank\" rel=\"noopener\"><strong><img decoding=\"async\" width=\"18\" height=\"15\" class=\"size-full wp-image-34234 lazyload\" title=\"documento PDF\" data-src=\"https:\/\/alzira.es\/wp-content\/uploads\/2018\/10\/pdf_rojo.gif\" alt=\"pdf rojo\" src=\"data:image\/svg+xml;base64,PHN2ZyB3aWR0aD0iMSIgaGVpZ2h0PSIxIiB4bWxucz0iaHR0cDovL3d3dy53My5vcmcvMjAwMC9zdmciPjwvc3ZnPg==\" style=\"--smush-placeholder-width: 18px; --smush-placeholder-aspect-ratio: 18\/15;\">&nbsp;El Estatuto de Autonom\u00eda de la Comunidad Valenciana (2006)<\/strong><\/a><\/p>\n\n\n\n<p><a href=\"https:\/\/alzira.es\/wp-content\/uploads\/2018\/10\/3_constitucio-espanyola-1978.pdf\" target=\"_blank\" rel=\"noopener\"><strong><img decoding=\"async\" width=\"18\" height=\"15\" class=\"size-full wp-image-34234 lazyload\" title=\"documento PDF\" data-src=\"https:\/\/alzira.es\/wp-content\/uploads\/2018\/10\/pdf_rojo.gif\" alt=\"pdf rojo\" src=\"data:image\/svg+xml;base64,PHN2ZyB3aWR0aD0iMSIgaGVpZ2h0PSIxIiB4bWxucz0iaHR0cDovL3d3dy53My5vcmcvMjAwMC9zdmciPjwvc3ZnPg==\" style=\"--smush-placeholder-width: 18px; --smush-placeholder-aspect-ratio: 18\/15;\">&nbsp;La Constituci\u00f3n Espa\u00f1ola (art\u00edculo 3)<\/strong><\/a><\/p>\n\n\n\n<p><a href=\"https:\/\/alzira.es\/wp-content\/uploads\/2018\/10\/4_declaraciouniversaldretslinguistics.pdf\" target=\"_blank\" rel=\"noopener\"><strong><img decoding=\"async\" width=\"18\" height=\"15\" class=\"size-full wp-image-34234 lazyload\" title=\"documento PDF\" data-src=\"https:\/\/alzira.es\/wp-content\/uploads\/2018\/10\/pdf_rojo.gif\" alt=\"pdf rojo\" src=\"data:image\/svg+xml;base64,PHN2ZyB3aWR0aD0iMSIgaGVpZ2h0PSIxIiB4bWxucz0iaHR0cDovL3d3dy53My5vcmcvMjAwMC9zdmciPjwvc3ZnPg==\" style=\"--smush-placeholder-width: 18px; --smush-placeholder-aspect-ratio: 18\/15;\">&nbsp;La Declaraci\u00f3n Universal de Derechos Ling\u00fc\u00edsticos<\/strong><\/a><\/p>\n","protected":false},"excerpt":{"rendered":"<p>\u00a0EL VALENCIANO. LENGUA PROPIA Y OFICIAL De acuerdo con la Constituci\u00f3n espa\u00f1ola de 1978 y el Estatuto de Autonom\u00eda, el valenciano es lengua oficial. Por tanto, podemos usarlo siempre, en cualquier situaci\u00f3n y delante de cualquier persona, entidad o instituci\u00f3n. El valenciano, adem\u00e1s de oficial, es la lengua propia de los valencianos. Seg\u00fan el mismo &hellip; <\/p>\n<p class=\"link-more\"><a href=\"https:\/\/alzira.es\/es\/servicios-municipales\/serval\/tramites\/derechos-linguisticos-y-legislacion\/\" class=\"more-link\">Continuar leyendo<span class=\"screen-reader-text\"> \u00abDerechos ling\u00fc\u00edsticos y legislaci\u00f3n\u00bb<\/span><\/a><\/p>\n","protected":false},"author":12,"featured_media":0,"parent":36523,"menu_order":14,"comment_status":"closed","ping_status":"closed","template":"","meta":{"_acf_changed":false,"footnotes":""},"class_list":["post-34247","page","type-page","status-publish","hentry"],"acf":[],"_links":{"self":[{"href":"https:\/\/alzira.es\/es\/wp-json\/wp\/v2\/pages\/34247","targetHints":{"allow":["GET"]}}],"collection":[{"href":"https:\/\/alzira.es\/es\/wp-json\/wp\/v2\/pages"}],"about":[{"href":"https:\/\/alzira.es\/es\/wp-json\/wp\/v2\/types\/page"}],"author":[{"embeddable":true,"href":"https:\/\/alzira.es\/es\/wp-json\/wp\/v2\/users\/12"}],"replies":[{"embeddable":true,"href":"https:\/\/alzira.es\/es\/wp-json\/wp\/v2\/comments?post=34247"}],"version-history":[{"count":1,"href":"https:\/\/alzira.es\/es\/wp-json\/wp\/v2\/pages\/34247\/revisions"}],"predecessor-version":[{"id":87365,"href":"https:\/\/alzira.es\/es\/wp-json\/wp\/v2\/pages\/34247\/revisions\/87365"}],"up":[{"embeddable":true,"href":"https:\/\/alzira.es\/es\/wp-json\/wp\/v2\/pages\/36523"}],"wp:attachment":[{"href":"https:\/\/alzira.es\/es\/wp-json\/wp\/v2\/media?parent=34247"}],"curies":[{"name":"wp","href":"https:\/\/api.w.org\/{rel}","templated":true}]}}