{"id":34207,"date":"2018-09-28T09:59:04","date_gmt":"2018-09-28T07:59:04","guid":{"rendered":"https:\/\/alzira.es\/campanas-realizadas\/"},"modified":"2021-08-31T12:58:28","modified_gmt":"2021-08-31T10:58:28","slug":"campanas-realizadas","status":"publish","type":"page","link":"https:\/\/alzira.es\/es\/servicios-municipales\/policia-local\/campanas-realizadas\/","title":{"rendered":"Campa\u00f1as Realizadas"},"content":{"rendered":"<p style=\"text-align: justify;\">Aqu\u00ed encontrar\u00e1s informaci\u00f3n detallada de los controles de seguridad vial realizados por la Polic\u00eda Local dentro de las campa\u00f1as preventivas impulsadas por la Direcci\u00f3n General de Tr\u00e1fico.<\/p>\n<p style=\"text-align: justify;\">La Polic\u00eda Local desarrolla un papel fundamental en la mejora de la seguridad vial dentro de las poblaciones. Entre otras, tiene asignadas las funciones de control y denuncia de las infracciones de tr\u00e1fico, circulaci\u00f3n de veh\u00edculos a motor y seguridad vial.<\/p>\n<p style=\"text-align: justify;\">La seguridad vial es una cuesti\u00f3n social de primer orden que aborda tanto a organizaciones internacionales, nacionales e incluso las administraciones locales dentro de sus competencias de ordenaci\u00f3n, direcci\u00f3n y se\u00f1alizaci\u00f3n del tr\u00e1fico en el casco urbano.<\/p>\n<p style=\"text-align: justify;\">No obstante, ha quedado demostrado que unir sinergias entre las distintas administraciones supone un efecto multiplicador de los resultados. Con esta finalidad la Polic\u00eda Local de Alzira se adhiere a las campa\u00f1as propuestas por la Direcci\u00f3n General de Tr\u00e1fico dentro de la pol\u00edtica de <strong>Visi\u00f3n 0<\/strong>, entendida como la consecuci\u00f3n de un sistema que reduce la posibilidad de accidentes y, en todo caso, sus lesiones.<\/p>\n<p>A continuaci\u00f3n puedes ver informaci\u00f3n relevante sobre todas las campa\u00f1as llevadas a cabo por la Policia Local de Alzira:<\/p>\n<p><strong><a href=\"https:\/\/alzira.es\/es\/servicios-municipales\/policia-local\/campanas-realizadas\/campanas-dgt\/\" target=\"_self\" rel=\"noopener\">&#8211; Los controles de alcoholemia<\/a><\/strong><\/p>\n<p><a href=\"https:\/\/alzira.es\/es\/servicios-municipales\/policia-local\/campanas-realizadas\/campana-de-distracciones-al-volante\/\" target=\"_self\" rel=\"noopener\"><strong>&#8211; Distracciones al volante<\/strong><\/a><\/p>\n\n\n<p><\/p>\n","protected":false},"excerpt":{"rendered":"<p>Aqu\u00ed encontrar\u00e1s informaci\u00f3n detallada de los controles de seguridad vial realizados por la Polic\u00eda Local dentro de las campa\u00f1as preventivas impulsadas por la Direcci\u00f3n General de Tr\u00e1fico. La Polic\u00eda Local desarrolla un papel fundamental en la mejora de la seguridad vial dentro de las poblaciones. Entre otras, tiene asignadas las funciones de control y denuncia &hellip; <\/p>\n<p class=\"link-more\"><a href=\"https:\/\/alzira.es\/es\/servicios-municipales\/policia-local\/campanas-realizadas\/\" class=\"more-link\">Continuar leyendo<span class=\"screen-reader-text\"> \u00abCampa\u00f1as Realizadas\u00bb<\/span><\/a><\/p>\n","protected":false},"author":12,"featured_media":0,"parent":86598,"menu_order":15,"comment_status":"closed","ping_status":"closed","template":"","meta":{"_acf_changed":false,"footnotes":""},"class_list":["post-34207","page","type-page","status-publish","hentry"],"acf":[],"_links":{"self":[{"href":"https:\/\/alzira.es\/es\/wp-json\/wp\/v2\/pages\/34207","targetHints":{"allow":["GET"]}}],"collection":[{"href":"https:\/\/alzira.es\/es\/wp-json\/wp\/v2\/pages"}],"about":[{"href":"https:\/\/alzira.es\/es\/wp-json\/wp\/v2\/types\/page"}],"author":[{"embeddable":true,"href":"https:\/\/alzira.es\/es\/wp-json\/wp\/v2\/users\/12"}],"replies":[{"embeddable":true,"href":"https:\/\/alzira.es\/es\/wp-json\/wp\/v2\/comments?post=34207"}],"version-history":[{"count":2,"href":"https:\/\/alzira.es\/es\/wp-json\/wp\/v2\/pages\/34207\/revisions"}],"predecessor-version":[{"id":86728,"href":"https:\/\/alzira.es\/es\/wp-json\/wp\/v2\/pages\/34207\/revisions\/86728"}],"up":[{"embeddable":true,"href":"https:\/\/alzira.es\/es\/wp-json\/wp\/v2\/pages\/86598"}],"wp:attachment":[{"href":"https:\/\/alzira.es\/es\/wp-json\/wp\/v2\/media?parent=34207"}],"curies":[{"name":"wp","href":"https:\/\/api.w.org\/{rel}","templated":true}]}}