{"id":33912,"date":"2018-09-25T10:36:59","date_gmt":"2018-09-25T08:36:59","guid":{"rendered":"https:\/\/alzira.es\/campana-de-distracciones-al-volante\/"},"modified":"2021-08-30T20:03:57","modified_gmt":"2021-08-30T18:03:57","slug":"campana-de-distracciones-al-volante","status":"publish","type":"page","link":"https:\/\/alzira.es\/es\/servicios-municipales\/policia-local\/campanas-realizadas\/campana-de-distracciones-al-volante\/","title":{"rendered":"Distracciones al volante"},"content":{"rendered":"<p style=\"text-align: justify;\">Una campa\u00f1a de control de distracciones al volante en Alzira tiene como finalidad reducir las distracciones al volante de los conductores que circulan por nuestra ciudad.<br \/>\nA tal fin se realizar\u00e1n controles en varios puntos del casco urbano para controlar la utilizaci\u00f3n del tel\u00e9fono m\u00f3vil durante la conducci\u00f3n, la manipulaci\u00f3n de los dispositivos GPS o de navegaci\u00f3n, las acciones de encender un cigarrillo o reacondicionamiento de la carga durante la marcha.<\/p>\n<p style=\"text-align: justify;\">Cabe recordar que el tel\u00e9fono m\u00f3vil aporta seguridad y protecci\u00f3n, especialmente en momentos de emergencia o necesidad, por lo que es recomendable viajar con \u00e9l en el veh\u00edculo, pero no debemos olvidar que su utilizaci\u00f3n durante la conducci\u00f3n es una de las principales causas de distracci\u00f3n y eleva el riesgo de accidente por lo que se pierde la capacidad de mantener una velocidad constante, guardar una distancia de seguridad adecuada o reaccionar r\u00e1pidamente, ya que el tiempo de reacci\u00f3n aumenta considerablemente. Seg\u00fan los datos de la DGT, el riesgo de accidente se multiplica por cuatro.<\/p>\n<p style=\"text-align: justify;\">Esta campa\u00f1a queda incluida dentro de una serie de campa\u00f1as y actuaciones preventivas que realiza la Polic\u00eda Local y que tienen como fin mejorar la seguridad de los peatones y de los conductores dentro de nuestra poblaci\u00f3n.<\/p>\n<p style=\"text-align: justify;\">&nbsp;<\/p>\n<p style=\"text-align: justify;\"><span style=\"text-decoration: underline;\"><strong>ALGUNOS DATOS<\/strong><\/span><\/p>\n<p style=\"text-align: justify;\">A una velocidad de <strong>60 km\/h<\/strong> en un segundo recorremos <strong>17 metros<\/strong>&nbsp;y tardamos:<\/p>\n<p style=\"text-align: justify;\">\u2022 4 segundos en encender un cigarrillo.<\/p>\n<p style=\"text-align: justify;\">\u2022 6 segundos a ajustar la radio.<\/p>\n<p style=\"text-align: justify;\">\u2022 6 segundos en responder el tel\u00e9fono.<\/p>\n<p style=\"text-align: justify;\">\u2022 13 segundos en marcar un n\u00famero en el m\u00f3vil.<\/p>\n<p style=\"text-align: justify;\">&nbsp;<\/p>\n<p style=\"text-align: justify;\"><span style=\"text-decoration: underline;\"><strong>LAS CLAVES PARA EVITAR DISTRACCIONES<\/strong><\/span><\/p>\n<p style=\"text-align: justify;\"><strong>Antes de coger el volante:<\/strong> Dormir bien, no ingerir alcohol, no hacer comidas copiosas, cuidar la ingesta de ciertos medicamentos.<\/p>\n<p style=\"text-align: justify;\"><strong>En el trayecto:<\/strong> Mejor no fumar y si siente somnolencia, pare.<\/p>\n<p style=\"text-align: justify;\">Mantener una temperatura agradable: 21 o 22 grados es una temperatura aconsejable.<\/p>\n<p style=\"text-align: justify;\">\u00a1Ojo al m\u00f3vil!, es una importante fuente de distracciones. Usar solo para\u2022 emergencias y con el coche parado. Radio\/MP3: Manejarlos nos distrae.<\/p>\n<p style=\"text-align: justify;\">Son aconsejables los sistemas que se manejan directamente desde el volante.<\/p>\n<p style=\"text-align: justify;\">Programar emisoras y CDs antes del viaje es una buena opci\u00f3n.<\/p>\n<p style=\"text-align: justify;\">Viajar con GPS: Intentar programar una ruta en viaje es muy peligroso. Hay que hacerlo antes.<\/p>\n<p style=\"text-align: justify;\">&nbsp;<\/p>\n<p style=\"text-align: justify;\"><strong>Normativa aplicable<\/strong><\/p>\n<p style=\"text-align: justify;\">El art\u00edculo 65 del Real Decreto Legislativo 339\/1990, de 2 de marzo, por el que se aprueba el texto articulado de la Ley sobre Tr\u00e1fico, Circulaci\u00f3n de Veh\u00edculos a Motor y Seguridad Vial, modificado por la Ley 18\/2009, establece lo siguiente:<\/p>\n<p style=\"text-align: justify;\">Se considera infracci\u00f3n grave:<\/p>\n<p style=\"text-align: justify;\">&#8211; Conducir utilizando cascos, auriculares u otros dispositivos que disminuyan la obligatoria atenci\u00f3n permanente a la conducci\u00f3n.<\/p>\n<p style=\"text-align: justify;\">&#8211; Conducir utilizando manualmente dispositivos de telefon\u00eda m\u00f3vil, navegadores o cualquier otro sistema de comunicaci\u00f3n. La citada infracci\u00f3n se castiga con una multa de 200 euros en su art\u00edculo 67.<\/p>\n<p style=\"text-align: center;\">&nbsp;<\/p>\n","protected":false},"excerpt":{"rendered":"<p>Una campa\u00f1a de control de distracciones al volante en Alzira tiene como finalidad reducir las distracciones al volante de los conductores que circulan por nuestra ciudad. A tal fin se realizar\u00e1n controles en varios puntos del casco urbano para controlar la utilizaci\u00f3n del tel\u00e9fono m\u00f3vil durante la conducci\u00f3n, la manipulaci\u00f3n de los dispositivos GPS o &hellip; <\/p>\n<p class=\"link-more\"><a href=\"https:\/\/alzira.es\/es\/servicios-municipales\/policia-local\/campanas-realizadas\/campana-de-distracciones-al-volante\/\" class=\"more-link\">Continuar leyendo<span class=\"screen-reader-text\"> \u00abDistracciones al volante\u00bb<\/span><\/a><\/p>\n","protected":false},"author":12,"featured_media":0,"parent":34207,"menu_order":18,"comment_status":"closed","ping_status":"closed","template":"","meta":{"_acf_changed":false,"footnotes":""},"class_list":["post-33912","page","type-page","status-publish","hentry"],"acf":[],"_links":{"self":[{"href":"https:\/\/alzira.es\/es\/wp-json\/wp\/v2\/pages\/33912","targetHints":{"allow":["GET"]}}],"collection":[{"href":"https:\/\/alzira.es\/es\/wp-json\/wp\/v2\/pages"}],"about":[{"href":"https:\/\/alzira.es\/es\/wp-json\/wp\/v2\/types\/page"}],"author":[{"embeddable":true,"href":"https:\/\/alzira.es\/es\/wp-json\/wp\/v2\/users\/12"}],"replies":[{"embeddable":true,"href":"https:\/\/alzira.es\/es\/wp-json\/wp\/v2\/comments?post=33912"}],"version-history":[{"count":1,"href":"https:\/\/alzira.es\/es\/wp-json\/wp\/v2\/pages\/33912\/revisions"}],"predecessor-version":[{"id":86727,"href":"https:\/\/alzira.es\/es\/wp-json\/wp\/v2\/pages\/33912\/revisions\/86727"}],"up":[{"embeddable":true,"href":"https:\/\/alzira.es\/es\/wp-json\/wp\/v2\/pages\/34207"}],"wp:attachment":[{"href":"https:\/\/alzira.es\/es\/wp-json\/wp\/v2\/media?parent=33912"}],"curies":[{"name":"wp","href":"https:\/\/api.w.org\/{rel}","templated":true}]}}