{"id":33852,"date":"2018-09-25T09:39:00","date_gmt":"2018-09-25T07:39:00","guid":{"rendered":"https:\/\/alzira.es\/avisos-e-incidencias\/"},"modified":"2021-08-30T20:17:57","modified_gmt":"2021-08-30T18:17:57","slug":"avisos-e-incidencias","status":"publish","type":"page","link":"https:\/\/alzira.es\/es\/servicios-municipales\/policia-local\/avisos-e-incidencias\/","title":{"rendered":"Avisos e Incidencias"},"content":{"rendered":"<p>Tel\u00e9fono del ret\u00e9n de la Polic\u00eda Local <strong>962455233<\/strong><\/p>\n<p>Tel\u00e9fono de emergencias de Polic\u00eda Local <strong>092<\/strong><\/p>\n<p>Centro de coordinaci\u00f3n de emergencias de la Generalitat <strong>112<\/strong><\/p>\n","protected":false},"excerpt":{"rendered":"<p>Tel\u00e9fono del ret\u00e9n de la Polic\u00eda Local 962455233 Tel\u00e9fono de emergencias de Polic\u00eda Local 092 Centro de coordinaci\u00f3n de emergencias de la Generalitat 112<\/p>\n","protected":false},"author":12,"featured_media":0,"parent":86598,"menu_order":29,"comment_status":"closed","ping_status":"closed","template":"","meta":{"_acf_changed":false,"footnotes":""},"class_list":["post-33852","page","type-page","status-publish","hentry"],"acf":[],"_links":{"self":[{"href":"https:\/\/alzira.es\/es\/wp-json\/wp\/v2\/pages\/33852","targetHints":{"allow":["GET"]}}],"collection":[{"href":"https:\/\/alzira.es\/es\/wp-json\/wp\/v2\/pages"}],"about":[{"href":"https:\/\/alzira.es\/es\/wp-json\/wp\/v2\/types\/page"}],"author":[{"embeddable":true,"href":"https:\/\/alzira.es\/es\/wp-json\/wp\/v2\/users\/12"}],"replies":[{"embeddable":true,"href":"https:\/\/alzira.es\/es\/wp-json\/wp\/v2\/comments?post=33852"}],"version-history":[{"count":1,"href":"https:\/\/alzira.es\/es\/wp-json\/wp\/v2\/pages\/33852\/revisions"}],"predecessor-version":[{"id":86743,"href":"https:\/\/alzira.es\/es\/wp-json\/wp\/v2\/pages\/33852\/revisions\/86743"}],"up":[{"embeddable":true,"href":"https:\/\/alzira.es\/es\/wp-json\/wp\/v2\/pages\/86598"}],"wp:attachment":[{"href":"https:\/\/alzira.es\/es\/wp-json\/wp\/v2\/media?parent=33852"}],"curies":[{"name":"wp","href":"https:\/\/api.w.org\/{rel}","templated":true}]}}